{"id":1185,"date":"2025-02-14T10:51:27","date_gmt":"2025-02-14T09:51:27","guid":{"rendered":"https:\/\/blogsaverroes.juntadeandalucia.es\/residenciaescolarfelipesolis\/?page_id=1185"},"modified":"2025-06-06T11:03:52","modified_gmt":"2025-06-06T10:03:52","slug":"nuestra-historia-2","status":"publish","type":"page","link":"https:\/\/blogsaverroes.juntadeandalucia.es\/residenciaescolarfelipesolis\/nuestra-historia-2\/","title":{"rendered":"Nuestra Historia"},"content":{"rendered":"<p dir=\"ltr\">&nbsp;<\/p>\n<p class=\"zfr3Q CDt4Ke \" dir=\"ltr\"><span class=\"jgG6ef C9DxTc \">La <\/span><span class=\"jgG6ef C9DxTc \">Residencia Escolar \u201cFelipe Sol\u00eds\u201d <\/span><span class=\"jgG6ef C9DxTc \">se encuentra enclavada en pleno Parque Natural de la Sierras Subb\u00e9ticas en la localidad de Cabra (C\u00f3rdoba). Comparte instalaciones con el IES del mismo nombre.. Contamos con 150 plazas y servicios de comedor de gesti\u00f3n directa, biblioteca, aulas de inform\u00e1tica con conexi\u00f3n de fibra \u00f3ptica, pistas polideportivas, gimnasio con m\u00e1quinas de musculaci\u00f3n, huerto escolar, salas de estudio atendidas y tutorizadas por personal docente, habitaciones de tres y cuatro plazas con aseo, WC y duchas dentro de la propia habitaci\u00f3n y recientemente hemos incorporado un observatorio fotogr\u00e1fico de aves ubicado en las instalaciones del centro educativo.&nbsp;<\/span><\/p>\n<p class=\"zfr3Q CDt4Ke \" dir=\"ltr\"><span class=\"jgG6ef C9DxTc \">La oferta educativa es amplia y variada. Los IES est\u00e1n todos cercanos a la Residencia. En el IES \u201cAguilar y Eslava\u201d est\u00e1n los bachilleratos de Humanidades y Ciencias Sociales, de Artes y el Cient\u00edfico Tecnol\u00f3gico, adem\u00e1s del C.G.M. de atenci\u00f3n a personas socio dependientes y el C.G.S. de Integraci\u00f3n Social.<\/span><\/p>\n<p class=\"zfr3Q CDt4Ke \" dir=\"ltr\"><span class=\"jgG6ef C9DxTc \">En el IES \u201cDionisio Alcal\u00e1 Galiano\u201d, aparte de la ESO, est\u00e1 la F.P.B. de Servicios Administrativos.<\/span><\/p>\n<p class=\"zfr3Q CDt4Ke \" dir=\"ltr\"><span class=\"jgG6ef C9DxTc \">Y en el IES \u201cFelipe Sol\u00eds\u201d , nuestro centro m\u00e1s referencial, Bachillerato, F.P.B. de electricidad y electr\u00f3nica, C.G.M. de Soldadura, Instalaciones el\u00e9ctricas y autom\u00e1ticas, Telecomunicaciones, Gesti\u00f3n Administrativa y Producci\u00f3n Agroecol\u00f3gica.<\/span><\/p>\n<p class=\"zfr3Q CDt4Ke \" dir=\"ltr\"><span class=\"jgG6ef C9DxTc \">Dentro de los C.G.S., estar\u00edan los de Administraci\u00f3n y Finanzas, Prevenci\u00f3n de Riesgos Laborales, Sistemas de Telecomunicaci\u00f3n e Inform\u00e1ticos, T\u00e9cnico Superior de Educ. Infantil, Paisajismo y Medio Rural (dual) y Mecatr\u00f3nica Industrial (dual).<\/span><\/p>\n","protected":false},"excerpt":{"rendered":"<p>&nbsp; La Residencia Escolar \u201cFelipe Sol\u00eds\u201d se encuentra enclavada en pleno Parque Natural de la Sierras Subb\u00e9ticas en la localidad de Cabra (C\u00f3rdoba). Comparte instalaciones con el IES del mismo nombre.. Contamos con 150&#46;&#46;&#46;<\/p>\n","protected":false},"author":7537,"featured_media":0,"parent":0,"menu_order":0,"comment_status":"closed","ping_status":"closed","template":"","meta":{"ngg_post_thumbnail":0,"footnotes":""},"aioseo_notices":[],"_links":{"self":[{"href":"https:\/\/blogsaverroes.juntadeandalucia.es\/residenciaescolarfelipesolis\/wp-json\/wp\/v2\/pages\/1185"}],"collection":[{"href":"https:\/\/blogsaverroes.juntadeandalucia.es\/residenciaescolarfelipesolis\/wp-json\/wp\/v2\/pages"}],"about":[{"href":"https:\/\/blogsaverroes.juntadeandalucia.es\/residenciaescolarfelipesolis\/wp-json\/wp\/v2\/types\/page"}],"author":[{"embeddable":true,"href":"https:\/\/blogsaverroes.juntadeandalucia.es\/residenciaescolarfelipesolis\/wp-json\/wp\/v2\/users\/7537"}],"replies":[{"embeddable":true,"href":"https:\/\/blogsaverroes.juntadeandalucia.es\/residenciaescolarfelipesolis\/wp-json\/wp\/v2\/comments?post=1185"}],"version-history":[{"count":7,"href":"https:\/\/blogsaverroes.juntadeandalucia.es\/residenciaescolarfelipesolis\/wp-json\/wp\/v2\/pages\/1185\/revisions"}],"predecessor-version":[{"id":1326,"href":"https:\/\/blogsaverroes.juntadeandalucia.es\/residenciaescolarfelipesolis\/wp-json\/wp\/v2\/pages\/1185\/revisions\/1326"}],"wp:attachment":[{"href":"https:\/\/blogsaverroes.juntadeandalucia.es\/residenciaescolarfelipesolis\/wp-json\/wp\/v2\/media?parent=1185"}],"curies":[{"name":"wp","href":"https:\/\/api.w.org\/{rel}","templated":true}]}}