{"id":1223,"date":"2025-02-17T10:55:39","date_gmt":"2025-02-17T09:55:39","guid":{"rendered":"https:\/\/blogsaverroes.juntadeandalucia.es\/residenciaescolarfelipesolis\/?page_id=1223"},"modified":"2025-02-19T08:30:53","modified_gmt":"2025-02-19T07:30:53","slug":"comedor","status":"publish","type":"page","link":"https:\/\/blogsaverroes.juntadeandalucia.es\/residenciaescolarfelipesolis\/comedor\/","title":{"rendered":"Comedor"},"content":{"rendered":"<p>&#8220;El centro cuenta con un servicio de comedor de gesti\u00f3n directa con men\u00fas supervisados por un nutricionista.<\/p>\n<p>En \u00e9l el alumnado realiza todas las comidas fundamentales: desayuno, almuerzo, merienda y cena.<\/p>\n<p>Por otro lado, el servicio de comedor complementa la labor educativa, fomentando h\u00e1bitos y actitudes saludables en el alumnado en relaci\u00f3n con la nutrici\u00f3n.<\/p>\n<p>El uso de esta instalaci\u00f3n est\u00e1 reglamentado por el art\u00edculo 100 del ROF del centro&#8221;<\/p>\n<p>Aqu\u00ed puedes consultar los <a href=\"https:\/\/blogsaverroes.juntadeandalucia.es\/residenciaescolarfelipesolis\/menu-de-la-residencia-escolar\/\">men\u00fas<\/a>.&nbsp;<\/p>\n<p><img loading=\"lazy\" decoding=\"async\" class=\"alignnone wp-image-1273 size-large\" src=\"https:\/\/blogsaverroes.juntadeandalucia.es\/residenciaescolarfelipesolis\/files\/2025\/02\/AF1QipO7DaMxX95UL9SqcYPoHXGXM6ctZnENSgKTkHdzw4000-h3000-1024x768.jpg\" alt=\"Instalaciones de la cocina\" width=\"1024\" height=\"768\" srcset=\"https:\/\/blogsaverroes.juntadeandalucia.es\/residenciaescolarfelipesolis\/files\/2025\/02\/AF1QipO7DaMxX95UL9SqcYPoHXGXM6ctZnENSgKTkHdzw4000-h3000-1024x768.jpg 1024w, https:\/\/blogsaverroes.juntadeandalucia.es\/residenciaescolarfelipesolis\/files\/2025\/02\/AF1QipO7DaMxX95UL9SqcYPoHXGXM6ctZnENSgKTkHdzw4000-h3000-300x225.jpg 300w, https:\/\/blogsaverroes.juntadeandalucia.es\/residenciaescolarfelipesolis\/files\/2025\/02\/AF1QipO7DaMxX95UL9SqcYPoHXGXM6ctZnENSgKTkHdzw4000-h3000-768x576.jpg 768w, https:\/\/blogsaverroes.juntadeandalucia.es\/residenciaescolarfelipesolis\/files\/2025\/02\/AF1QipO7DaMxX95UL9SqcYPoHXGXM6ctZnENSgKTkHdzw4000-h3000.jpg 1280w\" sizes=\"(max-width: 1024px) 100vw, 1024px\" \/><\/p>\n<p><img loading=\"lazy\" decoding=\"async\" class=\"alignnone wp-image-1275 size-large\" title=\"Instalaciones de la cocina\" src=\"https:\/\/blogsaverroes.juntadeandalucia.es\/residenciaescolarfelipesolis\/files\/2025\/02\/AF1QipP7IQM3xt89SkPeqHVekVcyM5dU-gnd-tltVQyqw4000-h3000-1024x768.jpg\" alt=\"\" width=\"1024\" height=\"768\" srcset=\"https:\/\/blogsaverroes.juntadeandalucia.es\/residenciaescolarfelipesolis\/files\/2025\/02\/AF1QipP7IQM3xt89SkPeqHVekVcyM5dU-gnd-tltVQyqw4000-h3000-1024x768.jpg 1024w, https:\/\/blogsaverroes.juntadeandalucia.es\/residenciaescolarfelipesolis\/files\/2025\/02\/AF1QipP7IQM3xt89SkPeqHVekVcyM5dU-gnd-tltVQyqw4000-h3000-300x225.jpg 300w, https:\/\/blogsaverroes.juntadeandalucia.es\/residenciaescolarfelipesolis\/files\/2025\/02\/AF1QipP7IQM3xt89SkPeqHVekVcyM5dU-gnd-tltVQyqw4000-h3000-768x576.jpg 768w, https:\/\/blogsaverroes.juntadeandalucia.es\/residenciaescolarfelipesolis\/files\/2025\/02\/AF1QipP7IQM3xt89SkPeqHVekVcyM5dU-gnd-tltVQyqw4000-h3000.jpg 1280w\" sizes=\"(max-width: 1024px) 100vw, 1024px\" \/><\/p>\n<p><img loading=\"lazy\" decoding=\"async\" class=\"alignnone wp-image-1276 size-large\" title=\"Comedor\" src=\"https:\/\/blogsaverroes.juntadeandalucia.es\/residenciaescolarfelipesolis\/files\/2025\/02\/Comedor-1024x665.jpg\" alt=\"\" width=\"1024\" height=\"665\" srcset=\"https:\/\/blogsaverroes.juntadeandalucia.es\/residenciaescolarfelipesolis\/files\/2025\/02\/Comedor-1024x665.jpg 1024w, https:\/\/blogsaverroes.juntadeandalucia.es\/residenciaescolarfelipesolis\/files\/2025\/02\/Comedor-300x195.jpg 300w, https:\/\/blogsaverroes.juntadeandalucia.es\/residenciaescolarfelipesolis\/files\/2025\/02\/Comedor-768x499.jpg 768w, https:\/\/blogsaverroes.juntadeandalucia.es\/residenciaescolarfelipesolis\/files\/2025\/02\/Comedor.jpg 1280w\" sizes=\"(max-width: 1024px) 100vw, 1024px\" \/><\/p>\n","protected":false},"excerpt":{"rendered":"<p>&#8220;El centro cuenta con un servicio de comedor de gesti\u00f3n directa con men\u00fas supervisados por un nutricionista. En \u00e9l el alumnado realiza todas las comidas fundamentales: desayuno, almuerzo, merienda y cena. Por otro lado,&#46;&#46;&#46;<\/p>\n","protected":false},"author":7537,"featured_media":0,"parent":0,"menu_order":0,"comment_status":"closed","ping_status":"closed","template":"","meta":{"ngg_post_thumbnail":0,"footnotes":""},"aioseo_notices":[],"_links":{"self":[{"href":"https:\/\/blogsaverroes.juntadeandalucia.es\/residenciaescolarfelipesolis\/wp-json\/wp\/v2\/pages\/1223"}],"collection":[{"href":"https:\/\/blogsaverroes.juntadeandalucia.es\/residenciaescolarfelipesolis\/wp-json\/wp\/v2\/pages"}],"about":[{"href":"https:\/\/blogsaverroes.juntadeandalucia.es\/residenciaescolarfelipesolis\/wp-json\/wp\/v2\/types\/page"}],"author":[{"embeddable":true,"href":"https:\/\/blogsaverroes.juntadeandalucia.es\/residenciaescolarfelipesolis\/wp-json\/wp\/v2\/users\/7537"}],"replies":[{"embeddable":true,"href":"https:\/\/blogsaverroes.juntadeandalucia.es\/residenciaescolarfelipesolis\/wp-json\/wp\/v2\/comments?post=1223"}],"version-history":[{"count":5,"href":"https:\/\/blogsaverroes.juntadeandalucia.es\/residenciaescolarfelipesolis\/wp-json\/wp\/v2\/pages\/1223\/revisions"}],"predecessor-version":[{"id":1274,"href":"https:\/\/blogsaverroes.juntadeandalucia.es\/residenciaescolarfelipesolis\/wp-json\/wp\/v2\/pages\/1223\/revisions\/1274"}],"wp:attachment":[{"href":"https:\/\/blogsaverroes.juntadeandalucia.es\/residenciaescolarfelipesolis\/wp-json\/wp\/v2\/media?parent=1223"}],"curies":[{"name":"wp","href":"https:\/\/api.w.org\/{rel}","templated":true}]}}