{"id":452,"date":"2020-03-04T08:34:09","date_gmt":"2020-03-04T07:34:09","guid":{"rendered":"http:\/\/blogsaverroes.juntadeandalucia.es\/pre\/nuevoceipv2\/?page_id=452"},"modified":"2025-06-06T11:58:17","modified_gmt":"2025-06-06T10:58:17","slug":"calendario","status":"publish","type":"page","link":"https:\/\/blogsaverroes.juntadeandalucia.es\/residenciaescolarfelipesolis\/calendario\/","title":{"rendered":"Documentos"},"content":{"rendered":"<p><strong>&nbsp;Descarga de documentos<\/strong><\/p>\n<p>Los siguientes formularios est\u00e1n habilitados para su descarga en formato pdf rellenable.<\/p>\n<p>&nbsp;<\/p>\n<table style=\"height: 177px;width: 55.3902%;border-collapse: collapse;border-color: #117a2f\">\n<tbody>\n<tr style=\"height: 133px\">\n<td style=\"width: 83.2174%;height: 133px;background-color: #ffffff\"><strong><a href=\"https:\/\/blogsaverroes.juntadeandalucia.es\/residenciaescolarfelipesolis\/files\/2025\/02\/NUEVO-FORMULARIO-DE-ADMISION.pdf\">FORMULARIO DE ADMISI\u00d3N<\/a>&nbsp; &nbsp;<\/strong><\/p>\n<p style=\"text-align: left\">Si deseas obtener plaza en nuestra Residencia presenta el formulario en la <span style=\"color: #ff6600\"><strong>Secretar\u00eda<\/strong><\/span> de nuestro centro. Tambi\u00e9n puedes enviarlo al <strong><span style=\"color: #ff6600\">correo electr\u00f3nico<\/span><\/strong> de la Residencia.<\/p>\n<\/td>\n<td style=\"width: 49.5556%;height: 133px;background-color: #ffffff\"><a href=\"https:\/\/blogsaverroes.juntadeandalucia.es\/residenciaescolarfelipesolis\/files\/2025\/02\/NUEVO-FORMULARIO-DE-ADMISION.pdf\"><img loading=\"lazy\" decoding=\"async\" class=\"wp-image-1307 aligncenter\" src=\"https:\/\/blogsaverroes.juntadeandalucia.es\/residenciaescolarfelipesolis\/files\/2025\/02\/2025-02-21-13_11_48-NUEVO-FORMULARIO-DE-ADMISION.pdf-150x150.png\" alt=\"\" width=\"109\" height=\"109\" srcset=\"https:\/\/blogsaverroes.juntadeandalucia.es\/residenciaescolarfelipesolis\/files\/2025\/02\/2025-02-21-13_11_48-NUEVO-FORMULARIO-DE-ADMISION.pdf-150x150.png 150w, https:\/\/blogsaverroes.juntadeandalucia.es\/residenciaescolarfelipesolis\/files\/2025\/02\/2025-02-21-13_11_48-NUEVO-FORMULARIO-DE-ADMISION.pdf-80x80.png 80w, https:\/\/blogsaverroes.juntadeandalucia.es\/residenciaescolarfelipesolis\/files\/2025\/02\/2025-02-21-13_11_48-NUEVO-FORMULARIO-DE-ADMISION.pdf-320x320.png 320w\" sizes=\"(max-width: 109px) 100vw, 109px\" \/><\/a><\/td>\n<\/tr>\n<tr style=\"height: 44px\">\n<td style=\"width: 83.2174%;height: 44px;background-color: #ffffff\"><strong><a href=\"https:\/\/juntadeandalucia.es\/export\/drupaljda\/002563-A07-V00-00.pdf\">FORMULARIO DE BONIFICACI\u00d3N&nbsp;<\/a><\/strong><\/p>\n<p style=\"text-align: left\">Solicita una bonificaci\u00f3n en el precio de la Residencia. Puedes presentarlo en la <span style=\"color: #99cc00\"><strong>Secretar\u00eda<\/strong><\/span> de nuestro centro o enviarlo al <span style=\"color: #99cc00\"><strong>correo electr\u00f3nico<\/strong><\/span> de la Residencia.<\/p>\n<p style=\"text-align: left\"><span style=\"font-size: 10pt\">Sigue las instrucciones de la \u00faltima p\u00e1gina para cumplimentarlo correctamente. Recuerda que debes acreditar documentalmente las circunstancias que hayas declarado en el apartado n\u00famero 5.<\/span><\/p>\n<\/td>\n<td style=\"width: 49.5556%;height: 44px;background-color: #ffffff\">&nbsp;<\/p>\n<p style=\"text-align: center\"><a href=\"https:\/\/juntadeandalucia.es\/export\/drupaljda\/002563-A07-V00-00.pdf\"><img loading=\"lazy\" decoding=\"async\" class=\"wp-image-1328 aligncenter\" src=\"https:\/\/blogsaverroes.juntadeandalucia.es\/residenciaescolarfelipesolis\/files\/2025\/06\/BONIFICACION-150x150.png\" alt=\"\" width=\"138\" height=\"138\" srcset=\"https:\/\/blogsaverroes.juntadeandalucia.es\/residenciaescolarfelipesolis\/files\/2025\/06\/BONIFICACION-150x150.png 150w, https:\/\/blogsaverroes.juntadeandalucia.es\/residenciaescolarfelipesolis\/files\/2025\/06\/BONIFICACION-80x80.png 80w, https:\/\/blogsaverroes.juntadeandalucia.es\/residenciaescolarfelipesolis\/files\/2025\/06\/BONIFICACION-320x320.png 320w\" sizes=\"(max-width: 138px) 100vw, 138px\" \/><\/a><\/p>\n<p>&nbsp;<\/td>\n<\/tr>\n<tr>\n<td style=\"width: 83.2174%;background-color: #ffffff\">&nbsp;<\/p>\n<p>&nbsp;<\/p>\n<p>&nbsp;<\/td>\n<td style=\"width: 49.5556%;background-color: #ffffff\">&nbsp;<\/td>\n<\/tr>\n<\/tbody>\n<\/table>\n<p>&nbsp;<\/p>\n<p>&nbsp;<\/p>\n","protected":false},"excerpt":{"rendered":"<p>&nbsp;Descarga de documentos Los siguientes formularios est\u00e1n habilitados para su descarga en formato pdf rellenable. &nbsp; FORMULARIO DE ADMISI\u00d3N&nbsp; &nbsp; Si deseas obtener plaza en nuestra Residencia presenta el formulario en la Secretar\u00eda de&#46;&#46;&#46;<\/p>\n","protected":false},"author":7051,"featured_media":0,"parent":0,"menu_order":0,"comment_status":"closed","ping_status":"closed","template":"","meta":{"ngg_post_thumbnail":0,"footnotes":""},"aioseo_notices":[],"_links":{"self":[{"href":"https:\/\/blogsaverroes.juntadeandalucia.es\/residenciaescolarfelipesolis\/wp-json\/wp\/v2\/pages\/452"}],"collection":[{"href":"https:\/\/blogsaverroes.juntadeandalucia.es\/residenciaescolarfelipesolis\/wp-json\/wp\/v2\/pages"}],"about":[{"href":"https:\/\/blogsaverroes.juntadeandalucia.es\/residenciaescolarfelipesolis\/wp-json\/wp\/v2\/types\/page"}],"author":[{"embeddable":true,"href":"https:\/\/blogsaverroes.juntadeandalucia.es\/residenciaescolarfelipesolis\/wp-json\/wp\/v2\/users\/7051"}],"replies":[{"embeddable":true,"href":"https:\/\/blogsaverroes.juntadeandalucia.es\/residenciaescolarfelipesolis\/wp-json\/wp\/v2\/comments?post=452"}],"version-history":[{"count":20,"href":"https:\/\/blogsaverroes.juntadeandalucia.es\/residenciaescolarfelipesolis\/wp-json\/wp\/v2\/pages\/452\/revisions"}],"predecessor-version":[{"id":1339,"href":"https:\/\/blogsaverroes.juntadeandalucia.es\/residenciaescolarfelipesolis\/wp-json\/wp\/v2\/pages\/452\/revisions\/1339"}],"wp:attachment":[{"href":"https:\/\/blogsaverroes.juntadeandalucia.es\/residenciaescolarfelipesolis\/wp-json\/wp\/v2\/media?parent=452"}],"curies":[{"name":"wp","href":"https:\/\/api.w.org\/{rel}","templated":true}]}}