{"id":2950,"date":"2020-12-01T10:18:52","date_gmt":"2020-12-01T09:18:52","guid":{"rendered":"https:\/\/blogsaverroes.juntadeandalucia.es\/retamar\/?page_id=2950"},"modified":"2020-12-01T10:56:48","modified_gmt":"2020-12-01T09:56:48","slug":"jefatura","status":"publish","type":"page","link":"https:\/\/blogsaverroes.juntadeandalucia.es\/retamar\/jefatura\/","title":{"rendered":"Jefatura"},"content":{"rendered":"<p>Es competencia de la Jefatura de Estudios ejercer, por delegaci\u00f3n de la direcci\u00f3n y bajo su autoridad, la jefatura del personal docente en todo lo relativo al r\u00e9gimen acad\u00e9mico&nbsp; y controlar la asistencia al trabajo del mismo; as\u00ed como sustituir al director o directora en caso de vacante, ausencia o enfermedad; entre otras muchas funciones.<\/p>\n<h3>Horarios:<\/h3>\n<p>Horarios aprobados por el Consejo Escolar del centro:<\/p>\n<table style=\"border-collapse: collapse;width: 28.3949%;height: 130px\">\n<tbody>\n<tr style=\"height: 10px\">\n<td style=\"width: 18.2716%;height: 10px;text-align: center\">1\u00ba PRIMARIA<\/td>\n<td style=\"width: 12.0391%;height: 10px;text-align: center\"><a href=\"https:\/\/blogsaverroes.juntadeandalucia.es\/retamar\/files\/2020\/12\/Horario-de-1\u00ba.pdf\" target=\"_blank\" rel=\"noopener noreferrer\"><img loading=\"lazy\" decoding=\"async\" class=\"aligncenter size-thumbnail wp-image-2891\" src=\"https:\/\/blogsaverroes.juntadeandalucia.es\/retamar\/files\/2020\/11\/icono-pdf-150x150.png\" alt=\"\" width=\"150\" height=\"150\" srcset=\"https:\/\/blogsaverroes.juntadeandalucia.es\/retamar\/files\/2020\/11\/icono-pdf-150x150.png 150w, https:\/\/blogsaverroes.juntadeandalucia.es\/retamar\/files\/2020\/11\/icono-pdf-300x300.png 300w, https:\/\/blogsaverroes.juntadeandalucia.es\/retamar\/files\/2020\/11\/icono-pdf-100x100.png 100w, https:\/\/blogsaverroes.juntadeandalucia.es\/retamar\/files\/2020\/11\/icono-pdf-24x24.png 24w, https:\/\/blogsaverroes.juntadeandalucia.es\/retamar\/files\/2020\/11\/icono-pdf-36x36.png 36w, https:\/\/blogsaverroes.juntadeandalucia.es\/retamar\/files\/2020\/11\/icono-pdf-48x48.png 48w, https:\/\/blogsaverroes.juntadeandalucia.es\/retamar\/files\/2020\/11\/icono-pdf.png 512w\" sizes=\"(max-width: 150px) 100vw, 150px\" \/><\/a><\/td>\n<\/tr>\n<tr style=\"height: 24px\">\n<td style=\"width: 18.2716%;height: 24px;text-align: center\">2\u00ba PRIMARIA<\/td>\n<td style=\"width: 12.0391%;height: 24px;text-align: center\"><a href=\"https:\/\/blogsaverroes.juntadeandalucia.es\/retamar\/files\/2020\/12\/Horario-de-2\u00ba.pdf\" target=\"_blank\" rel=\"noopener noreferrer\"><img loading=\"lazy\" decoding=\"async\" class=\"aligncenter size-thumbnail wp-image-2891\" src=\"https:\/\/blogsaverroes.juntadeandalucia.es\/retamar\/files\/2020\/11\/icono-pdf-150x150.png\" alt=\"\" width=\"150\" height=\"150\" srcset=\"https:\/\/blogsaverroes.juntadeandalucia.es\/retamar\/files\/2020\/11\/icono-pdf-150x150.png 150w, https:\/\/blogsaverroes.juntadeandalucia.es\/retamar\/files\/2020\/11\/icono-pdf-300x300.png 300w, https:\/\/blogsaverroes.juntadeandalucia.es\/retamar\/files\/2020\/11\/icono-pdf-100x100.png 100w, https:\/\/blogsaverroes.juntadeandalucia.es\/retamar\/files\/2020\/11\/icono-pdf-24x24.png 24w, https:\/\/blogsaverroes.juntadeandalucia.es\/retamar\/files\/2020\/11\/icono-pdf-36x36.png 36w, https:\/\/blogsaverroes.juntadeandalucia.es\/retamar\/files\/2020\/11\/icono-pdf-48x48.png 48w, https:\/\/blogsaverroes.juntadeandalucia.es\/retamar\/files\/2020\/11\/icono-pdf.png 512w\" sizes=\"(max-width: 150px) 100vw, 150px\" \/><\/a><\/td>\n<\/tr>\n<tr style=\"height: 24px\">\n<td style=\"width: 18.2716%;height: 24px;text-align: center\">3\u00ba PRIMARIA<\/td>\n<td style=\"width: 12.0391%;height: 24px;text-align: center\"><a href=\"https:\/\/blogsaverroes.juntadeandalucia.es\/retamar\/files\/2020\/12\/Horario-de-3\u00ba.pdf\" target=\"_blank\" rel=\"noopener noreferrer\"><img loading=\"lazy\" decoding=\"async\" class=\"aligncenter size-thumbnail wp-image-2891\" src=\"https:\/\/blogsaverroes.juntadeandalucia.es\/retamar\/files\/2020\/11\/icono-pdf-150x150.png\" alt=\"\" width=\"150\" height=\"150\" srcset=\"https:\/\/blogsaverroes.juntadeandalucia.es\/retamar\/files\/2020\/11\/icono-pdf-150x150.png 150w, https:\/\/blogsaverroes.juntadeandalucia.es\/retamar\/files\/2020\/11\/icono-pdf-300x300.png 300w, https:\/\/blogsaverroes.juntadeandalucia.es\/retamar\/files\/2020\/11\/icono-pdf-100x100.png 100w, https:\/\/blogsaverroes.juntadeandalucia.es\/retamar\/files\/2020\/11\/icono-pdf-24x24.png 24w, https:\/\/blogsaverroes.juntadeandalucia.es\/retamar\/files\/2020\/11\/icono-pdf-36x36.png 36w, https:\/\/blogsaverroes.juntadeandalucia.es\/retamar\/files\/2020\/11\/icono-pdf-48x48.png 48w, https:\/\/blogsaverroes.juntadeandalucia.es\/retamar\/files\/2020\/11\/icono-pdf.png 512w\" sizes=\"(max-width: 150px) 100vw, 150px\" \/><\/a><\/td>\n<\/tr>\n<tr style=\"height: 24px\">\n<td style=\"width: 18.2716%;height: 24px;text-align: center\">4\u00ba PRIMARIA<\/td>\n<td style=\"width: 12.0391%;height: 24px;text-align: center\"><a href=\"https:\/\/blogsaverroes.juntadeandalucia.es\/retamar\/files\/2020\/12\/Horario-de-4\u00ba.pdf\" target=\"_blank\" rel=\"noopener noreferrer\"><img loading=\"lazy\" decoding=\"async\" class=\"aligncenter size-thumbnail wp-image-2891\" src=\"https:\/\/blogsaverroes.juntadeandalucia.es\/retamar\/files\/2020\/11\/icono-pdf-150x150.png\" alt=\"\" width=\"150\" height=\"150\" srcset=\"https:\/\/blogsaverroes.juntadeandalucia.es\/retamar\/files\/2020\/11\/icono-pdf-150x150.png 150w, https:\/\/blogsaverroes.juntadeandalucia.es\/retamar\/files\/2020\/11\/icono-pdf-300x300.png 300w, https:\/\/blogsaverroes.juntadeandalucia.es\/retamar\/files\/2020\/11\/icono-pdf-100x100.png 100w, https:\/\/blogsaverroes.juntadeandalucia.es\/retamar\/files\/2020\/11\/icono-pdf-24x24.png 24w, https:\/\/blogsaverroes.juntadeandalucia.es\/retamar\/files\/2020\/11\/icono-pdf-36x36.png 36w, https:\/\/blogsaverroes.juntadeandalucia.es\/retamar\/files\/2020\/11\/icono-pdf-48x48.png 48w, https:\/\/blogsaverroes.juntadeandalucia.es\/retamar\/files\/2020\/11\/icono-pdf.png 512w\" sizes=\"(max-width: 150px) 100vw, 150px\" \/><\/a><\/td>\n<\/tr>\n<tr style=\"height: 24px\">\n<td style=\"width: 18.2716%;height: 24px;text-align: center\">5\u00ba PRIMARIA<\/td>\n<td style=\"width: 12.0391%;height: 24px;text-align: center\"><a href=\"https:\/\/blogsaverroes.juntadeandalucia.es\/retamar\/files\/2020\/12\/Horariode-5\u00ba.pdf\" target=\"_blank\" rel=\"noopener noreferrer\"><img loading=\"lazy\" decoding=\"async\" class=\"aligncenter size-thumbnail wp-image-2891\" src=\"https:\/\/blogsaverroes.juntadeandalucia.es\/retamar\/files\/2020\/11\/icono-pdf-150x150.png\" alt=\"\" width=\"150\" height=\"150\" srcset=\"https:\/\/blogsaverroes.juntadeandalucia.es\/retamar\/files\/2020\/11\/icono-pdf-150x150.png 150w, https:\/\/blogsaverroes.juntadeandalucia.es\/retamar\/files\/2020\/11\/icono-pdf-300x300.png 300w, https:\/\/blogsaverroes.juntadeandalucia.es\/retamar\/files\/2020\/11\/icono-pdf-100x100.png 100w, https:\/\/blogsaverroes.juntadeandalucia.es\/retamar\/files\/2020\/11\/icono-pdf-24x24.png 24w, https:\/\/blogsaverroes.juntadeandalucia.es\/retamar\/files\/2020\/11\/icono-pdf-36x36.png 36w, https:\/\/blogsaverroes.juntadeandalucia.es\/retamar\/files\/2020\/11\/icono-pdf-48x48.png 48w, https:\/\/blogsaverroes.juntadeandalucia.es\/retamar\/files\/2020\/11\/icono-pdf.png 512w\" sizes=\"(max-width: 150px) 100vw, 150px\" \/><\/a><\/td>\n<\/tr>\n<tr style=\"height: 24px\">\n<td style=\"width: 18.2716%;height: 24px;text-align: center\">6\u00ba PRIMARIA<\/td>\n<td style=\"width: 12.0391%;height: 24px;text-align: center\"><a href=\"https:\/\/blogsaverroes.juntadeandalucia.es\/retamar\/files\/2020\/12\/Horario-de-6\u00ba.pdf\" target=\"_blank\" rel=\"noopener noreferrer\"><img loading=\"lazy\" decoding=\"async\" class=\"aligncenter size-thumbnail wp-image-2891\" src=\"https:\/\/blogsaverroes.juntadeandalucia.es\/retamar\/files\/2020\/11\/icono-pdf-150x150.png\" alt=\"\" width=\"150\" height=\"150\" srcset=\"https:\/\/blogsaverroes.juntadeandalucia.es\/retamar\/files\/2020\/11\/icono-pdf-150x150.png 150w, https:\/\/blogsaverroes.juntadeandalucia.es\/retamar\/files\/2020\/11\/icono-pdf-300x300.png 300w, https:\/\/blogsaverroes.juntadeandalucia.es\/retamar\/files\/2020\/11\/icono-pdf-100x100.png 100w, https:\/\/blogsaverroes.juntadeandalucia.es\/retamar\/files\/2020\/11\/icono-pdf-24x24.png 24w, https:\/\/blogsaverroes.juntadeandalucia.es\/retamar\/files\/2020\/11\/icono-pdf-36x36.png 36w, https:\/\/blogsaverroes.juntadeandalucia.es\/retamar\/files\/2020\/11\/icono-pdf-48x48.png 48w, https:\/\/blogsaverroes.juntadeandalucia.es\/retamar\/files\/2020\/11\/icono-pdf.png 512w\" sizes=\"(max-width: 150px) 100vw, 150px\" \/><\/a><\/td>\n<\/tr>\n<\/tbody>\n<\/table>\n<p>&nbsp;<\/p>\n","protected":false},"excerpt":{"rendered":"<p>Es competencia de la Jefatura de Estudios ejercer, por delegaci\u00f3n de la direcci\u00f3n y bajo su autoridad, la jefatura del personal docente en todo lo relativo al r\u00e9gimen acad\u00e9mico&nbsp; y controlar la asistencia al trabajo del mismo; as\u00ed como sustituir&#46;&#46;&#46;<\/p>\n","protected":false},"author":11256,"featured_media":0,"parent":0,"menu_order":0,"comment_status":"closed","ping_status":"closed","template":"","meta":{"ngg_post_thumbnail":0,"footnotes":"","_mc_calendar":[]},"aioseo_notices":[],"post_mailing_queue_ids":[],"_links":{"self":[{"href":"https:\/\/blogsaverroes.juntadeandalucia.es\/retamar\/wp-json\/wp\/v2\/pages\/2950"}],"collection":[{"href":"https:\/\/blogsaverroes.juntadeandalucia.es\/retamar\/wp-json\/wp\/v2\/pages"}],"about":[{"href":"https:\/\/blogsaverroes.juntadeandalucia.es\/retamar\/wp-json\/wp\/v2\/types\/page"}],"author":[{"embeddable":true,"href":"https:\/\/blogsaverroes.juntadeandalucia.es\/retamar\/wp-json\/wp\/v2\/users\/11256"}],"replies":[{"embeddable":true,"href":"https:\/\/blogsaverroes.juntadeandalucia.es\/retamar\/wp-json\/wp\/v2\/comments?post=2950"}],"version-history":[{"count":11,"href":"https:\/\/blogsaverroes.juntadeandalucia.es\/retamar\/wp-json\/wp\/v2\/pages\/2950\/revisions"}],"predecessor-version":[{"id":2975,"href":"https:\/\/blogsaverroes.juntadeandalucia.es\/retamar\/wp-json\/wp\/v2\/pages\/2950\/revisions\/2975"}],"wp:attachment":[{"href":"https:\/\/blogsaverroes.juntadeandalucia.es\/retamar\/wp-json\/wp\/v2\/media?parent=2950"}],"curies":[{"name":"wp","href":"https:\/\/api.w.org\/{rel}","templated":true}]}}