{"id":3991,"date":"2025-03-28T11:40:26","date_gmt":"2025-03-28T10:40:26","guid":{"rendered":"https:\/\/blogsaverroes.juntadeandalucia.es\/retamar\/?page_id=3991"},"modified":"2025-03-31T12:00:13","modified_gmt":"2025-03-31T11:00:13","slug":"planes-y-programas-educativos","status":"publish","type":"page","link":"https:\/\/blogsaverroes.juntadeandalucia.es\/retamar\/planes-y-programas-educativos\/","title":{"rendered":"Planes y Programas Educativos"},"content":{"rendered":"<p>Este centro ha personalizado y adaptado su Proyecto Educativo adhiri\u00e9ndose a diferentes&nbsp;<strong>Planes y Programas<\/strong> promovidos desde la Consejer\u00eda de Desarrollo Educativo y Formaci\u00f3n Profesional.<\/p>\n<p>Aqu\u00ed se muestran los Planes y Programas desarrollados por el centro.<\/p>\n<p>&nbsp;<\/p>\n<table style=\"width: 64.8742%;height: 408px\" width=\"549\">\n<tbody>\n<tr style=\"height: 24px\">\n<td style=\"height: 24px;width: 99.45%\" width=\"549\"><strong>Plan\/Proyecto Educativo (vigentes)<\/strong><\/td>\n<\/tr>\n<tr class=\"alt\" style=\"height: 24px\">\n<td style=\"height: 24px;width: 99.45%\" width=\"549\"><a href=\"https:\/\/juntadeandalucia.es\/organismos\/agriculturapescaaguaydesarrollorural\/areas\/industrias-agroalimentarias\/calidad\/paginas\/consumo-frutas-hortalizas-escuelas.html\">Consumo de Frutas, Hortalizas y Leche<\/a><\/td>\n<\/tr>\n<tr style=\"height: 24px\">\n<td style=\"height: 24px;width: 99.45%\"><a href=\"https:\/\/portales.ced.junta-andalucia.es\/educacion\/portales\/web\/planes-y-programas\/programa-cima\">CIMA<\/a><\/td>\n<\/tr>\n<tr style=\"height: 24px\">\n<td style=\"width: 99.45%;height: 24px\" width=\"657\"><a href=\"https:\/\/eaprendizaje.ced.junta-andalucia.es\/promocion-de-habitos-de-vida-saludable\/\">Promoci\u00f3n de H\u00e1bitos de Vida Saludable<\/a><\/td>\n<\/tr>\n<tr style=\"height: 24px\">\n<td style=\"height: 24px;width: 99.45%\"><a href=\"https:\/\/juntadeandalucia.es\/organismos\/educacionydeporte\/consejeria\/sobre-consejeria\/planes\/detalle\/11684.html\">Salud Laboral y Prevenci\u00f3n de Riegos Laborales del Profesorado<\/a><\/td>\n<\/tr>\n<tr class=\"alt\" style=\"height: 24px\">\n<td style=\"height: 24px;width: 99.45%\"><a href=\"https:\/\/portals.ced.junta-andalucia.es\/educacion\/portals\/web\/lecturas-bibliotecas-escolares\/bibliotecas-escolares\">Organizaci\u00f3n y Funcionamiento de las Bibliotecas Escolares<\/a><\/td>\n<\/tr>\n<tr style=\"height: 24px\">\n<td style=\"height: 24px;width: 99.45%\"><a href=\"https:\/\/portals.ced.junta-andalucia.es\/educacion\/portals\/web\/convivencia-escolar\">Convivencia Escolar \/ Bienestar y Protecci\u00f3n Infancia y Adolescencia<\/a><\/td>\n<\/tr>\n<tr class=\"alt\" style=\"height: 24px\">\n<td style=\"height: 24px;width: 99.45%\"><a href=\"https:\/\/juntadeandalucia.es\/organismos\/desarrolloeducativoyformacionprofesional\/consejeria\/transparencia\/planificacion-evaluacion-estadistica\/planes\/detalle\/241479.html\">M\u00e1s Equidad<\/a><\/td>\n<\/tr>\n<tr style=\"height: 24px\">\n<td style=\"height: 24px;width: 99.45%\"><a href=\"https:\/\/portales.ced.junta-andalucia.es\/educacion\/portales\/web\/planes-y-programas\/planes-y-programas\/proa-transformate\/presentacion\">PROA+ \u00abTransf\u00f3rmate\u00bb<\/a><\/td>\n<\/tr>\n<tr class=\"alt\" style=\"height: 24px\">\n<td style=\"height: 24px;width: 99.45%\"><a href=\"https:\/\/portals.ced.junta-andalucia.es\/educacion\/portals\/web\/convivencia-escolar\/red-escuela-espacio-de-paz\">Red Andaluza Escuela: \u00abEspacio de Paz\u00bb<\/a><\/td>\n<\/tr>\n<tr style=\"height: 24px\">\n<td style=\"height: 24px;width: 99.45%\"><a href=\"https:\/\/www.juntadeandalucia.es\/educacion\/portals\/\">Apertura de Centros Docentes<\/a><\/td>\n<\/tr>\n<tr class=\"alt\" style=\"height: 24px\">\n<td style=\"height: 24px;width: 99.45%\"><a href=\"https:\/\/portals.ced.junta-andalucia.es\/educacion\/portals\/web\/igualdad\">Igualdad de G\u00e9nero en la Educaci\u00f3n<\/a><\/td>\n<\/tr>\n<tr style=\"height: 24px\">\n<td style=\"height: 24px;width: 99.45%\"><a href=\"https:\/\/www.juntadeandalucia.es\/educacion\/portals\/web\/ced\/innovacion-educativa\/transformacion-digital\">Transformaci\u00f3n Digital Educativa<\/a><\/td>\n<\/tr>\n<tr class=\"alt\" style=\"height: 24px\">\n<td style=\"height: 24px;width: 99.45%\"><a href=\"https:\/\/juntadeandalucia.es\/organismos\/inclusionsocialjuventudfamiliaseigualdad\/areas\/inclusion\/servicios-comunitarios\/paginas\/zonas-trabajo-social.html\">Atenci\u00f3n Socioeducativa en Zona de necesidad con Transformaci\u00f3n Social (ZTS)<\/a><\/td>\n<\/tr>\n<tr style=\"height: 24px\">\n<td style=\"height: 24px;width: 99.45%\"><a href=\"http:\/\/www.uco.es\/organiza\/centros\/educacion\/es\/primaria-practicum\">Pr\u00e1cticum Grado Maestro<\/a><\/td>\n<\/tr>\n<tr class=\"alt\" style=\"height: 24px\">\n<td style=\"height: 24px;width: 99.45%\"><a href=\"https:\/\/www.juntadeandalucia.es\/educacion\/portals\/web\/cep-cordoba\">CEP C\u00f3rdoba<\/a><\/td>\n<\/tr>\n<tr style=\"height: 24px\">\n<td style=\"height: 24px;width: 99.45%\"><a href=\"https:\/\/portales.ced.junta-andalucia.es\/educacion\/portales\/web\/planes-y-programas\/programas-desarrollo-educativo\/programa-de-refuerzo-educativo-en-periodo-estival\/presentacion\">Refuerzo Educativo en per\u00edodo estival<\/a><\/td>\n<\/tr>\n<\/tbody>\n<\/table>\n","protected":false},"excerpt":{"rendered":"<p>Este centro ha personalizado y adaptado su Proyecto Educativo adhiri\u00e9ndose a diferentes&nbsp;Planes y Programas promovidos desde la Consejer\u00eda de Desarrollo Educativo y Formaci\u00f3n Profesional. Aqu\u00ed se muestran los Planes y Programas desarrollados por el centro. &nbsp; Plan\/Proyecto Educativo (vigentes) Consumo&#46;&#46;&#46;<\/p>\n","protected":false},"author":11132,"featured_media":0,"parent":0,"menu_order":0,"comment_status":"closed","ping_status":"closed","template":"","meta":{"ngg_post_thumbnail":0,"footnotes":"","_mc_calendar":[]},"aioseo_notices":[],"post_mailing_queue_ids":[],"_links":{"self":[{"href":"https:\/\/blogsaverroes.juntadeandalucia.es\/retamar\/wp-json\/wp\/v2\/pages\/3991"}],"collection":[{"href":"https:\/\/blogsaverroes.juntadeandalucia.es\/retamar\/wp-json\/wp\/v2\/pages"}],"about":[{"href":"https:\/\/blogsaverroes.juntadeandalucia.es\/retamar\/wp-json\/wp\/v2\/types\/page"}],"author":[{"embeddable":true,"href":"https:\/\/blogsaverroes.juntadeandalucia.es\/retamar\/wp-json\/wp\/v2\/users\/11132"}],"replies":[{"embeddable":true,"href":"https:\/\/blogsaverroes.juntadeandalucia.es\/retamar\/wp-json\/wp\/v2\/comments?post=3991"}],"version-history":[{"count":6,"href":"https:\/\/blogsaverroes.juntadeandalucia.es\/retamar\/wp-json\/wp\/v2\/pages\/3991\/revisions"}],"predecessor-version":[{"id":3999,"href":"https:\/\/blogsaverroes.juntadeandalucia.es\/retamar\/wp-json\/wp\/v2\/pages\/3991\/revisions\/3999"}],"wp:attachment":[{"href":"https:\/\/blogsaverroes.juntadeandalucia.es\/retamar\/wp-json\/wp\/v2\/media?parent=3991"}],"curies":[{"name":"wp","href":"https:\/\/api.w.org\/{rel}","templated":true}]}}