{"id":44,"date":"2015-03-13T08:42:15","date_gmt":"2015-03-13T08:42:15","guid":{"rendered":"http:\/\/blogsaverroes.juntadeandalucia.es\/pre\/ceip\/?page_id=44"},"modified":"2025-03-20T18:32:48","modified_gmt":"2025-03-20T17:32:48","slug":"planes-y-proyectos","status":"publish","type":"page","link":"https:\/\/blogsaverroes.juntadeandalucia.es\/retamar\/planes-y-proyectos\/","title":{"rendered":"Normativa y criterios de evaluaci\u00f3n"},"content":{"rendered":"<p><em><strong>&nbsp; &nbsp; &nbsp; A continuaci\u00f3n se ponen a disposici\u00f3n del p\u00fablico los documentos oficiales en los que se detalla y establece el funcionamiento interno de nuestro centro educativo.<\/strong><\/em><\/p>\n<p>NORMATIVA<\/p>\n<p>Educaci\u00f3n Infantil<\/p>\n<ul>\n<li><a title=\"BOJA Educacion Infantil Curriculum\" href=\"https:\/\/blogsaverroes.juntadeandalucia.es\/ceipmariamoreno\/files\/2024\/09\/andalucia-decreto-100-2023-curriculo-LOMLOE-educacion-intanfil.pdf\" target=\"_blank\" rel=\"noopener\">Decreto 100\/2023, de 9 de mayo, por el que se establece la ordenaci\u00f3n y el curr\u00edculo de la etapa de Educaci\u00f3n Infantil en la Comunidad Aut\u00f3noma de Andaluc\u00eda (PDF)<\/a><\/li>\n<\/ul>\n<p>Educaci\u00f3n Primaria<\/p>\n<ul>\n<li><a title=\"BOJA Curriculum Educaci\u00f3n Primaria\" href=\"https:\/\/blogsaverroes.juntadeandalucia.es\/ceipmariamoreno\/files\/2024\/09\/andalucia-decreto-101-2023-curriculo-LOMLOE-educacion-primaria.pdf\" target=\"_blank\" rel=\"noopener\">Decreto 101\/2023, de 9 de mayo, por el que se establece la ordenaci\u00f3n y el curr\u00edculo de la etapa de Educaci\u00f3n Primaria en la Comunidad Aut\u00f3noma de Andaluc\u00eda (PDF)<\/a><\/li>\n<\/ul>\n<p><strong>&nbsp;CRITERIOS DE EVALUACI\u00d3N<\/strong><\/p>\n<p>Etapa de Educaci\u00f3n Infantil.&nbsp;<a href=\"https:\/\/blogsaverroes.juntadeandalucia.es\/ceipmariamoreno\/files\/2024\/09\/Orden-2023-05-30-Curriculum-Ed-Infantil.docx.pdf\" target=\"_blank\" rel=\"noopener\">Criterios (PDF)<\/a><\/p>\n<p>Etapa de Educaci\u00f3n Primaria:<\/p>\n<ul>\n<li><a href=\"https:\/\/blogsaverroes.juntadeandalucia.es\/ceipmariamoreno\/files\/2024\/09\/O.-30-mayo-2023-Prim-Anexo2-Curriculum-MATEMATICAS-Def.docx.pdf\" target=\"_blank\" rel=\"noopener\">Matem\u00e1ticas (PDF)<\/a><\/li>\n<li><a href=\"https:\/\/blogsaverroes.juntadeandalucia.es\/ceipmariamoreno\/files\/2024\/09\/O.-30-mayo-2023-Prim-Anexo2-Curriculum-LENGUA-Def.docx.pdf\" target=\"_blank\" rel=\"noopener\">Lengua (PDF)<\/a><\/li>\n<li><a href=\"https:\/\/blogsaverroes.juntadeandalucia.es\/ceipmariamoreno\/files\/2024\/09\/O.-30-mayo-2023-Prim-Anexo2-Curriculum-LENGUA-EXTRANJERA-Def.docx.pdf\" target=\"_blank\" rel=\"noopener\">Lengua Extranjera-Ingl\u00e9s (PDF)<\/a><\/li>\n<li><a href=\"https:\/\/blogsaverroes.juntadeandalucia.es\/ceipmariamoreno\/files\/2024\/09\/O.-30-mayo-2023-Prim-Anexo2-Curriculum-C.MEDIO-Def.docx.pdf\" target=\"_blank\" rel=\"noopener\">Conocimiento del Medio (PDF)<\/a><\/li>\n<li><a href=\"https:\/\/blogsaverroes.juntadeandalucia.es\/ceipmariamoreno\/files\/2024\/09\/O.-30-mayo-2023-Prim-Anexo2-Curriculum-ED.-ARTISTICA-Def.docx.pdf\" target=\"_blank\" rel=\"noopener\">Educaci\u00f3n Art\u00edstica (PDF)<\/a><\/li>\n<li><a href=\"https:\/\/blogsaverroes.juntadeandalucia.es\/ceipmariamoreno\/files\/2024\/09\/O.-30-mayo-2023-Prim-Anexo2-Curriculum-ED.-VALORES-CyE-Def.docx.pdf\" target=\"_blank\" rel=\"noopener\">Educaci\u00f3n C\u00edvica y para la Ciudadan\u00eda (PDF)<\/a><\/li>\n<li><a href=\"https:\/\/blogsaverroes.juntadeandalucia.es\/ceipmariamoreno\/files\/2024\/09\/O.-30-mayo-2023-Prim-Anexo2-Curriculum-ED.-FISICA-Def.docx.pdf\" target=\"_blank\" rel=\"noopener\">Educaci\u00f3n F\u00edsica (PDF)<\/a><\/li>\n<\/ul>\n<p>&nbsp;<\/p>\n","protected":false},"excerpt":{"rendered":"<p>&nbsp; &nbsp; &nbsp; A continuaci\u00f3n se ponen a disposici\u00f3n del p\u00fablico los documentos oficiales en los que se detalla y establece el funcionamiento interno de nuestro centro educativo. NORMATIVA Educaci\u00f3n Infantil Decreto 100\/2023, de 9 de mayo, por el que&#46;&#46;&#46;<\/p>\n","protected":false},"author":1,"featured_media":0,"parent":0,"menu_order":0,"comment_status":"closed","ping_status":"closed","template":"","meta":{"ngg_post_thumbnail":0,"footnotes":"","_mc_calendar":[]},"aioseo_notices":[],"post_mailing_queue_ids":[],"_links":{"self":[{"href":"https:\/\/blogsaverroes.juntadeandalucia.es\/retamar\/wp-json\/wp\/v2\/pages\/44"}],"collection":[{"href":"https:\/\/blogsaverroes.juntadeandalucia.es\/retamar\/wp-json\/wp\/v2\/pages"}],"about":[{"href":"https:\/\/blogsaverroes.juntadeandalucia.es\/retamar\/wp-json\/wp\/v2\/types\/page"}],"author":[{"embeddable":true,"href":"https:\/\/blogsaverroes.juntadeandalucia.es\/retamar\/wp-json\/wp\/v2\/users\/1"}],"replies":[{"embeddable":true,"href":"https:\/\/blogsaverroes.juntadeandalucia.es\/retamar\/wp-json\/wp\/v2\/comments?post=44"}],"version-history":[{"count":9,"href":"https:\/\/blogsaverroes.juntadeandalucia.es\/retamar\/wp-json\/wp\/v2\/pages\/44\/revisions"}],"predecessor-version":[{"id":3902,"href":"https:\/\/blogsaverroes.juntadeandalucia.es\/retamar\/wp-json\/wp\/v2\/pages\/44\/revisions\/3902"}],"wp:attachment":[{"href":"https:\/\/blogsaverroes.juntadeandalucia.es\/retamar\/wp-json\/wp\/v2\/media?parent=44"}],"curies":[{"name":"wp","href":"https:\/\/api.w.org\/{rel}","templated":true}]}}