{"id":82,"date":"2015-03-16T06:59:55","date_gmt":"2015-03-16T06:59:55","guid":{"rendered":"http:\/\/blogsaverroes.juntadeandalucia.es\/pre\/ceip\/?page_id=82"},"modified":"2025-03-31T12:01:31","modified_gmt":"2025-03-31T11:01:31","slug":"horarios","status":"publish","type":"page","link":"https:\/\/blogsaverroes.juntadeandalucia.es\/retamar\/horarios\/","title":{"rendered":"Horarios"},"content":{"rendered":"<p><img loading=\"lazy\" decoding=\"async\" class=\"alignnone size-medium wp-image-1675\" src=\"https:\/\/blogsaverroes.juntadeandalucia.es\/retamar\/files\/2015\/03\/horario2-300x211.jpg\" alt=\"horario2\" width=\"300\" height=\"211\" srcset=\"https:\/\/blogsaverroes.juntadeandalucia.es\/retamar\/files\/2015\/03\/horario2-300x211.jpg 300w, https:\/\/blogsaverroes.juntadeandalucia.es\/retamar\/files\/2015\/03\/horario2.jpg 640w\" sizes=\"(max-width: 300px) 100vw, 300px\" \/><\/p>\n<p style=\"text-align: center\">&nbsp;<\/p>\n<table class=\" aligncenter\">\n<tbody>\n<tr>\n<td style=\"text-align: center\"><strong>JORNADA LECTIVA\/DOCENCIA EN LAS AULAS<\/strong><\/td>\n<\/tr>\n<tr class=\"alt\">\n<td style=\"text-align: center\">Lunes a viernes<\/p>\n<p>09:00 \u2013 14:00 horas.<\/td>\n<\/tr>\n<\/tbody>\n<\/table>\n<p style=\"text-align: center\">&nbsp;<\/p>\n<table class=\" aligncenter\">\n<tbody>\n<tr>\n<td style=\"text-align: center\" colspan=\"3\"><strong>SERVICIOS DEL CENTRO AL ALUMNADO<\/strong><\/td>\n<\/tr>\n<tr class=\"alt\">\n<td style=\"text-align: center\"><strong>Aula Matinal<\/strong><\/td>\n<td style=\"text-align: center\"><strong>Comedor Escolar <\/strong><\/p>\n<p><strong>(Gesti\u00f3n directa)<\/strong><\/td>\n<td style=\"text-align: center\"><strong>Actividades Extraescolares<\/strong><\/td>\n<\/tr>\n<tr>\n<td style=\"text-align: center\">Todos los d\u00edas lectivos de 07:30-09:00<\/td>\n<td style=\"text-align: center\">Todos los d\u00edas lectivos de 14:00-16:00<\/td>\n<td style=\"text-align: center\">TALLER DE INGL\u00c9S:<\/p>\n<p>Martes y jueves (lectivos) de 16:00-18:00<\/td>\n<\/tr>\n<tr class=\"alt\">\n<td style=\"text-align: center\"><strong>PROA <\/strong><\/p>\n<p><strong>(Refuerzo, orientaci\u00f3n y apoyo)<\/strong><\/td>\n<td style=\"text-align: center\"><strong>PREX <\/strong><\/p>\n<p><strong>(Refuerzo lengua extranjera)<\/strong><\/td>\n<td style=\"text-align: center\"><strong>Transporte Escolar<\/strong><\/td>\n<\/tr>\n<tr>\n<td style=\"text-align: center\">De Lunes a jueves (lectivos) de 16:00-18:00<\/td>\n<td style=\"text-align: center\">Lunes y mi\u00e9rcoles de 16:00-18:00<\/td>\n<td style=\"text-align: center\">Todos los d\u00edas lectivos a las 15:00<\/td>\n<\/tr>\n<tr>\n<td>&nbsp;<\/td>\n<td>&nbsp;<\/td>\n<td>&nbsp;<\/td>\n<\/tr>\n<\/tbody>\n<\/table>\n","protected":false},"excerpt":{"rendered":"<p>&nbsp; JORNADA LECTIVA\/DOCENCIA EN LAS AULAS Lunes a viernes 09:00 \u2013 14:00 horas. &nbsp; SERVICIOS DEL CENTRO AL ALUMNADO Aula Matinal Comedor Escolar (Gesti\u00f3n directa) Actividades Extraescolares Todos los d\u00edas lectivos de 07:30-09:00 Todos los d\u00edas lectivos de 14:00-16:00 TALLER&#46;&#46;&#46;<\/p>\n","protected":false},"author":1,"featured_media":0,"parent":0,"menu_order":0,"comment_status":"closed","ping_status":"open","template":"","meta":{"ngg_post_thumbnail":0,"footnotes":"","_mc_calendar":[]},"aioseo_notices":[],"post_mailing_queue_ids":[],"_links":{"self":[{"href":"https:\/\/blogsaverroes.juntadeandalucia.es\/retamar\/wp-json\/wp\/v2\/pages\/82"}],"collection":[{"href":"https:\/\/blogsaverroes.juntadeandalucia.es\/retamar\/wp-json\/wp\/v2\/pages"}],"about":[{"href":"https:\/\/blogsaverroes.juntadeandalucia.es\/retamar\/wp-json\/wp\/v2\/types\/page"}],"author":[{"embeddable":true,"href":"https:\/\/blogsaverroes.juntadeandalucia.es\/retamar\/wp-json\/wp\/v2\/users\/1"}],"replies":[{"embeddable":true,"href":"https:\/\/blogsaverroes.juntadeandalucia.es\/retamar\/wp-json\/wp\/v2\/comments?post=82"}],"version-history":[{"count":8,"href":"https:\/\/blogsaverroes.juntadeandalucia.es\/retamar\/wp-json\/wp\/v2\/pages\/82\/revisions"}],"predecessor-version":[{"id":3987,"href":"https:\/\/blogsaverroes.juntadeandalucia.es\/retamar\/wp-json\/wp\/v2\/pages\/82\/revisions\/3987"}],"wp:attachment":[{"href":"https:\/\/blogsaverroes.juntadeandalucia.es\/retamar\/wp-json\/wp\/v2\/media?parent=82"}],"curies":[{"name":"wp","href":"https:\/\/api.w.org\/{rel}","templated":true}]}}