{"id":870,"date":"2015-03-16T07:24:27","date_gmt":"2015-03-16T07:24:27","guid":{"rendered":"http:\/\/blogsaverroes.juntadeandalucia.es\/pre\/ceip\/?page_id=103"},"modified":"2025-03-31T12:20:56","modified_gmt":"2025-03-31T11:20:56","slug":"aula-matinal","status":"publish","type":"page","link":"https:\/\/blogsaverroes.juntadeandalucia.es\/retamar\/aula-matinal\/","title":{"rendered":"Aula Matinal"},"content":{"rendered":"<p><a href=\"https:\/\/blogsaverroes.juntadeandalucia.es\/retamar\/files\/2020\/10\/866C616C-1642-414F-AAD6-E9D0C1F28C7C-scaled.jpeg\"><img loading=\"lazy\" decoding=\"async\" class=\" wp-image-2303 alignleft\" src=\"https:\/\/blogsaverroes.juntadeandalucia.es\/retamar\/files\/2020\/10\/866C616C-1642-414F-AAD6-E9D0C1F28C7C-300x225.jpeg\" alt=\"\" width=\"339\" height=\"254\" srcset=\"https:\/\/blogsaverroes.juntadeandalucia.es\/retamar\/files\/2020\/10\/866C616C-1642-414F-AAD6-E9D0C1F28C7C-300x225.jpeg 300w, https:\/\/blogsaverroes.juntadeandalucia.es\/retamar\/files\/2020\/10\/866C616C-1642-414F-AAD6-E9D0C1F28C7C-1024x768.jpeg 1024w, https:\/\/blogsaverroes.juntadeandalucia.es\/retamar\/files\/2020\/10\/866C616C-1642-414F-AAD6-E9D0C1F28C7C-768x576.jpeg 768w, https:\/\/blogsaverroes.juntadeandalucia.es\/retamar\/files\/2020\/10\/866C616C-1642-414F-AAD6-E9D0C1F28C7C-1536x1152.jpeg 1536w, https:\/\/blogsaverroes.juntadeandalucia.es\/retamar\/files\/2020\/10\/866C616C-1642-414F-AAD6-E9D0C1F28C7C-2048x1536.jpeg 2048w, https:\/\/blogsaverroes.juntadeandalucia.es\/retamar\/files\/2020\/10\/866C616C-1642-414F-AAD6-E9D0C1F28C7C-24x18.jpeg 24w, https:\/\/blogsaverroes.juntadeandalucia.es\/retamar\/files\/2020\/10\/866C616C-1642-414F-AAD6-E9D0C1F28C7C-36x27.jpeg 36w, https:\/\/blogsaverroes.juntadeandalucia.es\/retamar\/files\/2020\/10\/866C616C-1642-414F-AAD6-E9D0C1F28C7C-48x36.jpeg 48w, https:\/\/blogsaverroes.juntadeandalucia.es\/retamar\/files\/2020\/10\/866C616C-1642-414F-AAD6-E9D0C1F28C7C-scaled.jpeg 1600w\" sizes=\"(max-width: 339px) 100vw, 339px\" \/><\/a>El <span style=\"color: #3366ff\"><strong>Aula Matinal<\/strong><\/span> abre a las 7.30 horas de lunes a viernes, ofreciendo actividades diversas a los estudiantes hasta el comienzo del horario lectivo.<\/p>\n<p>Es un servicio muy recurrente en nuestro centro, sobre todo en \u00e9poca de recogida de aceituna, donde nuestras familias dejan a sus hijos e hijas en el colegio antes de las 9 de la ma\u00f1ana.<\/p>\n<p>Puede utilizarse cualquier d\u00eda previa inscripci\u00f3n y domiciliaci\u00f3n bancaria.<\/p>\n<p>Desc\u00e1rgate aqu\u00ed el <span style=\"color: #3366ff\"><a href=\"https:\/\/portales.ced.junta-andalucia.es\/educacion\/portales\/es\/web\/educacion\/familias\/servicios-complementarios\">formulario<\/a>,<\/span> rell\u00e9nalo y envi\u00e1rnoslo por email al <a href=\"mailto:14004944.edu@juntadeandalucia.es\" target=\"_blank\" rel=\"noopener\">14004944.edu@juntadeandalucia.es<\/a> o entr\u00e9galo en la secretar\u00eda del Colegio.<\/p>\n<h3>&nbsp;<\/h3>\n<h3><span style=\"color: #3366ff\">Gratuidad o bonificaci\u00f3n<\/span><\/h3>\n<p>El precio de este servicio complementario puede ser bonificado total o parcialmente. Adjunta este <a href=\"https:\/\/portales.ced.junta-andalucia.es\/educacion\/portales\/es\/web\/educacion\/familias\/servicios-complementarios\"><span style=\"color: #3366ff\">impreso<\/span><\/a> a la solicitud de servicio de Aula Matinal, Comedor Escolar y Actividades Extraescolares.<\/p>\n<p>&nbsp;<\/p>\n","protected":false},"excerpt":{"rendered":"<p>El Aula Matinal abre a las 7.30 horas de lunes a viernes, ofreciendo actividades diversas a los estudiantes hasta el comienzo del horario lectivo. Es un servicio muy recurrente en nuestro centro, sobre todo en \u00e9poca de recogida de aceituna,&#46;&#46;&#46;<\/p>\n","protected":false},"author":1,"featured_media":0,"parent":0,"menu_order":0,"comment_status":"closed","ping_status":"open","template":"","meta":{"ngg_post_thumbnail":0,"footnotes":"","_mc_calendar":[]},"aioseo_notices":[],"post_mailing_queue_ids":[],"_links":{"self":[{"href":"https:\/\/blogsaverroes.juntadeandalucia.es\/retamar\/wp-json\/wp\/v2\/pages\/870"}],"collection":[{"href":"https:\/\/blogsaverroes.juntadeandalucia.es\/retamar\/wp-json\/wp\/v2\/pages"}],"about":[{"href":"https:\/\/blogsaverroes.juntadeandalucia.es\/retamar\/wp-json\/wp\/v2\/types\/page"}],"author":[{"embeddable":true,"href":"https:\/\/blogsaverroes.juntadeandalucia.es\/retamar\/wp-json\/wp\/v2\/users\/1"}],"replies":[{"embeddable":true,"href":"https:\/\/blogsaverroes.juntadeandalucia.es\/retamar\/wp-json\/wp\/v2\/comments?post=870"}],"version-history":[{"count":15,"href":"https:\/\/blogsaverroes.juntadeandalucia.es\/retamar\/wp-json\/wp\/v2\/pages\/870\/revisions"}],"predecessor-version":[{"id":4006,"href":"https:\/\/blogsaverroes.juntadeandalucia.es\/retamar\/wp-json\/wp\/v2\/pages\/870\/revisions\/4006"}],"wp:attachment":[{"href":"https:\/\/blogsaverroes.juntadeandalucia.es\/retamar\/wp-json\/wp\/v2\/media?parent=870"}],"curies":[{"name":"wp","href":"https:\/\/api.w.org\/{rel}","templated":true}]}}