{"id":871,"date":"2015-03-16T07:25:46","date_gmt":"2015-03-16T07:25:46","guid":{"rendered":"http:\/\/blogsaverroes.juntadeandalucia.es\/pre\/ceip\/?page_id=106"},"modified":"2025-03-31T12:28:17","modified_gmt":"2025-03-31T11:28:17","slug":"actividades-extraescolares","status":"publish","type":"page","link":"https:\/\/blogsaverroes.juntadeandalucia.es\/retamar\/actividades-extraescolares\/","title":{"rendered":"Actividades extraescolares"},"content":{"rendered":"<p style=\"text-align: justify\"><a href=\"https:\/\/blogsaverroes.juntadeandalucia.es\/retamar\/files\/2015\/03\/talleres.jpg\"><img loading=\"lazy\" decoding=\"async\" class=\" alignnone wp-image-228 size-medium alignleft\" src=\"https:\/\/blogsaverroes.juntadeandalucia.es\/retamar\/files\/2015\/03\/talleres-300x199.jpg\" alt=\"\" width=\"300\" height=\"199\" srcset=\"https:\/\/blogsaverroes.juntadeandalucia.es\/retamar\/files\/2015\/03\/talleres-300x199.jpg 300w, https:\/\/blogsaverroes.juntadeandalucia.es\/retamar\/files\/2015\/03\/talleres-1024x682.jpg 1024w, https:\/\/blogsaverroes.juntadeandalucia.es\/retamar\/files\/2015\/03\/talleres.jpg 1280w\" sizes=\"(max-width: 300px) 100vw, 300px\" \/><\/a>Las actividades extraescolares tiene un horario de tarde, <strong>de 16:00 horas hasta las 18:00h. los martes y jueves<\/strong> de cada semana. Actualmente, se ofrece el m\u00f3dulo de <strong>Ingl\u00e9s.<\/strong><\/p>\n<p style=\"text-align: justify\">Recogiendo las inquietudes de las familias, todos los cursos se oferta varias actividades extraescolares. Para el presente curso se han ofertado: Ingl\u00e9s, quedando el Centro abierto a otras actividades si es demandado por suficientes familias del Centro, poni\u00e9ndose en funcionamiento aquellas que tienen suficiente demanda (10 usuarios como m\u00ednimo).<\/p>\n<p style=\"text-align: justify\">El idioma ingl\u00e9s, es una de las lenguas m\u00e1s habladas en el mundo, y no porque sea un modismo, sino porqu\u00e9 se ha convertido en un idioma universal en todos y cada uno de los continentes del planeta; por lo que resulta muy recomendable aprenderlo desde tempranas edades por todos los alumnos<\/p>\n<p style=\"text-align: justify\">La actividad extraescolar ingl\u00e9s es una de las mejores actividades extraescolares para los m\u00e1s peque\u00f1os, debiendo dominar cada una de las \u00e1reas del idioma: Speaking, Listening, Reading y Writing.<\/p>\n<p style=\"text-align: justify\">&nbsp;<\/p>\n","protected":false},"excerpt":{"rendered":"<p>Las actividades extraescolares tiene un horario de tarde, de 16:00 horas hasta las 18:00h. los martes y jueves de cada semana. Actualmente, se ofrece el m\u00f3dulo de Ingl\u00e9s. Recogiendo las inquietudes de las familias, todos los cursos se oferta varias&#46;&#46;&#46;<\/p>\n","protected":false},"author":1,"featured_media":0,"parent":0,"menu_order":0,"comment_status":"closed","ping_status":"open","template":"","meta":{"ngg_post_thumbnail":0,"footnotes":"","_mc_calendar":[]},"aioseo_notices":[],"post_mailing_queue_ids":[],"_links":{"self":[{"href":"https:\/\/blogsaverroes.juntadeandalucia.es\/retamar\/wp-json\/wp\/v2\/pages\/871"}],"collection":[{"href":"https:\/\/blogsaverroes.juntadeandalucia.es\/retamar\/wp-json\/wp\/v2\/pages"}],"about":[{"href":"https:\/\/blogsaverroes.juntadeandalucia.es\/retamar\/wp-json\/wp\/v2\/types\/page"}],"author":[{"embeddable":true,"href":"https:\/\/blogsaverroes.juntadeandalucia.es\/retamar\/wp-json\/wp\/v2\/users\/1"}],"replies":[{"embeddable":true,"href":"https:\/\/blogsaverroes.juntadeandalucia.es\/retamar\/wp-json\/wp\/v2\/comments?post=871"}],"version-history":[{"count":14,"href":"https:\/\/blogsaverroes.juntadeandalucia.es\/retamar\/wp-json\/wp\/v2\/pages\/871\/revisions"}],"predecessor-version":[{"id":4011,"href":"https:\/\/blogsaverroes.juntadeandalucia.es\/retamar\/wp-json\/wp\/v2\/pages\/871\/revisions\/4011"}],"wp:attachment":[{"href":"https:\/\/blogsaverroes.juntadeandalucia.es\/retamar\/wp-json\/wp\/v2\/media?parent=871"}],"curies":[{"name":"wp","href":"https:\/\/api.w.org\/{rel}","templated":true}]}}