{"id":955,"date":"2020-11-22T11:52:43","date_gmt":"2020-11-22T11:52:43","guid":{"rendered":"https:\/\/blogsaverroes.juntadeandalucia.es\/roadtoenglisha1\/?page_id=955"},"modified":"2020-11-22T15:23:13","modified_gmt":"2020-11-22T15:23:13","slug":"useful-bibliography","status":"publish","type":"page","link":"https:\/\/blogsaverroes.juntadeandalucia.es\/roadtoenglisha1\/useful-bibliography\/","title":{"rendered":"Useful Bibliography"},"content":{"rendered":"<p><strong>BIBLIOGRAF\u00cdA ESPEC\u00cdFICA<\/strong><\/p>\n<p>El libro de texto para 2\u00ba de nivel b\u00e1sico es:<\/p>\n<p><strong><em><u>E<\/u><\/em><\/strong><strong><em><u>nglish File A2\/B1Student\u2019s Book and Workbook<\/u><\/em><\/strong><strong>, <\/strong>FOURTH EDITION, by Clive Oxenden, Christina Latham-Koenig, Jerry Lambert &amp; Paul Seligson.Oxford University Press.<\/p>\n<p>No habr\u00e1 libros de lectura obligatoria durante el curso, pero s\u00ed que se fomentar\u00e1 la lectura en clase mediante diferentes actividades.<\/p>\n<p><strong>BIBLIOGRAF\u00cdA RECOMENDADA<\/strong><\/p>\n<p><strong>&nbsp;<\/strong><\/p>\n<p><strong>Gram\u00e1tica:<\/strong><\/p>\n<p><em><u>M<\/u><\/em> <em><u>acMillan Essential Dictionary for Learners of English<\/u><\/em> (MacMillan)<\/p>\n<p><em><u>L<\/u><\/em><em><u>ongman Wordwise Dictionary<\/u><\/em> (Longman)<\/p>\n<p>Murphy, R., <em><u>Essential Grammar in Use<\/u> <\/em>(Cambridge U.P.)<\/p>\n<p>Thomson, A. &amp; Martinet, A.,<u> <em>A Practical English Grammar<\/em><\/u> (&amp; exercises) (OUP) Howard \u2013 Williams et al.,<\/p>\n<p>Thomas, B.J <em>Word Games with English <\/em>(MacMillan-Heinemann)<\/p>\n<p><em><u>E<\/u><\/em><em><u>lementary Vocabulary<\/u><\/em> (Longman)<\/p>\n<p>&nbsp;<\/p>\n<p><strong>Fon\u00e9tica:<\/strong><\/p>\n<p><u>https:\/\/es.forvo.com\/<\/u> <a href=\"http:\/\/howjsay.com\/?&amp;wid=1366\">http:\/\/howjsay.com\/?&amp;wid=1366<\/a> <u>https:\/\/<\/u><a href=\"http:\/\/www.youtube.com\/watch?v=JIytoY5_gpw\">www.youtube.com\/watch?v=JIytoY5_<\/a> <a href=\"http:\/\/www.youtube.com\/watch?v=JIytoY5_gpw\">gpw<\/a> <u>https:\/\/<\/u><a href=\"http:\/\/www.youtube.com\/watch?v=G4Z5qngn-48\">www.youtube.com\/watch?v=G4Z5qng<\/a> <a href=\"http:\/\/www.youtube.com\/watch?v=G4Z5qngn-48\">n-48<\/a><\/p>\n<p><u>https:\/\/<\/u><a href=\"http:\/\/www.youtube.com\/watch?v=69DwHUg2f7s\">www.youtube.com\/watch?v=69DwHU<\/a> <a href=\"http:\/\/www.youtube.com\/watch?v=69DwHUg2f7s\">g2f7s<\/a> <u>https:\/\/<\/u><a href=\"http:\/\/www.youtube.com\/watch?v=n4NVPg2kHv4\">www.youtube.com\/watch?v=n4NVPg<\/a> <a href=\"http:\/\/www.youtube.com\/watch?v=n4NVPg2kHv4\">2kHv4<\/a><\/p>\n<p><u>https:\/\/elt.oup.com\/student\/englishfile\/elementary\/c_pronunciation\/?selLangu<\/u> <u>a ge=en&amp;cc=global<\/u> <u>https:\/\/elt.oup.com\/student\/englishfile\/elementary\/i_games\/?cc=ar&amp;selLangu<\/u> <u>ag e=en<\/u><\/p>\n<p>&nbsp;<\/p>\n<p><strong>Vocabulario de aula:<\/strong><\/p>\n<p><a href=\"http:\/\/www.languageguide.org\/\">www.languageguide.org<\/a><\/p>\n","protected":false},"excerpt":{"rendered":"<p>BIBLIOGRAF\u00cdA ESPEC\u00cdFICA El libro de texto para 2\u00ba de nivel b\u00e1sico es: English File A2\/B1Student\u2019s Book and Workbook, FOURTH EDITION, by Clive Oxenden, Christina Latham-Koenig, Jerry Lambert &amp; Paul Seligson.Oxford University Press. No habr\u00e1&#46;&#46;&#46;<\/p>\n","protected":false},"author":1595,"featured_media":0,"parent":0,"menu_order":0,"comment_status":"closed","ping_status":"closed","template":"","meta":{"ngg_post_thumbnail":0,"footnotes":""},"aioseo_notices":[],"_links":{"self":[{"href":"https:\/\/blogsaverroes.juntadeandalucia.es\/roadtoenglisha1\/wp-json\/wp\/v2\/pages\/955"}],"collection":[{"href":"https:\/\/blogsaverroes.juntadeandalucia.es\/roadtoenglisha1\/wp-json\/wp\/v2\/pages"}],"about":[{"href":"https:\/\/blogsaverroes.juntadeandalucia.es\/roadtoenglisha1\/wp-json\/wp\/v2\/types\/page"}],"author":[{"embeddable":true,"href":"https:\/\/blogsaverroes.juntadeandalucia.es\/roadtoenglisha1\/wp-json\/wp\/v2\/users\/1595"}],"replies":[{"embeddable":true,"href":"https:\/\/blogsaverroes.juntadeandalucia.es\/roadtoenglisha1\/wp-json\/wp\/v2\/comments?post=955"}],"version-history":[{"count":3,"href":"https:\/\/blogsaverroes.juntadeandalucia.es\/roadtoenglisha1\/wp-json\/wp\/v2\/pages\/955\/revisions"}],"predecessor-version":[{"id":978,"href":"https:\/\/blogsaverroes.juntadeandalucia.es\/roadtoenglisha1\/wp-json\/wp\/v2\/pages\/955\/revisions\/978"}],"wp:attachment":[{"href":"https:\/\/blogsaverroes.juntadeandalucia.es\/roadtoenglisha1\/wp-json\/wp\/v2\/media?parent=955"}],"curies":[{"name":"wp","href":"https:\/\/api.w.org\/{rel}","templated":true}]}}