{"id":33,"date":"2018-09-14T15:08:45","date_gmt":"2018-09-14T15:08:45","guid":{"rendered":"https:\/\/blogsaverroes.juntadeandalucia.es\/roadtoenglishc1\/?page_id=33"},"modified":"2019-09-25T15:01:52","modified_gmt":"2019-09-25T15:01:52","slug":"c1-level","status":"publish","type":"page","link":"https:\/\/blogsaverroes.juntadeandalucia.es\/roadtoenglishc1\/c1-level\/","title":{"rendered":"C1 Level"},"content":{"rendered":"<p style=\"text-align: left\"><strong>CEFR &#8211; LEVEL C1<\/strong><\/p>\n<p>&nbsp;<\/p>\n<p>Students at the C1 level have good access to a broad range of language, which<br \/>\nallows fluent, spontaneous and almost effortless communication. They have a<br \/>\ngood command of a broad lexical repertoire allowing gaps to be readily<br \/>\novercome with circumlocutions. There is little obvious searching for expressions<br \/>\nor avoidance strategies; only a conceptually difficult subject can hinder a<br \/>\nnatural, smooth flow of language. The discourse skills characterising the<br \/>\nprevious band continue to be evident at Level C1, with an emphasis on more<br \/>\nfluency. They are able to select a suitable phrase from a fluent repertoire of<br \/>\ndiscourse functions to preface remarks in order to get the floor, or to gain time<br \/>\nand keep it whilst thinking. They can produce clear, smooth\u2011flowing, wellstructured<br \/>\nspeech, showing controlled use of organisational patterns, connectors<br \/>\nand cohesive devices.<\/p>\n<p><strong>Global<\/strong><\/p>\n<p>At the C1 level of proficiency, students should be able to understand a wide<br \/>\nrange of demanding, longer texts, and recognise implicit meaning. They can<br \/>\nexpress themselves fluently and spontaneously without much obvious searching<br \/>\nfor expressions. They can use language flexibly and effectively for social,<br \/>\nacademic and professional purposes. They can produce clear, well-structured,<br \/>\ndetailed text on complex subjects, showing controlled use of organisational<br \/>\npatterns, connectors and cohesive devices.<\/p>\n<p><strong>Listening<\/strong><\/p>\n<p>Students at this level can understand lectures and discussions on complex topics<br \/>\nbeyond their own field, though they may need to confirm occasional details,<br \/>\nespecially if the accent is unfamiliar. They can understand even when the talk is<br \/>\nnot clearly structured and when relationships are only implied and not signalled<br \/>\nexplicitly.<\/p>\n<p><strong>Reading<\/strong><\/p>\n<p>At the C1 level of proficiency, students are able to understand long and complex<br \/>\nfactual and literary texts, appreciating distinctions of style. They can understand<br \/>\nspecialised articles and longer technical instructions, even when they do not<br \/>\nrelate to their field.<br \/>\nSpoken Interaction<br \/>\nStudents can express themselves fluently and spontaneously. They can use<br \/>\nlanguage flexibly and effectively for social and professional purposes and can<br \/>\nformulate ideas and opinions appropriately and relate contributions skilfully to<br \/>\nthose of other speakers.<\/p>\n<p><strong>Spoken Production<\/strong><\/p>\n<p>At the C1 level, students can present clear, detailed descriptions of complex<br \/>\nsubjects integrating sub-themes, developing particular points and rounding off<br \/>\nwith an appropriate conclusion.<\/p>\n<p><strong>Writing<\/strong><\/p>\n<p>Students are able to write clear, well-structured text and express points of view<br \/>\nat some length. They can write detailed expositions of complex subjects in a<br \/>\nletter, an essay or a report, underlining the salient issues. They can write<br \/>\ndifferent kinds of texts in a style appropriate to the reader in mind.<\/p>\n<p><strong>Listening Proficiency scales<\/strong><\/p>\n<p>Students can keep up with an animated conversation between native speakers<br \/>\nand can understand enough to follow extended speech on abstract and complex<br \/>\ntopics beyond their own field, though they may need to confirm occasional<br \/>\ndetails, especially if the accent is unfamiliar. They can recognise a wide range of<br \/>\nidiomatic expressions and colloquialisms and recognise changes in style. They<br \/>\ncan follow extended speech even when it is not clearly structured and when<br \/>\nrelationships between ideas are only implied and not stated explicitly. They can<br \/>\nfollow most lectures, discussions and debates with relative ease and can extract<br \/>\nspecific information from poor quality public announcements. They can<br \/>\nunderstand complex technical information, such as operating instructions,<br \/>\nspecifications for familiar products and services. They are able to understand a<br \/>\nwide range of recorded audio material, including some nonstandard language,<br \/>\nand identify finer points of detail, including implicit attitudes and relationships<br \/>\nbetween speakers. They can follow films which contain a considerable degree of<br \/>\nslang and idiomatic usage.<\/p>\n<p><strong>Reading Proficiency scales<\/strong><\/p>\n<p>Students can understand any correspondence with an occasional use of the<br \/>\ndictionary and can understand in detail long, complex instructions on a new<br \/>\nmachine or procedure even outside their own field of specialization if they can<br \/>\nreread difficult sections.<\/p>\n<p><strong>Speaking Proficiency scales<\/strong><\/p>\n<p>At level C1, students can express themselves fluently and spontaneously, almost<br \/>\neffortlessly. Only a conceptually difficult subject can hinder a natural, smooth<br \/>\nflow of language. They can communicate spontaneously, often showing<br \/>\nremarkable fluency and ease of expression in even longer complex stretches of<br \/>\nspeech and can select an appropriate formulation from a broad range of<br \/>\nlanguage to express themselves clearly, without having to restrict what they<br \/>\nwant to say. They can express themselves clearly and without much sign of<br \/>\nhaving to restrict what they want to say. They have a good command of a broad<br \/>\nlexical repertoire allowing gaps to be readily overcome with circumlocutions;<br \/>\nlittle obvious searching for expressions or avoidance strategies. They have a<br \/>\ngood command of idiomatic expressions and colloquialisms with occasional minor<br \/>\nslips, but no significant vocabulary errors. They consistently maintain a high<br \/>\ndegree of grammatical accuracy; errors are rare and difficult to spot. They<br \/>\ndemonstrate good grammatical control; occasional \u2018slips\u2019 or non-systematic<br \/>\nerrors and minor flaws in sentence structure may still occur, but they are rare<br \/>\nand can often be corrected in retrospect. They can vary intonation and place<br \/>\nsentence stress correctly in order to express finer shades of meaning. They can<br \/>\nfollow films employing a considerable degree of slang and idiomatic usage and<br \/>\ncan use language flexibly and effectively for social purposes, including<br \/>\nemotional, allusive and joking usage.<br \/>\nThey are able to express themselves confidently, clearly and politely in a formal<br \/>\nor informal register, appropriate to the situation and person(s) concerned. They<br \/>\ncan adjust what they say and the means of expressing it to the situation and the<br \/>\nrecipient and adopt a level of formality appropriate to the circumstances. They<br \/>\ncan select a suitable phrase from a readily available range of discourse functions<br \/>\nto preface their remarks appropriately in order to get the floor, or to gain time<br \/>\nand keep the floor whilst thinking. They can intervene appropriately in<br \/>\ndiscussion, exploiting appropriate language to do so and can initiate, maintain<br \/>\nand end discourse appropriately with effective turntaking. They can give<br \/>\nelaborate descriptions and narratives, integrating sub-themes, developing<br \/>\nparticular points and rounding off with an appropriate conclusion. They can<br \/>\nproduce clear, smooth-flowing, well-structured speech, showing controlled use of<br \/>\norganizational patterns, connectors and cohesive devices. They can use a variety<br \/>\nof linking words efficiently to mark clearly the relationships between ideas.<\/p>\n<p><strong>Writing Proficiency scales<\/strong><\/p>\n<p>Students at this level can expand and support points of view at some length with<br \/>\nsubsidiary points, reasons and relevant examples. They can develop an<br \/>\nargument systematically, giving appropriate emphasis to significant points, and<br \/>\npresenting relevant supporting detail. They can give clear detailed descriptions<br \/>\nof complex subjects and can usually write without consulting a dictionary. They<br \/>\ncan write so well that their language needs to be checked only if the text is an<br \/>\nimportant one.<\/p>\n<p>&nbsp;<\/p>\n<p><strong>SOURCE&nbsp;&nbsp;<\/strong>&nbsp;https:\/\/www.stgiles-international.com\/app\/webroot\/docs\/Level-C1-Learner-Outcomes.pdf<\/p>\n<p>&nbsp;<\/p>\n<p>&nbsp; &nbsp; &nbsp; &nbsp; &nbsp; &nbsp; &nbsp; &nbsp; &nbsp; &nbsp; &nbsp; &nbsp; &nbsp; &nbsp; &nbsp; &nbsp; &nbsp; &nbsp; &nbsp; &nbsp; &nbsp; &nbsp; &nbsp; &nbsp; &nbsp; &nbsp; &nbsp; &nbsp; &nbsp; &nbsp; &nbsp; &nbsp; &nbsp; &nbsp; &nbsp; &nbsp; &nbsp; &nbsp; <strong>NORMATIVA EEOOII<\/strong><\/p>\n<p><a href=\"http:\/\/www.adideandalucia.es\/normas\/decretos\/Decreto499-2019EnsenanzasIdiomas.pdf\">DECRETO 499\/2019<\/a><\/p>\n<p>de 26 de junio, ordenaci\u00f3n y curr\u00edculo de las ense\u00f1anzas oficiales de idiomas en la Comunidad Aut\u00f3noma de Andaluc\u00eda&nbsp;<\/p>\n<p>&nbsp;<\/p>\n<p><a href=\"http:\/\/www.adideandalucia.es\/normas\/ordenes\/Orden2julio2019CurriculoIdiomas.pdf\">ORDEN de 2 de julio de 2019<\/a><\/p>\n<p>curr\u00edculo de las ense\u00f1anzas de idiomas en&nbsp; Andaluc\u00eda&nbsp;<\/p>\n<p>&nbsp;<\/p>\n<p><a href=\"https:\/\/juntadeandalucia.es\/organismos\/educacionydeporte\/servicios\/normas-elaboracion\/detalle\/176764.html\">Proyecto de Orden<\/a> por el que se establece la ordenaci\u00f3n de la evaluaci\u00f3n del proceso de aprendizaje del alumnado y de las pruebas de certificaci\u00f3n en la ense\u00f1anzas de idiomas de r\u00e9gimen especial en Andaluc\u00eda (Borrador que podr\u00eda verse modificado)<\/p>\n<h1>&nbsp;<\/h1>\n","protected":false},"excerpt":{"rendered":"<p>CEFR &#8211; LEVEL C1 &nbsp; Students at the C1 level have good access to a broad range of language, which allows fluent, spontaneous and almost effortless communication. They have a good command of a&#46;&#46;&#46;<\/p>\n","protected":false},"author":1595,"featured_media":0,"parent":0,"menu_order":0,"comment_status":"closed","ping_status":"closed","template":"","meta":{"ngg_post_thumbnail":0,"footnotes":""},"aioseo_notices":[],"_links":{"self":[{"href":"https:\/\/blogsaverroes.juntadeandalucia.es\/roadtoenglishc1\/wp-json\/wp\/v2\/pages\/33"}],"collection":[{"href":"https:\/\/blogsaverroes.juntadeandalucia.es\/roadtoenglishc1\/wp-json\/wp\/v2\/pages"}],"about":[{"href":"https:\/\/blogsaverroes.juntadeandalucia.es\/roadtoenglishc1\/wp-json\/wp\/v2\/types\/page"}],"author":[{"embeddable":true,"href":"https:\/\/blogsaverroes.juntadeandalucia.es\/roadtoenglishc1\/wp-json\/wp\/v2\/users\/1595"}],"replies":[{"embeddable":true,"href":"https:\/\/blogsaverroes.juntadeandalucia.es\/roadtoenglishc1\/wp-json\/wp\/v2\/comments?post=33"}],"version-history":[{"count":11,"href":"https:\/\/blogsaverroes.juntadeandalucia.es\/roadtoenglishc1\/wp-json\/wp\/v2\/pages\/33\/revisions"}],"predecessor-version":[{"id":932,"href":"https:\/\/blogsaverroes.juntadeandalucia.es\/roadtoenglishc1\/wp-json\/wp\/v2\/pages\/33\/revisions\/932"}],"wp:attachment":[{"href":"https:\/\/blogsaverroes.juntadeandalucia.es\/roadtoenglishc1\/wp-json\/wp\/v2\/media?parent=33"}],"curies":[{"name":"wp","href":"https:\/\/api.w.org\/{rel}","templated":true}]}}