{"id":78,"date":"2022-04-24T01:06:58","date_gmt":"2022-04-24T01:06:58","guid":{"rendered":"https:\/\/blogsaverroes.juntadeandalucia.es\/roboticalapurisimademalaga\/?page_id=78"},"modified":"2024-11-14T18:09:05","modified_gmt":"2024-11-14T17:09:05","slug":"robotica-e-inclusion","status":"publish","type":"page","link":"https:\/\/blogsaverroes.juntadeandalucia.es\/roboticalapurisimademalaga\/","title":{"rendered":"Rob\u00f3tica e inclusi\u00f3n"},"content":{"rendered":"<table style=\"width: 109.193%;height: 721px\">\n<tbody>\n<tr style=\"height: 10px\">\n<td style=\"padding-left: 0.4em;width: 17.2372%;height: 381px\" colspan=\"4\" rowspan=\"2\">\n<blockquote>\n<p style=\"text-align: justify\"><img loading=\"lazy\" decoding=\"async\" class=\"alignright wp-image-99 size-full\" src=\"https:\/\/blogsaverroes.juntadeandalucia.es\/roboticalapurisimademalaga\/files\/2022\/05\/collage-fotos-1\u00ba-pag-e1670618946676.png\" alt=\"\" width=\"250\" height=\"353\"><span style=\"color: #000000\">En el curso escolar 2021\/22, nuestro Centro comenz\u00f3 a participar en el <a style=\"font-family: inherit;font-size: inherit;color: #000000\" href=\"https:\/\/youtu.be\/R8Alek3JK6E\">Proyecto STEAM: \u00abRob\u00f3tica aplicada al aula\u00bb&nbsp;<\/a><span style=\"font-family: inherit;font-size: inherit\">puesto en marcha por la Consejer\u00eda de Educaci\u00f3n y Deporte de la Junta de Andaluc\u00eda. <\/span><\/span><\/p>\n<p style=\"text-align: justify\"><span style=\"color: #000000\"><span style=\"font-family: inherit;font-size: inherit\">A partir de entonces, las profesoras implicadas en el proyecto nos estamos formando y poniendo en pr\u00e1ctica con el alumnado una serie de actividades que pretenden desarrollar los objetivos de nuestro proyecto&nbsp;<\/span><strong style=\"font-family: inherit;font-size: inherit\">&nbsp;\u00abLa rob\u00f3tica como metodolog\u00eda inclusiva\u00bb,<\/strong><span style=\"font-family: inherit;font-size: inherit\"> estos objetivos son:<\/span><\/span><\/p>\n<p style=\"text-align: justify\"><span style=\"color: #000000\"><span style=\"font-family: inherit;font-size: inherit\">&#8211; Fomentar el pensamiento computacional en los alumnos y las alumnas, en especial en el alumnado con NEAE como medio de estimular las funciones ejecutivas personales, as\u00ed como medio de disfrute de actividades que pueden compartir con sus compa\u00f1eros y compa\u00f1eras.<\/span>&nbsp;<\/span><\/p>\n<ul style=\"text-align: justify\">\n<li><span style=\"color: #000000\">&#8211; Iniciaci\u00f3n del profesorado y el alumnado del Centro en la rob\u00f3tica a trav\u00e9s de actividades STEAM: pensamiento computacional, el uso de herramientas de programaci\u00f3n y dise\u00f1o 3D.<\/span><\/li>\n<li><span style=\"color: #000000\">&#8211; Impulsar un cambio metodol\u00f3gico en las materias STEAM hacia metodolog\u00edas activas e inclusivas.<\/span><\/li>\n<\/ul>\n<ol>\n<li style=\"text-align: justify\"><span style=\"color: #000000\">En este blog nos proponemos dar a conocer a las familias&nbsp; las actividades que vamos realizando y, sobre todo, queremos entusiasmar a nuestros alumnos y alumnas con con el uso educativo de las herramientas y materiales de rob\u00f3tica y dise\u00f1o 3D, proponiendo nuevos retos tanto con juegos y aplicaciones para el desarrollo del pensamiento computacional, como con diversos proyectos en los que intervengan la&nbsp; programaci\u00f3n y\/o el dise\u00f1o e impresi\u00f3n 3D.&nbsp;<\/span><\/li>\n<\/ol>\n<\/blockquote>\n<\/td>\n<\/tr>\n<\/tbody>\n<\/table>\n<p style=\"text-align: right\">&nbsp;<\/p>\n","protected":false},"excerpt":{"rendered":"<p>En el curso escolar 2021\/22, nuestro Centro comenz\u00f3 a participar en el Proyecto STEAM: \u00abRob\u00f3tica aplicada al aula\u00bb&nbsp;puesto en marcha por la Consejer\u00eda de Educaci\u00f3n y Deporte de la Junta de Andaluc\u00eda. A partir de entonces, las profesoras implicadas en el proyecto nos estamos formando y poniendo en pr\u00e1ctica con el alumnado una serie de &hellip; <\/p>\n<p class=\"link-more\"><a href=\"https:\/\/blogsaverroes.juntadeandalucia.es\/roboticalapurisimademalaga\/\" class=\"more-link\">Continuar leyendo<span class=\"screen-reader-text\"> \u00abRob\u00f3tica e inclusi\u00f3n\u00bb<\/span><\/a><\/p>\n","protected":false},"author":14740,"featured_media":0,"parent":0,"menu_order":0,"comment_status":"closed","ping_status":"closed","template":"","meta":{"ngg_post_thumbnail":0,"footnotes":""},"aioseo_notices":[],"_links":{"self":[{"href":"https:\/\/blogsaverroes.juntadeandalucia.es\/roboticalapurisimademalaga\/wp-json\/wp\/v2\/pages\/78"}],"collection":[{"href":"https:\/\/blogsaverroes.juntadeandalucia.es\/roboticalapurisimademalaga\/wp-json\/wp\/v2\/pages"}],"about":[{"href":"https:\/\/blogsaverroes.juntadeandalucia.es\/roboticalapurisimademalaga\/wp-json\/wp\/v2\/types\/page"}],"author":[{"embeddable":true,"href":"https:\/\/blogsaverroes.juntadeandalucia.es\/roboticalapurisimademalaga\/wp-json\/wp\/v2\/users\/14740"}],"replies":[{"embeddable":true,"href":"https:\/\/blogsaverroes.juntadeandalucia.es\/roboticalapurisimademalaga\/wp-json\/wp\/v2\/comments?post=78"}],"version-history":[{"count":18,"href":"https:\/\/blogsaverroes.juntadeandalucia.es\/roboticalapurisimademalaga\/wp-json\/wp\/v2\/pages\/78\/revisions"}],"predecessor-version":[{"id":358,"href":"https:\/\/blogsaverroes.juntadeandalucia.es\/roboticalapurisimademalaga\/wp-json\/wp\/v2\/pages\/78\/revisions\/358"}],"wp:attachment":[{"href":"https:\/\/blogsaverroes.juntadeandalucia.es\/roboticalapurisimademalaga\/wp-json\/wp\/v2\/media?parent=78"}],"curies":[{"name":"wp","href":"https:\/\/api.w.org\/{rel}","templated":true}]}}