{"id":150,"date":"2020-04-03T14:44:08","date_gmt":"2020-04-03T12:44:08","guid":{"rendered":"https:\/\/blogsaverroes.juntadeandalucia.es\/robotimaticas\/?page_id=150"},"modified":"2020-04-13T14:03:57","modified_gmt":"2020-04-13T12:03:57","slug":"perfil","status":"publish","type":"page","link":"https:\/\/blogsaverroes.juntadeandalucia.es\/robotimaticas\/perfil\/","title":{"rendered":"Perfil"},"content":{"rendered":"<p><img loading=\"lazy\" decoding=\"async\" class=\"wp-image-200 aligncenter\" src=\"https:\/\/blogsaverroes.juntadeandalucia.es\/robotimaticas\/files\/2020\/04\/IMG_20191224_143755.jpg\" alt=\"\" width=\"102\" height=\"141\" srcset=\"https:\/\/blogsaverroes.juntadeandalucia.es\/robotimaticas\/files\/2020\/04\/IMG_20191224_143755.jpg 760w, https:\/\/blogsaverroes.juntadeandalucia.es\/robotimaticas\/files\/2020\/04\/IMG_20191224_143755-216x300.jpg 216w, https:\/\/blogsaverroes.juntadeandalucia.es\/robotimaticas\/files\/2020\/04\/IMG_20191224_143755-17x24.jpg 17w, https:\/\/blogsaverroes.juntadeandalucia.es\/robotimaticas\/files\/2020\/04\/IMG_20191224_143755-26x36.jpg 26w, https:\/\/blogsaverroes.juntadeandalucia.es\/robotimaticas\/files\/2020\/04\/IMG_20191224_143755-34x48.jpg 34w\" sizes=\"(max-width: 102px) 100vw, 102px\" \/><\/p>\n<p>Me llamo Jer\u00f3nimo Torres Mac\u00edas y soy Profesor de Matem\u00e1ticas .<\/p>\n<p>Tengo mi plaza en el I.E.S. Escultor Mar\u00edn Higuero en la localidad de Arriate (Ronda), aunque en la actualidad trabajo en I.E.S. P\u00e9rez de Guzm\u00e1n en Ronda.<\/p>\n<p>Tambi\u00e9n he trabajado como programador y probablemente sea una de las razones por las que desde hace unos a\u00f1os estoy trabajando y form\u00e1ndome para introducir de forma did\u00e1ctica el Pensamiento Computacional con la Programaci\u00f3n y la Rob\u00f3tica Educativa en nuestras las aulas, destacando las matem\u00e1ticas que aplicamos para llevar a la pr\u00e1ctica cualquier proyecto.<\/p>\n<p>Este blog es una peque\u00f1a muestra del trabajo de estos \u00faltimos a\u00f1os.<\/p>\n","protected":false},"excerpt":{"rendered":"<p>Me llamo Jer\u00f3nimo Torres Mac\u00edas y soy Profesor de Matem\u00e1ticas . Tengo mi plaza en el I.E.S. Escultor Mar\u00edn Higuero en la localidad de Arriate (Ronda), aunque en la actualidad trabajo en I.E.S. P\u00e9rez de Guzm\u00e1n en Ronda. Tambi\u00e9n he trabajado como programador y probablemente sea una de las razones por las que desde hace &hellip; <\/p>\n<p class=\"link-more\"><a href=\"https:\/\/blogsaverroes.juntadeandalucia.es\/robotimaticas\/perfil\/\" class=\"more-link\">Continuar leyendo<span class=\"screen-reader-text\"> \u00abPerfil\u00bb<\/span><\/a><\/p>\n","protected":false},"author":8446,"featured_media":0,"parent":0,"menu_order":0,"comment_status":"closed","ping_status":"closed","template":"","meta":{"ngg_post_thumbnail":0,"footnotes":""},"aioseo_notices":[],"_links":{"self":[{"href":"https:\/\/blogsaverroes.juntadeandalucia.es\/robotimaticas\/wp-json\/wp\/v2\/pages\/150"}],"collection":[{"href":"https:\/\/blogsaverroes.juntadeandalucia.es\/robotimaticas\/wp-json\/wp\/v2\/pages"}],"about":[{"href":"https:\/\/blogsaverroes.juntadeandalucia.es\/robotimaticas\/wp-json\/wp\/v2\/types\/page"}],"author":[{"embeddable":true,"href":"https:\/\/blogsaverroes.juntadeandalucia.es\/robotimaticas\/wp-json\/wp\/v2\/users\/8446"}],"replies":[{"embeddable":true,"href":"https:\/\/blogsaverroes.juntadeandalucia.es\/robotimaticas\/wp-json\/wp\/v2\/comments?post=150"}],"version-history":[{"count":8,"href":"https:\/\/blogsaverroes.juntadeandalucia.es\/robotimaticas\/wp-json\/wp\/v2\/pages\/150\/revisions"}],"predecessor-version":[{"id":307,"href":"https:\/\/blogsaverroes.juntadeandalucia.es\/robotimaticas\/wp-json\/wp\/v2\/pages\/150\/revisions\/307"}],"wp:attachment":[{"href":"https:\/\/blogsaverroes.juntadeandalucia.es\/robotimaticas\/wp-json\/wp\/v2\/media?parent=150"}],"curies":[{"name":"wp","href":"https:\/\/api.w.org\/{rel}","templated":true}]}}