{"id":90,"date":"2020-03-17T13:36:13","date_gmt":"2020-03-17T12:36:13","guid":{"rendered":"https:\/\/blogsaverroes.juntadeandalucia.es\/robotimaticas\/?page_id=90"},"modified":"2020-04-05T20:52:35","modified_gmt":"2020-04-05T18:52:35","slug":"sobre-este-blog","status":"publish","type":"page","link":"https:\/\/blogsaverroes.juntadeandalucia.es\/robotimaticas\/sobre-este-blog\/","title":{"rendered":"Acerca de"},"content":{"rendered":"<p><img loading=\"lazy\" decoding=\"async\" class=\"size-full wp-image-175\" src=\"https:\/\/blogsaverroes.juntadeandalucia.es\/robotimaticas\/files\/2020\/04\/EvidenciasPuestaPractica.png\" alt=\"\" width=\"1298\" height=\"489\" srcset=\"https:\/\/blogsaverroes.juntadeandalucia.es\/robotimaticas\/files\/2020\/04\/EvidenciasPuestaPractica.png 1298w, https:\/\/blogsaverroes.juntadeandalucia.es\/robotimaticas\/files\/2020\/04\/EvidenciasPuestaPractica-300x113.png 300w, https:\/\/blogsaverroes.juntadeandalucia.es\/robotimaticas\/files\/2020\/04\/EvidenciasPuestaPractica-768x289.png 768w, https:\/\/blogsaverroes.juntadeandalucia.es\/robotimaticas\/files\/2020\/04\/EvidenciasPuestaPractica-24x9.png 24w, https:\/\/blogsaverroes.juntadeandalucia.es\/robotimaticas\/files\/2020\/04\/EvidenciasPuestaPractica-36x14.png 36w, https:\/\/blogsaverroes.juntadeandalucia.es\/robotimaticas\/files\/2020\/04\/EvidenciasPuestaPractica-48x18.png 48w\" sizes=\"(max-width: 767px) 89vw, (max-width: 1000px) 54vw, (max-width: 1071px) 543px, 580px\" \/><\/p>\n<p>Matem\u00e1ticas, Arte, M\u00fasica, Ciencias, Ingenier\u00eda, Tecnolog\u00eda, Pensamiento Algor\u00edtmico, Programaci\u00f3n, Realidad Aumentada, Realidad Virtual, Electr\u00f3nica Digital y Rob\u00f3tica.<\/p>\n<p>Llevar todo esto a nuestras aulas de una forma did\u00e1ctica y con una metodolog\u00eda activa en la que nuestros alumnos aprendan haciendo y se diviertan es toda una aventura, que merece la pena para que los alumnos puedan encontrarle sentido a muchas de las cosas que estudian.<\/p>\n<p>Soy profesor de matem\u00e1ticas y estoy intentando introducir todo esto mostrando a mis alumnos los conocimientos matem\u00e1ticos que tenemos que usar para desarrollar cualquier proyecto.<\/p>\n<p>La intenci\u00f3n de este blog es dar a conocer lo que hemos conseguido llevar a cabo en las aulas y que quiz\u00e1 pueda servir de ayuda. Desde el Pensamiento Algor\u00edtmico sin ordenadores hasta el Pensamiento Computacional usando Scratch 3.0., mBlock, Visualino, Thinkercad, &#8230;<\/p>\n","protected":false},"excerpt":{"rendered":"<p>Matem\u00e1ticas, Arte, M\u00fasica, Ciencias, Ingenier\u00eda, Tecnolog\u00eda, Pensamiento Algor\u00edtmico, Programaci\u00f3n, Realidad Aumentada, Realidad Virtual, Electr\u00f3nica Digital y Rob\u00f3tica. Llevar todo esto a nuestras aulas de una forma did\u00e1ctica y con una metodolog\u00eda activa en la que nuestros alumnos aprendan haciendo y se diviertan es toda una aventura, que merece la pena para que los alumnos puedan &hellip; <\/p>\n<p class=\"link-more\"><a href=\"https:\/\/blogsaverroes.juntadeandalucia.es\/robotimaticas\/sobre-este-blog\/\" class=\"more-link\">Continuar leyendo<span class=\"screen-reader-text\"> \u00abAcerca de\u00bb<\/span><\/a><\/p>\n","protected":false},"author":8446,"featured_media":0,"parent":0,"menu_order":0,"comment_status":"closed","ping_status":"closed","template":"","meta":{"ngg_post_thumbnail":0,"footnotes":""},"aioseo_notices":[],"_links":{"self":[{"href":"https:\/\/blogsaverroes.juntadeandalucia.es\/robotimaticas\/wp-json\/wp\/v2\/pages\/90"}],"collection":[{"href":"https:\/\/blogsaverroes.juntadeandalucia.es\/robotimaticas\/wp-json\/wp\/v2\/pages"}],"about":[{"href":"https:\/\/blogsaverroes.juntadeandalucia.es\/robotimaticas\/wp-json\/wp\/v2\/types\/page"}],"author":[{"embeddable":true,"href":"https:\/\/blogsaverroes.juntadeandalucia.es\/robotimaticas\/wp-json\/wp\/v2\/users\/8446"}],"replies":[{"embeddable":true,"href":"https:\/\/blogsaverroes.juntadeandalucia.es\/robotimaticas\/wp-json\/wp\/v2\/comments?post=90"}],"version-history":[{"count":5,"href":"https:\/\/blogsaverroes.juntadeandalucia.es\/robotimaticas\/wp-json\/wp\/v2\/pages\/90\/revisions"}],"predecessor-version":[{"id":197,"href":"https:\/\/blogsaverroes.juntadeandalucia.es\/robotimaticas\/wp-json\/wp\/v2\/pages\/90\/revisions\/197"}],"wp:attachment":[{"href":"https:\/\/blogsaverroes.juntadeandalucia.es\/robotimaticas\/wp-json\/wp\/v2\/media?parent=90"}],"curies":[{"name":"wp","href":"https:\/\/api.w.org\/{rel}","templated":true}]}}