{"id":17,"date":"2020-09-13T12:01:45","date_gmt":"2020-09-13T10:01:45","guid":{"rendered":"https:\/\/blogsaverroes.juntadeandalucia.es\/rociof\/contact-us\/"},"modified":"2022-05-28T20:41:25","modified_gmt":"2022-05-28T18:41:25","slug":"contact-us","status":"publish","type":"page","link":"https:\/\/blogsaverroes.juntadeandalucia.es\/rociof\/contact-us\/","title":{"rendered":"Contacto"},"content":{"rendered":"<p><span style=\"font-family: 'courier new', courier, monospace\">Si quiere ponerse en contacto, env\u00ede un correo a la siguiente direcci\u00f3n:<\/span><\/p>\n<p style=\"text-align: center\"><span style=\"font-family: 'courier new', courier, monospace\">&nbsp;mfuerom648@g.educaand.es<\/span><\/p>\n<p>&nbsp;<\/p>\n<p style=\"text-align: left\"><span style=\"font-family: 'courier new', courier, monospace\">Un saludo.<\/span><\/p>\n<p style=\"text-align: left\"><span style=\"font-family: 'courier new', courier, monospace\">Roc\u00edo Fuentes.<\/span><\/p>\n","protected":false},"excerpt":{"rendered":"<p>Si quiere ponerse en contacto, env\u00ede un correo a la siguiente direcci\u00f3n: &nbsp;mfuerom648@g.educaand.es &nbsp; Un saludo. Roc\u00edo Fuentes.<\/p>\n","protected":false},"author":1,"featured_media":0,"parent":0,"menu_order":0,"comment_status":"closed","ping_status":"closed","template":"","meta":{"ngg_post_thumbnail":0,"footnotes":""},"aioseo_notices":[],"_links":{"self":[{"href":"https:\/\/blogsaverroes.juntadeandalucia.es\/rociof\/wp-json\/wp\/v2\/pages\/17"}],"collection":[{"href":"https:\/\/blogsaverroes.juntadeandalucia.es\/rociof\/wp-json\/wp\/v2\/pages"}],"about":[{"href":"https:\/\/blogsaverroes.juntadeandalucia.es\/rociof\/wp-json\/wp\/v2\/types\/page"}],"author":[{"embeddable":true,"href":"https:\/\/blogsaverroes.juntadeandalucia.es\/rociof\/wp-json\/wp\/v2\/users\/1"}],"replies":[{"embeddable":true,"href":"https:\/\/blogsaverroes.juntadeandalucia.es\/rociof\/wp-json\/wp\/v2\/comments?post=17"}],"version-history":[{"count":2,"href":"https:\/\/blogsaverroes.juntadeandalucia.es\/rociof\/wp-json\/wp\/v2\/pages\/17\/revisions"}],"predecessor-version":[{"id":361,"href":"https:\/\/blogsaverroes.juntadeandalucia.es\/rociof\/wp-json\/wp\/v2\/pages\/17\/revisions\/361"}],"wp:attachment":[{"href":"https:\/\/blogsaverroes.juntadeandalucia.es\/rociof\/wp-json\/wp\/v2\/media?parent=17"}],"curies":[{"name":"wp","href":"https:\/\/api.w.org\/{rel}","templated":true}]}}