{"id":635,"date":"2025-10-25T20:40:09","date_gmt":"2025-10-25T18:40:09","guid":{"rendered":"https:\/\/blogsaverroes.juntadeandalucia.es\/rociof\/?page_id=635"},"modified":"2025-10-25T21:17:09","modified_gmt":"2025-10-25T19:17:09","slug":"tutoriales","status":"publish","type":"page","link":"https:\/\/blogsaverroes.juntadeandalucia.es\/rociof\/tutoriales\/","title":{"rendered":"TUTORIALES"},"content":{"rendered":"<p style=\"text-align: center\"><span style=\"font-size: 36pt;font-family: andale mono, monospace\"><strong>ORDEN EN LAS OPERACIONES COMBINADAS<\/strong><\/span><\/p>\n<p><iframe loading=\"lazy\" title=\"Orden de las operaciones [MUY F\u00c1CIL]\" width=\"500\" height=\"281\" src=\"https:\/\/www.youtube.com\/embed\/rKGf-_XI6NI?feature=oembed&#038;wmode=opaque\" frameborder=\"0\" allow=\"accelerometer; autoplay; clipboard-write; encrypted-media; gyroscope; picture-in-picture; web-share\" referrerpolicy=\"strict-origin-when-cross-origin\" allowfullscreen><\/iframe><\/p>\n<p style=\"text-align: center\"><span style=\"font-size: 36pt;font-family: andale mono, monospace\">SUMA Y RESTA CON DECIMALES<\/span><\/p>\n<p>PINCHA EN ESTE ENLACE PARA SABER M\u00c1S: <a href=\"https:\/\/www.smartick.es\/blog\/matematicas\/decimales\/operaciones-con-decimales-la-suma-y-la-resta\/\">https:\/\/www.smartick.es\/blog\/matematicas\/decimales\/operaciones-con-decimales-la-suma-y-la-resta\/<\/a><\/p>\n<p><iframe loading=\"lazy\" title=\"Suma y resta de n\u00fameros decimales [MUY F\u00c1CIL]\" width=\"500\" height=\"281\" src=\"https:\/\/www.youtube.com\/embed\/-VsrrIy4NeM?feature=oembed&#038;wmode=opaque\" frameborder=\"0\" allow=\"accelerometer; autoplay; clipboard-write; encrypted-media; gyroscope; picture-in-picture; web-share\" referrerpolicy=\"strict-origin-when-cross-origin\" allowfullscreen><\/iframe><\/p>\n<p style=\"text-align: center\"><span style=\"font-size: 36pt;font-family: andale mono, monospace\">DIVISI\u00d3N CON DECIMALES:<\/span><\/p>\n<p><a title=\"DIVISI\u00d3N DECIMALES\" href=\"https:\/\/www.smartick.es\/blog\/matematicas\/decimales\/como-resolver-un-ejercicio-de-division-de-decimales\/\">PINCHA EN ESTE ENLACE PARA SABER M\u00c1S: https:\/\/www.smartick.es\/blog\/matematicas\/decimales\/como-resolver-un-ejercicio-de-division-de-decimales\/<\/a><\/p>\n<p><iframe loading=\"lazy\" title=\"Divisi\u00f3n con resultado decimal [MUY F\u00c1CIL PARA NI\u00d1OS]\" width=\"500\" height=\"281\" src=\"https:\/\/www.youtube.com\/embed\/MOhmM_ajoyM?feature=oembed&#038;wmode=opaque\" frameborder=\"0\" allow=\"accelerometer; autoplay; clipboard-write; encrypted-media; gyroscope; picture-in-picture; web-share\" referrerpolicy=\"strict-origin-when-cross-origin\" allowfullscreen><\/iframe><\/p>\n","protected":false},"excerpt":{"rendered":"<p>ORDEN EN LAS OPERACIONES COMBINADAS SUMA Y RESTA CON DECIMALES PINCHA EN ESTE ENLACE PARA SABER M\u00c1S: https:\/\/www.smartick.es\/blog\/matematicas\/decimales\/operaciones-con-decimales-la-suma-y-la-resta\/ DIVISI\u00d3N CON DECIMALES: PINCHA EN ESTE ENLACE PARA SABER M\u00c1S: https:\/\/www.smartick.es\/blog\/matematicas\/decimales\/como-resolver-un-ejercicio-de-division-de-decimales\/<\/p>\n","protected":false},"author":7890,"featured_media":0,"parent":0,"menu_order":0,"comment_status":"closed","ping_status":"closed","template":"","meta":{"ngg_post_thumbnail":0,"footnotes":""},"aioseo_notices":[],"_links":{"self":[{"href":"https:\/\/blogsaverroes.juntadeandalucia.es\/rociof\/wp-json\/wp\/v2\/pages\/635"}],"collection":[{"href":"https:\/\/blogsaverroes.juntadeandalucia.es\/rociof\/wp-json\/wp\/v2\/pages"}],"about":[{"href":"https:\/\/blogsaverroes.juntadeandalucia.es\/rociof\/wp-json\/wp\/v2\/types\/page"}],"author":[{"embeddable":true,"href":"https:\/\/blogsaverroes.juntadeandalucia.es\/rociof\/wp-json\/wp\/v2\/users\/7890"}],"replies":[{"embeddable":true,"href":"https:\/\/blogsaverroes.juntadeandalucia.es\/rociof\/wp-json\/wp\/v2\/comments?post=635"}],"version-history":[{"count":7,"href":"https:\/\/blogsaverroes.juntadeandalucia.es\/rociof\/wp-json\/wp\/v2\/pages\/635\/revisions"}],"predecessor-version":[{"id":645,"href":"https:\/\/blogsaverroes.juntadeandalucia.es\/rociof\/wp-json\/wp\/v2\/pages\/635\/revisions\/645"}],"wp:attachment":[{"href":"https:\/\/blogsaverroes.juntadeandalucia.es\/rociof\/wp-json\/wp\/v2\/media?parent=635"}],"curies":[{"name":"wp","href":"https:\/\/api.w.org\/{rel}","templated":true}]}}