{"id":805,"date":"2026-01-06T19:15:32","date_gmt":"2026-01-06T18:15:32","guid":{"rendered":"https:\/\/blogsaverroes.juntadeandalucia.es\/rociof\/?page_id=805"},"modified":"2026-01-06T19:18:38","modified_gmt":"2026-01-06T18:18:38","slug":"rutinas","status":"publish","type":"page","link":"https:\/\/blogsaverroes.juntadeandalucia.es\/rociof\/recursos\/rutinas\/","title":{"rendered":"RUTINAS"},"content":{"rendered":"<table class=\"alignleft\" border=\"1\" cellpadding=\"1\">\n<tbody>\n<tr>\n<td><strong>RUTINAS MATEM\u00c1TICAS<\/strong><\/p>\n<ul>\n<li>VISUAL_ NOTICE AND WONDER: LUNES<\/li>\n<li><a href=\"https:\/\/estimation180.com\/day-1\/#\">ESTIMACI\u00d3N 180_MARTES<\/a><\/li>\n<li><a href=\"https:\/\/drive.google.com\/drive\/folders\/1kFgpxVI-_Y8ycVnL9tOVe7K1MXBvKoVi?usp=sharing\">ESTIMYSTERY_ MI\u00c9RCOLES<\/a><\/li>\n<li><strong>EL QUINZET: JUEVES Y VIERNES<\/strong><\/li>\n<li><a href=\"https:\/\/drive.google.com\/drive\/folders\/18UsoyevwcWphM33IftOGmCZWt1ydca2y?usp=drive_link\">\u00bfCU\u00c1NTOS CUBOS?_ JUEVES<\/a><\/li>\n<li><a href=\"https:\/\/drive.google.com\/drive\/folders\/1A8GyovEyEG_OFtYDYsTXbJZ4ofrsx240?usp=drive_link\">ESTIMACI\u00d3N_VIERNES<\/a><\/li>\n<\/ul>\n<\/td>\n<td><strong>RUTINAS COMPETENCIALES INTERDISCIPLINARES<\/strong><\/p>\n<ul>\n<li><a href=\"https:\/\/drive.google.com\/drive\/folders\/19jdHAl2mTRqUO3Nrb1mGo8nIx6vwtecR?usp=drive_link\" target=\"_blank\" rel=\"noopener\">AUDICIONES<\/a><\/li>\n<li>AN\u00c1LISIS DIARIO DE TIEMPO ATMOSF\u00c9RICO: GR\u00c1FICAS DE DATOS DE AEMET&nbsp; (en nuestro FERRARI)<\/li>\n<\/ul>\n<\/td>\n<\/tr>\n<\/tbody>\n<\/table>\n<p>&nbsp;<\/p>\n<p>&nbsp;<\/p>\n<p>&nbsp;<\/p>\n<p>&nbsp;<\/p>\n<p>&nbsp;<\/p>\n<p>&nbsp;<\/p>\n<p><a href=\"https:\/\/blogsaverroes.juntadeandalucia.es\/rociof\/files\/2024\/12\/La-maravillosa-historia-de-los-numeros.pdf\">VALORES: La maravillosa historia de los n\u00fameros<\/a><\/p>\n<p><a href=\"https:\/\/docs.google.com\/document\/d\/1gg3nvZaSmbB6H1I5F1g4Y5LSFDyLg6kobPS4rR3pp-I\/edit?tab=t.0#heading=h.psut7bpfvyt\">VALORES: Trabajo sistem\u00e1tico de valores con an\u00e9cdotas de cient\u00edficos y moraleja<\/a><\/p>\n<p>RUTINAS: <a href=\"https:\/\/drive.google.com\/file\/d\/1ATk6FsmH6zEJBn1mzd-qIt5haZIEamP8\/view?usp=sharing\">QUINZET<\/a><\/p>\n<p><a href=\"https:\/\/drive.google.com\/file\/d\/1dpr8Unax00xAza3IM2k3UuoyYxxckhNp\/view?usp=drive_link\">AUTOMATIZACI\u00d3N DEL C\u00c1LCULO.<\/a><\/p>\n<p><a href=\"https:\/\/drive.google.com\/file\/d\/1UoHOIfpEoJ9ydjYuOwo0cxJeAKlZV3f6\/view?usp=sharing\">NIVEL 1<\/a><\/p>\n<p><a href=\"https:\/\/drive.google.com\/file\/d\/1Xf-gzqzXCZAuTbjF9kzSjY2RH1rleTcH\/view?usp=sharing\">NIVEL 2<\/a><\/p>\n<p><a href=\"https:\/\/drive.google.com\/file\/d\/18fL5L3dFkhS8nqxYQBsFLOJ-r2cC598H\/view?usp=drivesdk\">Nivel 3<\/a><\/p>\n<p><a href=\"https:\/\/drive.google.com\/file\/d\/1XxCur6QN5thGdXZZ701f4Ajz4AHfx7S2\/view?usp=drivesdk\">Nivel 4<\/a><\/p>\n<p><strong>SESI\u00d3N 1: <a href=\"https:\/\/drive.google.com\/file\/d\/1R2rW7loza4Y6c4wVnkhbaaAK7jOspgem\/view?usp=sharing\">CONOCEMOS<\/a> Y TRANSFORMAMOS LOS N\u00daMEROS.&nbsp;<\/strong><\/p>\n<ol>\n<li style=\"list-style-type: none\">\n<ol>\n<li><a href=\"https:\/\/drive.google.com\/file\/d\/1Hx56OtmTnmspzRkr-qMYwYK2ZI1EXV64\/view?usp=sharing\">Historia matem\u00e1tica: los n\u00fameros en la Historia (fotocopia)<\/a><\/li>\n<\/ol>\n<\/li>\n<\/ol>\n","protected":false},"excerpt":{"rendered":"<p>RUTINAS MATEM\u00c1TICAS VISUAL_ NOTICE AND WONDER: LUNES ESTIMACI\u00d3N 180_MARTES ESTIMYSTERY_ MI\u00c9RCOLES EL QUINZET: JUEVES Y VIERNES \u00bfCU\u00c1NTOS CUBOS?_ JUEVES ESTIMACI\u00d3N_VIERNES RUTINAS COMPETENCIALES INTERDISCIPLINARES AUDICIONES AN\u00c1LISIS DIARIO DE TIEMPO ATMOSF\u00c9RICO: GR\u00c1FICAS DE DATOS DE AEMET&nbsp; (en nuestro FERRARI) &nbsp; &nbsp; &nbsp;&#46;&#46;&#46;<\/p>\n","protected":false},"author":7890,"featured_media":0,"parent":415,"menu_order":0,"comment_status":"closed","ping_status":"closed","template":"","meta":{"ngg_post_thumbnail":0,"footnotes":""},"aioseo_notices":[],"_links":{"self":[{"href":"https:\/\/blogsaverroes.juntadeandalucia.es\/rociof\/wp-json\/wp\/v2\/pages\/805"}],"collection":[{"href":"https:\/\/blogsaverroes.juntadeandalucia.es\/rociof\/wp-json\/wp\/v2\/pages"}],"about":[{"href":"https:\/\/blogsaverroes.juntadeandalucia.es\/rociof\/wp-json\/wp\/v2\/types\/page"}],"author":[{"embeddable":true,"href":"https:\/\/blogsaverroes.juntadeandalucia.es\/rociof\/wp-json\/wp\/v2\/users\/7890"}],"replies":[{"embeddable":true,"href":"https:\/\/blogsaverroes.juntadeandalucia.es\/rociof\/wp-json\/wp\/v2\/comments?post=805"}],"version-history":[{"count":3,"href":"https:\/\/blogsaverroes.juntadeandalucia.es\/rociof\/wp-json\/wp\/v2\/pages\/805\/revisions"}],"predecessor-version":[{"id":808,"href":"https:\/\/blogsaverroes.juntadeandalucia.es\/rociof\/wp-json\/wp\/v2\/pages\/805\/revisions\/808"}],"up":[{"embeddable":true,"href":"https:\/\/blogsaverroes.juntadeandalucia.es\/rociof\/wp-json\/wp\/v2\/pages\/415"}],"wp:attachment":[{"href":"https:\/\/blogsaverroes.juntadeandalucia.es\/rociof\/wp-json\/wp\/v2\/media?parent=805"}],"curies":[{"name":"wp","href":"https:\/\/api.w.org\/{rel}","templated":true}]}}