{"id":2,"date":"2016-10-14T17:28:07","date_gmt":"2016-10-14T15:28:07","guid":{"rendered":"http:\/\/blogsaverroes.juntadeandalucia.es\/romero\/?page_id=2"},"modified":"2025-10-01T14:21:06","modified_gmt":"2025-10-01T12:21:06","slug":"pagina-ejemplo","status":"publish","type":"page","link":"https:\/\/blogsaverroes.juntadeandalucia.es\/romero\/","title":{"rendered":"The Teacher&#8217;s Web"},"content":{"rendered":"<p style=\"text-align: justify\">Despu\u00e9s de trabajar 35 a\u00f1os como profesor de ingl\u00e9s para estudiantes en ESO y Bachillerato que ha gustado de usar las TICs en mi quehacer profesional, he pensado mantener esta p\u00e1gina personal que us\u00e9 durante muchos a\u00f1os con mis alumnos.<\/p>\n<p style=\"text-align: justify\">Aqu\u00ed pod\u00e9is encontrar enlaces a sitios web de utilidad para mejorar vuestras destrezas en el aprendizaje del ingl\u00e9s como lengua extranjera. Tambi\u00e9n ten\u00e9is materiales preparados espec\u00edficamente para mi alumnado e ir\u00e9 abriendo caminos que reflejen los senderos de la vida que recorro en los campos de la m\u00fasica, otros idiomas, actividades deportivas, viajes y otras realidades que vivimos en el d\u00eda a d\u00eda. No pretendo m\u00e1s que mantener \u00abuma janela\u00bb que mire al exterior a la que el mundo se pueda asomar.<\/p>\n<p>Jos\u00e9 Antonio Romero Tena (Titxer)<\/p>\n<p><a href=\"https:\/\/blogsaverroes.juntadeandalucia.es\/romero\/files\/2016\/10\/ict-english.png\"><img loading=\"lazy\" decoding=\"async\" class=\"aligncenter wp-image-225 size-full\" src=\"https:\/\/blogsaverroes.juntadeandalucia.es\/romero\/files\/2016\/10\/ict-english.png\" alt=\"\" width=\"900\" height=\"526\" srcset=\"https:\/\/blogsaverroes.juntadeandalucia.es\/romero\/files\/2016\/10\/ict-english.png 900w, https:\/\/blogsaverroes.juntadeandalucia.es\/romero\/files\/2016\/10\/ict-english-300x175.png 300w\" sizes=\"(max-width: 900px) 100vw, 900px\" \/><\/a><\/p>\n<p>&nbsp;<\/p>\n","protected":false},"excerpt":{"rendered":"<p>Despu\u00e9s de trabajar 35 a\u00f1os como profesor de ingl\u00e9s para estudiantes en ESO y Bachillerato que ha gustado de usar las TICs en mi quehacer profesional, he pensado mantener esta p\u00e1gina personal que us\u00e9 durante muchos a\u00f1os con mis alumnos. Aqu\u00ed pod\u00e9is encontrar enlaces a sitios web de utilidad para mejorar vuestras destrezas en el &hellip; <\/p>\n<p><a class=\"more-link btn\" href=\"https:\/\/blogsaverroes.juntadeandalucia.es\/romero\/\">Seguir leyendo<\/a><\/p>\n","protected":false},"author":2931,"featured_media":0,"parent":0,"menu_order":0,"comment_status":"closed","ping_status":"closed","template":"","meta":{"ngg_post_thumbnail":0,"footnotes":""},"aioseo_notices":[],"_links":{"self":[{"href":"https:\/\/blogsaverroes.juntadeandalucia.es\/romero\/wp-json\/wp\/v2\/pages\/2"}],"collection":[{"href":"https:\/\/blogsaverroes.juntadeandalucia.es\/romero\/wp-json\/wp\/v2\/pages"}],"about":[{"href":"https:\/\/blogsaverroes.juntadeandalucia.es\/romero\/wp-json\/wp\/v2\/types\/page"}],"author":[{"embeddable":true,"href":"https:\/\/blogsaverroes.juntadeandalucia.es\/romero\/wp-json\/wp\/v2\/users\/2931"}],"replies":[{"embeddable":true,"href":"https:\/\/blogsaverroes.juntadeandalucia.es\/romero\/wp-json\/wp\/v2\/comments?post=2"}],"version-history":[{"count":15,"href":"https:\/\/blogsaverroes.juntadeandalucia.es\/romero\/wp-json\/wp\/v2\/pages\/2\/revisions"}],"predecessor-version":[{"id":14,"href":"https:\/\/blogsaverroes.juntadeandalucia.es\/romero\/wp-json\/wp\/v2\/pages\/2\/revisions\/14"}],"wp:attachment":[{"href":"https:\/\/blogsaverroes.juntadeandalucia.es\/romero\/wp-json\/wp\/v2\/media?parent=2"}],"curies":[{"name":"wp","href":"https:\/\/api.w.org\/{rel}","templated":true}]}}