{"id":1087,"date":"2021-03-04T00:06:29","date_gmt":"2021-03-03T23:06:29","guid":{"rendered":"https:\/\/blogsaverroes.juntadeandalucia.es\/ruizdelperal\/?page_id=1087"},"modified":"2021-09-09T07:39:51","modified_gmt":"2021-09-09T06:39:51","slug":"saludo","status":"publish","type":"page","link":"https:\/\/blogsaverroes.juntadeandalucia.es\/ruizdelperal\/saludo\/","title":{"rendered":"Saludo"},"content":{"rendered":"<h2 class=\"title\"><span style=\"font-family: arial, helvetica, sans-serif;font-size: 14pt;color: #000080\"><span style=\"font-size: 12pt\"> &nbsp;En nombre de toda la comunidad educativa quiero darles la bienvenida a esta nuestra nueva pagina web, que pretendemos sea punto de encuentro, espacio de comunicaci\u00f3n y enlace con las familias y el entorno.<\/span><\/span><\/h2>\n<div class=\"entry clearfix\">\n<p><span style=\"font-family: arial, helvetica, sans-serif;font-size: 12pt;color: #000080\">&nbsp;&nbsp;&nbsp;&nbsp;&nbsp;&nbsp;&nbsp;&nbsp; La incorporaci\u00f3n de las nuevas Tecnolog\u00edas de la Informaci\u00f3n y La Comunicaci\u00f3n a la pr\u00e1ctica educativa de nuestro centro contribuye sin duda a la consecuci\u00f3n del nuevo modelo de Centro Educativo que debemos ofertar a la sociedad actual.<\/span><\/p>\n<p><span style=\"font-family: arial, helvetica, sans-serif;font-size: 12pt;color: #000080\">&nbsp;&nbsp;&nbsp;&nbsp;&nbsp;&nbsp;&nbsp; Deseamos que en nuestra modesta p\u00e1gina <span style=\"color: #33cccc\"><a style=\"color: #33cccc\" href=\"https:\/\/blogsaverroes.juntadeandalucia.es\/ruizdelperal\/\" target=\"_blank\" rel=\"noopener noreferrer\"><strong>www.blogsaverroes.juntadeandalucia.es\/ruizdelperal\/<\/strong> <\/a><\/span>participe toda la Comunidad Educativa aportando iniciativas, proyectos y nuevas ideas para seguir consolidando un Centro donde se difundan y extiendan valores como la democracia, el respeto, la responsabilidad, el esfuerzo y la tolerancia.<\/span><\/p>\n<p><span style=\"font-family: arial, helvetica, sans-serif;font-size: 12pt;color: #000080\">&nbsp;&nbsp;&nbsp;&nbsp;&nbsp;&nbsp;&nbsp;&nbsp; En nuestra pretensi\u00f3n por conseguir un Centro de Calidad capaz de dar respuestas a las demandas socioeducativas que nuestro alumnado nos presenta y a los retos que nos plantea la situaci\u00f3n actual, este espacio com\u00fan ser\u00e1 sin duda un instrumento \u00fatil en la consecuci\u00f3n de nuestros objetivos, adem\u00e1s de un instrumento vivo donde plasmemos nuestros proyectos y actuaciones.<\/span><\/p>\n<p><span style=\"font-family: arial, helvetica, sans-serif;font-size: 12pt;color: #000080\">&nbsp;&nbsp;&nbsp;&nbsp;&nbsp;&nbsp;&nbsp;&nbsp;&nbsp; Abierta y deseosa de la participaci\u00f3n y colaboraci\u00f3n de toda la comunidad, os animo a que os un\u00e1is a este proyecto que de ahora en adelante se va a convertir en el escaparate en la red de nuestro centro.<\/span><\/p>\n<p><span style=\"font-family: arial, helvetica, sans-serif;font-size: 12pt;color: #000080\">&nbsp;&nbsp;&nbsp;&nbsp;&nbsp;&nbsp;&nbsp;&nbsp;&nbsp;&nbsp;&nbsp;&nbsp;&nbsp;&nbsp;&nbsp;&nbsp;&nbsp;&nbsp;&nbsp;<\/span><span style=\"font-family: arial, helvetica, sans-serif;font-size: 12pt;color: #000080\"> Un afectuoso saludo.<\/span><\/p>\n<p>&nbsp;<\/p>\n<\/div>\n","protected":false},"excerpt":{"rendered":"<p>&nbsp;En nombre de toda la comunidad educativa quiero darles la bienvenida a esta nuestra nueva pagina web, que pretendemos sea punto de encuentro, espacio de comunicaci\u00f3n y enlace con las familias y el entorno. &nbsp;&nbsp;&nbsp;&nbsp;&nbsp;&nbsp;&nbsp;&nbsp; La incorporaci\u00f3n de las nuevas Tecnolog\u00edas de la Informaci\u00f3n y La Comunicaci\u00f3n a la pr\u00e1ctica educativa de nuestro centro contribuye [&hellip;]<\/p>\n","protected":false},"author":10196,"featured_media":0,"parent":0,"menu_order":0,"comment_status":"closed","ping_status":"closed","template":"","meta":{"_et_pb_use_builder":"","_et_pb_old_content":"","_et_gb_content_width":"","ngg_post_thumbnail":0,"footnotes":""},"aioseo_notices":[],"_links":{"self":[{"href":"https:\/\/blogsaverroes.juntadeandalucia.es\/ruizdelperal\/wp-json\/wp\/v2\/pages\/1087"}],"collection":[{"href":"https:\/\/blogsaverroes.juntadeandalucia.es\/ruizdelperal\/wp-json\/wp\/v2\/pages"}],"about":[{"href":"https:\/\/blogsaverroes.juntadeandalucia.es\/ruizdelperal\/wp-json\/wp\/v2\/types\/page"}],"author":[{"embeddable":true,"href":"https:\/\/blogsaverroes.juntadeandalucia.es\/ruizdelperal\/wp-json\/wp\/v2\/users\/10196"}],"replies":[{"embeddable":true,"href":"https:\/\/blogsaverroes.juntadeandalucia.es\/ruizdelperal\/wp-json\/wp\/v2\/comments?post=1087"}],"version-history":[{"count":11,"href":"https:\/\/blogsaverroes.juntadeandalucia.es\/ruizdelperal\/wp-json\/wp\/v2\/pages\/1087\/revisions"}],"predecessor-version":[{"id":2752,"href":"https:\/\/blogsaverroes.juntadeandalucia.es\/ruizdelperal\/wp-json\/wp\/v2\/pages\/1087\/revisions\/2752"}],"wp:attachment":[{"href":"https:\/\/blogsaverroes.juntadeandalucia.es\/ruizdelperal\/wp-json\/wp\/v2\/media?parent=1087"}],"curies":[{"name":"wp","href":"https:\/\/api.w.org\/{rel}","templated":true}]}}