{"id":1091,"date":"2021-03-04T00:10:01","date_gmt":"2021-03-03T23:10:01","guid":{"rendered":"https:\/\/blogsaverroes.juntadeandalucia.es\/ruizdelperal\/?page_id=1091"},"modified":"2021-04-19T22:22:21","modified_gmt":"2021-04-19T21:22:21","slug":"descripcion-del-centro","status":"publish","type":"page","link":"https:\/\/blogsaverroes.juntadeandalucia.es\/ruizdelperal\/descripcion-del-centro\/","title":{"rendered":"Descripci\u00f3n del centro"},"content":{"rendered":"<p><span style=\"font-family: arial, helvetica, sans-serif;font-size: 12pt;color: #000080\">Nuestro colegio est\u00e1 ubicado en la localidad de&nbsp;<a style=\"color: #000080\" title=\"Guadix\" href=\"http:\/\/www.guadixymarquesado.com\/www9\/index13marco.htm\">Guadix,<\/a>&nbsp;provincia de Granada.<\/span><\/p>\n<p><span style=\"font-family: arial, helvetica, sans-serif;font-size: 12pt;color: #000080\"><strong>El C.E.I.P. \u201cRUIZ DEL PERAL\u201d<\/strong>, con C\u00f3digo de Identificaci\u00f3n 18004768.&nbsp;<strong>Es un&nbsp;<\/strong><strong>COLEGIO P\u00daBLICO BILING\u00dcE-INGL\u00c9S perteneciente a la red de centros de la Consejer\u00eda de Educaci\u00f3n de la Junta de <\/strong><b>Andaluc\u00eda<\/b>,&nbsp; con una l\u00ednea de E. Infantil y una&nbsp; l\u00ednea de E. Primaria, adem\u00e1s cuenta con&nbsp; aula de Apoyo a la Integraci\u00f3n y Aula de Logopedia. Situado en C\/ Marbella, s\/n, en&nbsp; la barriada de Andaluc\u00eda, barrio perif\u00e9rico en el sector oeste de la ciudad de Guadix.<\/span><\/p>\n<p><span style=\"font-family: arial, helvetica, sans-serif;font-size: 12pt;color: #000080\">Inici\u00f3 su funcionamiento el curso 1980\/81 en otro edificio&nbsp; sito en la C\/ Esquina Ctra. de Paulenca (utilizado hasta el curso 2007\/08).&nbsp; El Ayun\u00adtamiento acord\u00f3 denominarlo con el nombre del c\u00e9lebre escultor Torcuato Ruiz del Peral. El curso 1989\/90 se amplia el mismo con otro edificio situado en el actual emplazamiento justo en el centro de la Barriada de Andaluc\u00eda.<\/span><\/p>\n<p><span style=\"font-family: arial, helvetica, sans-serif;font-size: 12pt;color: #000080\">Tras las ampliaciones realizadas en la Barriada de Andaluc\u00eda, todo el centro qued\u00f3 ubicado en un solo recinto vallado con dos edificios (uno de ellos el gimnasio) entre las calles Motril, Plaza Blas Infante, calle Almu\u00f1\u00e9car y calle Marbella. Tiene dos entradas: una en C\/ Marbella y otra en la Plaza Blas Infante (es la que utilizamos para entrada del&nbsp; alumnado).<\/span><\/p>\n","protected":false},"excerpt":{"rendered":"<p>Nuestro colegio est\u00e1 ubicado en la localidad de&nbsp;Guadix,&nbsp;provincia de Granada. El C.E.I.P. \u201cRUIZ DEL PERAL\u201d, con C\u00f3digo de Identificaci\u00f3n 18004768.&nbsp;Es un&nbsp;COLEGIO P\u00daBLICO BILING\u00dcE-INGL\u00c9S perteneciente a la red de centros de la Consejer\u00eda de Educaci\u00f3n de la Junta de Andaluc\u00eda,&nbsp; con una l\u00ednea de E. Infantil y una&nbsp; l\u00ednea de E. Primaria, adem\u00e1s cuenta con&nbsp; aula [&hellip;]<\/p>\n","protected":false},"author":10196,"featured_media":0,"parent":0,"menu_order":0,"comment_status":"closed","ping_status":"closed","template":"","meta":{"_et_pb_use_builder":"","_et_pb_old_content":"","_et_gb_content_width":"","ngg_post_thumbnail":0,"footnotes":""},"aioseo_notices":[],"_links":{"self":[{"href":"https:\/\/blogsaverroes.juntadeandalucia.es\/ruizdelperal\/wp-json\/wp\/v2\/pages\/1091"}],"collection":[{"href":"https:\/\/blogsaverroes.juntadeandalucia.es\/ruizdelperal\/wp-json\/wp\/v2\/pages"}],"about":[{"href":"https:\/\/blogsaverroes.juntadeandalucia.es\/ruizdelperal\/wp-json\/wp\/v2\/types\/page"}],"author":[{"embeddable":true,"href":"https:\/\/blogsaverroes.juntadeandalucia.es\/ruizdelperal\/wp-json\/wp\/v2\/users\/10196"}],"replies":[{"embeddable":true,"href":"https:\/\/blogsaverroes.juntadeandalucia.es\/ruizdelperal\/wp-json\/wp\/v2\/comments?post=1091"}],"version-history":[{"count":3,"href":"https:\/\/blogsaverroes.juntadeandalucia.es\/ruizdelperal\/wp-json\/wp\/v2\/pages\/1091\/revisions"}],"predecessor-version":[{"id":2056,"href":"https:\/\/blogsaverroes.juntadeandalucia.es\/ruizdelperal\/wp-json\/wp\/v2\/pages\/1091\/revisions\/2056"}],"wp:attachment":[{"href":"https:\/\/blogsaverroes.juntadeandalucia.es\/ruizdelperal\/wp-json\/wp\/v2\/media?parent=1091"}],"curies":[{"name":"wp","href":"https:\/\/api.w.org\/{rel}","templated":true}]}}