{"id":1133,"date":"2021-03-10T16:13:59","date_gmt":"2021-03-10T15:13:59","guid":{"rendered":"https:\/\/blogsaverroes.juntadeandalucia.es\/ruizdelperal\/?page_id=1133"},"modified":"2022-03-10T10:04:49","modified_gmt":"2022-03-10T09:04:49","slug":"1133-2","status":"publish","type":"page","link":"https:\/\/blogsaverroes.juntadeandalucia.es\/ruizdelperal\/1133-2\/","title":{"rendered":"Consejo escolar"},"content":{"rendered":"<h2 class=\"title\">&nbsp;<\/h2>\n<div class=\"entry clearfix\">\n<p><img fetchpriority=\"high\" fetchpriority=\"high\" decoding=\"async\" class=\"\" src=\"https:\/\/coleenriquealonso.files.wordpress.com\/2012\/11\/consejo-escolar1.gif\" alt=\"\" width=\"288\" height=\"281\"><\/p>\n<p>&nbsp;<\/p>\n<p><span style=\"color: #000080\"><strong>EL CONSEJO ESCOLAR DE NUESTRO CENTRO ESTA FORMADO POR<\/strong>:<\/span><\/p>\n<p><span style=\"color: #000080\">&nbsp; M\u00aa ISABEL S\u00c1NCHEZ SERRANO &nbsp; &nbsp; &nbsp; &nbsp; &nbsp;Directora<\/span><\/p>\n<p><span style=\"color: #000080\">NATIVIDAD L\u00d3PEZ P\u00c9REZ&nbsp; &nbsp; &nbsp; &nbsp; &nbsp; &nbsp; &nbsp; &nbsp; &nbsp; &nbsp; Jefa de estudios<\/span><\/p>\n<p><span style=\"color: #000080\">M\u00aa JES\u00daS RUIZ&nbsp; &nbsp; ALONSO&nbsp; &nbsp; &nbsp; &nbsp; &nbsp; &nbsp; &nbsp; &nbsp; &nbsp; &nbsp; &nbsp;Secretaria<\/span><\/p>\n<p>&nbsp;<\/p>\n<p><span style=\"color: #000080\"><strong>REPRESENTANTES DE MADRES, PADRES O TUTORES:<\/strong><\/span><\/p>\n<p><span style=\"color: #000080\">TO\u00d1I ART\u00c9S<\/span><\/p>\n<p><span style=\"color: #003366\">PILAR GONZ\u00c1LEZ<\/span><\/p>\n<p><span style=\"color: #000080\">MARISA MONTALB\u00c1N<\/span><\/p>\n<p><span style=\"color: #000080\">DIANA MOYA <\/span><\/p>\n<p><span style=\"color: #000080\">ROSA ORTIZ<\/span><\/p>\n<p><span style=\"color: #000080\">VER\u00d3NICA VARGAS&nbsp; (AMPA)<\/span><\/p>\n<p><span style=\"color: #000080\">PATRICIA VERA<\/span><\/p>\n<p>&nbsp;<\/p>\n<p><span style=\"color: #000080\"><strong>REPRESENTANTES PROFESORADO<\/strong><\/span><\/p>\n<p><span style=\"color: #000080\">M\u00aa DE LA O CAMPOY<\/span><\/p>\n<p><span style=\"color: #000080\">AMPARO L\u00d3PEZ<\/span><\/p>\n<p><span style=\"color: #000080\">NATIVIDAD&nbsp; L\u00d3PEZ<\/span><\/p>\n<p><span style=\"color: #000080\">EVA&nbsp; M. ORTEGA<\/span><\/p>\n<p><span style=\"color: #000080\">ALMUDENA&nbsp; P. OTERO<\/span><\/p>\n<p><span style=\"color: #000080\">ROSARIO MIRANDA<\/span><\/p>\n<p><span style=\"color: #000080\">ASUNCI\u00d3N ROMACHO<\/span><\/p>\n<p>&nbsp;<\/p>\n<p><span style=\"color: #000080\"><strong>REPRESENTANTE MUNICIPAL<\/strong><\/span><\/p>\n<p><span style=\"color: #000080\">INMACULADA OLEA<\/span><\/p>\n<p><span style=\"color: #000080\"><strong>LA REPRESENTANTE DE COEDUCACI\u00d3N SER\u00c1:<\/strong><\/span><\/p>\n<p><span style=\"color: #000080\">ALMUDENA P. OTERO<\/span><\/p>\n<\/div>\n","protected":false},"excerpt":{"rendered":"<p>&nbsp; &nbsp; EL CONSEJO ESCOLAR DE NUESTRO CENTRO ESTA FORMADO POR: &nbsp; M\u00aa ISABEL S\u00c1NCHEZ SERRANO &nbsp; &nbsp; &nbsp; &nbsp; &nbsp;Directora NATIVIDAD L\u00d3PEZ P\u00c9REZ&nbsp; &nbsp; &nbsp; &nbsp; &nbsp; &nbsp; &nbsp; &nbsp; &nbsp; &nbsp; Jefa de estudios M\u00aa JES\u00daS RUIZ&nbsp; &nbsp; ALONSO&nbsp; &nbsp; &nbsp; &nbsp; &nbsp; &nbsp; &nbsp; &nbsp; &nbsp; &nbsp; &nbsp;Secretaria &nbsp; REPRESENTANTES DE MADRES, [&hellip;]<\/p>\n","protected":false},"author":10196,"featured_media":0,"parent":0,"menu_order":0,"comment_status":"closed","ping_status":"closed","template":"","meta":{"_et_pb_use_builder":"","_et_pb_old_content":"","_et_gb_content_width":"","ngg_post_thumbnail":0,"footnotes":""},"aioseo_notices":[],"_links":{"self":[{"href":"https:\/\/blogsaverroes.juntadeandalucia.es\/ruizdelperal\/wp-json\/wp\/v2\/pages\/1133"}],"collection":[{"href":"https:\/\/blogsaverroes.juntadeandalucia.es\/ruizdelperal\/wp-json\/wp\/v2\/pages"}],"about":[{"href":"https:\/\/blogsaverroes.juntadeandalucia.es\/ruizdelperal\/wp-json\/wp\/v2\/types\/page"}],"author":[{"embeddable":true,"href":"https:\/\/blogsaverroes.juntadeandalucia.es\/ruizdelperal\/wp-json\/wp\/v2\/users\/10196"}],"replies":[{"embeddable":true,"href":"https:\/\/blogsaverroes.juntadeandalucia.es\/ruizdelperal\/wp-json\/wp\/v2\/comments?post=1133"}],"version-history":[{"count":7,"href":"https:\/\/blogsaverroes.juntadeandalucia.es\/ruizdelperal\/wp-json\/wp\/v2\/pages\/1133\/revisions"}],"predecessor-version":[{"id":3019,"href":"https:\/\/blogsaverroes.juntadeandalucia.es\/ruizdelperal\/wp-json\/wp\/v2\/pages\/1133\/revisions\/3019"}],"wp:attachment":[{"href":"https:\/\/blogsaverroes.juntadeandalucia.es\/ruizdelperal\/wp-json\/wp\/v2\/media?parent=1133"}],"curies":[{"name":"wp","href":"https:\/\/api.w.org\/{rel}","templated":true}]}}