{"id":1138,"date":"2021-03-10T16:22:12","date_gmt":"2021-03-10T15:22:12","guid":{"rendered":"https:\/\/blogsaverroes.juntadeandalucia.es\/ruizdelperal\/?page_id=1138"},"modified":"2022-10-14T10:51:11","modified_gmt":"2022-10-14T09:51:11","slug":"claustro","status":"publish","type":"page","link":"https:\/\/blogsaverroes.juntadeandalucia.es\/ruizdelperal\/claustro\/","title":{"rendered":"Claustro"},"content":{"rendered":"<p><span style=\"font-size: 12pt;color: #3366ff\"><strong>CURSO 2021\/22<\/strong><\/span><\/p>\n<p><span style=\"color: #3366ff\"><strong>Educaci\u00f3n Infantil:<\/strong><\/span><\/p>\n<ul>\n<li>Eva Bel\u00e9n Ortega. (Tutora de Inf. 3 a\u00f1os)<\/li>\n<li>Pilar Moreno. (Tutora Infantil 4 a\u00f1os)<\/li>\n<li>M\u00aa Asunci\u00f3n Romacho. (Tutora de Inf. 5 a\u00f1os)&nbsp;<\/li>\n<\/ul>\n<p><span style=\"color: #3366ff\"><strong>Educaci\u00f3n Primaria:<\/strong><\/span><\/p>\n<ul>\n<li>Rosario Miranda (tutora primero)<\/li>\n<li>Amparo L\u00f3pez (tutora segundo)<\/li>\n<li>&nbsp;Sara Beatriz Hidalgo (tutora tercero y franc\u00e9s)<\/li>\n<li>&nbsp;Noem\u00ed Pozo (tutora&nbsp; cuarto y educaci\u00f3n f\u00edsica)<\/li>\n<li>&nbsp;M\u00aa Jos\u00e9 Garc\u00eda (tutora quinto).<\/li>\n<li>Juan Carlos L\u00f3pez (tutor quinto y Educaci\u00f3n F\u00edsica)<\/li>\n<li>&nbsp;Ana Tejada (tutora sexto)<\/li>\n<\/ul>\n<p><span style=\"color: #3366ff\"><strong>Educaci\u00f3n Primaria-Biling\u00fce Ingl\u00e9s<\/strong><\/span><\/p>\n<ul>\n<li>Mariola Campoy.<\/li>\n<li>Amparo L\u00f3pez<\/li>\n<li>Ana Tejada<\/li>\n<\/ul>\n<p><span style=\"color: #3366ff\"><strong>Lengua Extranjera-Ingl\u00e9s (Primaria):<\/strong><\/span><\/p>\n<ul>\n<li>M\u00aa Rosario Hern\u00e1ndez.&nbsp;<\/li>\n<li>M\u00aa Isabel S\u00e1nchez.<\/li>\n<\/ul>\n<p><span style=\"color: #3366ff\"><strong>M\u00fasica (Primaria<\/strong>):<\/span><\/p>\n<ul>\n<li>Alicia&nbsp; Hisp\u00e1n y Natividad L\u00f3pez.(Jefa de estudios)<\/li>\n<\/ul>\n<p><span style=\"color: #3366ff\"><strong>Educac. F\u00edsica-Primaria<\/strong><\/span><\/p>\n<ul>\n<li>Noem\u00ed Pozo y Juan Carlos L\u00f3pez<\/li>\n<\/ul>\n<p><span style=\"color: #3366ff\"><strong>Lengua Extranjera-Franc\u00e9s (Primaria)<\/strong><\/span><\/p>\n<ul>\n<li>Sara Beatriz Hidalgo<\/li>\n<\/ul>\n<p><span style=\"color: #3366ff\"><strong>Audici\u00f3n y lenguaje:<\/strong><\/span><\/p>\n<ul>\n<li>M\u00aa Jes\u00fas Baena<\/li>\n<\/ul>\n<p><span style=\"color: #3366ff\"><strong>Pedagog\u00eda&nbsp;<\/strong><\/span><span style=\"color: #3366ff\"><b>Terap\u00e9utica<\/b><\/span><\/p>\n<ul>\n<li>&nbsp;M\u00aa Jes\u00fas Ruiz<\/li>\n<li>Matilde Mar\u00eda Ladr\u00f3n de Guevara (PROA + Transf\u00f3rmate)<\/li>\n<\/ul>\n<p><span style=\"color: #3366ff\"><strong>Maestro Religi\u00f3n:<\/strong><\/span><\/p>\n<ul>\n<li>\u00c1ngel Olivares<\/li>\n<\/ul>\n<p><span style=\"color: #3366ff\"><strong>Orientadora referente EOE:<\/strong><\/span><\/p>\n<ul>\n<li>Ana M\u00aa Cruz.<\/li>\n<li>Isabel Gallardo (Unidades de Acompa\u00f1amiento)<\/li>\n<\/ul>\n<p><span style=\"color: #3366ff\"><strong>Monitor escolar:<\/strong><\/span><\/p>\n<ul>\n<li>Francisco Jos\u00e9 Mayor.<\/li>\n<li>Isabel Cort\u00e9s.<\/li>\n<\/ul>\n","protected":false},"excerpt":{"rendered":"<p>CURSO 2021\/22 Educaci\u00f3n Infantil: Eva Bel\u00e9n Ortega. (Tutora de Inf. 3 a\u00f1os) Pilar Moreno. (Tutora Infantil 4 a\u00f1os) M\u00aa Asunci\u00f3n Romacho. (Tutora de Inf. 5 a\u00f1os)&nbsp; Educaci\u00f3n Primaria: Rosario Miranda (tutora primero) Amparo L\u00f3pez (tutora segundo) &nbsp;Sara Beatriz Hidalgo (tutora tercero y franc\u00e9s) &nbsp;Noem\u00ed Pozo (tutora&nbsp; cuarto y educaci\u00f3n f\u00edsica) &nbsp;M\u00aa Jos\u00e9 Garc\u00eda (tutora quinto). [&hellip;]<\/p>\n","protected":false},"author":10196,"featured_media":0,"parent":0,"menu_order":0,"comment_status":"closed","ping_status":"closed","template":"","meta":{"_et_pb_use_builder":"","_et_pb_old_content":"","_et_gb_content_width":"","ngg_post_thumbnail":0,"footnotes":""},"aioseo_notices":[],"_links":{"self":[{"href":"https:\/\/blogsaverroes.juntadeandalucia.es\/ruizdelperal\/wp-json\/wp\/v2\/pages\/1138"}],"collection":[{"href":"https:\/\/blogsaverroes.juntadeandalucia.es\/ruizdelperal\/wp-json\/wp\/v2\/pages"}],"about":[{"href":"https:\/\/blogsaverroes.juntadeandalucia.es\/ruizdelperal\/wp-json\/wp\/v2\/types\/page"}],"author":[{"embeddable":true,"href":"https:\/\/blogsaverroes.juntadeandalucia.es\/ruizdelperal\/wp-json\/wp\/v2\/users\/10196"}],"replies":[{"embeddable":true,"href":"https:\/\/blogsaverroes.juntadeandalucia.es\/ruizdelperal\/wp-json\/wp\/v2\/comments?post=1138"}],"version-history":[{"count":10,"href":"https:\/\/blogsaverroes.juntadeandalucia.es\/ruizdelperal\/wp-json\/wp\/v2\/pages\/1138\/revisions"}],"predecessor-version":[{"id":3324,"href":"https:\/\/blogsaverroes.juntadeandalucia.es\/ruizdelperal\/wp-json\/wp\/v2\/pages\/1138\/revisions\/3324"}],"wp:attachment":[{"href":"https:\/\/blogsaverroes.juntadeandalucia.es\/ruizdelperal\/wp-json\/wp\/v2\/media?parent=1138"}],"curies":[{"name":"wp","href":"https:\/\/api.w.org\/{rel}","templated":true}]}}