{"id":1150,"date":"2021-03-10T16:38:46","date_gmt":"2021-03-10T15:38:46","guid":{"rendered":"https:\/\/blogsaverroes.juntadeandalucia.es\/ruizdelperal\/?page_id=1150"},"modified":"2021-06-02T12:19:43","modified_gmt":"2021-06-02T11:19:43","slug":"plan-de-igualdad-de-genero-en-educacion","status":"publish","type":"page","link":"https:\/\/blogsaverroes.juntadeandalucia.es\/ruizdelperal\/plan-de-igualdad-de-genero-en-educacion\/","title":{"rendered":"Plan de igualdad de g\u00e9nero en educaci\u00f3n"},"content":{"rendered":"<p>&#8220;La igualdad de las mujeres debe ser un componente central en cualquier intento para resolver los problemas sociales, econ\u00f3micos y pol\u00edticos&#8221; (Kofi Annan, ex secretario de la ONU).<\/p>\n<p>Desde el Plan de Igualdad de g\u00e9nero en educaci\u00f3n el centro participa en la convocatoria de actuaciones para la prevenci\u00f3n de la violencia de g\u00e9nero, seg\u00fan la resoluci\u00f3n del 21 de septiembre de 2020 de la Direcci\u00f3n General de Atenci\u00f3n a la Diversidad, participaci\u00f3n y convivencia escolar.<\/p>\n<div>&nbsp;<\/div>\n","protected":false},"excerpt":{"rendered":"<p>&#8220;La igualdad de las mujeres debe ser un componente central en cualquier intento para resolver los problemas sociales, econ\u00f3micos y pol\u00edticos&#8221; (Kofi Annan, ex secretario de la ONU). Desde el Plan de Igualdad de g\u00e9nero en educaci\u00f3n el centro participa en la convocatoria de actuaciones para la prevenci\u00f3n de la violencia de g\u00e9nero, seg\u00fan la [&hellip;]<\/p>\n","protected":false},"author":10196,"featured_media":0,"parent":0,"menu_order":0,"comment_status":"closed","ping_status":"closed","template":"","meta":{"_et_pb_use_builder":"","_et_pb_old_content":"","_et_gb_content_width":"","ngg_post_thumbnail":0,"footnotes":""},"aioseo_notices":[],"_links":{"self":[{"href":"https:\/\/blogsaverroes.juntadeandalucia.es\/ruizdelperal\/wp-json\/wp\/v2\/pages\/1150"}],"collection":[{"href":"https:\/\/blogsaverroes.juntadeandalucia.es\/ruizdelperal\/wp-json\/wp\/v2\/pages"}],"about":[{"href":"https:\/\/blogsaverroes.juntadeandalucia.es\/ruizdelperal\/wp-json\/wp\/v2\/types\/page"}],"author":[{"embeddable":true,"href":"https:\/\/blogsaverroes.juntadeandalucia.es\/ruizdelperal\/wp-json\/wp\/v2\/users\/10196"}],"replies":[{"embeddable":true,"href":"https:\/\/blogsaverroes.juntadeandalucia.es\/ruizdelperal\/wp-json\/wp\/v2\/comments?post=1150"}],"version-history":[{"count":7,"href":"https:\/\/blogsaverroes.juntadeandalucia.es\/ruizdelperal\/wp-json\/wp\/v2\/pages\/1150\/revisions"}],"predecessor-version":[{"id":2563,"href":"https:\/\/blogsaverroes.juntadeandalucia.es\/ruizdelperal\/wp-json\/wp\/v2\/pages\/1150\/revisions\/2563"}],"wp:attachment":[{"href":"https:\/\/blogsaverroes.juntadeandalucia.es\/ruizdelperal\/wp-json\/wp\/v2\/media?parent=1150"}],"curies":[{"name":"wp","href":"https:\/\/api.w.org\/{rel}","templated":true}]}}