{"id":1154,"date":"2021-03-10T16:43:09","date_gmt":"2021-03-10T15:43:09","guid":{"rendered":"https:\/\/blogsaverroes.juntadeandalucia.es\/ruizdelperal\/?page_id=1154"},"modified":"2022-02-23T08:05:08","modified_gmt":"2022-02-23T07:05:08","slug":"plan-de-consumo-de-frutas","status":"publish","type":"page","link":"https:\/\/blogsaverroes.juntadeandalucia.es\/ruizdelperal\/plan-de-consumo-de-frutas\/","title":{"rendered":"Plan de consumo de frutas y leche"},"content":{"rendered":"<div>&nbsp;<\/div>\n<div>\n<h2 class=\"title\"><span style=\"font-size: 14pt\">Dentro del&nbsp;<strong>Programa&nbsp; para la Innovaci\u00f3n Educativa, H\u00e1bitos de Vida Saludable<\/strong>, en su modalidad Creciendo en Salud, en el que el centro est\u00e1 participando, tenemos entre otros planes el&nbsp;del&nbsp;<strong>Plan Escolar de Consumo de Leche y Otros Productos L\u00e1cteos<\/strong>&nbsp;, se basa en garantizar la ingesta de leche por el alumnado en el centro con la intenci\u00f3n de que normalicen y se habit\u00faen a su consumo.<\/span><\/h2>\n<p><img fetchpriority=\"high\" fetchpriority=\"high\" decoding=\"async\" class=\"aligncenter size-medium wp-image-2968\" src=\"https:\/\/blogsaverroes.juntadeandalucia.es\/ruizdelperal\/files\/2022\/02\/consumo-de-fruta-0-300x213.jpg\" alt=\"\" width=\"300\" height=\"213\"> <img decoding=\"async\" class=\"aligncenter size-medium wp-image-2970\" src=\"https:\/\/blogsaverroes.juntadeandalucia.es\/ruizdelperal\/files\/2022\/02\/consumo-de-fruta-2-300x213.jpg\" alt=\"\" width=\"300\" height=\"213\"> <img decoding=\"async\" class=\"aligncenter size-medium wp-image-2971\" src=\"https:\/\/blogsaverroes.juntadeandalucia.es\/ruizdelperal\/files\/2022\/02\/consumo-de-fruta-1-300x213.jpg\" alt=\"\" width=\"300\" height=\"213\"> <img loading=\"lazy\" loading=\"lazy\" decoding=\"async\" class=\"aligncenter size-medium wp-image-2972\" src=\"https:\/\/blogsaverroes.juntadeandalucia.es\/ruizdelperal\/files\/2022\/02\/consumo-fruta-4-217x300.jpg\" alt=\"\" width=\"217\" height=\"300\" srcset=\"https:\/\/blogsaverroes.juntadeandalucia.es\/ruizdelperal\/files\/2022\/02\/consumo-fruta-4-217x300.jpg 217w, https:\/\/blogsaverroes.juntadeandalucia.es\/ruizdelperal\/files\/2022\/02\/consumo-fruta-4.jpg 434w\" sizes=\"(max-width: 217px) 100vw, 217px\" \/> <img loading=\"lazy\" loading=\"lazy\" decoding=\"async\" class=\"aligncenter size-medium wp-image-2973\" src=\"https:\/\/blogsaverroes.juntadeandalucia.es\/ruizdelperal\/files\/2022\/02\/consumo-fruta-3-300x213.jpg\" alt=\"\" width=\"300\" height=\"213\"><\/p>\n<div class=\"entry clearfix\">\n<p><span style=\"font-size: 12pt\">Os adjuntaos algunas fotos de una de las entregas de leche recibida.<\/span><\/p>\n<p>&nbsp;<\/p>\n<\/div>\n<p><img loading=\"lazy\" loading=\"lazy\" decoding=\"async\" class=\" wp-image-2172 alignleft\" src=\"https:\/\/blogsaverroes.juntadeandalucia.es\/ruizdelperal\/files\/2021\/04\/leche-1-300x225.jpeg\" alt=\"\" width=\"392\" height=\"294\"><img loading=\"lazy\" loading=\"lazy\" decoding=\"async\" class=\"aligncenter wp-image-2173\" src=\"https:\/\/blogsaverroes.juntadeandalucia.es\/ruizdelperal\/files\/2021\/04\/leche-2-300x225.jpeg\" alt=\"\" width=\"383\" height=\"287\"><\/p>\n<\/div>\n<div>&nbsp;<\/div>\n<div>&nbsp;<\/div>\n<div>&nbsp;<\/div>\n<div>&nbsp;<\/div>\n<div>&nbsp;<\/div>\n<div>&nbsp;<\/div>\n<div>&nbsp;<\/div>\n<div><img loading=\"lazy\" loading=\"lazy\" decoding=\"async\" class=\"aligncenter\" src=\"http:\/\/www.frutanova.es\/img\/estructura\/Cartel%20fruta_imprenta.jpg\" alt=\"Plan de Consumo - Frutanova\" width=\"300\" height=\"417\"><\/div>\n<div>&nbsp;<\/div>\n<div>&nbsp;<\/div>\n<div><span style=\"font-family: arial, helvetica, sans-serif;font-size: 12pt;color: #000080\">El elemento central del recurso Plan Escolar de Consumo de Frutas y Hortalizas para el desarrollo de la l\u00ednea de intervenci\u00f3n Estilos de Vida Saludable, se basa en garantizar la ingesta de frutas y hortalizas por el alumnado en el centro con la intenci\u00f3n de que normalicen y se habit\u00faen a su consumo.<\/span><\/div>\n<div>&nbsp;<\/div>\n<div><span style=\"font-family: arial, helvetica, sans-serif;font-size: 12pt;color: #000080\">Para ello, durante el segundo y tercer trimestre, se organiza un sistema de reparto de estos productos en los centros educativos participantes en el Programa de para la Innovaci\u00f3n Educativa, H\u00e1bitos de Vida Saludable, en su modalidad Creciendo en Salud adheridos al Plan para que los ni\u00f1os y las ni\u00f1as puedan experimentar sensaciones con estos productos.<\/span><\/div>\n","protected":false},"excerpt":{"rendered":"<p>&nbsp; Dentro del&nbsp;Programa&nbsp; para la Innovaci\u00f3n Educativa, H\u00e1bitos de Vida Saludable, en su modalidad Creciendo en Salud, en el que el centro est\u00e1 participando, tenemos entre otros planes el&nbsp;del&nbsp;Plan Escolar de Consumo de Leche y Otros Productos L\u00e1cteos&nbsp;, se basa en garantizar la ingesta de leche por el alumnado en el centro con la intenci\u00f3n [&hellip;]<\/p>\n","protected":false},"author":10196,"featured_media":0,"parent":0,"menu_order":0,"comment_status":"closed","ping_status":"closed","template":"","meta":{"_et_pb_use_builder":"","_et_pb_old_content":"","_et_gb_content_width":"","ngg_post_thumbnail":0,"footnotes":""},"aioseo_notices":[],"_links":{"self":[{"href":"https:\/\/blogsaverroes.juntadeandalucia.es\/ruizdelperal\/wp-json\/wp\/v2\/pages\/1154"}],"collection":[{"href":"https:\/\/blogsaverroes.juntadeandalucia.es\/ruizdelperal\/wp-json\/wp\/v2\/pages"}],"about":[{"href":"https:\/\/blogsaverroes.juntadeandalucia.es\/ruizdelperal\/wp-json\/wp\/v2\/types\/page"}],"author":[{"embeddable":true,"href":"https:\/\/blogsaverroes.juntadeandalucia.es\/ruizdelperal\/wp-json\/wp\/v2\/users\/10196"}],"replies":[{"embeddable":true,"href":"https:\/\/blogsaverroes.juntadeandalucia.es\/ruizdelperal\/wp-json\/wp\/v2\/comments?post=1154"}],"version-history":[{"count":6,"href":"https:\/\/blogsaverroes.juntadeandalucia.es\/ruizdelperal\/wp-json\/wp\/v2\/pages\/1154\/revisions"}],"predecessor-version":[{"id":2974,"href":"https:\/\/blogsaverroes.juntadeandalucia.es\/ruizdelperal\/wp-json\/wp\/v2\/pages\/1154\/revisions\/2974"}],"wp:attachment":[{"href":"https:\/\/blogsaverroes.juntadeandalucia.es\/ruizdelperal\/wp-json\/wp\/v2\/media?parent=1154"}],"curies":[{"name":"wp","href":"https:\/\/api.w.org\/{rel}","templated":true}]}}