{"id":1302,"date":"2021-04-06T22:08:53","date_gmt":"2021-04-06T21:08:53","guid":{"rendered":"https:\/\/blogsaverroes.juntadeandalucia.es\/ruizdelperal\/?page_id=1302"},"modified":"2021-04-28T23:05:50","modified_gmt":"2021-04-28T22:05:50","slug":"actividad-3o-e-primaria-pensamiento-computacional-e-inteligencia","status":"publish","type":"page","link":"https:\/\/blogsaverroes.juntadeandalucia.es\/ruizdelperal\/actividad-3o-e-primaria-pensamiento-computacional-e-inteligencia\/","title":{"rendered":"Actividad 3\u00ba E. P. \u00abPensamiento computacional e inteligencia\u00bb"},"content":{"rendered":"<div><span style=\"font-family: 'times new roman', times, serif;font-size: 12pt\">Hoy&nbsp;hemos tenido la visita virtual de D. Jes\u00fas Moreno, un investigador contratado por el ministerio de Educaci\u00f3n para realizar una investigaci\u00f3n de un proyecto que se llama \u00abEscuela de pensamiento computacional e inteligencia artificial\u00bb, en el que estamos participando y hemos sido seleccionados para ver en acci\u00f3n una de las clases en las que se practica este proyecto. Todo con el consentimiento de la Consejer\u00eda de Educaci\u00f3n y la direcci\u00f3n del centro.<\/span><\/div>\n<div><span style=\"font-family: 'times new roman', times, serif;font-size: 12pt\">La clase se ha desarrollado en el patio y los observadores nos han visto y escuchado a trav\u00e9s de videollamada. La actividad ha salido muy bien, din\u00e1mica, participativa, educada, muy correcta\u2026 Propia de una clase de tercero, me han comunicado los observadores que les ha gustado much\u00edsimo. Han tomado nota de algunos aspectos para incluir en el proyecto que se est\u00e1 realizando.<\/span><\/div>\n<div><span style=\"font-family: 'times new roman', times, serif;font-size: 12pt\">incluimos&nbsp; enlace de una p\u00e1gina de D. Jes\u00fas Molero, puesto que ha participado en muchos proyectos, peri\u00f3dicos, publicaciones y programas de televisi\u00f3n y cuenta con varios premios. Aqu\u00ed lo pueden ver:<\/span><\/div>\n<div><span style=\"font-family: 'times new roman', times, serif;font-size: 12pt\"><a href=\"http:\/\/jemole.me\/\" target=\"_blank\" rel=\"noopener noreferrer\">http:\/\/jemole.me\/<\/a><\/span><\/div>\n<div><span style=\"font-family: 'times new roman', times, serif;font-size: 12pt\">La se\u00f1o Mariola<\/span><\/div>\n<div id=\"ventanamailtotoModal\">\n<div id=\"ventanamailtopopupModalContent\">\n<p><img fetchpriority=\"high\" fetchpriority=\"high\" decoding=\"async\" class=\"alignnone size-medium wp-image-1303\" src=\"https:\/\/blogsaverroes.juntadeandalucia.es\/ruizdelperal\/files\/2021\/04\/20210323_130908_resized-1-300x169.jpg\" alt=\"\" width=\"300\" height=\"169\" srcset=\"https:\/\/blogsaverroes.juntadeandalucia.es\/ruizdelperal\/files\/2021\/04\/20210323_130908_resized-1-300x169.jpg 300w, https:\/\/blogsaverroes.juntadeandalucia.es\/ruizdelperal\/files\/2021\/04\/20210323_130908_resized-1.jpg 387w\" sizes=\"(max-width: 300px) 100vw, 300px\" \/> <img decoding=\"async\" class=\"alignnone size-medium wp-image-1304\" src=\"https:\/\/blogsaverroes.juntadeandalucia.es\/ruizdelperal\/files\/2021\/04\/20210323_132120_resized-169x300.jpg\" alt=\"\" width=\"169\" height=\"300\" srcset=\"https:\/\/blogsaverroes.juntadeandalucia.es\/ruizdelperal\/files\/2021\/04\/20210323_132120_resized-169x300.jpg 169w, https:\/\/blogsaverroes.juntadeandalucia.es\/ruizdelperal\/files\/2021\/04\/20210323_132120_resized.jpg 218w\" sizes=\"(max-width: 169px) 100vw, 169px\" \/> <img decoding=\"async\" class=\"alignnone size-medium wp-image-1305\" src=\"https:\/\/blogsaverroes.juntadeandalucia.es\/ruizdelperal\/files\/2021\/04\/20210323_130928_resized-1-300x169.jpg\" alt=\"\" width=\"300\" height=\"169\" srcset=\"https:\/\/blogsaverroes.juntadeandalucia.es\/ruizdelperal\/files\/2021\/04\/20210323_130928_resized-1-300x169.jpg 300w, https:\/\/blogsaverroes.juntadeandalucia.es\/ruizdelperal\/files\/2021\/04\/20210323_130928_resized-1.jpg 387w\" sizes=\"(max-width: 300px) 100vw, 300px\" \/> <img loading=\"lazy\" loading=\"lazy\" decoding=\"async\" class=\"alignnone size-medium wp-image-1306\" src=\"https:\/\/blogsaverroes.juntadeandalucia.es\/ruizdelperal\/files\/2021\/04\/20210323_131353_resized-169x300.jpg\" alt=\"\" width=\"169\" height=\"300\" srcset=\"https:\/\/blogsaverroes.juntadeandalucia.es\/ruizdelperal\/files\/2021\/04\/20210323_131353_resized-169x300.jpg 169w, https:\/\/blogsaverroes.juntadeandalucia.es\/ruizdelperal\/files\/2021\/04\/20210323_131353_resized.jpg 218w\" sizes=\"(max-width: 169px) 100vw, 169px\" \/> <img loading=\"lazy\" loading=\"lazy\" decoding=\"async\" class=\"alignnone size-medium wp-image-1307\" src=\"https:\/\/blogsaverroes.juntadeandalucia.es\/ruizdelperal\/files\/2021\/04\/20210323_131744_resized-169x300.jpg\" alt=\"\" width=\"169\" height=\"300\" srcset=\"https:\/\/blogsaverroes.juntadeandalucia.es\/ruizdelperal\/files\/2021\/04\/20210323_131744_resized-169x300.jpg 169w, https:\/\/blogsaverroes.juntadeandalucia.es\/ruizdelperal\/files\/2021\/04\/20210323_131744_resized.jpg 218w\" sizes=\"(max-width: 169px) 100vw, 169px\" \/><\/p>\n<\/div>\n<\/div>\n<div>&nbsp;<\/div>\n<div id=\"ventanamailtotoModal\">\n<div id=\"ventanamailtopopupModalContent\">\n<div id=\"ventanamailtopopupMailModalCloseTo\">&nbsp;<\/div>\n<div id=\"ventanamailtopopupQuestionToMail\">What do you want to do ?<\/div>\n<p><a id=\"ventanamailtoappCreateNew\"><\/a>New mail<button id=\"ventanamailtoemailCopy\">Copy<\/button><textarea id=\"ventanamailtoareaSelectTextTo\"><\/textarea><\/p>\n<\/div>\n<\/div>\n","protected":false},"excerpt":{"rendered":"<p>Hoy&nbsp;hemos tenido la visita virtual de D. Jes\u00fas Moreno, un investigador contratado por el ministerio de Educaci\u00f3n para realizar una investigaci\u00f3n de un proyecto que se llama \u00abEscuela de pensamiento computacional e inteligencia artificial\u00bb, en el que estamos participando y hemos sido seleccionados para ver en acci\u00f3n una de las clases en las que se [&hellip;]<\/p>\n","protected":false},"author":10196,"featured_media":0,"parent":0,"menu_order":0,"comment_status":"closed","ping_status":"closed","template":"","meta":{"_et_pb_use_builder":"","_et_pb_old_content":"","_et_gb_content_width":"","ngg_post_thumbnail":0,"footnotes":""},"aioseo_notices":[],"_links":{"self":[{"href":"https:\/\/blogsaverroes.juntadeandalucia.es\/ruizdelperal\/wp-json\/wp\/v2\/pages\/1302"}],"collection":[{"href":"https:\/\/blogsaverroes.juntadeandalucia.es\/ruizdelperal\/wp-json\/wp\/v2\/pages"}],"about":[{"href":"https:\/\/blogsaverroes.juntadeandalucia.es\/ruizdelperal\/wp-json\/wp\/v2\/types\/page"}],"author":[{"embeddable":true,"href":"https:\/\/blogsaverroes.juntadeandalucia.es\/ruizdelperal\/wp-json\/wp\/v2\/users\/10196"}],"replies":[{"embeddable":true,"href":"https:\/\/blogsaverroes.juntadeandalucia.es\/ruizdelperal\/wp-json\/wp\/v2\/comments?post=1302"}],"version-history":[{"count":3,"href":"https:\/\/blogsaverroes.juntadeandalucia.es\/ruizdelperal\/wp-json\/wp\/v2\/pages\/1302\/revisions"}],"predecessor-version":[{"id":2185,"href":"https:\/\/blogsaverroes.juntadeandalucia.es\/ruizdelperal\/wp-json\/wp\/v2\/pages\/1302\/revisions\/2185"}],"wp:attachment":[{"href":"https:\/\/blogsaverroes.juntadeandalucia.es\/ruizdelperal\/wp-json\/wp\/v2\/media?parent=1302"}],"curies":[{"name":"wp","href":"https:\/\/api.w.org\/{rel}","templated":true}]}}