{"id":1560,"date":"2021-04-13T12:46:25","date_gmt":"2021-04-13T11:46:25","guid":{"rendered":"https:\/\/blogsaverroes.juntadeandalucia.es\/ruizdelperal\/?page_id=1560"},"modified":"2021-12-24T12:03:03","modified_gmt":"2021-12-24T11:03:03","slug":"plan-de-lectura-y-biblioteca","status":"publish","type":"page","link":"https:\/\/blogsaverroes.juntadeandalucia.es\/ruizdelperal\/plan-de-lectura-y-biblioteca\/","title":{"rendered":"Plan de lectura y biblioteca."},"content":{"rendered":"<p><span style=\"font-size: 12pt;color: #000080;font-family: arial, helvetica, sans-serif\"><strong>\u201cSiempre imagin\u00e9 el para\u00edso como una especie de biblioteca\u201d<\/strong>. As\u00ed se imaginaba Jorge Luis Borges al lugar en el que se conservan los libros.&nbsp;<\/span><\/p>\n<p><span style=\"font-size: 12pt;color: #000080;font-family: arial, helvetica, sans-serif\">Puede parecer que, debido al acceso que hoy en d\u00eda tenemos a la informaci\u00f3n gracias a Internet, el papel de las bibliotecas quede relegado a un segundo plano. Pero la realidad&nbsp; es&nbsp; que la biblioteca, considerada&nbsp; espacio din\u00e1mico,&nbsp; constituye un espacio \u00fanico en nuestro centro educativo, a\u00fan en esta \u00e9poca dif\u00edcil que estamos viviendo,&nbsp; al poder llevar a cabo diferentes tipos de actividades a trav\u00e9s de ella, encaminadas a ayudar a formar el h\u00e1bito lector de nuestros alumnos, dentro de este espacio y en las aulas, a trav\u00e9s de las bibliotecas de aula.<\/span><\/p>\n<p><span style=\"font-size: 12pt;color: #000080;font-family: arial, helvetica, sans-serif\">Como todo en la actualidad, la biblioteca escolar&nbsp; participa en los cambios tecnol\u00f3gicos para explorar nuevas posibilidades y&nbsp; por ello contamos con el blog de biblioteca:&nbsp;<\/span><\/p>\n<p><span style=\"font-size: 12pt;color: #33cccc;font-family: arial, helvetica, sans-serif\"><a style=\"color: #33cccc\" href=\"https:\/\/unlibroparamibolso.blogspot.com\/,\"><span style=\"color: #000080\">Blog:<\/span><\/a><\/span><strong><span style=\"font-size: 12pt;color: #33cccc;font-family: arial, helvetica, sans-serif\"><a style=\"color: #33cccc\" href=\"https:\/\/unlibroparamibolso.blogspot.com\/,\">&nbsp; Un libro para mi bolso.<\/a><\/span><\/strong><\/p>\n<p><span style=\"font-size: 12pt;color: #000080;font-family: arial, helvetica, sans-serif\">Instagram: <strong><span style=\"color: #33cccc\"><a style=\"color: #33cccc\" href=\"https:\/\/www.instagram.com\/biblioruizdelperal\/\">Biblioteca Ruiz del Peral (@biblioruizdelperal) <\/a><\/span><\/strong><\/span><\/p>\n<p><span style=\"font-size: 12pt;color: #000080;font-family: arial, helvetica, sans-serif\">Facebook&nbsp; <a style=\"color: #000080\" href=\"https:\/\/www.facebook.com\/Biblioteca-Ruiz-del-Peral-1810048592568353\/\">Biblioteca Ruiz del Peral | Facebook<\/a><\/span><\/p>\n<p><span style=\"font-size: 12pt;color: #000080;font-family: arial, helvetica, sans-serif\">Twitter :<strong> <a href=\"https:\/\/twitter.com\/RdelperalBiblio\" target=\"_blank\" rel=\"noopener noreferrer\"><span style=\"color: #33cccc\">https:\/\/twitter.com\/RdelperalBiblio<\/span><\/a><\/strong><\/span><\/p>\n<p><span style=\"font-size: 12pt;color: #000080;font-family: arial, helvetica, sans-serif\">La biblioteca es<strong> imprescindible dentro de la instituci\u00f3n educativa, <\/strong>por lo que nuestro colegio apuesta por una biblioteca viva, actual y en contacto continuo con los alumnos.<\/span><\/p>\n<p>&nbsp;<\/p>\n<p><span style=\"font-size: 12pt;color: #000080;font-family: arial, helvetica, sans-serif\">BIBLIOTECAS, SIEMPRE CONTIGO.<\/span><\/p>\n<p>Celebraci\u00f3n d\u00eda de la lectura 2021<\/p>\n<p><iframe title=\"CEIP RUIZ DEL PERAL: D\u00cdA DE LA LECTURA EN ANDALUC\u00cdA 2021\" width=\"1080\" height=\"608\" src=\"https:\/\/www.youtube.com\/embed\/Q09nVxRv21w?feature=oembed\" frameborder=\"0\" allow=\"accelerometer; autoplay; clipboard-write; encrypted-media; gyroscope; picture-in-picture\" allowfullscreen><\/iframe><\/p>\n<p>&nbsp;<\/p>\n","protected":false},"excerpt":{"rendered":"<p>\u201cSiempre imagin\u00e9 el para\u00edso como una especie de biblioteca\u201d. As\u00ed se imaginaba Jorge Luis Borges al lugar en el que se conservan los libros.&nbsp; Puede parecer que, debido al acceso que hoy en d\u00eda tenemos a la informaci\u00f3n gracias a Internet, el papel de las bibliotecas quede relegado a un segundo plano. Pero la realidad&nbsp; [&hellip;]<\/p>\n","protected":false},"author":10196,"featured_media":0,"parent":0,"menu_order":0,"comment_status":"closed","ping_status":"closed","template":"","meta":{"_et_pb_use_builder":"","_et_pb_old_content":"","_et_gb_content_width":"","ngg_post_thumbnail":0,"footnotes":""},"aioseo_notices":[],"_links":{"self":[{"href":"https:\/\/blogsaverroes.juntadeandalucia.es\/ruizdelperal\/wp-json\/wp\/v2\/pages\/1560"}],"collection":[{"href":"https:\/\/blogsaverroes.juntadeandalucia.es\/ruizdelperal\/wp-json\/wp\/v2\/pages"}],"about":[{"href":"https:\/\/blogsaverroes.juntadeandalucia.es\/ruizdelperal\/wp-json\/wp\/v2\/types\/page"}],"author":[{"embeddable":true,"href":"https:\/\/blogsaverroes.juntadeandalucia.es\/ruizdelperal\/wp-json\/wp\/v2\/users\/10196"}],"replies":[{"embeddable":true,"href":"https:\/\/blogsaverroes.juntadeandalucia.es\/ruizdelperal\/wp-json\/wp\/v2\/comments?post=1560"}],"version-history":[{"count":11,"href":"https:\/\/blogsaverroes.juntadeandalucia.es\/ruizdelperal\/wp-json\/wp\/v2\/pages\/1560\/revisions"}],"predecessor-version":[{"id":2886,"href":"https:\/\/blogsaverroes.juntadeandalucia.es\/ruizdelperal\/wp-json\/wp\/v2\/pages\/1560\/revisions\/2886"}],"wp:attachment":[{"href":"https:\/\/blogsaverroes.juntadeandalucia.es\/ruizdelperal\/wp-json\/wp\/v2\/media?parent=1560"}],"curies":[{"name":"wp","href":"https:\/\/api.w.org\/{rel}","templated":true}]}}