{"id":1574,"date":"2021-04-13T13:00:26","date_gmt":"2021-04-13T12:00:26","guid":{"rendered":"https:\/\/blogsaverroes.juntadeandalucia.es\/ruizdelperal\/?page_id=1574"},"modified":"2021-12-24T12:06:34","modified_gmt":"2021-12-24T11:06:34","slug":"comedor-escolar-2","status":"publish","type":"page","link":"https:\/\/blogsaverroes.juntadeandalucia.es\/ruizdelperal\/comedor-escolar-2\/","title":{"rendered":"Comedor escolar"},"content":{"rendered":"<p><span style=\"font-size: 14pt\">Nuestro centro cuenta con servicio de comedor escolar ofertado por la empresa de catering Meditarr\u00e1nea.<\/span><\/p>\n<p><a href=\"https:\/\/blogsaverroes.juntadeandalucia.es\/ruizdelperal\/files\/2021\/09\/men\u00fa-basal-septimbre-1.pdf\">men\u00fa basal septimbre 1 (10 sep\/8 oct)<\/a><\/p>\n<p><a href=\"https:\/\/blogsaverroes.juntadeandalucia.es\/ruizdelperal\/files\/2021\/10\/men\u00fa-basal-11-oct-5-nov.pdf\">men\u00fa basal 11 oct 5 nov<\/a><\/p>\n<p><a href=\"https:\/\/blogsaverroes.juntadeandalucia.es\/ruizdelperal\/files\/2021\/10\/men\u00fa-basal-cc-mc-21-22_bloque-3-sin-vn.pdf\">men\u00fa basal cc mc 21-22_bloque 3 (sin vn)<\/a><\/p>\n<p><a href=\"https:\/\/blogsaverroes.juntadeandalucia.es\/ruizdelperal\/files\/2021\/11\/men\u00fa-basal-cc-mc-primaria_dic-21.pdf\">men\u00fa basal cc mc primaria_dic 21<\/a><\/p>\n<p>&nbsp;<\/p>\n","protected":false},"excerpt":{"rendered":"<p>Nuestro centro cuenta con servicio de comedor escolar ofertado por la empresa de catering Meditarr\u00e1nea. men\u00fa basal septimbre 1 (10 sep\/8 oct) men\u00fa basal 11 oct 5 nov men\u00fa basal cc mc 21-22_bloque 3 (sin vn) men\u00fa basal cc mc primaria_dic 21 &nbsp;<\/p>\n","protected":false},"author":10196,"featured_media":0,"parent":0,"menu_order":0,"comment_status":"closed","ping_status":"closed","template":"","meta":{"_et_pb_use_builder":"","_et_pb_old_content":"","_et_gb_content_width":"","ngg_post_thumbnail":0,"footnotes":""},"aioseo_notices":[],"_links":{"self":[{"href":"https:\/\/blogsaverroes.juntadeandalucia.es\/ruizdelperal\/wp-json\/wp\/v2\/pages\/1574"}],"collection":[{"href":"https:\/\/blogsaverroes.juntadeandalucia.es\/ruizdelperal\/wp-json\/wp\/v2\/pages"}],"about":[{"href":"https:\/\/blogsaverroes.juntadeandalucia.es\/ruizdelperal\/wp-json\/wp\/v2\/types\/page"}],"author":[{"embeddable":true,"href":"https:\/\/blogsaverroes.juntadeandalucia.es\/ruizdelperal\/wp-json\/wp\/v2\/users\/10196"}],"replies":[{"embeddable":true,"href":"https:\/\/blogsaverroes.juntadeandalucia.es\/ruizdelperal\/wp-json\/wp\/v2\/comments?post=1574"}],"version-history":[{"count":6,"href":"https:\/\/blogsaverroes.juntadeandalucia.es\/ruizdelperal\/wp-json\/wp\/v2\/pages\/1574\/revisions"}],"predecessor-version":[{"id":2888,"href":"https:\/\/blogsaverroes.juntadeandalucia.es\/ruizdelperal\/wp-json\/wp\/v2\/pages\/1574\/revisions\/2888"}],"wp:attachment":[{"href":"https:\/\/blogsaverroes.juntadeandalucia.es\/ruizdelperal\/wp-json\/wp\/v2\/media?parent=1574"}],"curies":[{"name":"wp","href":"https:\/\/api.w.org\/{rel}","templated":true}]}}