{"id":1607,"date":"2021-04-15T13:05:04","date_gmt":"2021-04-15T12:05:04","guid":{"rendered":"https:\/\/blogsaverroes.juntadeandalucia.es\/ruizdelperal\/?page_id=1607"},"modified":"2021-04-19T22:31:49","modified_gmt":"2021-04-19T21:31:49","slug":"plan-de-salud-laboral-y-prl","status":"publish","type":"page","link":"https:\/\/blogsaverroes.juntadeandalucia.es\/ruizdelperal\/plan-de-salud-laboral-y-prl\/","title":{"rendered":"Plan de salud laboral y PRL"},"content":{"rendered":"<p class=\"x_x_MsoNormal\"><span style=\"font-size: 12pt;font-family: arial, helvetica, sans-serif;color: #000080\">Con el plan de salud laboral y prevenci\u00f3n de riesgos laborales buscamos que el centro sea un lugar seguro para toda la comunidad educativa, cumpliendo las normativas vigentes en cuanto a seguridad y formando al alumnado y al cuerpo docente en las principales medidas preventivas.<\/span><\/p>\n<p class=\"x_x_MsoNormal\"><span style=\"font-size: 12pt;font-family: arial, helvetica, sans-serif;color: #000080\">Este a\u00f1o hemos realizado los dos tipos principales de simulacro, de evacuaci\u00f3n y de confinamiento. Estos ejercicios han estado acompa\u00f1ados de trabajo por parte de las tutor\u00edas ayudando al alumnado a comprender su importancia, as\u00ed como su correcta realizaci\u00f3n. Ambas actividades han sido un \u00e9xito y tanto equipo docente como alumnado han adquirido las nociones b\u00e1sicas para responder correctamente en casa de emergencia.<\/span><\/p>\n<p class=\"x_x_MsoNormal\"><span style=\"font-size: 12pt;font-family: arial, helvetica, sans-serif;color: #000080\">Tambi\u00e9n realizamos una evaluaci\u00f3n continua de los diferentes elementos de emergencia, extintores, carteler\u00eda informativa, salidas y rutas de emergencia, etc. Para adaptarnos a la normativa actual.<\/span><\/p>\n","protected":false},"excerpt":{"rendered":"<p>Con el plan de salud laboral y prevenci\u00f3n de riesgos laborales buscamos que el centro sea un lugar seguro para toda la comunidad educativa, cumpliendo las normativas vigentes en cuanto a seguridad y formando al alumnado y al cuerpo docente en las principales medidas preventivas. Este a\u00f1o hemos realizado los dos tipos principales de simulacro, [&hellip;]<\/p>\n","protected":false},"author":10196,"featured_media":0,"parent":0,"menu_order":0,"comment_status":"closed","ping_status":"closed","template":"","meta":{"_et_pb_use_builder":"","_et_pb_old_content":"","_et_gb_content_width":"","ngg_post_thumbnail":0,"footnotes":""},"aioseo_notices":[],"_links":{"self":[{"href":"https:\/\/blogsaverroes.juntadeandalucia.es\/ruizdelperal\/wp-json\/wp\/v2\/pages\/1607"}],"collection":[{"href":"https:\/\/blogsaverroes.juntadeandalucia.es\/ruizdelperal\/wp-json\/wp\/v2\/pages"}],"about":[{"href":"https:\/\/blogsaverroes.juntadeandalucia.es\/ruizdelperal\/wp-json\/wp\/v2\/types\/page"}],"author":[{"embeddable":true,"href":"https:\/\/blogsaverroes.juntadeandalucia.es\/ruizdelperal\/wp-json\/wp\/v2\/users\/10196"}],"replies":[{"embeddable":true,"href":"https:\/\/blogsaverroes.juntadeandalucia.es\/ruizdelperal\/wp-json\/wp\/v2\/comments?post=1607"}],"version-history":[{"count":2,"href":"https:\/\/blogsaverroes.juntadeandalucia.es\/ruizdelperal\/wp-json\/wp\/v2\/pages\/1607\/revisions"}],"predecessor-version":[{"id":2066,"href":"https:\/\/blogsaverroes.juntadeandalucia.es\/ruizdelperal\/wp-json\/wp\/v2\/pages\/1607\/revisions\/2066"}],"wp:attachment":[{"href":"https:\/\/blogsaverroes.juntadeandalucia.es\/ruizdelperal\/wp-json\/wp\/v2\/media?parent=1607"}],"curies":[{"name":"wp","href":"https:\/\/api.w.org\/{rel}","templated":true}]}}