{"id":2166,"date":"2021-04-28T22:30:48","date_gmt":"2021-04-28T21:30:48","guid":{"rendered":"https:\/\/blogsaverroes.juntadeandalucia.es\/ruizdelperal\/?page_id=2166"},"modified":"2021-04-28T22:31:20","modified_gmt":"2021-04-28T21:31:20","slug":"dia-del-libro-en-el-cole","status":"publish","type":"page","link":"https:\/\/blogsaverroes.juntadeandalucia.es\/ruizdelperal\/dia-del-libro-en-el-cole\/","title":{"rendered":"DIA DEL LIBRO EN EL COLE"},"content":{"rendered":"<h2 class=\"title\"><span style=\"font-family: 'times new roman', times, serif;font-size: 14pt;color: #666666\">Pinchando en la imagen podr\u00e9is ver todas las actividades que estamos&nbsp; realizando gracias a la programaci\u00f3n de nuestra responsable de biblioteca la Se\u00f1o Loli.<\/span><\/h2>\n<p>&nbsp;<\/p>\n<p>&nbsp;<\/p>\n<div class=\"entry clearfix\">\n<p><a href=\"https:\/\/www.instagram.com\/biblioruizdelperal\/\" target=\"_blank\" rel=\"noopener noreferrer\"><img fetchpriority=\"high\" fetchpriority=\"high\" decoding=\"async\" class=\"aligncenter size-medium wp-image-2143\" src=\"https:\/\/blogsaverroes.juntadeandalucia.es\/ruizdelperal\/files\/2021\/04\/D\u00eda-Libro-297x300.jpg\" alt=\"\" width=\"297\" height=\"300\" srcset=\"https:\/\/blogsaverroes.juntadeandalucia.es\/ruizdelperal\/files\/2021\/04\/D\u00eda-Libro-297x300.jpg 297w, https:\/\/blogsaverroes.juntadeandalucia.es\/ruizdelperal\/files\/2021\/04\/D\u00eda-Libro.jpg 421w\" sizes=\"(max-width: 297px) 100vw, 297px\" \/><\/a><\/p>\n<p>&nbsp;<\/p>\n<\/div>\n","protected":false},"excerpt":{"rendered":"<p>Pinchando en la imagen podr\u00e9is ver todas las actividades que estamos&nbsp; realizando gracias a la programaci\u00f3n de nuestra responsable de biblioteca la Se\u00f1o Loli. &nbsp; &nbsp; &nbsp;<\/p>\n","protected":false},"author":10196,"featured_media":0,"parent":0,"menu_order":0,"comment_status":"closed","ping_status":"closed","template":"","meta":{"_et_pb_use_builder":"","_et_pb_old_content":"","_et_gb_content_width":"","ngg_post_thumbnail":0,"footnotes":""},"aioseo_notices":[],"_links":{"self":[{"href":"https:\/\/blogsaverroes.juntadeandalucia.es\/ruizdelperal\/wp-json\/wp\/v2\/pages\/2166"}],"collection":[{"href":"https:\/\/blogsaverroes.juntadeandalucia.es\/ruizdelperal\/wp-json\/wp\/v2\/pages"}],"about":[{"href":"https:\/\/blogsaverroes.juntadeandalucia.es\/ruizdelperal\/wp-json\/wp\/v2\/types\/page"}],"author":[{"embeddable":true,"href":"https:\/\/blogsaverroes.juntadeandalucia.es\/ruizdelperal\/wp-json\/wp\/v2\/users\/10196"}],"replies":[{"embeddable":true,"href":"https:\/\/blogsaverroes.juntadeandalucia.es\/ruizdelperal\/wp-json\/wp\/v2\/comments?post=2166"}],"version-history":[{"count":2,"href":"https:\/\/blogsaverroes.juntadeandalucia.es\/ruizdelperal\/wp-json\/wp\/v2\/pages\/2166\/revisions"}],"predecessor-version":[{"id":2169,"href":"https:\/\/blogsaverroes.juntadeandalucia.es\/ruizdelperal\/wp-json\/wp\/v2\/pages\/2166\/revisions\/2169"}],"wp:attachment":[{"href":"https:\/\/blogsaverroes.juntadeandalucia.es\/ruizdelperal\/wp-json\/wp\/v2\/media?parent=2166"}],"curies":[{"name":"wp","href":"https:\/\/api.w.org\/{rel}","templated":true}]}}