{"id":2190,"date":"2021-04-29T10:46:33","date_gmt":"2021-04-29T09:46:33","guid":{"rendered":"https:\/\/blogsaverroes.juntadeandalucia.es\/ruizdelperal\/?page_id=2190"},"modified":"2021-06-03T23:01:17","modified_gmt":"2021-06-03T22:01:17","slug":"proyecto-de-innovacion-educativa-auladjaque","status":"publish","type":"page","link":"https:\/\/blogsaverroes.juntadeandalucia.es\/ruizdelperal\/proyecto-de-innovacion-educativa-auladjaque\/","title":{"rendered":"Proyecto de innovaci\u00f3n educativa AulaDjaque"},"content":{"rendered":"<p><img decoding=\"async\" class=\"aligncenter size-full wp-image-2191\" src=\"https:\/\/blogsaverroes.juntadeandalucia.es\/ruizdelperal\/files\/2021\/04\/Aula-de-Jaque_logo-p22f6vvj08ynnygfh0ir2430ep6drr3kuudd5kjhzs.png\" alt=\"\" width=\"250\" height=\"188\"><\/p>\n<p><span style=\"font-family: 'times new roman', times, serif;font-size: 12pt\">El uso educativo del ajedrez hace que alumnos y alumnas puedan desarrollar sus habilidades cognitivas y socio-afectivas, ya que su pr\u00e1ctica favorece, entre otras capacidades, la memoria, la concentraci\u00f3n, la toma de decisiones, la reflexi\u00f3n, la visi\u00f3n espacial o el razonamiento l\u00f3gico-matem\u00e1tico.<\/span><\/p>\n<p><span style=\"font-family: 'times new roman', times, serif;font-size: 12pt\">Del mismo modo, tambi\u00e9n ayuda a reconocer errores, a no buscar excusas, a obtener un sentido de logro y una mayor autoestima, a llevar la iniciativa cuando es preciso. Todo ello tanto dentro como fuera del tablero, en su centro educativo, en su desarrollo personal y social.<\/span><\/p>\n<p><span style=\"font-family: 'times new roman', times, serif;font-size: 12pt\">Con el programa aulaDjaque queremos contribuir, adem\u00e1s, a que nuestros j\u00f3venes conozcan las m\u00faltiples manifestaciones que este juego ha tenido y tiene en el arte, la ciencia, la literatura o la inteligencia artificial. El ajedrez, con m\u00e1s de 1.500 a\u00f1os de historia, es mucho m\u00e1s que un juego y desarrolla en quien lo practica un esp\u00edritu cr\u00edtico a trav\u00e9s del an\u00e1lisis, la reflexi\u00f3n y el intercambio de opiniones.<\/span><\/p>\n<p>El CEIP Ruiz del Peral ha sido seleccionado como&nbsp;<strong>centro de referencia<\/strong>&nbsp; de buenas pr\u00e1cticas en las Jornadas Finales de aulaDjaque en Granada.<\/p>\n<p><iframe title=\"AULA DE JAQUE JORNADAS FINALES CEIP RUIZ DEL PERAL\" width=\"1080\" height=\"608\" src=\"https:\/\/www.youtube.com\/embed\/3G67TSxylxM?feature=oembed\" frameborder=\"0\" allow=\"accelerometer; autoplay; clipboard-write; encrypted-media; gyroscope; picture-in-picture\" allowfullscreen><\/iframe><\/p>\n<h1 class=\"entry-title main_title\">&nbsp;<\/h1>\n<p><iframe title=\"CHESSGIRLS AROUND THE WORLD. CEIP Ruiz del Peral\" width=\"1080\" height=\"608\" src=\"https:\/\/www.youtube.com\/embed\/0p3ryNTapjQ?feature=oembed\" frameborder=\"0\" allow=\"accelerometer; autoplay; clipboard-write; encrypted-media; gyroscope; picture-in-picture\" allowfullscreen><\/iframe><\/p>\n<p><span style=\"color: #33cccc\"><a style=\"color: #33cccc\" href=\"https:\/\/www.youtube.com\/watch?v=LbZ3dgU07fY\">1\u00ba CONGRESO DE AJEDREZ Y BUENAS PR\u00c1CTICAS CEIP RUIZ DEL PERAL GUADIX 1 &#8211; YouTube<\/a><\/span><\/p>\n<p><iframe title=\"SALA DEFENSA ESCANDINAVA (I CONGRESO DE AJEDREZ Y BUENAS PR\u00c1CTICA EDUCATIVAS)\" width=\"1080\" height=\"608\" src=\"https:\/\/www.youtube.com\/embed\/SOO5TAEnXJw?feature=oembed\" frameborder=\"0\" allow=\"accelerometer; autoplay; clipboard-write; encrypted-media; gyroscope; picture-in-picture\" allowfullscreen><\/iframe><\/p>\n<p>&nbsp;<\/p>\n<p>Enlaces recomendados:<\/p>\n<p><a href=\"https:\/\/colaboraeducacion30.juntadeandalucia.es\/educacion\/colabora\/web\/auladjaque\/webs-recomendadas\" target=\"_blank\" rel=\"noopener noreferrer\"><span style=\"color: #33cccc\">webs recomendadas<\/span><\/a><\/p>\n","protected":false},"excerpt":{"rendered":"<p>El uso educativo del ajedrez hace que alumnos y alumnas puedan desarrollar sus habilidades cognitivas y socio-afectivas, ya que su pr\u00e1ctica favorece, entre otras capacidades, la memoria, la concentraci\u00f3n, la toma de decisiones, la reflexi\u00f3n, la visi\u00f3n espacial o el razonamiento l\u00f3gico-matem\u00e1tico. Del mismo modo, tambi\u00e9n ayuda a reconocer errores, a no buscar excusas, a [&hellip;]<\/p>\n","protected":false},"author":10196,"featured_media":0,"parent":0,"menu_order":0,"comment_status":"closed","ping_status":"closed","template":"","meta":{"_et_pb_use_builder":"","_et_pb_old_content":"","_et_gb_content_width":"","ngg_post_thumbnail":0,"footnotes":""},"aioseo_notices":[],"_links":{"self":[{"href":"https:\/\/blogsaverroes.juntadeandalucia.es\/ruizdelperal\/wp-json\/wp\/v2\/pages\/2190"}],"collection":[{"href":"https:\/\/blogsaverroes.juntadeandalucia.es\/ruizdelperal\/wp-json\/wp\/v2\/pages"}],"about":[{"href":"https:\/\/blogsaverroes.juntadeandalucia.es\/ruizdelperal\/wp-json\/wp\/v2\/types\/page"}],"author":[{"embeddable":true,"href":"https:\/\/blogsaverroes.juntadeandalucia.es\/ruizdelperal\/wp-json\/wp\/v2\/users\/10196"}],"replies":[{"embeddable":true,"href":"https:\/\/blogsaverroes.juntadeandalucia.es\/ruizdelperal\/wp-json\/wp\/v2\/comments?post=2190"}],"version-history":[{"count":12,"href":"https:\/\/blogsaverroes.juntadeandalucia.es\/ruizdelperal\/wp-json\/wp\/v2\/pages\/2190\/revisions"}],"predecessor-version":[{"id":2575,"href":"https:\/\/blogsaverroes.juntadeandalucia.es\/ruizdelperal\/wp-json\/wp\/v2\/pages\/2190\/revisions\/2575"}],"wp:attachment":[{"href":"https:\/\/blogsaverroes.juntadeandalucia.es\/ruizdelperal\/wp-json\/wp\/v2\/media?parent=2190"}],"curies":[{"name":"wp","href":"https:\/\/api.w.org\/{rel}","templated":true}]}}