{"id":2387,"date":"2021-05-15T23:12:59","date_gmt":"2021-05-15T22:12:59","guid":{"rendered":"https:\/\/blogsaverroes.juntadeandalucia.es\/ruizdelperal\/?page_id=2387"},"modified":"2021-05-15T23:15:13","modified_gmt":"2021-05-15T22:15:13","slug":"reto-1-lunes-tangram","status":"publish","type":"page","link":"https:\/\/blogsaverroes.juntadeandalucia.es\/ruizdelperal\/reto-1-lunes-tangram\/","title":{"rendered":"Reto 1. Lunes. Tangram"},"content":{"rendered":"<p>El reto del lunes consiste en formar distintas figuras de tangram.<\/p>\n<p>Cada curso tendr\u00e1 sus figuras de distinta complejidad.<\/p>\n<p><span style=\"color: #33cccc\"><a style=\"color: #33cccc\" href=\"https:\/\/blogsaverroes.juntadeandalucia.es\/ruizdelperal\/files\/2021\/05\/1%C2%BA-EL-RETO-TANGRAM.pdf\">1\u00ba RETO TANGRAM<\/a>&nbsp; &nbsp;&nbsp;<a style=\"color: #33cccc\" href=\"https:\/\/blogsaverroes.juntadeandalucia.es\/ruizdelperal\/files\/2021\/05\/2%C2%BA-EL-RETO-TANGRAM.pdf\">2\u00baRETO TANGRAM<\/a>&nbsp; &nbsp; &nbsp; &nbsp; &nbsp;&nbsp;<a style=\"color: #33cccc\" href=\"https:\/\/blogsaverroes.juntadeandalucia.es\/ruizdelperal\/files\/2021\/05\/3%C2%BA-EL-RETO-DEL-TANGRAM.pdf\">3\u00ba RETO DEL TANGRAM<\/a>&nbsp;&nbsp;<a style=\"color: #33cccc\" href=\"https:\/\/blogsaverroes.juntadeandalucia.es\/ruizdelperal\/files\/2021\/05\/4%C2%BA-EL-RETO-TANGRAM.pdf\">4\u00ba RETO TANGRAM &nbsp; &nbsp; &nbsp;<\/a><a style=\"color: #33cccc\" href=\"https:\/\/blogsaverroes.juntadeandalucia.es\/ruizdelperal\/files\/2021\/05\/3%C2%BA-CICLO-EL-RETO-TANGRAM.pdf\">3\u00ba CICLO EL RETO TANGRAM<\/a>&nbsp; &nbsp; &nbsp;<a style=\"color: #33cccc\" href=\"https:\/\/blogsaverroes.juntadeandalucia.es\/ruizdelperal\/files\/2021\/05\/6%C2%BA-RETO-TANGRAM-1.pdf\">6\u00ba RETO TANGRAM<\/a><\/span><\/p>\n<p><span style=\"color: #0000ff\"><strong>Ganadores y ganadoras del reto del d\u00eda:<\/strong><\/span><\/p>\n<ul>\n<li><span style=\"font-size: 12pt;font-family: 'times new roman', times, serif\">1\u00ba A: <span style=\"color: #0000ff\">Equipo Sirenas Doradas&nbsp; &nbsp;<\/span><\/span><\/li>\n<li><span style=\"font-size: 12pt;font-family: 'times new roman', times, serif\">&nbsp;1\u00ba B:<span style=\"color: #0000ff\"> Equipo Los Leones<\/span><\/span><\/li>\n<li><span style=\"font-size: 12pt;font-family: 'times new roman', times, serif\">2\u00ba A:<span style=\"color: #0000ff\"> Equipo Los Campeones.&nbsp;<\/span> &nbsp; &nbsp;<\/span><\/li>\n<li><span style=\"font-size: 12pt;font-family: 'times new roman', times, serif\">2\u00ba B: <span style=\"color: #0000ff\">Equipo Los Guerreros<\/span><\/span><\/li>\n<li><span style=\"font-size: 12pt;font-family: 'times new roman', times, serif\">3\u00ba: <span style=\"color: #0000ff\">Equipo Las Chicas Matem\u00e1ticas<\/span><\/span><\/li>\n<li><span style=\"font-size: 12pt;font-family: 'times new roman', times, serif\">4\u00ba A: <span style=\"color: #0000ff\">Adara Ariza Trivi\u00f1o y Ana Exp\u00f3sito Mart\u00ednez&nbsp; &nbsp;<\/span><\/span><\/li>\n<li><span style=\"font-size: 12pt;font-family: 'times new roman', times, serif\">4\u00ba B: <span style=\"color: #0000ff\">Irene y Carmen<\/span><\/span><\/li>\n<li><span style=\"font-size: 12pt;font-family: 'times new roman', times, serif\">5\u00ba: <span style=\"color: #0000ff\">Equipo Los Amantes de las Mates<\/span><\/span><\/li>\n<li><span style=\"font-size: 12pt;font-family: 'times new roman', times, serif\">6\u00ba: <span style=\"color: #0000ff\">Hugo, Claudia, Javi y Jos\u00e9<\/span><\/span><\/li>\n<\/ul>\n<p><img fetchpriority=\"high\" fetchpriority=\"high\" decoding=\"async\" class=\"aligncenter wp-image-2253\" src=\"https:\/\/blogsaverroes.juntadeandalucia.es\/ruizdelperal\/files\/2021\/05\/Ganadora-cuarto-300x224.jpg\" alt=\"\" width=\"731\" height=\"544\"><\/p>\n<p><img decoding=\"async\" class=\"aligncenter wp-image-2256\" src=\"https:\/\/blogsaverroes.juntadeandalucia.es\/ruizdelperal\/files\/2021\/05\/ganadora-cuarto-2-300x224.jpg\" alt=\"\" width=\"717\" height=\"535\"><\/p>\n<p><img decoding=\"async\" class=\"aligncenter wp-image-2260\" src=\"https:\/\/blogsaverroes.juntadeandalucia.es\/ruizdelperal\/files\/2021\/05\/ganadoras-tercero-300x225.jpg\" alt=\"\" width=\"711\" height=\"533\"><\/p>\n<p><img loading=\"lazy\" loading=\"lazy\" decoding=\"async\" class=\"aligncenter wp-image-2288\" src=\"https:\/\/blogsaverroes.juntadeandalucia.es\/ruizdelperal\/files\/2021\/05\/IMG-20210511-WA0009-225x300.jpg\" alt=\"\" width=\"694\" height=\"929\"><\/p>\n","protected":false},"excerpt":{"rendered":"<p>El reto del lunes consiste en formar distintas figuras de tangram. Cada curso tendr\u00e1 sus figuras de distinta complejidad. 1\u00ba RETO TANGRAM&nbsp; &nbsp;&nbsp;2\u00baRETO TANGRAM&nbsp; &nbsp; &nbsp; &nbsp; &nbsp;&nbsp;3\u00ba RETO DEL TANGRAM&nbsp;&nbsp;4\u00ba RETO TANGRAM &nbsp; &nbsp; &nbsp;3\u00ba CICLO EL RETO TANGRAM&nbsp; &nbsp; &nbsp;6\u00ba RETO TANGRAM Ganadores y ganadoras del reto del d\u00eda: 1\u00ba A: Equipo Sirenas [&hellip;]<\/p>\n","protected":false},"author":10196,"featured_media":0,"parent":0,"menu_order":0,"comment_status":"closed","ping_status":"closed","template":"","meta":{"_et_pb_use_builder":"","_et_pb_old_content":"","_et_gb_content_width":"","ngg_post_thumbnail":0,"footnotes":""},"aioseo_notices":[],"_links":{"self":[{"href":"https:\/\/blogsaverroes.juntadeandalucia.es\/ruizdelperal\/wp-json\/wp\/v2\/pages\/2387"}],"collection":[{"href":"https:\/\/blogsaverroes.juntadeandalucia.es\/ruizdelperal\/wp-json\/wp\/v2\/pages"}],"about":[{"href":"https:\/\/blogsaverroes.juntadeandalucia.es\/ruizdelperal\/wp-json\/wp\/v2\/types\/page"}],"author":[{"embeddable":true,"href":"https:\/\/blogsaverroes.juntadeandalucia.es\/ruizdelperal\/wp-json\/wp\/v2\/users\/10196"}],"replies":[{"embeddable":true,"href":"https:\/\/blogsaverroes.juntadeandalucia.es\/ruizdelperal\/wp-json\/wp\/v2\/comments?post=2387"}],"version-history":[{"count":3,"href":"https:\/\/blogsaverroes.juntadeandalucia.es\/ruizdelperal\/wp-json\/wp\/v2\/pages\/2387\/revisions"}],"predecessor-version":[{"id":2391,"href":"https:\/\/blogsaverroes.juntadeandalucia.es\/ruizdelperal\/wp-json\/wp\/v2\/pages\/2387\/revisions\/2391"}],"wp:attachment":[{"href":"https:\/\/blogsaverroes.juntadeandalucia.es\/ruizdelperal\/wp-json\/wp\/v2\/media?parent=2387"}],"curies":[{"name":"wp","href":"https:\/\/api.w.org\/{rel}","templated":true}]}}