{"id":2393,"date":"2021-05-15T23:28:24","date_gmt":"2021-05-15T22:28:24","guid":{"rendered":"https:\/\/blogsaverroes.juntadeandalucia.es\/ruizdelperal\/?page_id=2393"},"modified":"2021-05-17T11:59:00","modified_gmt":"2021-05-17T10:59:00","slug":"reto-2-martes-magic-stars","status":"publish","type":"page","link":"https:\/\/blogsaverroes.juntadeandalucia.es\/ruizdelperal\/reto-2-martes-magic-stars\/","title":{"rendered":"Reto 2. Martes. Magic Stars"},"content":{"rendered":"<p><i>MAGIC STARS<\/i>:(razonamiento l\u00f3gico)<\/p>\n<p>El alumnado realizar\u00e1 en el menor tiempo posible la estrella m\u00e1gica propuesta.<\/p>\n<p><a href=\"https:\/\/blogsaverroes.juntadeandalucia.es\/ruizdelperal\/files\/2021\/05\/1%C2%BA-CICLO-RETO-DE-LA-ESTRELLA-.pdf\">1\u00ba CICLO RETO DE LA ESTRELLA &nbsp; &nbsp;<\/a><a href=\"https:\/\/blogsaverroes.juntadeandalucia.es\/ruizdelperal\/files\/2021\/05\/2%C2%BA-EL-RETO-DE-LA-ESTRELLA.pdf\">2\u00ba EL RETO DE LA ESTRELLA<\/a><\/p>\n<p><a href=\"https:\/\/blogsaverroes.juntadeandalucia.es\/ruizdelperal\/files\/2021\/05\/2%C2%BA-CICLO-RETO-DE-LA-ESTRELLA.pdf\">2\u00ba CICLO RETO DE LA ESTRELLA &nbsp; &nbsp; &nbsp;<\/a><a href=\"https:\/\/blogsaverroes.juntadeandalucia.es\/ruizdelperal\/files\/2021\/05\/3%C2%BA-CICLO-RETO-DE-LA-ESTRELLA.pdf\">3\u00ba CICLO RETO DE LA ESTRELLA<\/a><\/p>\n<p>Ganadores&nbsp; y ganadoras:<\/p>\n<ul>\n<li>1\u00ba A: Tigres<\/li>\n<li>1\u00ba B: conejitos.<\/li>\n<li>2\u00ba A: Los Coleguipandas.<\/li>\n<li>2\u00ba B: Los mejores matem\u00e1ticos.<\/li>\n<li>3\u00ba: Unicornios.<\/li>\n<li>4\u00ba A. Nacho Hern\u00e1ndez Garc\u00eda.<\/li>\n<li>4\u00ba B: Yaiza, Fran y Carmen.<\/li>\n<li>5\u00ba: Sara, Abel, Dar\u00edo H., M. Ariza, y Natalia F.<\/li>\n<li>6\u00ba: Natalia Pay\u00e1n Morillas.<\/li>\n<\/ul>\n<p style=\"text-align: center\"><strong>Sumedha explica la contribuci\u00f3n india a las matem\u00e1ticas.<\/strong><\/p>\n<p style=\"text-align: center\"><img fetchpriority=\"high\" fetchpriority=\"high\" decoding=\"async\" class=\"aligncenter wp-image-2291\" src=\"https:\/\/blogsaverroes.juntadeandalucia.es\/ruizdelperal\/files\/2021\/05\/IMG-20210511-WA0007-300x224.jpg\" alt=\"\" width=\"618\" height=\"461\"><\/p>\n<p style=\"text-align: center\"><strong>Ganador del reto del d\u00eda de 4\u00baA: Nacho Hern\u00e1ndez Garc\u00eda<\/strong><\/p>\n<p><img decoding=\"async\" class=\"aligncenter wp-image-2277\" src=\"https:\/\/blogsaverroes.juntadeandalucia.es\/ruizdelperal\/files\/2021\/05\/IMG-20210511-WA0002-300x224.jpg\" alt=\"\" width=\"595\" height=\"445\"><\/p>\n<p style=\"text-align: center\"><strong>Ganadores 1\u00ba Tigres<\/strong><\/p>\n<p>&nbsp;<\/p>\n<p><img decoding=\"async\" class=\"aligncenter wp-image-2281\" src=\"https:\/\/blogsaverroes.juntadeandalucia.es\/ruizdelperal\/files\/2021\/05\/IMG-20210511-WA0008-300x225.jpg\" alt=\"\" width=\"579\" height=\"434\"><\/p>\n<p style=\"text-align: center\"><strong>Ganadoras de 3\u00ba. Equipo Unicornio<\/strong><\/p>\n<p><img loading=\"lazy\" loading=\"lazy\" decoding=\"async\" class=\"aligncenter wp-image-2279\" src=\"https:\/\/blogsaverroes.juntadeandalucia.es\/ruizdelperal\/files\/2021\/05\/IMG-20210511-WA0005-224x300.jpg\" alt=\"\" width=\"527\" height=\"706\"><\/p>\n<p style=\"text-align: center\"><strong>Ganadores 2\u00ba B<\/strong><\/p>\n<p><img loading=\"lazy\" loading=\"lazy\" decoding=\"async\" class=\"aligncenter wp-image-2286\" src=\"https:\/\/blogsaverroes.juntadeandalucia.es\/ruizdelperal\/files\/2021\/05\/IMG-20210511-WA0012-300x224.jpg\" alt=\"\" width=\"592\" height=\"442\"><\/p>\n<p>&nbsp;<\/p>\n<p style=\"text-align: center\"><strong>Ganadores 4\u00ba B<\/strong><\/p>\n<p><img loading=\"lazy\" loading=\"lazy\" decoding=\"async\" class=\"aligncenter wp-image-2284\" src=\"https:\/\/blogsaverroes.juntadeandalucia.es\/ruizdelperal\/files\/2021\/05\/IMG-20210511-WA0010-300x225.jpg\" alt=\"\" width=\"640\" height=\"481\"><\/p>\n","protected":false},"excerpt":{"rendered":"<p>MAGIC STARS:(razonamiento l\u00f3gico) El alumnado realizar\u00e1 en el menor tiempo posible la estrella m\u00e1gica propuesta. 1\u00ba CICLO RETO DE LA ESTRELLA &nbsp; &nbsp;2\u00ba EL RETO DE LA ESTRELLA 2\u00ba CICLO RETO DE LA ESTRELLA &nbsp; &nbsp; &nbsp;3\u00ba CICLO RETO DE LA ESTRELLA Ganadores&nbsp; y ganadoras: 1\u00ba A: Tigres 1\u00ba B: conejitos. 2\u00ba A: Los Coleguipandas. [&hellip;]<\/p>\n","protected":false},"author":10196,"featured_media":0,"parent":0,"menu_order":0,"comment_status":"closed","ping_status":"closed","template":"","meta":{"_et_pb_use_builder":"","_et_pb_old_content":"","_et_gb_content_width":"","ngg_post_thumbnail":0,"footnotes":""},"aioseo_notices":[],"_links":{"self":[{"href":"https:\/\/blogsaverroes.juntadeandalucia.es\/ruizdelperal\/wp-json\/wp\/v2\/pages\/2393"}],"collection":[{"href":"https:\/\/blogsaverroes.juntadeandalucia.es\/ruizdelperal\/wp-json\/wp\/v2\/pages"}],"about":[{"href":"https:\/\/blogsaverroes.juntadeandalucia.es\/ruizdelperal\/wp-json\/wp\/v2\/types\/page"}],"author":[{"embeddable":true,"href":"https:\/\/blogsaverroes.juntadeandalucia.es\/ruizdelperal\/wp-json\/wp\/v2\/users\/10196"}],"replies":[{"embeddable":true,"href":"https:\/\/blogsaverroes.juntadeandalucia.es\/ruizdelperal\/wp-json\/wp\/v2\/comments?post=2393"}],"version-history":[{"count":3,"href":"https:\/\/blogsaverroes.juntadeandalucia.es\/ruizdelperal\/wp-json\/wp\/v2\/pages\/2393\/revisions"}],"predecessor-version":[{"id":2417,"href":"https:\/\/blogsaverroes.juntadeandalucia.es\/ruizdelperal\/wp-json\/wp\/v2\/pages\/2393\/revisions\/2417"}],"wp:attachment":[{"href":"https:\/\/blogsaverroes.juntadeandalucia.es\/ruizdelperal\/wp-json\/wp\/v2\/media?parent=2393"}],"curies":[{"name":"wp","href":"https:\/\/api.w.org\/{rel}","templated":true}]}}