{"id":2429,"date":"2021-05-20T10:42:45","date_gmt":"2021-05-20T09:42:45","guid":{"rendered":"https:\/\/blogsaverroes.juntadeandalucia.es\/ruizdelperal\/?page_id=2429"},"modified":"2021-05-21T12:11:25","modified_gmt":"2021-05-21T11:11:25","slug":"arte-matematico","status":"publish","type":"page","link":"https:\/\/blogsaverroes.juntadeandalucia.es\/ruizdelperal\/arte-matematico\/","title":{"rendered":"ARTE MATEM\u00c1TICO"},"content":{"rendered":"<p>Aqu\u00ed exponemos trabajos realizados por nuestro alumnado combinando arte y matem\u00e1ticas.<\/p>\n<p><img fetchpriority=\"high\" fetchpriority=\"high\" decoding=\"async\" class=\"aligncenter  wp-image-2479\" src=\"https:\/\/blogsaverroes.juntadeandalucia.es\/ruizdelperal\/files\/2021\/05\/IMG-20210521-WA0004-300x224.jpg\" alt=\"\" width=\"494\" height=\"369\"><\/p>\n<p><img decoding=\"async\" class=\"aligncenter wp-image-2419\" src=\"https:\/\/blogsaverroes.juntadeandalucia.es\/ruizdelperal\/files\/2021\/05\/processed-300x225.jpeg\" alt=\"\" width=\"468\" height=\"351\"><\/p>\n<p><img decoding=\"async\" class=\"aligncenter wp-image-2420\" src=\"https:\/\/blogsaverroes.juntadeandalucia.es\/ruizdelperal\/files\/2021\/05\/processed-1-225x300.jpeg\" alt=\"\" width=\"332\" height=\"443\"><\/p>\n<p>&nbsp;<\/p>\n<p><img loading=\"lazy\" loading=\"lazy\" decoding=\"async\" class=\"aligncenter wp-image-2422\" src=\"https:\/\/blogsaverroes.juntadeandalucia.es\/ruizdelperal\/files\/2021\/05\/processed-3-300x225.jpeg\" alt=\"\" width=\"481\" height=\"361\"><\/p>\n<p><img loading=\"lazy\" loading=\"lazy\" decoding=\"async\" class=\"aligncenter wp-image-2421\" src=\"https:\/\/blogsaverroes.juntadeandalucia.es\/ruizdelperal\/files\/2021\/05\/processed-2-300x225.jpeg\" alt=\"\" width=\"473\" height=\"355\"><\/p>\n","protected":false},"excerpt":{"rendered":"<p>Aqu\u00ed exponemos trabajos realizados por nuestro alumnado combinando arte y matem\u00e1ticas. &nbsp;<\/p>\n","protected":false},"author":10196,"featured_media":0,"parent":0,"menu_order":0,"comment_status":"closed","ping_status":"closed","template":"","meta":{"_et_pb_use_builder":"","_et_pb_old_content":"","_et_gb_content_width":"","ngg_post_thumbnail":0,"footnotes":""},"aioseo_notices":[],"_links":{"self":[{"href":"https:\/\/blogsaverroes.juntadeandalucia.es\/ruizdelperal\/wp-json\/wp\/v2\/pages\/2429"}],"collection":[{"href":"https:\/\/blogsaverroes.juntadeandalucia.es\/ruizdelperal\/wp-json\/wp\/v2\/pages"}],"about":[{"href":"https:\/\/blogsaverroes.juntadeandalucia.es\/ruizdelperal\/wp-json\/wp\/v2\/types\/page"}],"author":[{"embeddable":true,"href":"https:\/\/blogsaverroes.juntadeandalucia.es\/ruizdelperal\/wp-json\/wp\/v2\/users\/10196"}],"replies":[{"embeddable":true,"href":"https:\/\/blogsaverroes.juntadeandalucia.es\/ruizdelperal\/wp-json\/wp\/v2\/comments?post=2429"}],"version-history":[{"count":2,"href":"https:\/\/blogsaverroes.juntadeandalucia.es\/ruizdelperal\/wp-json\/wp\/v2\/pages\/2429\/revisions"}],"predecessor-version":[{"id":2480,"href":"https:\/\/blogsaverroes.juntadeandalucia.es\/ruizdelperal\/wp-json\/wp\/v2\/pages\/2429\/revisions\/2480"}],"wp:attachment":[{"href":"https:\/\/blogsaverroes.juntadeandalucia.es\/ruizdelperal\/wp-json\/wp\/v2\/media?parent=2429"}],"curies":[{"name":"wp","href":"https:\/\/api.w.org\/{rel}","templated":true}]}}