{"id":2526,"date":"2021-05-31T10:04:23","date_gmt":"2021-05-31T09:04:23","guid":{"rendered":"https:\/\/blogsaverroes.juntadeandalucia.es\/ruizdelperal\/?page_id=2526"},"modified":"2022-12-07T13:19:26","modified_gmt":"2022-12-07T12:19:26","slug":"refuerzo-covid-en-nuestro-centro","status":"publish","type":"page","link":"https:\/\/blogsaverroes.juntadeandalucia.es\/ruizdelperal\/refuerzo-covid-en-nuestro-centro\/","title":{"rendered":"Refuerzo Covid en nuestro centro"},"content":{"rendered":"<p><img decoding=\"async\" class=\"wp-image-2527 alignleft\" src=\"https:\/\/blogsaverroes.juntadeandalucia.es\/ruizdelperal\/files\/2021\/05\/1280px-Logotipo_de_la_Junta_de_Andaluc\u00eda_2020.svg-300x169.png\" alt=\"\" width=\"112\" height=\"63\" srcset=\"https:\/\/blogsaverroes.juntadeandalucia.es\/ruizdelperal\/files\/2021\/05\/1280px-Logotipo_de_la_Junta_de_Andaluc\u00eda_2020.svg-300x169.png 300w, https:\/\/blogsaverroes.juntadeandalucia.es\/ruizdelperal\/files\/2021\/05\/1280px-Logotipo_de_la_Junta_de_Andaluc\u00eda_2020.svg-1024x578.png 1024w, https:\/\/blogsaverroes.juntadeandalucia.es\/ruizdelperal\/files\/2021\/05\/1280px-Logotipo_de_la_Junta_de_Andaluc\u00eda_2020.svg-768x434.png 768w, https:\/\/blogsaverroes.juntadeandalucia.es\/ruizdelperal\/files\/2021\/05\/1280px-Logotipo_de_la_Junta_de_Andaluc\u00eda_2020.svg-1080x610.png 1080w, https:\/\/blogsaverroes.juntadeandalucia.es\/ruizdelperal\/files\/2021\/05\/1280px-Logotipo_de_la_Junta_de_Andaluc\u00eda_2020.svg-980x554.png 980w, https:\/\/blogsaverroes.juntadeandalucia.es\/ruizdelperal\/files\/2021\/05\/1280px-Logotipo_de_la_Junta_de_Andaluc\u00eda_2020.svg-480x271.png 480w, https:\/\/blogsaverroes.juntadeandalucia.es\/ruizdelperal\/files\/2021\/05\/1280px-Logotipo_de_la_Junta_de_Andaluc\u00eda_2020.svg.png 1280w\" sizes=\"(max-width: 112px) 100vw, 112px\" \/><img decoding=\"async\" class=\"wp-image-2531 alignnone\" src=\"https:\/\/blogsaverroes.juntadeandalucia.es\/ruizdelperal\/files\/2021\/05\/fondo_social_europeo-300x78.gif\" alt=\"\" width=\"246\" height=\"64\"><img decoding=\"async\" class=\"wp-image-2538 alignleft\" src=\"https:\/\/blogsaverroes.juntadeandalucia.es\/ruizdelperal\/files\/2021\/05\/logo-andalucia-se-mueve.png\" alt=\"\" width=\"131\" height=\"66\"><\/p>\n<p>&nbsp;<\/p>\n<p><span style=\"font-family: 'times new roman', times, serif;font-size: 12pt\">El Plan de Acci\u00f3n en Educaci\u00f3n de la Junta de Andaluc\u00eda para el curso 2020\/2021 pretende, entre sus <\/span><span style=\"font-family: 'times new roman', times, serif;font-size: 12pt\">objetivos, dotar a los centros educativos sostenidos con fondos p\u00fablicos, que as\u00ed lo requieran, del personal docente <\/span><span style=\"font-family: 'times new roman', times, serif;font-size: 12pt\">necesario al objeto de mejorar la respuesta educativa y atender las medidas de higiene y seguridad recomendadas <\/span><span style=\"font-family: 'times new roman', times, serif;font-size: 12pt\">para contribuir a paliar los efectos producidos en los procesos de ense\u00f1anza-aprendizaje durante la pandemia. Para <\/span><span style=\"font-family: 'times new roman', times, serif;font-size: 12pt\">ello, se ha previsto la incorporaci\u00f3n en los centros docentes p\u00fablicos, con car\u00e1cter extraordinario, de profesorado de <\/span><span style=\"font-family: 'times new roman', times, serif;font-size: 12pt\">apoyo en las ense\u00f1anzas de educaci\u00f3n primaria, educaci\u00f3n secundaria obligatoria y bachillerato con cofinanciaci\u00f3n <\/span><span style=\"font-family: 'times new roman', times, serif;font-size: 12pt\">del Fondo Social Europeo. <\/span><\/p>\n<p>&nbsp;<\/p>\n","protected":false},"excerpt":{"rendered":"<p>&nbsp; El Plan de Acci\u00f3n en Educaci\u00f3n de la Junta de Andaluc\u00eda para el curso 2020\/2021 pretende, entre sus objetivos, dotar a los centros educativos sostenidos con fondos p\u00fablicos, que as\u00ed lo requieran, del personal docente necesario al objeto de mejorar la respuesta educativa y atender las medidas de higiene y seguridad recomendadas para contribuir [&hellip;]<\/p>\n","protected":false},"author":10196,"featured_media":0,"parent":0,"menu_order":0,"comment_status":"closed","ping_status":"closed","template":"","meta":{"_et_pb_use_builder":"","_et_pb_old_content":"","_et_gb_content_width":"","ngg_post_thumbnail":0,"footnotes":""},"aioseo_notices":[],"_links":{"self":[{"href":"https:\/\/blogsaverroes.juntadeandalucia.es\/ruizdelperal\/wp-json\/wp\/v2\/pages\/2526"}],"collection":[{"href":"https:\/\/blogsaverroes.juntadeandalucia.es\/ruizdelperal\/wp-json\/wp\/v2\/pages"}],"about":[{"href":"https:\/\/blogsaverroes.juntadeandalucia.es\/ruizdelperal\/wp-json\/wp\/v2\/types\/page"}],"author":[{"embeddable":true,"href":"https:\/\/blogsaverroes.juntadeandalucia.es\/ruizdelperal\/wp-json\/wp\/v2\/users\/10196"}],"replies":[{"embeddable":true,"href":"https:\/\/blogsaverroes.juntadeandalucia.es\/ruizdelperal\/wp-json\/wp\/v2\/comments?post=2526"}],"version-history":[{"count":9,"href":"https:\/\/blogsaverroes.juntadeandalucia.es\/ruizdelperal\/wp-json\/wp\/v2\/pages\/2526\/revisions"}],"predecessor-version":[{"id":3411,"href":"https:\/\/blogsaverroes.juntadeandalucia.es\/ruizdelperal\/wp-json\/wp\/v2\/pages\/2526\/revisions\/3411"}],"wp:attachment":[{"href":"https:\/\/blogsaverroes.juntadeandalucia.es\/ruizdelperal\/wp-json\/wp\/v2\/media?parent=2526"}],"curies":[{"name":"wp","href":"https:\/\/api.w.org\/{rel}","templated":true}]}}