{"id":2671,"date":"2021-06-18T12:40:47","date_gmt":"2021-06-18T11:40:47","guid":{"rendered":"https:\/\/blogsaverroes.juntadeandalucia.es\/ruizdelperal\/?page_id=2671"},"modified":"2021-06-18T13:09:09","modified_gmt":"2021-06-18T12:09:09","slug":"semana-matematica","status":"publish","type":"page","link":"https:\/\/blogsaverroes.juntadeandalucia.es\/ruizdelperal\/semana-matematica\/","title":{"rendered":"Semana matem\u00e1tica"},"content":{"rendered":"<p>Nuestro centro ha sido seleccionado como centro de referencia de buenas pr\u00e1cticas en las Jornadas Finales de AulaDjaque de Granada.<\/p>\n<p><iframe title=\"AULA DE JAQUE JORNADAS FINALES CEIP RUIZ DEL PERAL\" width=\"1080\" height=\"608\" src=\"https:\/\/www.youtube.com\/embed\/3G67TSxylxM?feature=oembed\" frameborder=\"0\" allow=\"accelerometer; autoplay; clipboard-write; encrypted-media; gyroscope; picture-in-picture\" allowfullscreen><\/iframe><\/p>\n<p>&nbsp;<\/p>\n<p>Del&nbsp;10 al 14 de abril celebramos en el cole la Semana Matem\u00e1tica<\/p>\n<p><strong><a href=\"https:\/\/blogsaverroes.juntadeandalucia.es\/ruizdelperal\/files\/2021\/04\/Cartel-Semana-Matem%C3%A1tica.pdf\">Cartel Semana Matem\u00e1tica &nbsp; &nbsp;<\/a><\/strong><strong><a href=\"https:\/\/blogsaverroes.juntadeandalucia.es\/ruizdelperal\/files\/2021\/04\/Maths-Week-Calendar.pdf\">Maths Week Calendario&nbsp; &nbsp; &nbsp;<\/a><\/strong><strong><a href=\"https:\/\/blogsaverroes.juntadeandalucia.es\/ruizdelperal\/files\/2021\/04\/Cartel-Maths-Week.pdf\">Cartel Maths Week<\/a><\/strong><\/p>\n<p>P\u00e1gina web que recomendamos<a href=\"https:\/\/www.ortizhernandez.com\/\" target=\"_blank\" rel=\"noopener noreferrer\">:<strong>&nbsp;https:\/\/www.ortizhernandez.com<\/strong><\/a><\/p>\n<p>En el siguiente v\u00eddeo, hacia el final, podemos ver a intervenci\u00f3n de nuestra se\u00f1o Nati en el Primer Congreso de Ajedrez y Buenas pr\u00e1cticas educativas.<\/p>\n<div class=\"et_post_video\">\n<div class=\"fluid-width-video-wrapper\"><span style=\"color: #33cccc\"><a style=\"color: #33cccc\" href=\"https:\/\/youtu.be\/SOO5TAEnXJw\" target=\"_blank\" rel=\"noopener noreferrer\">https:\/\/youtu.be\/SOO5TAEnXJw<\/a><\/span><\/div>\n<div>&nbsp;<\/div>\n<div><span style=\"color: #33cccc\">https:\/\/youtu.be\/LbZ3dgU07fY<\/span><\/div>\n<div>&nbsp;<\/div>\n<\/div>\n<p>En estos enlaces se podr\u00e1 ver informaci\u00f3n y fotos de los distintos retos.<\/p>\n<p><a href=\"https:\/\/blogsaverroes.juntadeandalucia.es\/ruizdelperal\/reto-1-lunes-tangram\/\" target=\"_blank\" rel=\"noopener noreferrer\">Reto 1. Lunes. Tangram<\/a><\/p>\n<p><a href=\"https:\/\/blogsaverroes.juntadeandalucia.es\/ruizdelperal\/reto-1-lunes-tangram\/\" target=\"_blank\" rel=\"noopener noreferrer\"><img fetchpriority=\"high\" fetchpriority=\"high\" decoding=\"async\" class=\" wp-image-2248 alignleft\" src=\"https:\/\/blogsaverroes.juntadeandalucia.es\/ruizdelperal\/files\/2021\/05\/tangram-3588431_1920-300x200.jpg\" alt=\"\" width=\"306\" height=\"203\"><\/a><\/p>\n<p>&nbsp;<\/p>\n<p>&nbsp;<\/p>\n<p>&nbsp;<\/p>\n<p>&nbsp;<\/p>\n<p>&nbsp;<\/p>\n<p>&nbsp;<\/p>\n<p><a href=\"https:\/\/blogsaverroes.juntadeandalucia.es\/ruizdelperal\/reto-2-martes-magic-stars\/\" target=\"_blank\" rel=\"noopener noreferrer\">Reto 2. Martes. Magic Stars<\/a><\/p>\n<p><a href=\"https:\/\/blogsaverroes.juntadeandalucia.es\/ruizdelperal\/reto-2-martes-magic-stars\/\" target=\"_blank\" rel=\"noopener noreferrer\"><img decoding=\"async\" class=\"size-medium wp-image-2264 alignleft\" src=\"https:\/\/blogsaverroes.juntadeandalucia.es\/ruizdelperal\/files\/2021\/05\/people-316506_1280-300x199.jpg\" alt=\"\" width=\"300\" height=\"199\"><\/a><\/p>\n<p>&nbsp;<\/p>\n<p>&nbsp;<\/p>\n<p>&nbsp;<\/p>\n<p>&nbsp;<\/p>\n<p>&nbsp;<\/p>\n<p><a href=\"https:\/\/blogsaverroes.juntadeandalucia.es\/ruizdelperal\/reto-3-miercoles-enigmas-de-ajedrez\/\" target=\"_blank\" rel=\"noopener noreferrer\">Reto 3. Mi\u00e9rcoles. Enigmas d<\/a><a href=\"https:\/\/blogsaverroes.juntadeandalucia.es\/ruizdelperal\/reto-3-miercoles-enigmas-de-ajedrez\/\" target=\"_blank\" rel=\"noopener noreferrer\">e Ajedrez<\/a><\/p>\n<p><a href=\"https:\/\/blogsaverroes.juntadeandalucia.es\/ruizdelperal\/reto-3-miercoles-enigmas-de-ajedrez\/\" target=\"_blank\" rel=\"noopener noreferrer\"><img decoding=\"async\" class=\"size-medium wp-image-2301 alignleft\" src=\"https:\/\/blogsaverroes.juntadeandalucia.es\/ruizdelperal\/files\/2021\/05\/boy-2756201_1920-300x200.jpg\" alt=\"\" width=\"300\" height=\"200\"><\/a><\/p>\n<p>&nbsp;<\/p>\n<p>&nbsp;<\/p>\n<p>&nbsp;<\/p>\n<p>&nbsp;<\/p>\n<p>&nbsp;<\/p>\n<p><a href=\"https:\/\/blogsaverroes.juntadeandalucia.es\/ruizdelperal\/reto-4-jueves-acertijos\/\" target=\"_blank\" rel=\"noopener noreferrer\">Reto 4. Jueves. Acertijos<\/a><\/p>\n<p>&nbsp;<\/p>\n<p><a href=\"https:\/\/blogsaverroes.juntadeandalucia.es\/ruizdelperal\/reto-4-jueves-acertijos\/\" target=\"_blank\" rel=\"noopener noreferrer\"><img loading=\"lazy\" loading=\"lazy\" decoding=\"async\" class=\"size-medium wp-image-2344 alignleft\" src=\"https:\/\/blogsaverroes.juntadeandalucia.es\/ruizdelperal\/files\/2021\/05\/newspaper-412452_1920-300x200.jpg\" alt=\"\" width=\"300\" height=\"200\"><\/a><\/p>\n<p>&nbsp;<\/p>\n<p>&nbsp;<\/p>\n<p>&nbsp;<\/p>\n<p>&nbsp;<\/p>\n<p>&nbsp;<\/p>\n<p><a href=\"https:\/\/blogsaverroes.juntadeandalucia.es\/ruizdelperal\/reto-5-viernes-cifras-y-letras\/\" target=\"_blank\" rel=\"noopener noreferrer\">Reto 5. Viernes. Cifras y letras<\/a><\/p>\n<p>&nbsp;<\/p>\n<p><a href=\"https:\/\/blogsaverroes.juntadeandalucia.es\/ruizdelperal\/reto-5-viernes-cifras-y-letras\/\" target=\"_blank\" rel=\"noopener noreferrer\"><img loading=\"lazy\" loading=\"lazy\" decoding=\"async\" class=\"size-medium wp-image-2364 alignleft\" src=\"https:\/\/blogsaverroes.juntadeandalucia.es\/ruizdelperal\/files\/2021\/05\/positive-letters-2355685_1920-300x200.jpg\" alt=\"\" width=\"300\" height=\"200\"><\/a><\/p>\n<p>&nbsp;<\/p>\n<p>&nbsp;<\/p>\n<p>&nbsp;<\/p>\n<p>&nbsp;<\/p>\n<p>&nbsp;<\/p>\n<p><a href=\"https:\/\/blogsaverroes.juntadeandalucia.es\/ruizdelperal\/arte-matematico\/\" target=\"_blank\" rel=\"noopener noreferrer\">ARTE MATEM\u00c1TICO<\/a><\/p>\n<p><a href=\"https:\/\/blogsaverroes.juntadeandalucia.es\/ruizdelperal\/arte-matematico\/\" target=\"_blank\" rel=\"noopener noreferrer\"><img loading=\"lazy\" loading=\"lazy\" decoding=\"async\" class=\"size-medium wp-image-2423 alignleft\" src=\"https:\/\/blogsaverroes.juntadeandalucia.es\/ruizdelperal\/files\/2021\/05\/color-5378322_1920-300x169.png\" alt=\"\" width=\"300\" height=\"169\"><\/a><\/p>\n<p>&nbsp;<\/p>\n","protected":false},"excerpt":{"rendered":"<p>Nuestro centro ha sido seleccionado como centro de referencia de buenas pr\u00e1cticas en las Jornadas Finales de AulaDjaque de Granada. &nbsp; Del&nbsp;10 al 14 de abril celebramos en el cole la Semana Matem\u00e1tica Cartel Semana Matem\u00e1tica &nbsp; &nbsp;Maths Week Calendario&nbsp; &nbsp; &nbsp;Cartel Maths Week P\u00e1gina web que recomendamos:&nbsp;https:\/\/www.ortizhernandez.com En el siguiente v\u00eddeo, hacia el final, [&hellip;]<\/p>\n","protected":false},"author":10196,"featured_media":0,"parent":0,"menu_order":0,"comment_status":"closed","ping_status":"closed","template":"","meta":{"_et_pb_use_builder":"","_et_pb_old_content":"","_et_gb_content_width":"","ngg_post_thumbnail":0,"footnotes":""},"aioseo_notices":[],"_links":{"self":[{"href":"https:\/\/blogsaverroes.juntadeandalucia.es\/ruizdelperal\/wp-json\/wp\/v2\/pages\/2671"}],"collection":[{"href":"https:\/\/blogsaverroes.juntadeandalucia.es\/ruizdelperal\/wp-json\/wp\/v2\/pages"}],"about":[{"href":"https:\/\/blogsaverroes.juntadeandalucia.es\/ruizdelperal\/wp-json\/wp\/v2\/types\/page"}],"author":[{"embeddable":true,"href":"https:\/\/blogsaverroes.juntadeandalucia.es\/ruizdelperal\/wp-json\/wp\/v2\/users\/10196"}],"replies":[{"embeddable":true,"href":"https:\/\/blogsaverroes.juntadeandalucia.es\/ruizdelperal\/wp-json\/wp\/v2\/comments?post=2671"}],"version-history":[{"count":5,"href":"https:\/\/blogsaverroes.juntadeandalucia.es\/ruizdelperal\/wp-json\/wp\/v2\/pages\/2671\/revisions"}],"predecessor-version":[{"id":2678,"href":"https:\/\/blogsaverroes.juntadeandalucia.es\/ruizdelperal\/wp-json\/wp\/v2\/pages\/2671\/revisions\/2678"}],"wp:attachment":[{"href":"https:\/\/blogsaverroes.juntadeandalucia.es\/ruizdelperal\/wp-json\/wp\/v2\/media?parent=2671"}],"curies":[{"name":"wp","href":"https:\/\/api.w.org\/{rel}","templated":true}]}}