{"id":30,"date":"2020-01-09T12:41:20","date_gmt":"2020-01-09T11:41:20","guid":{"rendered":"http:\/\/blogsaverroes.juntadeandalucia.es\/pre\/nuevoceip2v2\/?page_id=30"},"modified":"2025-12-22T00:06:08","modified_gmt":"2025-12-21T23:06:08","slug":"ampa","status":"publish","type":"page","link":"https:\/\/blogsaverroes.juntadeandalucia.es\/rupertofernandeztenllado\/ampa\/","title":{"rendered":"AMPA"},"content":{"rendered":"<p>[et_pb_section fb_built=&#8221;1&#8243; _builder_version=&#8221;4.16&#8243; custom_padding=&#8221;0px||0px|&#8221; z_index_tablet=&#8221;500&#8243; box_shadow_horizontal_tablet=&#8221;0px&#8221; box_shadow_vertical_tablet=&#8221;0px&#8221; box_shadow_blur_tablet=&#8221;40px&#8221; box_shadow_spread_tablet=&#8221;0px&#8221; global_colors_info=&#8221;{}&#8221;][et_pb_row _builder_version=&#8221;4.24.2&#8243; background_size=&#8221;initial&#8221; background_position=&#8221;top_left&#8221; background_repeat=&#8221;repeat&#8221; global_colors_info=&#8221;{}&#8221;][et_pb_column type=&#8221;4_4&#8243; _builder_version=&#8221;4.16&#8243; custom_padding=&#8221;|||&#8221; global_colors_info=&#8221;{}&#8221; custom_padding__hover=&#8221;|||&#8221;][et_pb_image src=&#8221;https:\/\/blogsaverroes.juntadeandalucia.es\/rupertofernandeztenllado\/files\/2025\/03\/ampa-la-ronda.jpg&#8221; title_text=&#8221;ampa la ronda&#8221; _builder_version=&#8221;4.24.2&#8243; _module_preset=&#8221;default&#8221; global_colors_info=&#8221;{}&#8221;][\/et_pb_image][\/et_pb_column][\/et_pb_row][et_pb_row _builder_version=&#8221;4.16&#8243; _module_preset=&#8221;default&#8221; global_colors_info=&#8221;{}&#8221;][et_pb_column type=&#8221;4_4&#8243; _builder_version=&#8221;4.16&#8243; _module_preset=&#8221;default&#8221; global_colors_info=&#8221;{}&#8221;][et_pb_text _builder_version=&#8221;4.24.2&#8243; _module_preset=&#8221;default&#8221; global_colors_info=&#8221;{}&#8221;]<\/p>\n<p>Correo electr\u00f3nico: <a href=\"mailto:ampalarondarute@gmail.com\">ampalarondarute@gmail.com<\/a><\/p>\n<p>Instagram: @ampalaronda<\/p>\n<p>&nbsp;<\/p>\n<p>[\/et_pb_text][\/et_pb_column][\/et_pb_row][et_pb_row _builder_version=&#8221;4.24.2&#8243; _module_preset=&#8221;default&#8221;][et_pb_column _builder_version=&#8221;4.24.2&#8243; _module_preset=&#8221;default&#8221; type=&#8221;4_4&#8243;][et_pb_video _builder_version=&#8221;4.24.2&#8243; _module_preset=&#8221;default&#8221; title_text=&#8221;WhatsApp Video 2025-12-21 at 17.15.06&#8243; src=&#8221;https:\/\/blogsaverroes.juntadeandalucia.es\/rupertofernandeztenllado\/files\/2025\/12\/WhatsApp-Video-2025-12-21-at-17.15.06.mp4&#8243; hover_enabled=&#8221;0&#8243; sticky_enabled=&#8221;0&#8243;][\/et_pb_video][\/et_pb_column][\/et_pb_row][et_pb_row _builder_version=&#8221;4.24.2&#8243; _module_preset=&#8221;default&#8221; global_colors_info=&#8221;{}&#8221;][et_pb_column type=&#8221;4_4&#8243; _builder_version=&#8221;4.24.2&#8243; _module_preset=&#8221;default&#8221; global_colors_info=&#8221;{}&#8221;][et_pb_video src=&#8221;https:\/\/blogsaverroes.juntadeandalucia.es\/rupertofernandeztenllado\/files\/2025\/12\/WhatsApp-Video-2025-12-21-at-18.02.41.mp4&#8243; _builder_version=&#8221;4.24.2&#8243; _module_preset=&#8221;default&#8221; global_colors_info=&#8221;{}&#8221;][\/et_pb_video][\/et_pb_column][\/et_pb_row][et_pb_row _builder_version=&#8221;4.24.2&#8243; _module_preset=&#8221;default&#8221; global_colors_info=&#8221;{}&#8221;][et_pb_column type=&#8221;4_4&#8243; _builder_version=&#8221;4.24.2&#8243; _module_preset=&#8221;default&#8221; global_colors_info=&#8221;{}&#8221;][et_pb_video src=&#8221;https:\/\/blogsaverroes.juntadeandalucia.es\/rupertofernandeztenllado\/files\/2025\/12\/WhatsApp-Video-2025-12-11-at-23.37.59.mp4&#8243; _builder_version=&#8221;4.24.2&#8243; _module_preset=&#8221;default&#8221; global_colors_info=&#8221;{}&#8221;][\/et_pb_video][\/et_pb_column][\/et_pb_row][et_pb_row _builder_version=&#8221;4.24.2&#8243; _module_preset=&#8221;default&#8221; global_colors_info=&#8221;{}&#8221;][et_pb_column type=&#8221;4_4&#8243; _builder_version=&#8221;4.24.2&#8243; _module_preset=&#8221;default&#8221; global_colors_info=&#8221;{}&#8221;][et_pb_video src=&#8221;https:\/\/youtu.be\/1Ldqs_EMuT4&#8243; _builder_version=&#8221;4.24.2&#8243; _module_preset=&#8221;default&#8221; global_colors_info=&#8221;{}&#8221;][\/et_pb_video][\/et_pb_column][\/et_pb_row][et_pb_row _builder_version=&#8221;4.24.2&#8243; _module_preset=&#8221;default&#8221; global_colors_info=&#8221;{}&#8221;][et_pb_column type=&#8221;4_4&#8243; _builder_version=&#8221;4.24.2&#8243; _module_preset=&#8221;default&#8221; global_colors_info=&#8221;{}&#8221;][et_pb_video src=&#8221;https:\/\/blogsaverroes.juntadeandalucia.es\/rupertofernandeztenllado\/files\/2025\/03\/WhatsApp-Video-2025-03-06-at-13.29.52.mp4&#8243; _builder_version=&#8221;4.24.2&#8243; _module_preset=&#8221;default&#8221; global_colors_info=&#8221;{}&#8221;][\/et_pb_video][\/et_pb_column][\/et_pb_row][et_pb_row _builder_version=&#8221;4.24.2&#8243; _module_preset=&#8221;default&#8221; global_colors_info=&#8221;{}&#8221;][et_pb_column type=&#8221;4_4&#8243; _builder_version=&#8221;4.24.2&#8243; _module_preset=&#8221;default&#8221; global_colors_info=&#8221;{}&#8221;][\/et_pb_column][\/et_pb_row][et_pb_row _builder_version=&#8221;4.24.2&#8243; _module_preset=&#8221;default&#8221; global_colors_info=&#8221;{}&#8221;][et_pb_column type=&#8221;4_4&#8243; _builder_version=&#8221;4.24.2&#8243; _module_preset=&#8221;default&#8221; global_colors_info=&#8221;{}&#8221;][et_pb_text _builder_version=&#8221;4.24.2&#8243; _module_preset=&#8221;default&#8221; global_colors_info=&#8221;{}&#8221;]<\/p>\n<p>SARDINITA RUPERTO 2025 <br \/>Este a\u00f1o nos estren\u00e1bamos en fabricar una sardinita\u2026Menudo reto!! Y ahora vi\u00e9ndolo a posteriori\u2026m\u00e1s! Sabiendo lo resistente que tiene que hacerse!!! <br \/>Decidimos inspirarnos en el proyecto del cole \u201cUn mundo Ideal\u201d fabricando una Sardina Genial!! La cual hiciera los sue\u00f1os de nuestros peque\u00f1os carnavaleros realidad!!! Estos plasmaron sus nombres y en las escamas de nuestra peculiar sardina, y no solo los ni\u00f1os del Ruperto, sino que se invit\u00f3 a ser part\u00edcipes a los ni\u00f1os de sexto del la Fuente Del Moral y los Pinos! Siendo una sardina especial la cual unificaba a los ni\u00f1os de los 3 colegios que se sent\u00edan part\u00edcipes e involucrados siendo un acto que merece destacar por la cordialidad y buen ambiente del que disfrutamos familias y Ampas, que hemos trabajado juntas codo a codo para que todos los ni\u00f1os lo pasaran bien y disfrut\u00e1ramos juntos!! <br \/>Agradecer desde aqu\u00ed la colaboraci\u00f3n del @ayuntamientoderute @aytorute y especialmente a nuestro concejal de festejos Manolo, el cual el a\u00f1o pasado nos di\u00f3 su palabra de engrandecer este d\u00eda y as\u00ed lo ha hecho! Y adem\u00e1s aportando y dando colaboraci\u00f3n y ayuda en todo lo que le hemos pedido! Hasta el coche f\u00fanebre!! A pesar de la lluvia lo hemos conseguido! <br \/>No puedo dejarme atr\u00e1s al equipo directivo de nuestro cole, que se han involucrado ayudando en la realizaci\u00f3n de escamas, disfraz de los ni\u00f1os, repartiendo tiket y en todo lo que se les ha pedido, abri\u00e9ndonos las puestas y siendo maravillos@s!! As\u00ed es un placer!! Gracias se\u00f1os!!! <br \/>Y en general \u2026Gracias por vuestra colaboraci\u00f3n siempre y enhorabuena a los ni\u00f1os de sexto por ser tan respetuosos y buenos ni\u00f1os! Hab\u00e9is dado ejemplo!!! <br \/>Viva el carnaval!!!<\/p>\n<p>[\/et_pb_text][\/et_pb_column][\/et_pb_row][et_pb_row _builder_version=&#8221;4.24.2&#8243; _module_preset=&#8221;default&#8221; global_colors_info=&#8221;{}&#8221;][et_pb_column type=&#8221;4_4&#8243; _builder_version=&#8221;4.24.2&#8243; _module_preset=&#8221;default&#8221; global_colors_info=&#8221;{}&#8221;][et_pb_video src=&#8221;https:\/\/blogsaverroes.juntadeandalucia.es\/rupertofernandeztenllado\/files\/2025\/03\/al-ajedrez.mp4&#8243; _builder_version=&#8221;4.24.2&#8243; _module_preset=&#8221;default&#8221; global_colors_info=&#8221;{}&#8221;][\/et_pb_video][\/et_pb_column][\/et_pb_row][et_pb_row _builder_version=&#8221;4.24.2&#8243; _module_preset=&#8221;default&#8221; global_colors_info=&#8221;{}&#8221;][et_pb_column type=&#8221;4_4&#8243; _builder_version=&#8221;4.24.2&#8243; _module_preset=&#8221;default&#8221; global_colors_info=&#8221;{}&#8221;][et_pb_video src=&#8221;https:\/\/blogsaverroes.juntadeandalucia.es\/rupertofernandeztenllado\/files\/2025\/03\/Prueba-nuestra-deliciosa.mp4&#8243; _builder_version=&#8221;4.24.2&#8243; _module_preset=&#8221;default&#8221; global_colors_info=&#8221;{}&#8221;][\/et_pb_video][\/et_pb_column][\/et_pb_row][et_pb_row _builder_version=&#8221;4.24.2&#8243; _module_preset=&#8221;default&#8221; global_colors_info=&#8221;{}&#8221;][et_pb_column type=&#8221;4_4&#8243; _builder_version=&#8221;4.24.2&#8243; _module_preset=&#8221;default&#8221; global_colors_info=&#8221;{}&#8221;][et_pb_video src=&#8221;https:\/\/blogsaverroes.juntadeandalucia.es\/rupertofernandeztenllado\/files\/2025\/01\/AMPA-LA-RONDA.mp4&#8243; _builder_version=&#8221;4.24.2&#8243; _module_preset=&#8221;default&#8221; global_colors_info=&#8221;{}&#8221;][\/et_pb_video][\/et_pb_column][\/et_pb_row][et_pb_row column_structure=&#8221;1_2,1_2&#8243; _builder_version=&#8221;4.24.2&#8243; _module_preset=&#8221;default&#8221; global_colors_info=&#8221;{}&#8221;][et_pb_column type=&#8221;1_2&#8243; _builder_version=&#8221;4.24.2&#8243; _module_preset=&#8221;default&#8221; global_colors_info=&#8221;{}&#8221;][et_pb_video src=&#8221;https:\/\/blogsaverroes.juntadeandalucia.es\/rupertofernandeztenllado\/files\/2024\/11\/WhatsApp-Video-2024-11-07-at-13.20.46.mp4&#8243; _builder_version=&#8221;4.24.2&#8243; _module_preset=&#8221;default&#8221; global_colors_info=&#8221;{}&#8221;][\/et_pb_video][\/et_pb_column][et_pb_column type=&#8221;1_2&#8243; _builder_version=&#8221;4.24.2&#8243; _module_preset=&#8221;default&#8221; global_colors_info=&#8221;{}&#8221;][et_pb_text admin_label=&#8221;Texto&#8221; _builder_version=&#8221;4.24.2&#8243; _module_preset=&#8221;default&#8221; global_colors_info=&#8221;{}&#8221;]<\/p>\n<p><span style=\"color: #ff0000;font-size: 18pt\">\u00a1RUPERTO SOLIDARIO!<\/span><\/p>\n<p>LAS DONACIONES RECOGIDAS HAN SIDO TRASLADADAS A LOS PUEBLOS DE M\u00c1LAGA AFECTADOS POR LA DANA.&nbsp;<\/p>\n<p>SE CONTIN\u00daAR\u00c1N RECOGIENDO EN EL CENTRO&nbsp; LAS DONACIONES QUE QUER\u00c1IS HACER, CUANDO SE JUNTE UN LOTE GRANDE SE LAS HAREMOS LLEGAR A LAS ZONAS AFECTADAS.&nbsp;<\/p>\n<p>&nbsp;<\/p>\n<p>&nbsp;<\/p>\n<p>[\/et_pb_text][\/et_pb_column][\/et_pb_row][et_pb_row _builder_version=&#8221;4.24.2&#8243; _module_preset=&#8221;default&#8221; global_colors_info=&#8221;{}&#8221;][et_pb_column type=&#8221;4_4&#8243; _builder_version=&#8221;4.24.2&#8243; _module_preset=&#8221;default&#8221; global_colors_info=&#8221;{}&#8221;][et_pb_video src=&#8221;https:\/\/youtu.be\/YoCk92fD8fM&#8221; _builder_version=&#8221;4.24.2&#8243; _module_preset=&#8221;default&#8221; global_colors_info=&#8221;{}&#8221;][\/et_pb_video][\/et_pb_column][\/et_pb_row][et_pb_row _builder_version=&#8221;4.24.2&#8243; _module_preset=&#8221;default&#8221; global_colors_info=&#8221;{}&#8221;][et_pb_column type=&#8221;4_4&#8243; _builder_version=&#8221;4.24.2&#8243; _module_preset=&#8221;default&#8221; global_colors_info=&#8221;{}&#8221;][et_pb_video src=&#8221;https:\/\/blogsaverroes.juntadeandalucia.es\/rupertofernandeztenllado\/files\/2024\/11\/WhatsApp-Video-2024-11-02-at-18.22.26.mp4&#8243; _builder_version=&#8221;4.24.2&#8243; _module_preset=&#8221;default&#8221; global_colors_info=&#8221;{}&#8221;][\/et_pb_video][\/et_pb_column][\/et_pb_row][et_pb_row _builder_version=&#8221;4.24.2&#8243; _module_preset=&#8221;default&#8221; global_colors_info=&#8221;{}&#8221;][et_pb_column type=&#8221;4_4&#8243; _builder_version=&#8221;4.24.2&#8243; _module_preset=&#8221;default&#8221; global_colors_info=&#8221;{}&#8221;][et_pb_video src=&#8221;https:\/\/blogsaverroes.juntadeandalucia.es\/rupertofernandeztenllado\/files\/2024\/10\/WhatsApp-Video-2024-10-30-at-09.59.05-1.mp4&#8243; _builder_version=&#8221;4.24.2&#8243; _module_preset=&#8221;default&#8221; global_colors_info=&#8221;{}&#8221;][\/et_pb_video][\/et_pb_column][\/et_pb_row][et_pb_row _builder_version=&#8221;4.24.2&#8243; _module_preset=&#8221;default&#8221; global_colors_info=&#8221;{}&#8221;][et_pb_column type=&#8221;4_4&#8243; _builder_version=&#8221;4.24.2&#8243; _module_preset=&#8221;default&#8221; global_colors_info=&#8221;{}&#8221;][et_pb_video src=&#8221;https:\/\/blogsaverroes.juntadeandalucia.es\/rupertofernandeztenllado\/files\/2024\/09\/WhatsApp-Video-2024-09-09-at-17.49.45.mp4&#8243; _builder_version=&#8221;4.24.2&#8243; _module_preset=&#8221;default&#8221; global_colors_info=&#8221;{}&#8221;][\/et_pb_video][\/et_pb_column][\/et_pb_row][et_pb_row _builder_version=&#8221;4.16&#8243; _module_preset=&#8221;default&#8221; global_colors_info=&#8221;{}&#8221;][et_pb_column type=&#8221;4_4&#8243; _builder_version=&#8221;4.16&#8243; _module_preset=&#8221;default&#8221; global_colors_info=&#8221;{}&#8221;][et_pb_video src=&#8221;https:\/\/blogsaverroes.juntadeandalucia.es\/rupertofernandeztenllado\/files\/2023\/12\/Christmas.mp4&#8243; _builder_version=&#8221;4.16&#8243; _module_preset=&#8221;default&#8221; global_colors_info=&#8221;{}&#8221;][\/et_pb_video][\/et_pb_column][\/et_pb_row][\/et_pb_section]<\/p>\n","protected":false},"excerpt":{"rendered":"<p>Correo electr\u00f3nico: ampalarondarute@gmail.com Instagram: @ampalaronda &nbsp;SARDINITA RUPERTO 2025 Este a\u00f1o nos estren\u00e1bamos en fabricar una sardinita\u2026Menudo reto!! Y ahora vi\u00e9ndolo a posteriori\u2026m\u00e1s! Sabiendo lo resistente que tiene que hacerse!!! Decidimos inspirarnos en el proyecto del cole \u201cUn mundo Ideal\u201d fabricando una Sardina Genial!! La cual hiciera los sue\u00f1os de nuestros peque\u00f1os carnavaleros realidad!!! Estos plasmaron [&hellip;]<\/p>\n","protected":false},"author":7051,"featured_media":0,"parent":0,"menu_order":0,"comment_status":"closed","ping_status":"closed","template":"","meta":{"_et_pb_use_builder":"on","_et_pb_old_content":"","_et_gb_content_width":"","ngg_post_thumbnail":0,"footnotes":""},"aioseo_notices":[],"_links":{"self":[{"href":"https:\/\/blogsaverroes.juntadeandalucia.es\/rupertofernandeztenllado\/wp-json\/wp\/v2\/pages\/30"}],"collection":[{"href":"https:\/\/blogsaverroes.juntadeandalucia.es\/rupertofernandeztenllado\/wp-json\/wp\/v2\/pages"}],"about":[{"href":"https:\/\/blogsaverroes.juntadeandalucia.es\/rupertofernandeztenllado\/wp-json\/wp\/v2\/types\/page"}],"author":[{"embeddable":true,"href":"https:\/\/blogsaverroes.juntadeandalucia.es\/rupertofernandeztenllado\/wp-json\/wp\/v2\/users\/7051"}],"replies":[{"embeddable":true,"href":"https:\/\/blogsaverroes.juntadeandalucia.es\/rupertofernandeztenllado\/wp-json\/wp\/v2\/comments?post=30"}],"version-history":[{"count":25,"href":"https:\/\/blogsaverroes.juntadeandalucia.es\/rupertofernandeztenllado\/wp-json\/wp\/v2\/pages\/30\/revisions"}],"predecessor-version":[{"id":2300,"href":"https:\/\/blogsaverroes.juntadeandalucia.es\/rupertofernandeztenllado\/wp-json\/wp\/v2\/pages\/30\/revisions\/2300"}],"wp:attachment":[{"href":"https:\/\/blogsaverroes.juntadeandalucia.es\/rupertofernandeztenllado\/wp-json\/wp\/v2\/media?parent=30"}],"curies":[{"name":"wp","href":"https:\/\/api.w.org\/{rel}","templated":true}]}}