{"id":343,"date":"2022-02-28T14:38:16","date_gmt":"2022-02-28T14:38:16","guid":{"rendered":"https:\/\/blogsaverroes.juntadeandalucia.es\/rutapoesia\/?page_id=343"},"modified":"2022-02-28T14:38:30","modified_gmt":"2022-02-28T14:38:30","slug":"segundo-ciclo","status":"publish","type":"page","link":"https:\/\/blogsaverroes.juntadeandalucia.es\/rutapoesia\/programacion\/segundo-ciclo\/","title":{"rendered":"Segundo Ciclo"},"content":{"rendered":"<p><b>SEGUNDO CICLO&nbsp;<\/b><\/p>\n<p><b>Criterios de evaluaci\u00f3n&nbsp;<\/b><\/p>\n<p><b><i>Competencia espec\u00edfica 1&nbsp;<\/i><\/b><\/p>\n<p><span style=\"font-weight: 400\">1.1.Mostrar inter\u00e9s y respeto por las distintas lenguas y variedades dialectales&nbsp; de su entorno, incluidas las lenguas de signos, identificando algunas&nbsp; expresiones de uso cotidiano.&nbsp;<\/span><\/p>\n<p><span style=\"font-weight: 400\">1.2.Identificar, con cierta autonom\u00eda y en contextos pr\u00f3ximos, prejuicios y&nbsp; estereotipos ling\u00fc\u00edsticos frecuentes, reconociendo la pluralidad ling\u00fc\u00edstica de&nbsp; su entorno como una fuente de riqueza cultural.&nbsp;<\/span><\/p>\n<p><b><i>Competencia espec\u00edfica 2&nbsp;<\/i><\/b><\/p>\n<p><span style=\"font-weight: 400\">2.1. Comprender el sentido de textos orales y multimodales sencillos,&nbsp; reconociendo las ideas principales, los mensajes expl\u00edcitos y los mensajes&nbsp; impl\u00edcitos m\u00e1s sencillos, y progresando, de manera acompa\u00f1ada, en la&nbsp; valoraci\u00f3n cr\u00edtica del contenido y de los elementos no verbales elementales.&nbsp;<\/span><\/p>\n<p><b><i>Competencia espec\u00edfica 3&nbsp;<\/i><\/b><\/p>\n<p><span style=\"font-weight: 400\">3.1.Producir textos orales y multimodales coherentes, con planificaci\u00f3n&nbsp; acompa\u00f1ada, ajustando el discurso a la situaci\u00f3n comunicativa y utilizando&nbsp; recursos no verbales b\u00e1sicos.&nbsp;<\/span><\/p>\n<p><span style=\"font-weight: 400\">3.2.Participar en interacciones orales espont\u00e1neas o regladas, respetando las&nbsp; normas b\u00e1sicas de la cortes\u00eda ling\u00fc\u00edstica e inici\u00e1ndose en estrategias de&nbsp; escucha activa.&nbsp;<\/span><\/p>\n<p><b><i>Competencia espec\u00edfica 4&nbsp;<\/i><\/b><\/p>\n<p><span style=\"font-weight: 400\">4.1.Leer de manera silenciosa y en voz alta textos escritos y multimodales&nbsp; sencillos, identificando el sentido global y la informaci\u00f3n relevante e&nbsp; integrando, de manera acompa\u00f1ada, la informaci\u00f3n expl\u00edcita.&nbsp;<\/span><\/p>\n<p><span style=\"font-weight: 400\">4.2.Analizar, de manera acompa\u00f1ada, el contenido y aspectos formales y no&nbsp; verbales elementales de textos escritos y multimodales, valorando su&nbsp; contenido y estructura e inici\u00e1ndose en la evaluaci\u00f3n de su fiabilidad.&nbsp;<\/span><\/p>\n<p><b><i>Competencia espec\u00edfica 5<\/i><\/b><\/p>\n<p><span style=\"font-weight: 400\">5.1.Producir textos escritos y multimodales sencillos y coherentes, en distintos&nbsp; soportes, seleccionado el modelo discursivo que mejor responda a cada&nbsp; situaci\u00f3n comunicativa, inici\u00e1ndose en el uso de las normas gramaticales y&nbsp; ortogr\u00e1ficas m\u00e1s sencillas y progresando, de manera acompa\u00f1ada, en la&nbsp; movilizaci\u00f3n de estrategias sencillas, individuales o grupales, de&nbsp; planificaci\u00f3n, redacci\u00f3n, revisi\u00f3n y edici\u00f3n.&nbsp;<\/span><\/p>\n<p><b><i>Competencia espec\u00edfica 6&nbsp;<\/i><\/b><\/p>\n<p><span style=\"font-weight: 400\">6.1.Compartir los resultados de un proceso de investigaci\u00f3n sencillo, individual&nbsp; o grupal, sobre alg\u00fan tema de inter\u00e9s personal o ecosocial, realizado de&nbsp; manera acompa\u00f1ada, que implique la localizaci\u00f3n, selecci\u00f3n y contraste de&nbsp; informaci\u00f3n de distintas fuentes, incluidas las digitales, cit\u00e1ndolas y&nbsp; recre\u00e1ndolas mediante la adaptaci\u00f3n creativa de modelos dados.&nbsp;<\/span><\/p>\n<p><b><i>Competencia espec\u00edfica 7&nbsp;<\/i><\/b><\/p>\n<p><span style=\"font-weight: 400\">7.1.Leer de manera aut\u00f3noma o acompa\u00f1ada textos de diversos autores y&nbsp; autoras, ajustados a sus gustos e intereses y seleccionados con creciente&nbsp; autonom\u00eda, avanzando en la construcci\u00f3n de su identidad lectora.&nbsp;<\/span><\/p>\n<p><span style=\"font-weight: 400\">7.2.Compartir la experiencia de lectura, en soportes diversos, participando en&nbsp; comunidades lectoras en el \u00e1mbito escolar.&nbsp;<\/span><\/p>\n<p><b><i>Competencia espec\u00edfica 8&nbsp;<\/i><\/b><\/p>\n<p><span style=\"font-weight: 400\">8.1. Escuchar y leer textos variados de la literatura infantil universal, que recojan&nbsp; diversidad de autores y autoras, relacion\u00e1ndolos en funci\u00f3n de temas y&nbsp; aspectos elementales del g\u00e9nero literario, e interpret\u00e1ndolos y&nbsp; relacion\u00e1ndolos con otras manifestaciones art\u00edsticas o culturales de manera&nbsp; acompa\u00f1ada.&nbsp;<\/span><\/p>\n<p><span style=\"font-weight: 400\">8.2. Producir, de manera acompa\u00f1ada, textos sencillos individuales o colectivos&nbsp; con intenci\u00f3n literaria, recreando de manera personal los modelos dados, en&nbsp; distintos soportes y complement\u00e1ndolos con otros lenguajes art\u00edsticos.&nbsp;<\/span><\/p>\n<p><b><i>Competencia espec\u00edfica 9&nbsp;<\/i><\/b><\/p>\n<p><span style=\"font-weight: 400\">9.1.Formular conclusiones elementales sobre el funcionamiento de la lengua,&nbsp; prestando especial atenci\u00f3n a la relaci\u00f3n entre el sujeto y el verbo, a partir&nbsp; de la observaci\u00f3n, comparaci\u00f3n y manipulaci\u00f3n de palabras, enunciados y&nbsp; textos, en un proceso acompa\u00f1ado de producci\u00f3n o comprensi\u00f3n de textos&nbsp; en contextos significativos.&nbsp;<\/span><\/p>\n<p><span style=\"font-weight: 400\">9.2.Revisar y mejorar los textos propios y ajenos y subsanar algunos problemas&nbsp; de comprensi\u00f3n lectora, de manera acompa\u00f1ada, a partir de la reflexi\u00f3n&nbsp; metaling\u00fc\u00edstica y usando la terminolog\u00eda b\u00e1sica adecuada.&nbsp;<\/span><\/p>\n<p><b><i>Competencia espec\u00edfica 10&nbsp;<\/i><\/b><\/p>\n<p><span style=\"font-weight: 400\">10.1.Rechazar los usos ling\u00fc\u00edsticos discriminatorios e identificar los abusos de&nbsp; poder a trav\u00e9s de la palabra a partir de la reflexi\u00f3n grupal acompa\u00f1ada&nbsp; sobre los aspectos b\u00e1sicos, verbales y no verbales, de la comunicaci\u00f3n,&nbsp; teniendo en cuenta una perspectiva de g\u00e9nero.&nbsp;<\/span><\/p>\n<p><span style=\"font-weight: 400\">10.2.Movilizar, con la planificaci\u00f3n y el acompa\u00f1amiento necesarios, estrategias&nbsp; b\u00e1sicas para la comunicaci\u00f3n asertiva y el consenso, progresando en la&nbsp; gesti\u00f3n dialogada de conflictos.&nbsp;<\/span><\/p>\n<p><b>Saberes b\u00e1sicos&nbsp;<\/b><\/p>\n<ol>\n<li><span style=\"font-weight: 400\"> Las lenguas y sus hablantes.&nbsp;&nbsp;<\/span><\/li>\n<\/ol>\n<p><span style=\"font-weight: 400\">\u2212 <\/span><span style=\"font-weight: 400\">Biograf\u00eda ling\u00fc\u00edstica personal y mapa ling\u00fc\u00edstico local.&nbsp;&nbsp;<\/span><\/p>\n<p><span style=\"font-weight: 400\">\u2212 <\/span><span style=\"font-weight: 400\">La diversidad etno-cultural y ling\u00fc\u00edstica como riqueza y herramienta de&nbsp; reflexi\u00f3n interling\u00fc\u00edstica.&nbsp;<\/span><\/p>\n<p><span style=\"font-weight: 400\">\u2212 <\/span><span style=\"font-weight: 400\">Identificaci\u00f3n de prejuicios y estereotipos ling\u00fc\u00edsticos.&nbsp;&nbsp;<\/span><\/p>\n<p><span style=\"font-weight: 400\">\u2212 <\/span><span style=\"font-weight: 400\">Uso de un lenguaje no discriminatorio y respetuoso con las diferencias. <\/span><\/p>\n<p>&nbsp;<\/p>\n<p><span style=\"font-weight: 400\">B. Comunicaci\u00f3n.&nbsp;<\/span><\/p>\n<ol>\n<li><span style=\"font-weight: 400\"> Saberes comunes:&nbsp;<\/span><\/li>\n<\/ol>\n<p><span style=\"font-weight: 400\">\u2212 <\/span><span style=\"font-weight: 400\">Incidencia de los componentes (situaci\u00f3n, participantes, prop\u00f3sito&nbsp; comunicativo, canal) en el acto comunicativo.&nbsp;<\/span><\/p>\n<p><span style=\"font-weight: 400\">\u2212 <\/span><span style=\"font-weight: 400\">Estrategias para la coherencia y la cohesi\u00f3n.&nbsp;<\/span><\/p>\n<p><span style=\"font-weight: 400\">\u2212 <\/span><span style=\"font-weight: 400\">Elementos b\u00e1sicos de contenido (tema, f\u00f3rmulas fijas, l\u00e9xico) y forma&nbsp; (estructura, formato, t\u00edtulo, im\u00e1genes).&nbsp;&nbsp;<\/span><\/p>\n<p><span style=\"font-weight: 400\">\u2212 <\/span><span style=\"font-weight: 400\">Intenci\u00f3n comunicativa y claves de la tipolog\u00eda textual b\u00e1sica: narraci\u00f3n,&nbsp; descripci\u00f3n, di\u00e1logo y exposici\u00f3n.&nbsp;<\/span><\/p>\n<ol start=\"2\">\n<li><span style=\"font-weight: 400\"> Comunicaci\u00f3n e interacci\u00f3n oral:&nbsp;<\/span><\/li>\n<\/ol>\n<p><span style=\"font-weight: 400\">\u2212 <\/span><span style=\"font-weight: 400\">Pronunciaci\u00f3n y entonaci\u00f3n adecuadas.&nbsp;&nbsp;<\/span><\/p>\n<p><span style=\"font-weight: 400\">\u2212 <\/span><span style=\"font-weight: 400\">Interacci\u00f3n oral adecuada en situaciones de aula y en contextos formales&nbsp; elementales, movilizando estrategias b\u00e1sicas de cortes\u00eda ling\u00fc\u00edstica. <\/span><span style=\"font-weight: 400\">\u2212 <\/span><span style=\"font-weight: 400\">Estrategias de escucha activa y asertividad para la resoluci\u00f3n dialogada&nbsp; de los conflictos, teniendo en cuenta la perspectiva de g\u00e9nero. <\/span><span style=\"font-weight: 400\">\u2212 <\/span><span style=\"font-weight: 400\">Detecci\u00f3n de posibles usos discriminatorios del lenguaje verbal y no&nbsp; verbal.&nbsp;<\/span><\/p>\n<p><span style=\"font-weight: 400\">\u2212 <\/span><span style=\"font-weight: 400\">Construcci\u00f3n, valoraci\u00f3n y comunicaci\u00f3n de conocimiento mediante la&nbsp; planificaci\u00f3n y producci\u00f3n acompa\u00f1ada de textos orales y multimodales&nbsp; sencillos.&nbsp;<\/span><\/p>\n<p><span style=\"font-weight: 400\">\u2212 <\/span><span style=\"font-weight: 400\">Estrategias de identificaci\u00f3n e interpretaci\u00f3n del sentido global del texto y&nbsp; de integraci\u00f3n de la informaci\u00f3n expl\u00edcita de textos sociales orales y&nbsp; multimodales sencillos.&nbsp;&nbsp;<\/span><\/p>\n<p><span style=\"font-weight: 400\">\u2212 <\/span><span style=\"font-weight: 400\">Estrategias de interpretaci\u00f3n de elementos b\u00e1sicos de la comunicaci\u00f3n no&nbsp; verbal.&nbsp;<\/span><\/p>\n<ol start=\"3\">\n<li><span style=\"font-weight: 400\"> Comprensi\u00f3n lectora:&nbsp;<\/span><\/li>\n<\/ol>\n<p><span style=\"font-weight: 400\">\u2212 <\/span><span style=\"font-weight: 400\">Lectura individual con entonaci\u00f3n y ritmo adecuados al desarrollo cognitivo.&nbsp;&nbsp;<\/span><\/p>\n<p><span style=\"font-weight: 400\">\u2212 <\/span><span style=\"font-weight: 400\">Elementos gr\u00e1ficos, textuales y paratextuales progresivamente complejos&nbsp; que favorecen la comprensi\u00f3n antes, durante y despu\u00e9s de la experiencia&nbsp; lectora.&nbsp;&nbsp;<\/span><\/p>\n<p><span style=\"font-weight: 400\">\u2212 <\/span><span style=\"font-weight: 400\">Estrategias b\u00e1sicas de comprensi\u00f3n del sentido general y de integraci\u00f3n&nbsp; de manera acompa\u00f1ada de la informaci\u00f3n expl\u00edcita de textos de fuentes&nbsp;<\/span><span style=\"font-weight: 400\">documentales diversas en procesos de comprensi\u00f3n y producci\u00f3n de textos escritos.&nbsp;&nbsp;<\/span><\/p>\n<p><span style=\"font-weight: 400\">\u2212 <\/span><span style=\"font-weight: 400\">Estrategias b\u00e1sicas de uso de fuentes documentales diversas, tanto en&nbsp; papel como digitales, para mejorar la comprensi\u00f3n de los textos. <\/span><\/p>\n<p><span style=\"font-weight: 400\">\u2212 <\/span><span style=\"font-weight: 400\">Detecci\u00f3n de usos discriminatorios del lenguaje verbal e ic\u00f3nico.&nbsp;<\/span><\/p>\n<ol start=\"4\">\n<li><span style=\"font-weight: 400\"> Producci\u00f3n escrita:&nbsp;&nbsp;<\/span><\/li>\n<\/ol>\n<p><span style=\"font-weight: 400\">\u2212 <\/span><span style=\"font-weight: 400\">Presentaci\u00f3n cuidada y aplicaci\u00f3n de las normas ortogr\u00e1ficas b\u00e1sicas. <\/span><\/p>\n<p><span style=\"font-weight: 400\">\u2212 <\/span><span style=\"font-weight: 400\">Modelos y estrategias elementales, individuales o grupales, de&nbsp; planificaci\u00f3n, redacci\u00f3n, revisi\u00f3n y edici\u00f3n de textos escritos y&nbsp; multimodales sencillos, en diferentes soportes, con distintos prop\u00f3sitos&nbsp; comunicativos.&nbsp;<\/span><\/p>\n<p><span style=\"font-weight: 400\">\u2212 <\/span><span style=\"font-weight: 400\">Estrategias b\u00e1sicas de uso de fuentes documentales diversas, tanto en&nbsp; papel como digitales, para mejorar la expresi\u00f3n escrita.&nbsp;<\/span><\/p>\n<p><span style=\"font-weight: 400\">\u2212 <\/span><span style=\"font-weight: 400\">Elementos gr\u00e1ficos y paratextuales sencillos que faciliten la organizaci\u00f3n&nbsp; y comprensi\u00f3n del texto.&nbsp;<\/span><\/p>\n<ol start=\"5\">\n<li><span style=\"font-weight: 400\"> Alfabetizaci\u00f3n informacional:&nbsp;<\/span><\/li>\n<\/ol>\n<p><span style=\"font-weight: 400\">\u2212 <\/span><span style=\"font-weight: 400\">Estrategias b\u00e1sicas para la b\u00fasqueda guiada de informaci\u00f3n en fuentes&nbsp; documentales variadas y con distintos soportes y formatos con criterios&nbsp; de fiabilidad. Hechos y opiniones.&nbsp;<\/span><\/p>\n<p><span style=\"font-weight: 400\">\u2212 <\/span><span style=\"font-weight: 400\">Estrategias y t\u00e9cnicas para comparar y organizar la informaci\u00f3n.&nbsp; <\/span><\/p>\n<p><span style=\"font-weight: 400\">\u2212 <\/span><span style=\"font-weight: 400\">Modelos expl\u00edcitos para reelaborar la informaci\u00f3n.&nbsp;<\/span><\/p>\n<p><span style=\"font-weight: 400\">\u2212 <\/span><span style=\"font-weight: 400\">Comunicaci\u00f3n creativa del conocimiento, con respeto a la propiedad&nbsp; intelectual.&nbsp;<\/span><\/p>\n<p><span style=\"font-weight: 400\">\u2212 <\/span><span style=\"font-weight: 400\">Utilizaci\u00f3n de la biblioteca y los recursos digitales del aula o del centro.&nbsp;<\/span><\/p>\n<ol>\n<li><span style=\"font-weight: 400\"> Educaci\u00f3n literaria:&nbsp;<\/span><\/li>\n<\/ol>\n<p><span style=\"font-weight: 400\">\u2212 <\/span><span style=\"font-weight: 400\">Lectura acompa\u00f1ada de obras o fragmentos variados y diversos de la&nbsp; literatura infantil, adecuados a sus intereses y organizados en itinerarios&nbsp; lectores.&nbsp;<\/span><\/p>\n<p><span style=\"font-weight: 400\">\u2212 <\/span><span style=\"font-weight: 400\">Estrategias b\u00e1sicas para la interpretaci\u00f3n acompa\u00f1ada y compartida de&nbsp; las obras a trav\u00e9s de conversaciones literarias.&nbsp;<\/span><\/p>\n<p><span style=\"font-weight: 400\">\u2212 <\/span><span style=\"font-weight: 400\">Los elementos constitutivos esenciales de la obra literaria (tema,&nbsp; protagonista, personajes secundarios, trama, escenario, lenguaje) en la&nbsp; construcci\u00f3n del sentido de la obra.&nbsp;&nbsp;<\/span><\/p>\n<p><span style=\"font-weight: 400\">\u2212 <\/span><span style=\"font-weight: 400\">An\u00e1lisis guiado de los recursos expresivos y sus efectos en la recepci\u00f3n&nbsp; del texto.&nbsp;<\/span><\/p>\n<p><span style=\"font-weight: 400\">\u2212 <\/span><span style=\"font-weight: 400\">Relaci\u00f3n entre los textos le\u00eddos y otras manifestaciones art\u00edsticas y&nbsp; culturales.&nbsp;&nbsp;<\/span><\/p>\n<p><span style=\"font-weight: 400\">\u2212 <\/span><span style=\"font-weight: 400\">Construcci\u00f3n de la identidad lectora. Estrategias para la expresi\u00f3n de&nbsp; gustos e intereses e iniciaci\u00f3n a la valoraci\u00f3n argumentada de las obras. <\/span><\/p>\n<p><span style=\"font-weight: 400\">\u2212 <\/span><span style=\"font-weight: 400\">Lectura expresiva, dramatizaci\u00f3n o interpretaci\u00f3n de fragmentos&nbsp;<\/span><span style=\"font-weight: 400\">atendiendo a los procesos de comprensi\u00f3n y al nivel de desarrollo.&nbsp; <\/span><span style=\"font-weight: 400\">\u2212 <\/span><span style=\"font-weight: 400\">Elaboraci\u00f3n de textos con intenci\u00f3n literaria de manera libre, a partir de&nbsp; modelos dados o recreando textos literarios.&nbsp;&nbsp;<\/span><\/p>\n<p><span style=\"font-weight: 400\">\u2212 <\/span><span style=\"font-weight: 400\">Funcionamiento de la biblioteca de aula o de centro como escenario de&nbsp; actividades literarias compartidas. Comunidades lectoras.&nbsp;<\/span><\/p>\n<ol>\n<li><span style=\"font-weight: 400\"> Reflexi\u00f3n sobre la lengua y sus usos en el marco de propuestas de producci\u00f3n&nbsp; y comprensi\u00f3n de textos orales, escritos o multimodales:&nbsp;&nbsp;<\/span><\/li>\n<\/ol>\n<p><span style=\"font-weight: 400\">\u2212 <\/span><span style=\"font-weight: 400\">Aproximaci\u00f3n a la lengua como sistema con distintos niveles: sonidos y&nbsp; letras, palabras, oraciones y textos. Observaci\u00f3n y comparaci\u00f3n de&nbsp; unidades comunicativas b\u00e1sicas.&nbsp;<\/span><\/p>\n<p><span style=\"font-weight: 400\">\u2212 <\/span><span style=\"font-weight: 400\">Estrategias para la elaboraci\u00f3n guiada de conclusiones propias sobre el&nbsp; sistema ling\u00fc\u00edstico. Transformaci\u00f3n de enunciados (sustituci\u00f3n, cambio&nbsp; de orden, manipulaci\u00f3n), formulaci\u00f3n y comprobaci\u00f3n de hip\u00f3tesis y&nbsp; contrastes entre distintas lenguas. Establecimiento de generalizaciones&nbsp; sobre aspectos ling\u00fc\u00edsticos elementales, prestando especial atenci\u00f3n a&nbsp; las relaciones que se establecen entre nombres, adjetivos y verbos,&nbsp; utilizando un metalenguaje espec\u00edfico elemental.&nbsp;&nbsp;<\/span><\/p>\n<p><span style=\"font-weight: 400\">\u2212 <\/span><span style=\"font-weight: 400\">Procedimientos elementales de adquisici\u00f3n de vocabulario. Similitudes y&nbsp; diferencias de forma y significado entre palabras de la misma familia l\u00e9xica&nbsp; o sem\u00e1ntica.&nbsp;&nbsp;<\/span><\/p>\n<p><span style=\"font-weight: 400\">\u2212 <\/span><span style=\"font-weight: 400\">Los signos de puntuaci\u00f3n como mecanismos para organizar el texto&nbsp; escrito y para expresar la intenci\u00f3n comunicativa.&nbsp;&nbsp;<\/span><\/p>\n<p><span style=\"font-weight: 400\">\u2212 <\/span><span style=\"font-weight: 400\">Mecanismos de coherencia y cohesi\u00f3n elementales, con especial&nbsp; atenci\u00f3n a las repeticiones y sin\u00f3nimos, y al orden de oraciones y&nbsp; p\u00e1rrafos.&nbsp;<\/span><\/p>\n<p><span style=\"font-weight: 400\">\u2212 <\/span><span style=\"font-weight: 400\">Estrategias elementales para el uso guiado de diccionarios, en distintos&nbsp; soportes.&nbsp;<\/span><\/p>\n<ol start=\"5\">\n<li><span style=\"font-weight: 400\"> Mecanismos de cohesi\u00f3n, con especial atenci\u00f3n a los conectores textuales&nbsp; explicativos y a las sustituciones pronominales como mecanismo gramatical&nbsp; elemental de referencia interna.&nbsp;&nbsp;<\/span><\/li>\n<\/ol>\n","protected":false},"excerpt":{"rendered":"<p>SEGUNDO CICLO&nbsp; Criterios de evaluaci\u00f3n&nbsp; Competencia espec\u00edfica 1&nbsp; 1.1.Mostrar inter\u00e9s y respeto por las distintas lenguas y variedades dialectales&nbsp; de su entorno, incluidas las lenguas&hellip;<\/p>\n","protected":false},"author":8383,"featured_media":0,"parent":331,"menu_order":2,"comment_status":"closed","ping_status":"closed","template":"","meta":{"ngg_post_thumbnail":0,"footnotes":""},"aioseo_notices":[],"_links":{"self":[{"href":"https:\/\/blogsaverroes.juntadeandalucia.es\/rutapoesia\/wp-json\/wp\/v2\/pages\/343"}],"collection":[{"href":"https:\/\/blogsaverroes.juntadeandalucia.es\/rutapoesia\/wp-json\/wp\/v2\/pages"}],"about":[{"href":"https:\/\/blogsaverroes.juntadeandalucia.es\/rutapoesia\/wp-json\/wp\/v2\/types\/page"}],"author":[{"embeddable":true,"href":"https:\/\/blogsaverroes.juntadeandalucia.es\/rutapoesia\/wp-json\/wp\/v2\/users\/8383"}],"replies":[{"embeddable":true,"href":"https:\/\/blogsaverroes.juntadeandalucia.es\/rutapoesia\/wp-json\/wp\/v2\/comments?post=343"}],"version-history":[{"count":1,"href":"https:\/\/blogsaverroes.juntadeandalucia.es\/rutapoesia\/wp-json\/wp\/v2\/pages\/343\/revisions"}],"predecessor-version":[{"id":344,"href":"https:\/\/blogsaverroes.juntadeandalucia.es\/rutapoesia\/wp-json\/wp\/v2\/pages\/343\/revisions\/344"}],"up":[{"embeddable":true,"href":"https:\/\/blogsaverroes.juntadeandalucia.es\/rutapoesia\/wp-json\/wp\/v2\/pages\/331"}],"wp:attachment":[{"href":"https:\/\/blogsaverroes.juntadeandalucia.es\/rutapoesia\/wp-json\/wp\/v2\/media?parent=343"}],"curies":[{"name":"wp","href":"https:\/\/api.w.org\/{rel}","templated":true}]}}