{"id":345,"date":"2022-02-28T14:40:04","date_gmt":"2022-02-28T14:40:04","guid":{"rendered":"https:\/\/blogsaverroes.juntadeandalucia.es\/rutapoesia\/?page_id=345"},"modified":"2022-03-01T02:48:16","modified_gmt":"2022-03-01T02:48:16","slug":"tercer-ciclo","status":"publish","type":"page","link":"https:\/\/blogsaverroes.juntadeandalucia.es\/rutapoesia\/programacion\/tercer-ciclo\/","title":{"rendered":"Tercer Ciclo"},"content":{"rendered":"<p><b>TERCER CICLO&nbsp;<\/b><\/p>\n<p><b>Criterios de evaluaci\u00f3n&nbsp;<\/b><\/p>\n<p><b><i>Competencia espec\u00edfica 1&nbsp;<\/i><\/b><\/p>\n<p><span style=\"font-weight: 400\">1.1. Mostrar inter\u00e9s y respeto por las distintas lenguas y variedades dialectales,&nbsp; incluidas las lenguas de signos, identificando las caracter\u00edsticas&nbsp; fundamentales de las de su entorno geogr\u00e1fico, as\u00ed como algunos rasgos&nbsp; de los dialectos y lenguas familiares del alumnado.&nbsp;<\/span><\/p>\n<p><span style=\"font-weight: 400\">1.2. Detectar, con autonom\u00eda creciente y en contextos pr\u00f3ximos, prejuicios y&nbsp; estereotipos ling\u00fc\u00edsticos frecuentes, valorando la pluralidad ling\u00fc\u00edstica del&nbsp; mundo como una fuente de riqueza cultural.<\/span><\/p>\n<p><b><i>Competencia espec\u00edfica 2&nbsp;<\/i><\/b><\/p>\n<p><span style=\"font-weight: 400\">2.1. Comprender el sentido de textos orales y multimodales sencillos,&nbsp; reconociendo las ideas principales y los mensajes expl\u00edcitos e impl\u00edcitos,&nbsp; valorando su contenido y los elementos no verbales elementales y, de&nbsp; manera acompa\u00f1ada, algunos elementos formales elementales.&nbsp;<\/span><\/p>\n<p><b><i>Competencia espec\u00edfica 3&nbsp;<\/i><\/b><\/p>\n<p><span style=\"font-weight: 400\">3.1. Producir textos orales y multimodales de manera aut\u00f3noma, coherente y&nbsp; fluida, en contextos formales sencillos y utilizando correctamente recursos&nbsp; verbales y no verbales b\u00e1sicos.&nbsp;<\/span><\/p>\n<p><span style=\"font-weight: 400\">3.2. Participar en interacciones orales espont\u00e1neas o regladas, respetando las&nbsp; normas de la cortes\u00eda ling\u00fc\u00edstica y desarrollando estrategias sencillas de&nbsp; escucha activa y de cooperaci\u00f3n conversacional.&nbsp;<\/span><\/p>\n<p><b><i>Competencia espec\u00edfica 4&nbsp;<\/i><\/b><\/p>\n<p><span style=\"font-weight: 400\">4.1.Leer de manera silenciosa y en voz alta textos escritos y multimodales&nbsp; sencillos, identificando el sentido global y la informaci\u00f3n relevante,&nbsp; realizando inferencias directas de manera acompa\u00f1ada y superando la&nbsp; interpretaci\u00f3n literal.&nbsp;<\/span><\/p>\n<p><span style=\"font-weight: 400\">4.2.Analizar, de manera acompa\u00f1ada, el contenido y aspectos formales y no&nbsp; verbales elementales de textos escritos y multimodales, valorando su&nbsp; contenido y estructura y evaluando su calidad, fiabilidad e idoneidad en&nbsp; funci\u00f3n del prop\u00f3sito de lectura.&nbsp;<\/span><\/p>\n<p><b><i>Competencia espec\u00edfica 5&nbsp;<\/i><\/b><\/p>\n<p><span style=\"font-weight: 400\">5.1.Producir textos escritos y multimodales coherentes de relativa complejidad,&nbsp; en distintos soportes, seleccionando el modelo discursivo que mejor&nbsp; responda a cada situaci\u00f3n comunicativa, progresando en el uso de las&nbsp; normas gramaticales y ortogr\u00e1ficas b\u00e1sicas y movilizando, de manera&nbsp; puntualmente acompa\u00f1ada, estrategias sencillas, individuales o grupales, de&nbsp; planificaci\u00f3n, redacci\u00f3n, revisi\u00f3n y edici\u00f3n.&nbsp;<\/span><\/p>\n<p><b><i>Competencia espec\u00edfica 6&nbsp;<\/i><\/b><\/p>\n<p><span style=\"font-weight: 400\">6.1.Compartir los resultados de un proceso de investigaci\u00f3n sencillo, individual&nbsp; o grupal, sobre alg\u00fan tema de inter\u00e9s personal o ecosocial, realizado de&nbsp; manera acompa\u00f1ada, que implique la localizaci\u00f3n, selecci\u00f3n y contraste de&nbsp; informaci\u00f3n de distintas fuentes, incluidas las digitales, cit\u00e1ndolas y&nbsp; recre\u00e1ndolas de manera creativa.&nbsp;<\/span><\/p>\n<p><b><i>Competencia espec\u00edfica 7&nbsp;<\/i><\/b><\/p>\n<p><span style=\"font-weight: 400\">7.1. Leer de manera aut\u00f3noma textos de diversos autores y autoras ajustados&nbsp; a sus gustos e intereses, seleccionados con criterio propio, progresando en&nbsp; la construcci\u00f3n de su identidad lectora.&nbsp;<\/span><\/p>\n<p><span style=\"font-weight: 400\">7.2. Compartir la experiencia de lectura, en soportes diversos, participando en&nbsp; comunidades lectoras en el \u00e1mbito escolar o social.&nbsp;<\/span><\/p>\n<p><b><i>Competencia espec\u00edfica 8&nbsp;<\/i><\/b><\/p>\n<p><span style=\"font-weight: 400\">8.1.Escuchar y leer de manera acompa\u00f1ada textos literarios adecuados a su&nbsp; edad, que recojan diversidad de autores y autoras, relacion\u00e1ndolos en&nbsp; funci\u00f3n de los temas y de aspectos elementales de cada g\u00e9nero literario, e&nbsp;<\/span><span style=\"font-weight: 400\">interpret\u00e1ndolos, valor\u00e1ndolos y relacion\u00e1ndolos con otras manifestaciones&nbsp; art\u00edsticas o culturales de manera progresivamente aut\u00f3noma. 8.2.Producir, de manera progresivamente aut\u00f3noma, textos sencillos&nbsp; individuales o colectivos con intenci\u00f3n literaria, reelaborando con creatividad&nbsp; los modelos dados, en distintos soportes y complement\u00e1ndolos con otros&nbsp; lenguajes art\u00edsticos.&nbsp;<\/span><\/p>\n<p><b><i>Competencia espec\u00edfica 9&nbsp;<\/i><\/b><\/p>\n<p><span style=\"font-weight: 400\">9.1. Formular generalizaciones sobre aspectos b\u00e1sicos del funcionamiento de&nbsp; la lengua de manera acompa\u00f1ada, formulando hip\u00f3tesis y buscando&nbsp; contraejemplos, a partir de la observaci\u00f3n, comparaci\u00f3n y manipulaci\u00f3n de&nbsp; palabras, enunciados y textos, en un proceso acompa\u00f1ado de producci\u00f3n&nbsp; o comprensi\u00f3n de textos en contextos significativos.&nbsp;<\/span><\/p>\n<p><span style=\"font-weight: 400\">9.2. Revisar y mejorar los textos propios y ajenos y subsanar algunos problemas&nbsp; de comprensi\u00f3n lectora, de manera progresivamente aut\u00f3noma, a partir de&nbsp; la reflexi\u00f3n metaling\u00fc\u00edstica y usando la terminolog\u00eda b\u00e1sica adecuada.&nbsp;<\/span><\/p>\n<p><b><i>Competencia espec\u00edfica 10&nbsp;<\/i><\/b><\/p>\n<p><span style=\"font-weight: 400\">10.1.Rechazar los usos ling\u00fc\u00edsticos discriminatorios y los abusos de poder a&nbsp; trav\u00e9s de la palabra identificados mediante la reflexi\u00f3n grupal acompa\u00f1ada&nbsp; sobre distintos aspectos, verbales y no verbales, de la comunicaci\u00f3n,&nbsp; teniendo en cuenta una perspectiva de g\u00e9nero.&nbsp;<\/span><\/p>\n<p><span style=\"font-weight: 400\">10.2.Movilizar, con la planificaci\u00f3n y el acompa\u00f1amiento necesarios, estrategias&nbsp; b\u00e1sicas para la deliberaci\u00f3n argumentada y la gesti\u00f3n dialogada de&nbsp; conflictos, proponiendo soluciones creativas.&nbsp;<\/span><\/p>\n<p><b>Saberes b\u00e1sicos&nbsp;<\/b><\/p>\n<ol>\n<li><span style=\"font-weight: 400\"> Las lenguas y sus hablantes.&nbsp;&nbsp;<\/span><\/li>\n<\/ol>\n<p><span style=\"font-weight: 400\">\u2212 <\/span><span style=\"font-weight: 400\">Biograf\u00eda ling\u00fc\u00edstica personal y mapa ling\u00fc\u00edstico del entorno geogr\u00e1fico.&nbsp; <\/span><\/p>\n<p><span style=\"font-weight: 400\">\u2212 <\/span><span style=\"font-weight: 400\">La diversidad etno-cultural y ling\u00fc\u00edstica como riqueza y herramienta de&nbsp; reflexi\u00f3n interling\u00fc\u00edstica.&nbsp;<\/span><\/p>\n<p><span style=\"font-weight: 400\">\u2212 <\/span><span style=\"font-weight: 400\">Estrategias de identificaci\u00f3n de prejuicios y estereotipos ling\u00fc\u00edsticos.&nbsp; <\/span><\/p>\n<p><span style=\"font-weight: 400\">\u2212 <\/span><span style=\"font-weight: 400\">Uso de un lenguaje no discriminatorio y respetuoso con las diferencias.&nbsp;<\/span><\/p>\n<ol>\n<li><span style=\"font-weight: 400\"> Comunicaci\u00f3n.&nbsp;<\/span><\/li>\n<li><span style=\"font-weight: 400\"> Saberes comunes:&nbsp;<\/span><\/li>\n<\/ol>\n<p><span style=\"font-weight: 400\">\u2212 <\/span><span style=\"font-weight: 400\">Interacciones entre los componentes del hecho comunicativo (situaci\u00f3n,&nbsp; participantes, prop\u00f3sito comunicativo, canal, registro).&nbsp;<\/span><\/p>\n<p><span style=\"font-weight: 400\">\u2212 <\/span><span style=\"font-weight: 400\">Estrategias elementales para la coherencia, cohesi\u00f3n y adecuaci\u00f3n. <\/span><\/p>\n<p><span style=\"font-weight: 400\">\u2212 <\/span><span style=\"font-weight: 400\">Elementos b\u00e1sicos de contenido (tema, f\u00f3rmulas fijas, l\u00e9xico, inferencias&nbsp; de informaci\u00f3n) y forma (estructura, formato, t\u00edtulo, im\u00e1genes, tipograf\u00eda).&nbsp; <\/span><\/p>\n<p><span style=\"font-weight: 400\">\u2212 <\/span><span style=\"font-weight: 400\">Intenci\u00f3n comunicativa y claves de la tipolog\u00eda textual b\u00e1sica: narraci\u00f3n,&nbsp; descripci\u00f3n, di\u00e1logo, exposici\u00f3n y argumentaci\u00f3n.&nbsp;<\/span><\/p>\n<ol start=\"2\">\n<li><span style=\"font-weight: 400\"> Comunicaci\u00f3n e interacci\u00f3n oral:<\/span><\/li>\n<\/ol>\n<p><span style=\"font-weight: 400\">\u2212 <\/span><span style=\"font-weight: 400\">Pronunciaci\u00f3n y entonaci\u00f3n adecuadas en funci\u00f3n del acto comunicativo.&nbsp; <\/span><\/p>\n<p><span style=\"font-weight: 400\">\u2212 <\/span><span style=\"font-weight: 400\">Interacci\u00f3n oral adecuada en situaciones de aula y en contextos formales&nbsp; pautados, con respeto a las estrategias de cortes\u00eda ling\u00fc\u00edstica. <\/span><\/p>\n<p><span style=\"font-weight: 400\">\u2212 <\/span><span style=\"font-weight: 400\">Estrategias de escucha activa, asertividad y propuesta de soluci\u00f3n&nbsp; creativa para la resoluci\u00f3n dialogada de conflictos, teniendo en cuenta la&nbsp; perspectiva de g\u00e9nero.&nbsp;<\/span><\/p>\n<p><span style=\"font-weight: 400\">\u2212 <\/span><span style=\"font-weight: 400\">Estrategias para el uso de un lenguaje no discriminatorio.&nbsp; <\/span><\/p>\n<p><span style=\"font-weight: 400\">\u2212 <\/span><span style=\"font-weight: 400\">Estrategias de identificaci\u00f3n e interpretaci\u00f3n del sentido global, la&nbsp; informaci\u00f3n relevante, la integraci\u00f3n de la informaci\u00f3n expl\u00edcita y la&nbsp; realizaci\u00f3n de inferencias para superar el sentido literal de textos sociales&nbsp; orales y multimodales.&nbsp;&nbsp;<\/span><\/p>\n<p><span style=\"font-weight: 400\">\u2212 <\/span><span style=\"font-weight: 400\">Construcci\u00f3n, comunicaci\u00f3n y valoraci\u00f3n cr\u00edtica de conocimiento&nbsp; mediante la planificaci\u00f3n y producci\u00f3n relativamente aut\u00f3noma de textos&nbsp; orales y multimodales.&nbsp;<\/span><\/p>\n<p><span style=\"font-weight: 400\">\u2212 <\/span><span style=\"font-weight: 400\">Estrategias de interpretaci\u00f3n y uso de elementos b\u00e1sicos de la&nbsp; comunicaci\u00f3n no verbal.&nbsp;<\/span><\/p>\n<ol start=\"3\">\n<li><span style=\"font-weight: 400\"> Comprensi\u00f3n lectora:&nbsp;<\/span><\/li>\n<\/ol>\n<p><span style=\"font-weight: 400\">\u2212 <\/span><span style=\"font-weight: 400\">Lectura compartida y expresiva con entonaci\u00f3n y ritmo fluidos.&nbsp; <\/span><\/p>\n<p><span style=\"font-weight: 400\">\u2212 <\/span><span style=\"font-weight: 400\">Elementos gr\u00e1ficos, textuales y paratextuales progresivamente complejos&nbsp; que favorecen la comprensi\u00f3n antes, durante y despu\u00e9s de la experiencia&nbsp; lectora.&nbsp;&nbsp;<\/span><\/p>\n<p><span style=\"font-weight: 400\">\u2212 <\/span><span style=\"font-weight: 400\">Estrategias de identificaci\u00f3n y valoraci\u00f3n del sentido global del texto, de&nbsp; integraci\u00f3n de la informaci\u00f3n expl\u00edcita y de realizaci\u00f3n de inferencias para&nbsp; superar el sentido literal de textos en fuentes documentales diversas en&nbsp; procesos de comprensi\u00f3n y producci\u00f3n de textos escritos.&nbsp;&nbsp;<\/span><\/p>\n<p><span style=\"font-weight: 400\">\u2212 <\/span><span style=\"font-weight: 400\">Estrategias de uso progresivamente aut\u00f3nomo de recursos ling\u00fc\u00edsticos&nbsp; diversos, tanto en papel como digitales, para mejorar la comprensi\u00f3n de&nbsp; textos.&nbsp;<\/span><\/p>\n<p><span style=\"font-weight: 400\">\u2212 <\/span><span style=\"font-weight: 400\">Estrategias para detectar usos discriminatorios del lenguaje verbal e&nbsp; ic\u00f3nico.&nbsp;<\/span><\/p>\n<ol start=\"4\">\n<li><span style=\"font-weight: 400\"> Producci\u00f3n escrita:&nbsp;&nbsp;<\/span><\/li>\n<\/ol>\n<p><span style=\"font-weight: 400\">\u2212 <\/span><span style=\"font-weight: 400\">Presentaci\u00f3n cuidada. Progreso en la revisi\u00f3n ortogr\u00e1fica de los textos. <\/span><\/p>\n<p><span style=\"font-weight: 400\">\u2212 <\/span><span style=\"font-weight: 400\">Estrategias elementales, individuales o grupales, de planificaci\u00f3n,&nbsp; redacci\u00f3n, revisi\u00f3n y edici\u00f3n de textos escritos y multimodales de relativa&nbsp; complejidad, con distintos prop\u00f3sitos comunicativos.&nbsp;<\/span><\/p>\n<p><span style=\"font-weight: 400\">\u2212 <\/span><span style=\"font-weight: 400\">Estrategias de uso progresivamente aut\u00f3nomo de fuentes documentales&nbsp; diversas, tanto en papel como digitales, para mejorar la expresi\u00f3n escrita. <\/span><\/p>\n<p><span style=\"font-weight: 400\">\u2212 <\/span><span style=\"font-weight: 400\">Elementos gr\u00e1ficos y paratextuales sencillos que faciliten la organizaci\u00f3n&nbsp; y comprensi\u00f3n del texto.&nbsp;<\/span><\/p>\n<p><span style=\"font-weight: 400\">\u2212 <\/span><span style=\"font-weight: 400\">Selecci\u00f3n de g\u00e9nero discursivo seg\u00fan la intenci\u00f3n comunicativa. <\/span><\/p>\n<p><span style=\"font-weight: 400\">\u2212 <\/span><span style=\"font-weight: 400\">Estrategias b\u00e1sicas de uso de fuentes documentales diversas, tanto en&nbsp;<\/span><span style=\"font-weight: 400\">papel como digitales, para mejorar la expresi\u00f3n escrita.&nbsp;<\/span><\/p>\n<p><span style=\"font-weight: 400\">\u2212 <\/span><span style=\"font-weight: 400\">Elementos gr\u00e1ficos y paratextuales sencillos que faciliten la organizaci\u00f3n&nbsp; y comprensi\u00f3n del texto.&nbsp;<\/span><\/p>\n<ol start=\"5\">\n<li><span style=\"font-weight: 400\"> Alfabetizaci\u00f3n informacional:&nbsp;<\/span><\/li>\n<\/ol>\n<p><span style=\"font-weight: 400\">\u2212 <\/span><span style=\"font-weight: 400\">Estrategias de b\u00fasqueda de informaci\u00f3n en fuentes documentales&nbsp; variadas y con distintos soportes y formatos con criterios de fiabilidad y&nbsp; pertinencia.&nbsp;&nbsp;<\/span><\/p>\n<p><span style=\"font-weight: 400\">\u2212 <\/span><span style=\"font-weight: 400\">Distinci\u00f3n entre hechos y opiniones. Estrategias de detecci\u00f3n de la&nbsp; manipulaci\u00f3n informativa.&nbsp;<\/span><\/p>\n<p><span style=\"font-weight: 400\">\u2212 <\/span><span style=\"font-weight: 400\">Estrategias de comparaci\u00f3n, organizaci\u00f3n y valoraci\u00f3n de la informaci\u00f3n.&nbsp; <\/span><\/p>\n<p><span style=\"font-weight: 400\">\u2212 <\/span><span style=\"font-weight: 400\">S\u00edntesis y reelaboraci\u00f3n de conocimientos con apoyo de modelos. <\/span><\/p>\n<p><span style=\"font-weight: 400\">\u2212 <\/span><span style=\"font-weight: 400\">Comunicaci\u00f3n creativa del conocimiento, con respeto por la propiedad&nbsp; intelectual.&nbsp;<\/span><\/p>\n<p><span style=\"font-weight: 400\">\u2212 <\/span><span style=\"font-weight: 400\">Utilizaci\u00f3n de la biblioteca y los recursos digitales del aula o del centro.&nbsp;<\/span><\/p>\n<ol>\n<li><span style=\"font-weight: 400\"> Educaci\u00f3n literaria:&nbsp;<\/span><\/li>\n<\/ol>\n<p><span style=\"font-weight: 400\">\u2212 <\/span><span style=\"font-weight: 400\">Lectura progresivamente aut\u00f3noma de obras o fragmentos variados y&nbsp; diversos de la literatura adecuados a su edad y organizados en itinerarios&nbsp; lectores.&nbsp;<\/span><\/p>\n<p><span style=\"font-weight: 400\">\u2212 <\/span><span style=\"font-weight: 400\">Los elementos constitutivos de la obra literaria (tema, protagonista,&nbsp; personajes secundarios, trama, escenario) en la construcci\u00f3n&nbsp; progresivamente aut\u00f3noma del sentido de la obra.&nbsp;<\/span><\/p>\n<p><span style=\"font-weight: 400\">\u2212 <\/span><span style=\"font-weight: 400\">An\u00e1lisis acompa\u00f1ado de la relaci\u00f3n entre los elementos b\u00e1sicos del g\u00e9nero literario y la construcci\u00f3n del sentido de la obra.&nbsp;&nbsp;<\/span><\/p>\n<p><span style=\"font-weight: 400\">\u2212 <\/span><span style=\"font-weight: 400\">Estrategia para la interpretaci\u00f3n compartida de las obras a trav\u00e9s de&nbsp; conversaciones literarias.&nbsp;<\/span><\/p>\n<p><span style=\"font-weight: 400\">\u2212 <\/span><span style=\"font-weight: 400\">Estrategias b\u00e1sicas para la interpretaci\u00f3n progresivamente aut\u00f3noma de&nbsp; los textos literarios.&nbsp;<\/span><\/p>\n<p><span style=\"font-weight: 400\">\u2212 <\/span><span style=\"font-weight: 400\">Lectura expresiva, dramatizaci\u00f3n o interpretaci\u00f3n de fragmentos&nbsp; atendiendo a los procesos de comprensi\u00f3n y al nivel de desarrollo.&nbsp; <\/span><\/p>\n<p><span style=\"font-weight: 400\">\u2212 <\/span><span style=\"font-weight: 400\">Creaci\u00f3n de textos literarios de manera libre y a partir de la apropiaci\u00f3n y&nbsp; explotaci\u00f3n de los modelos dados.&nbsp;&nbsp;<\/span><\/p>\n<p><span style=\"font-weight: 400\">\u2212 <\/span><span style=\"font-weight: 400\">Progreso en la construcci\u00f3n de la identidad lectora. Estrategias para la&nbsp; expresi\u00f3n de gustos e intereses y para la valoraci\u00f3n cr\u00edtica elemental de&nbsp; las obras.&nbsp;<\/span><\/p>\n<p><span style=\"font-weight: 400\">\u2212 <\/span><span style=\"font-weight: 400\">Relaci\u00f3n entre los textos le\u00eddos y otras manifestaciones art\u00edsticas y&nbsp; culturales.&nbsp;<\/span><\/p>\n<p><span style=\"font-weight: 400\">\u2212 <\/span><span style=\"font-weight: 400\">Funcionamiento de la biblioteca de aula o de centro como escenario de&nbsp; actividades literarias compartidas. Comunidades lectoras.&nbsp;<\/span><\/p>\n<ol>\n<li><span style=\"font-weight: 400\"> Reflexi\u00f3n sobre la lengua y sus usos en el marco de propuestas de producci\u00f3n&nbsp; y comprensi\u00f3n de textos orales, escritos o multimodales.&nbsp;<\/span><\/li>\n<\/ol>\n<p><span style=\"font-weight: 400\">\u2212 <\/span><span style=\"font-weight: 400\">Estrategias para la construcci\u00f3n guiada de conclusiones propias sobre el&nbsp; sistema ling\u00fc\u00edstico. Observaci\u00f3n, transformaci\u00f3n de enunciados&nbsp; (sustituci\u00f3n, inserci\u00f3n, supresi\u00f3n, cambio de orden, manipulaci\u00f3n),&nbsp; formulaci\u00f3n y comprobaci\u00f3n de hip\u00f3tesis y contrastes con otras lenguas.&nbsp;<\/span><\/p>\n<p><span style=\"font-weight: 400\">Establecimiento de generalizaciones sobre aspectos ling\u00fc\u00edsticos&nbsp; elementales, prestando especial atenci\u00f3n al valor expresivo de los&nbsp; determinantes y a las relaciones fundamentales entre los esquemas&nbsp; sem\u00e1ntico y sint\u00e1ctico de la oraci\u00f3n simple, a partir de metalenguaje&nbsp; espec\u00edfico elemental.&nbsp;&nbsp;<\/span><\/p>\n<p><span style=\"font-weight: 400\">\u2212 <\/span><span style=\"font-weight: 400\">Estrategias de observaci\u00f3n y formulaci\u00f3n de generalizaciones sobre la&nbsp; acentuaci\u00f3n.&nbsp;&nbsp;<\/span><\/p>\n<p><span style=\"font-weight: 400\">\u2212 <\/span><span style=\"font-weight: 400\">Procedimientos elementales de adquisici\u00f3n de vocabulario. Mecanismos&nbsp; l\u00e9xicos b\u00e1sicos para la formaci\u00f3n de palabras.&nbsp;&nbsp;<\/span><\/p>\n<p><span style=\"font-weight: 400\">\u2212 <\/span><span style=\"font-weight: 400\">Modalidades oracionales en relaci\u00f3n con su intenci\u00f3n comunicativa.&nbsp; <\/span><\/p>\n<p><span style=\"font-weight: 400\">\u2212 <\/span><span style=\"font-weight: 400\">Mecanismos de coherencia y cohesi\u00f3n elementales, con especial&nbsp; atenci\u00f3n a las sustituciones pronominales como mecanismo gramatical de&nbsp; referencia interna y a la correlaci\u00f3n temporal establecida mediante los&nbsp; distintos tiempos verbales.&nbsp;&nbsp;<\/span><\/p>\n<p><span style=\"font-weight: 400\">\u2212 <\/span><span style=\"font-weight: 400\">Estrategias elementales para el uso progresivamente aut\u00f3nomo de&nbsp; diccionarios, en distintos soportes.<\/span><\/p>\n<p>&nbsp;<\/p>\n","protected":false},"excerpt":{"rendered":"<p>TERCER CICLO&nbsp; Criterios de evaluaci\u00f3n&nbsp; Competencia espec\u00edfica 1&nbsp; 1.1. Mostrar inter\u00e9s y respeto por las distintas lenguas y variedades dialectales,&nbsp; incluidas las lenguas de signos,&hellip;<\/p>\n","protected":false},"author":8383,"featured_media":0,"parent":331,"menu_order":3,"comment_status":"closed","ping_status":"closed","template":"","meta":{"ngg_post_thumbnail":0,"footnotes":""},"aioseo_notices":[],"_links":{"self":[{"href":"https:\/\/blogsaverroes.juntadeandalucia.es\/rutapoesia\/wp-json\/wp\/v2\/pages\/345"}],"collection":[{"href":"https:\/\/blogsaverroes.juntadeandalucia.es\/rutapoesia\/wp-json\/wp\/v2\/pages"}],"about":[{"href":"https:\/\/blogsaverroes.juntadeandalucia.es\/rutapoesia\/wp-json\/wp\/v2\/types\/page"}],"author":[{"embeddable":true,"href":"https:\/\/blogsaverroes.juntadeandalucia.es\/rutapoesia\/wp-json\/wp\/v2\/users\/8383"}],"replies":[{"embeddable":true,"href":"https:\/\/blogsaverroes.juntadeandalucia.es\/rutapoesia\/wp-json\/wp\/v2\/comments?post=345"}],"version-history":[{"count":3,"href":"https:\/\/blogsaverroes.juntadeandalucia.es\/rutapoesia\/wp-json\/wp\/v2\/pages\/345\/revisions"}],"predecessor-version":[{"id":376,"href":"https:\/\/blogsaverroes.juntadeandalucia.es\/rutapoesia\/wp-json\/wp\/v2\/pages\/345\/revisions\/376"}],"up":[{"embeddable":true,"href":"https:\/\/blogsaverroes.juntadeandalucia.es\/rutapoesia\/wp-json\/wp\/v2\/pages\/331"}],"wp:attachment":[{"href":"https:\/\/blogsaverroes.juntadeandalucia.es\/rutapoesia\/wp-json\/wp\/v2\/media?parent=345"}],"curies":[{"name":"wp","href":"https:\/\/api.w.org\/{rel}","templated":true}]}}