{"id":33,"date":"2018-08-08T11:28:20","date_gmt":"2018-08-08T11:28:20","guid":{"rendered":"https:\/\/themify.me\/demo\/themes\/ultra-education\/?page_id=24"},"modified":"2024-11-26T17:50:28","modified_gmt":"2024-11-26T17:50:28","slug":"about-us","status":"publish","type":"page","link":"https:\/\/blogsaverroes.juntadeandalucia.es\/rycerasmuscrecemoseuropa\/about-us\/","title":{"rendered":"About Us"},"content":{"rendered":"<!--themify_builder_content-->\n<div id=\"themify_builder_content-33\" data-postid=\"33\" class=\"themify_builder_content themify_builder_content-33 themify_builder tf_clear\">\n                    <div  data-css_id=\"cbebdb2\" data-lazy=\"1\" class=\"module_row themify_builder_row fullwidth_row_container tb_cbebdb2 tb_first tf_w\">\n            <span class=\"builder_row_cover tf_abs\"><\/span>            <div class=\"row_inner col_align_top tb_col_count_1 tf_box tf_rel\">\n                        <div  data-lazy=\"1\" class=\"module_column tb-column col-full tb_96903e4 first\">\n                    <!-- module text -->\n<div  class=\"module module-text tb_f11a781  repeat \" data-lazy=\"1\">\n        <div  class=\"tb_text_wrap\">\n        <h1>\u00a0<\/h1>\n<h1>About Us<\/h1>    <\/div>\n<\/div>\n<!-- \/module text -->        <\/div>\n                        <\/div>\n        <\/div>\n                        <div  data-lazy=\"1\" class=\"module_row themify_builder_row tb_916f37d tf_w\">\n                        <div class=\"row_inner col_align_top tb_col_count_2 tf_box tf_rel\">\n                        <div  data-lazy=\"1\" class=\"module_column tb-column col4-2 tb_9dfc43f first\">\n                    <!-- module text -->\n<div  class=\"module module-text tb_1009e4f  repeat \" data-lazy=\"1\">\n        <div  class=\"tb_text_wrap\">\n        <h2>IES Santiago Ram\u00f3n y Cajal<\/h2>    <\/div>\n<\/div>\n<!-- \/module text --><!-- module text -->\n<div  class=\"module module-text tb_c9383e8  repeat \" data-lazy=\"1\">\n        <div  class=\"tb_text_wrap\">\n        <p>Para descubrir m\u00e1s sobre nuestro centro&#8230;<\/p>\n<p><a href=\"https:\/\/blogsaverroes.juntadeandalucia.es\/iesramonycajalfuengirola\/\" target=\"_blank\" rel=\"noopener\"><img loading=\"lazy\" decoding=\"async\" class=\"size-medium wp-image-158 aligncenter\" src=\"https:\/\/blogsaverroes.juntadeandalucia.es\/rycerasmuscrecemoseuropa\/files\/2023\/12\/logo-IES-226x300.png\" alt=\"\" width=\"226\" height=\"300\" srcset=\"https:\/\/blogsaverroes.juntadeandalucia.es\/rycerasmuscrecemoseuropa\/files\/2023\/12\/logo-IES-226x300.png 226w, https:\/\/blogsaverroes.juntadeandalucia.es\/rycerasmuscrecemoseuropa\/files\/2023\/12\/logo-IES.png 433w\" sizes=\"(max-width: 226px) 100vw, 226px\" \/><\/a><\/p>\n<p>\u00a0<\/p>    <\/div>\n<\/div>\n<!-- \/module text -->        <\/div>\n                    <div  data-lazy=\"1\" class=\"module_column tb-column col4-2 tb_8c03b4b last\">\n                    <!-- module text -->\n<div  class=\"module module-text tb_b90fda5  repeat \" data-lazy=\"1\" data-parallax-element-speed=\"1\" data-lax-translate-y=\"vh 1,0 70\" data-lax=\"true\">\n        <div  class=\"tb_text_wrap\">\n        <h3 style=\"text-align: center;\">SERVICIO ESPA\u00d1OL PARA LA INTERNACIONALIZACI\u00d3N DE LA EDUCACI\u00d3N<\/h3>\n<p><img loading=\"lazy\" decoding=\"async\" class=\"alignnone size-medium wp-image-141 aligncenter\" src=\"https:\/\/blogsaverroes.juntadeandalucia.es\/rycerasmuscrecemoseuropa\/files\/2023\/12\/SEPIE_erasmus_plus-300x111.gif\" alt=\"\" width=\"300\" height=\"111\" \/><\/p>\n<p>\u00a0<\/p>\n<p>\u00a0<\/p>    <\/div>\n<\/div>\n<!-- \/module text --><!-- module text -->\n<div  class=\"module module-text tb_5iv8687  repeat \" data-lazy=\"1\" data-parallax-element-speed=\"1\" data-lax-translate-y=\"vh 1,0 70\" data-lax=\"true\">\n        <div  class=\"tb_text_wrap\">\n        <h3 style=\"text-align: center;\">NUESTROS PROYECTOS ERASMUS<\/h3>\n<p>\u00a0<\/p>\n<p><a href=\"https:\/\/blogsaverroes.juntadeandalucia.es\/erasmusescolariesramonycajal\/\" target=\"_blank\" rel=\"noopener\"><img loading=\"lazy\" decoding=\"async\" class=\"alignnone wp-image-160 aligncenter\" src=\"https:\/\/blogsaverroes.juntadeandalucia.es\/rycerasmuscrecemoseuropa\/files\/2023\/12\/Descubriendo-Europa-300x44.jpg\" alt=\"\" width=\"507\" height=\"75\" srcset=\"https:\/\/blogsaverroes.juntadeandalucia.es\/rycerasmuscrecemoseuropa\/files\/2023\/12\/Descubriendo-Europa-300x44.jpg 300w, https:\/\/blogsaverroes.juntadeandalucia.es\/rycerasmuscrecemoseuropa\/files\/2023\/12\/Descubriendo-Europa.jpg 1193w\" sizes=\"(max-width: 507px) 100vw, 507px\" \/><\/a><\/p>\n<p>\u00a0<\/p>    <\/div>\n<\/div>\n<!-- \/module text --><!-- module text -->\n<div  class=\"module module-text tb_z4b3662  repeat \" data-lazy=\"1\" data-parallax-element-speed=\"1\" data-lax-translate-y=\"vh 1,0 70\" data-lax=\"true\">\n        <div  class=\"tb_text_wrap\">\n        <h3 style=\"text-align: center;\">NUESTROS PROYECTOS ERASMUS<\/h3>\n<p>\u00a0<\/p>\n<p><a href=\"https:\/\/deerasmusconelramonycajal.com\/\" target=\"_blank\" rel=\"noopener\"><img loading=\"lazy\" decoding=\"async\" class=\"size-medium wp-image-162 aligncenter\" src=\"https:\/\/blogsaverroes.juntadeandalucia.es\/rycerasmuscrecemoseuropa\/files\/2023\/12\/Erasmus-FP-300x76.jpg\" alt=\"\" width=\"300\" height=\"76\" srcset=\"https:\/\/blogsaverroes.juntadeandalucia.es\/rycerasmuscrecemoseuropa\/files\/2023\/12\/Erasmus-FP-300x76.jpg 300w, https:\/\/blogsaverroes.juntadeandalucia.es\/rycerasmuscrecemoseuropa\/files\/2023\/12\/Erasmus-FP.jpg 661w\" sizes=\"(max-width: 300px) 100vw, 300px\" \/><\/a><\/p>    <\/div>\n<\/div>\n<!-- \/module text -->        <\/div>\n                        <\/div>\n        <\/div>\n                        <div  data-css_id=\"c158813\" data-lazy=\"1\" class=\"module_row themify_builder_row fullwidth_row_container tb_c158813 tf_w\">\n            <span class=\"builder_row_cover tf_abs\"><\/span>            <div class=\"row_inner col_align_top tb_col_count_1 tf_box tf_rel\">\n                        <div  data-lazy=\"1\" class=\"module_column tb-column col-full tb_864e5b6 first\">\n                    <!-- module image -->\n<div  class=\"module module-image tb_tj2f673 image-top   tf_mw\" data-lazy=\"1\">\n        <div class=\"image-wrap tf_rel tf_mw\">\n            <img loading=\"lazy\" decoding=\"async\" width=\"8493\" height=\"1780\" src=\"https:\/\/blogsaverroes.juntadeandalucia.es\/rycerasmuscrecemoseuropa\/files\/2023\/12\/es_cofinanciado_por_la_union_europea_pos-1.png\" class=\"wp-post-image wp-image-142\" title=\"es_cofinanciado_por_la_union_europea_pos (1)\" alt=\"es_cofinanciado_por_la_union_europea_pos (1)\" srcset=\"https:\/\/blogsaverroes.juntadeandalucia.es\/rycerasmuscrecemoseuropa\/files\/2023\/12\/es_cofinanciado_por_la_union_europea_pos-1.png 8493w, https:\/\/blogsaverroes.juntadeandalucia.es\/rycerasmuscrecemoseuropa\/files\/2023\/12\/es_cofinanciado_por_la_union_europea_pos-1-300x63.png 300w, https:\/\/blogsaverroes.juntadeandalucia.es\/rycerasmuscrecemoseuropa\/files\/2023\/12\/es_cofinanciado_por_la_union_europea_pos-1-1024x215.png 1024w, https:\/\/blogsaverroes.juntadeandalucia.es\/rycerasmuscrecemoseuropa\/files\/2023\/12\/es_cofinanciado_por_la_union_europea_pos-1-768x161.png 768w, https:\/\/blogsaverroes.juntadeandalucia.es\/rycerasmuscrecemoseuropa\/files\/2023\/12\/es_cofinanciado_por_la_union_europea_pos-1-1536x322.png 1536w, https:\/\/blogsaverroes.juntadeandalucia.es\/rycerasmuscrecemoseuropa\/files\/2023\/12\/es_cofinanciado_por_la_union_europea_pos-1-2048x429.png 2048w\" sizes=\"(max-width: 8493px) 100vw, 8493px\" \/>    \n        <\/div>\n    <!-- \/image-wrap -->\n    \n        <\/div>\n<!-- \/module image -->        <\/div>\n                        <\/div>\n        <\/div>\n                        <div  data-lazy=\"1\" class=\"module_row themify_builder_row tb_6f50887 tf_w\">\n                        <div class=\"row_inner col_align_top tb_col_count_1 tf_box tf_rel\">\n                        <div  data-lazy=\"1\" class=\"module_column tb-column col-full tb_6e1de00 first\">\n                            <div  data-lazy=\"1\" class=\"module_subrow themify_builder_sub_row tf_w col_align_top tb_col_count_4 tb_e900db1\">\n                <div  data-lazy=\"1\" class=\"module_column sub_column col4-1 tb_8c5ee2d first\">\n                    <!-- module image -->\n<div  class=\"module module-image tb_83e2e88 image-full-overlay circle  tf_mw\" data-lazy=\"1\">\n        <div class=\"image-wrap tf_rel tf_mw\">\n            <img loading=\"lazy\" decoding=\"async\" src=\"https:\/\/themify.me\/demo\/themes\/ultra-education\/files\/2018\/08\/face9-250x250.jpg\" width=\"250\" height=\"250\" alt=\"Jessica Brunne\nMusic Director\">    \n        <\/div>\n    <!-- \/image-wrap -->\n    \n        <div class=\"image-content tf_overflow\">\n                        <div class=\"image-caption tb_text_wrap\">\n            Jessica Brunne<br>\n<i>Music Director<\/i>        <\/div>\n        <!-- \/image-caption -->\n            <\/div>\n    <!-- \/image-content -->\n        <\/div>\n<!-- \/module image -->        <\/div>\n                    <div  data-lazy=\"1\" class=\"module_column sub_column col4-1 tb_76b69d7\">\n                            <\/div>\n                    <div  data-lazy=\"1\" class=\"module_column sub_column col4-1 tb_2c6f716\">\n                    <!-- module image -->\n<div  class=\"module module-image tb_2680daf image-full-overlay circle  tf_mw\" data-lazy=\"1\">\n        <div class=\"image-wrap tf_rel tf_mw\">\n            <img loading=\"lazy\" decoding=\"async\" src=\"https:\/\/themify.me\/demo\/themes\/ultra-education\/files\/2018\/08\/face8-250x250.jpg\" width=\"250\" height=\"250\" alt=\"John Smith\n\nCounselor\">    \n        <\/div>\n    <!-- \/image-wrap -->\n    \n        <div class=\"image-content tf_overflow\">\n                        <div class=\"image-caption tb_text_wrap\">\n            John Smith\n<br>\n<i>Counselor<\/i>        <\/div>\n        <!-- \/image-caption -->\n            <\/div>\n    <!-- \/image-content -->\n        <\/div>\n<!-- \/module image --><!-- module image -->\n<div  class=\"module module-image tb_c8f6818 image-full-overlay circle  tf_mw\" data-lazy=\"1\">\n        <div class=\"image-wrap tf_rel tf_mw\">\n            <img loading=\"lazy\" decoding=\"async\" src=\"https:\/\/themify.me\/demo\/themes\/ultra-education\/files\/2018\/08\/face3-250x250.jpg\" width=\"250\" height=\"250\" alt=\"Samantha Bryn\nAdministration Staff\">    \n        <\/div>\n    <!-- \/image-wrap -->\n    \n        <div class=\"image-content tf_overflow\">\n                        <div class=\"image-caption tb_text_wrap\">\n            Samantha Bryn<br>\n<i>Administration Staff\n<\/i>        <\/div>\n        <!-- \/image-caption -->\n            <\/div>\n    <!-- \/image-content -->\n        <\/div>\n<!-- \/module image -->        <\/div>\n                    <div  data-lazy=\"1\" class=\"module_column sub_column col4-1 tb_5e40576 last\">\n                    <!-- module image -->\n<div  class=\"module module-image tb_1fc0291 image-full-overlay circle  tf_mw\" data-lazy=\"1\">\n        <div class=\"image-wrap tf_rel tf_mw\">\n            <img loading=\"lazy\" decoding=\"async\" src=\"https:\/\/themify.me\/demo\/themes\/ultra-education\/files\/2018\/08\/face5-250x250.jpg\" width=\"250\" height=\"250\" alt=\"Alicia Stone\nArt Director\">    \n        <\/div>\n    <!-- \/image-wrap -->\n    \n        <div class=\"image-content tf_overflow\">\n                        <div class=\"image-caption tb_text_wrap\">\n            Alicia Stone<br>\n<i>Art Director<\/i>        <\/div>\n        <!-- \/image-caption -->\n            <\/div>\n    <!-- \/image-content -->\n        <\/div>\n<!-- \/module image --><!-- module image -->\n<div  class=\"module module-image tb_f570396 image-full-overlay circle  tf_mw\" data-lazy=\"1\">\n        <div class=\"image-wrap tf_rel tf_mw\">\n            <img loading=\"lazy\" decoding=\"async\" src=\"https:\/\/themify.me\/demo\/themes\/ultra-education\/files\/2018\/08\/face7-250x250.jpg\" width=\"250\" height=\"250\" alt=\"Leznek Podolsky\nIT Staff\">    \n        <\/div>\n    <!-- \/image-wrap -->\n    \n        <div class=\"image-content tf_overflow\">\n                        <div class=\"image-caption tb_text_wrap\">\n            Leznek Podolsky<br>\n<i>IT Staff<\/i>        <\/div>\n        <!-- \/image-caption -->\n            <\/div>\n    <!-- \/image-content -->\n        <\/div>\n<!-- \/module image -->        <\/div>\n                    <\/div>\n                <\/div>\n                        <\/div>\n        <\/div>\n                        <div  data-lazy=\"1\" class=\"module_row themify_builder_row tb_db01cce tf_w\">\n                        <div class=\"row_inner col_align_top tb_col_count_1 tf_box tf_rel\">\n                        <div  data-lazy=\"1\" class=\"module_column tb-column col-full tb_8c12b6c first\">\n                    <!-- module text -->\n<div  class=\"module module-text tb_560d5c5  repeat \" data-lazy=\"1\">\n        <div  class=\"tb_text_wrap\">\n        <h3>\u201cCras tristique turpis justo, eu consequat sem adipiscing ut. Donec posuere bibendum metus<\/h3>    <\/div>\n<\/div>\n<!-- \/module text -->        <\/div>\n                        <\/div>\n        <\/div>\n        <\/div>\n<!--\/themify_builder_content-->","protected":false},"excerpt":{"rendered":"<p>\u00a0 About Us IES Santiago Ram\u00f3n y Cajal Para descubrir m\u00e1s sobre nuestro centro&#8230; \u00a0 SERVICIO ESPA\u00d1OL PARA LA INTERNACIONALIZACI\u00d3N DE LA EDUCACI\u00d3N \u00a0 \u00a0 NUESTROS PROYECTOS ERASMUS \u00a0 \u00a0 NUESTROS PROYECTOS ERASMUS \u00a0 Jessica Brunne Music Director John Smith Counselor Samantha Bryn Administration Staff Alicia Stone Art Director Leznek Podolsky IT Staff \u201cCras tristique [&hellip;]<\/p>\n","protected":false},"author":2391,"featured_media":0,"parent":0,"menu_order":0,"comment_status":"closed","ping_status":"closed","template":"","meta":{"ngg_post_thumbnail":0,"footnotes":""},"aioseo_notices":[],"_links":{"self":[{"href":"https:\/\/blogsaverroes.juntadeandalucia.es\/rycerasmuscrecemoseuropa\/wp-json\/wp\/v2\/pages\/33"}],"collection":[{"href":"https:\/\/blogsaverroes.juntadeandalucia.es\/rycerasmuscrecemoseuropa\/wp-json\/wp\/v2\/pages"}],"about":[{"href":"https:\/\/blogsaverroes.juntadeandalucia.es\/rycerasmuscrecemoseuropa\/wp-json\/wp\/v2\/types\/page"}],"author":[{"embeddable":true,"href":"https:\/\/blogsaverroes.juntadeandalucia.es\/rycerasmuscrecemoseuropa\/wp-json\/wp\/v2\/users\/2391"}],"replies":[{"embeddable":true,"href":"https:\/\/blogsaverroes.juntadeandalucia.es\/rycerasmuscrecemoseuropa\/wp-json\/wp\/v2\/comments?post=33"}],"version-history":[{"count":10,"href":"https:\/\/blogsaverroes.juntadeandalucia.es\/rycerasmuscrecemoseuropa\/wp-json\/wp\/v2\/pages\/33\/revisions"}],"predecessor-version":[{"id":354,"href":"https:\/\/blogsaverroes.juntadeandalucia.es\/rycerasmuscrecemoseuropa\/wp-json\/wp\/v2\/pages\/33\/revisions\/354"}],"wp:attachment":[{"href":"https:\/\/blogsaverroes.juntadeandalucia.es\/rycerasmuscrecemoseuropa\/wp-json\/wp\/v2\/media?parent=33"}],"curies":[{"name":"wp","href":"https:\/\/api.w.org\/{rel}","templated":true}]}}