{"id":35,"date":"2018-08-08T11:30:05","date_gmt":"2018-08-08T11:30:05","guid":{"rendered":"https:\/\/themify.me\/demo\/themes\/ultra-education\/?page_id=34"},"modified":"2024-01-24T12:41:52","modified_gmt":"2024-01-24T12:41:52","slug":"contact","status":"publish","type":"page","link":"https:\/\/blogsaverroes.juntadeandalucia.es\/rycerasmuscrecemoseuropa\/contact\/","title":{"rendered":"Contact"},"content":{"rendered":"<!--themify_builder_content-->\n<div id=\"themify_builder_content-35\" data-postid=\"35\" class=\"themify_builder_content themify_builder_content-35 themify_builder tf_clear\">\n                    <div  data-lazy=\"1\" class=\"module_row themify_builder_row tb_jtuz815 tb_first tf_w\">\n            <span class=\"builder_row_cover tf_abs\"><\/span>            <div class=\"row_inner col_align_top tb_col_count_1 tf_box tf_rel\">\n                        <div  data-lazy=\"1\" class=\"module_column tb-column col-full tb_fyuv830 first\">\n                            <\/div>\n                        <\/div>\n        <\/div>\n                        <div  data-css_id=\"j9br816\" data-lazy=\"1\" class=\"module_row themify_builder_row fullwidth tb_j9br816 tf_w\">\n                        <div class=\"row_inner gutter-none col_align_top tb_col_count_2 tf_box tf_rel\">\n                        <div  data-lazy=\"1\" class=\"module_column tb-column col4-2 tb_z1zo836 first\">\n                    <!-- module text -->\n<div  class=\"module module-text tb_4ur5837  repeat \" data-lazy=\"1\">\n        <div  class=\"tb_text_wrap\">\n        <p>\u00a0<\/p>\n<p style=\"text-align: center;\"><span style=\"font-size: 24pt;\"><strong>IES SANTIAGO RAM\u00d3N Y CAJAL<\/strong><\/span><\/p>    <\/div>\n<\/div>\n<!-- \/module text -->        <div  data-lazy=\"1\" class=\"module_subrow themify_builder_sub_row tf_w col_align_top tb_col_count_2 tb_a7uo842\">\n                <div  data-lazy=\"1\" class=\"module_column sub_column col2-1 tb_04zz843 first\">\n                    <!-- module icon -->\n<div  class=\"module module-icon tb_gtx5844  normal circle icon_horizontal \" data-lazy=\"1\">\n            <div class=\"module-icon-item\">\n                                                                <em class=\"tf_boxtransparent\"><svg  class=\"tf_fa tf-far-map-marker\" aria-hidden=\"true\"><use href=\"#tf-far-map-marker\"><\/use><\/svg><\/em>\n                                                                            <span>Direcci\u00f3n y\/o  ubicaci\u00f3n   Doctor Garc\u00eda Verdugo, 29640 Fuengirola - M\u00e1laga  <\/span>\n                                                            <\/div>\n    <\/div>\n<!-- \/module icon -->\n<!-- module icon -->\n<div  class=\"module module-icon tb_5gzn899  normal circle icon_horizontal \" data-lazy=\"1\">\n            <div class=\"module-icon-item\">\n                            <a href=\"https:\/\/blogsaverroes.juntadeandalucia.es\/iesramonycajalfuengirola\/\" rel=\"noopener\" target=\"_blank\">\n                                                                    <em class=\"tf_boxtransparent\"><svg  class=\"tf_fa tf-ti-link\" aria-hidden=\"true\"><use href=\"#tf-ti-link\"><\/use><\/svg><\/em>\n                                                                            <span>https:\/\/blogsaverroes.juntadeandalucia.es\/iesramonycajalfuengirola\/<\/span>\n                                                                    <\/a>\n                    <\/div>\n    <\/div>\n<!-- \/module icon -->\n<!-- module icon -->\n<div  class=\"module module-icon tb_jajl845  normal circle icon_horizontal \" data-lazy=\"1\">\n            <div class=\"module-icon-item\">\n                                                                <em class=\"tf_boxtransparent\"><svg  class=\"tf_fa tf-far-envelope\" aria-hidden=\"true\"><use href=\"#tf-far-envelope\"><\/use><\/svg><\/em>\n                                                                            <span>29009910.edu@juntadeandalucia.es<\/span>\n                                                            <\/div>\n    <\/div>\n<!-- \/module icon -->\n        <\/div>\n                    <div  data-lazy=\"1\" class=\"module_column sub_column col2-1 tb_lyzm846 last\">\n                    <!-- module icon -->\n<div  class=\"module module-icon tb_2afl847  normal circle icon_horizontal \" data-lazy=\"1\">\n            <div class=\"module-icon-item\">\n                                                                <em class=\"tf_boxtransparent\"><svg  class=\"tf_fa tf-fas-phone\" aria-hidden=\"true\"><use href=\"#tf-fas-phone\"><\/use><\/svg><\/em>\n                                                                            <span>951269821 ---- 951269827<\/span>\n                                                            <\/div>\n    <\/div>\n<!-- \/module icon -->\n<!-- module icon -->\n<div  class=\"module module-icon tb_n59g848  normal circle icon_horizontal \" data-lazy=\"1\">\n            <div class=\"module-icon-item\">\n                            <a href=\"https:\/\/twitter.com\/@erasmusplus_ryc\">\n                                                                    <em class=\"tf_boxtransparent\"><svg  class=\"tf_fa tf-ti-twitter-alt\" aria-hidden=\"true\"><use href=\"#tf-ti-twitter-alt\"><\/use><\/svg><\/em>\n                                                                            <span>X\/Twitter: @erasmusplus_ryc<\/span>\n                                                                    <\/a>\n                    <\/div>\n    <\/div>\n<!-- \/module icon -->\n<!-- module icon -->\n<div  class=\"module module-icon tb_g9aj638  normal circle icon_horizontal \" data-lazy=\"1\">\n            <div class=\"module-icon-item\">\n                            <a href=\"https:\/\/twitter.com\/@erasmusplus_ryc\">\n                                                                    <em class=\"tf_boxtransparent\"><svg  class=\"tf_fa tf-ti-tablet\" aria-hidden=\"true\"><use href=\"#tf-ti-tablet\"><\/use><\/svg><\/em>\n                                                                            <span>Instagram: @erasmusplus_ryc<\/span>\n                                                                    <\/a>\n                    <\/div>\n    <\/div>\n<!-- \/module icon -->\n        <\/div>\n                    <\/div>\n                <\/div>\n                    <div  data-lazy=\"1\" class=\"module_column tb-column col4-2 tb_3e55850 last\">\n                    <!-- module image -->\n<div  class=\"module module-image tb_rq8y427 image-top   tf_mw\" data-lazy=\"1\">\n        <div class=\"image-wrap tf_rel tf_mw\">\n            <img loading=\"lazy\" decoding=\"async\" width=\"655\" height=\"586\" src=\"https:\/\/blogsaverroes.juntadeandalucia.es\/rycerasmuscrecemoseuropa\/files\/2024\/01\/1.-Logo.png\" class=\"wp-post-image wp-image-227\" title=\"1.-Logo\" alt=\"1.-Logo\" srcset=\"https:\/\/blogsaverroes.juntadeandalucia.es\/rycerasmuscrecemoseuropa\/files\/2024\/01\/1.-Logo.png 655w, https:\/\/blogsaverroes.juntadeandalucia.es\/rycerasmuscrecemoseuropa\/files\/2024\/01\/1.-Logo-300x268.png 300w\" sizes=\"(max-width: 655px) 100vw, 655px\" \/>    \n        <\/div>\n    <!-- \/image-wrap -->\n    \n        <\/div>\n<!-- \/module image -->        <\/div>\n                        <\/div>\n        <\/div>\n                        <div  data-lazy=\"1\" class=\"module_row themify_builder_row tb_8yjt817 tf_w\">\n            <span class=\"builder_row_cover tf_abs\"><\/span>            <div class=\"row_inner col_align_top tb_col_count_1 tf_box tf_rel\">\n                        <div  data-lazy=\"1\" class=\"module_column tb-column col-full tb_au76853 first\">\n                            <div  data-lazy=\"1\" class=\"module_subrow themify_builder_sub_row tf_w col_align_top tb_col_count_3 tb_sjgs856\">\n                <div  data-lazy=\"1\" class=\"module_column sub_column col4-1 tb_mkh4857 first\">\n                            <\/div>\n                    <div  data-lazy=\"1\" class=\"module_column sub_column col4-2 tb_ax13859\">\n                            <\/div>\n                    <div  data-lazy=\"1\" class=\"module_column sub_column col4-1 tb_iz9v861 last\">\n                            <\/div>\n                    <\/div>\n                <\/div>\n                        <\/div>\n        <\/div>\n                        <div  data-css_id=\"2hkx817\" data-lazy=\"1\" class=\"module_row themify_builder_row fullwidth tb_2hkx817 tf_w\">\n                        <div class=\"row_inner col_align_top tb_col_count_1 tf_box tf_rel\">\n                        <div  data-lazy=\"1\" class=\"module_column tb-column col-full tb_hejn863 first\">\n                            <\/div>\n                        <\/div>\n        <\/div>\n        <\/div>\n<!--\/themify_builder_content-->","protected":false},"excerpt":{"rendered":"<p>\u00a0 IES SANTIAGO RAM\u00d3N Y CAJAL Direcci\u00f3n y\/o ubicaci\u00f3n Doctor Garc\u00eda Verdugo, 29640 Fuengirola &#8211; M\u00e1laga https:\/\/blogsaverroes.juntadeandalucia.es\/iesramonycajalfuengirola\/ 29009910.edu@juntadeandalucia.es 951269821 &#8212;- 951269827 X\/Twitter: @erasmusplus_ryc Instagram: @erasmusplus_ryc<\/p>\n","protected":false},"author":2391,"featured_media":0,"parent":0,"menu_order":0,"comment_status":"closed","ping_status":"closed","template":"","meta":{"ngg_post_thumbnail":0,"footnotes":""},"aioseo_notices":[],"_links":{"self":[{"href":"https:\/\/blogsaverroes.juntadeandalucia.es\/rycerasmuscrecemoseuropa\/wp-json\/wp\/v2\/pages\/35"}],"collection":[{"href":"https:\/\/blogsaverroes.juntadeandalucia.es\/rycerasmuscrecemoseuropa\/wp-json\/wp\/v2\/pages"}],"about":[{"href":"https:\/\/blogsaverroes.juntadeandalucia.es\/rycerasmuscrecemoseuropa\/wp-json\/wp\/v2\/types\/page"}],"author":[{"embeddable":true,"href":"https:\/\/blogsaverroes.juntadeandalucia.es\/rycerasmuscrecemoseuropa\/wp-json\/wp\/v2\/users\/2391"}],"replies":[{"embeddable":true,"href":"https:\/\/blogsaverroes.juntadeandalucia.es\/rycerasmuscrecemoseuropa\/wp-json\/wp\/v2\/comments?post=35"}],"version-history":[{"count":4,"href":"https:\/\/blogsaverroes.juntadeandalucia.es\/rycerasmuscrecemoseuropa\/wp-json\/wp\/v2\/pages\/35\/revisions"}],"predecessor-version":[{"id":259,"href":"https:\/\/blogsaverroes.juntadeandalucia.es\/rycerasmuscrecemoseuropa\/wp-json\/wp\/v2\/pages\/35\/revisions\/259"}],"wp:attachment":[{"href":"https:\/\/blogsaverroes.juntadeandalucia.es\/rycerasmuscrecemoseuropa\/wp-json\/wp\/v2\/media?parent=35"}],"curies":[{"name":"wp","href":"https:\/\/api.w.org\/{rel}","templated":true}]}}