{"id":38,"date":"2018-08-06T06:25:24","date_gmt":"2018-08-06T06:25:24","guid":{"rendered":"https:\/\/themify.me\/demo\/themes\/ultra-education\/?page_id=6"},"modified":"2025-06-06T18:10:20","modified_gmt":"2025-06-06T18:10:20","slug":"home","status":"publish","type":"page","link":"https:\/\/blogsaverroes.juntadeandalucia.es\/rycerasmuscrecemoseuropa\/","title":{"rendered":"Home"},"content":{"rendered":"<!--themify_builder_content-->\n<div id=\"themify_builder_content-38\" data-postid=\"38\" class=\"themify_builder_content themify_builder_content-38 themify_builder tf_clear\">\n                    <div  data-lazy=\"1\" class=\"module_row themify_builder_row tb_3e45014 tb_first tf_w\">\n            <span class=\"builder_row_cover tf_abs\"><\/span>            <div class=\"row_inner col_align_top tb_col_count_1 tf_box tf_rel\">\n                        <div  data-lazy=\"1\" class=\"module_column tb-column col-full tb_243b3fa first\">\n                            <div  data-lazy=\"1\" class=\"module_subrow themify_builder_sub_row tf_w col_align_bottom tb_col_count_3 tb_d34d1fb\">\n                <div  data-lazy=\"1\" class=\"module_column sub_column col3-1 tb_52e0d7f first\">\n                    <!-- module callout -->\n<div  class=\"module ui module-callout tb_ecb364d button-bottom yellow  rounded\" data-lazy=\"1\">\n    \n    <div class=\"callout-inner\">\n    <div class=\"callout-content tf_left\">\n        <h3 class=\"callout-heading\">Proyecto<\/h3>\n        <div class=\"tb_text_wrap\">\n                    <\/div>\n    <\/div>\n    <!-- \/callout-content -->\n                    <div class=\"callout-button tf_right tf_textr\">\n            <a href=\"https:\/\/blogsaverroes.juntadeandalucia.es\/rycerasmuscrecemoseuropa\/proyecto\/\" class=\"ui builder_button  transparent\" rel=\"noopener\" target=\"_blank\">\n                <span class=\"tb_callout_text\">M\u00e1s<\/span>\n            <\/a>\n        <\/div>\n            <\/div>\n    <!-- \/callout-content -->\n<\/div>\n<!-- \/module callout -->\n        <\/div>\n                    <div  data-lazy=\"1\" class=\"module_column sub_column col3-1 tb_732cb19\">\n                    <!-- module callout -->\n<div  class=\"module ui module-callout tb_4bbf59a button-bottom orange  rounded\" data-lazy=\"1\">\n    \n    <div class=\"callout-inner\">\n    <div class=\"callout-content tf_left\">\n        <h3 class=\"callout-heading\">Equipo Erasmus<\/h3>\n        <div class=\"tb_text_wrap\">\n                    <\/div>\n    <\/div>\n    <!-- \/callout-content -->\n                    <div class=\"callout-button tf_right tf_textr\">\n            <a href=\"https:\/\/blogsaverroes.juntadeandalucia.es\/rycerasmuscrecemoseuropa\/equipo-erasmus\/\" class=\"ui builder_button  transparent\" rel=\"noopener\" target=\"_blank\">\n                <span class=\"tb_callout_text\">M\u00e1s<\/span>\n            <\/a>\n        <\/div>\n            <\/div>\n    <!-- \/callout-content -->\n<\/div>\n<!-- \/module callout -->\n        <\/div>\n                    <div  data-lazy=\"1\" class=\"module_column sub_column col3-1 tb_eff09ba last\">\n                    <!-- module callout -->\n<div  class=\"module ui module-callout tb_3be0693 button-bottom blue  rounded\" data-lazy=\"1\">\n    \n    <div class=\"callout-inner\">\n    <div class=\"callout-content tf_left\">\n        <h3 class=\"callout-heading\">Movilidades<\/h3>\n        <div class=\"tb_text_wrap\">\n                    <\/div>\n    <\/div>\n    <!-- \/callout-content -->\n                    <div class=\"callout-button tf_right tf_textr\">\n            <a href=\"https:\/\/blogsaverroes.juntadeandalucia.es\/rycerasmuscrecemoseuropa\/movilidades\/\" class=\"ui builder_button  transparent\" rel=\"noopener\" target=\"_blank\">\n                <span class=\"tb_callout_text\">M\u00e1s<\/span>\n            <\/a>\n        <\/div>\n            <\/div>\n    <!-- \/callout-content -->\n<\/div>\n<!-- \/module callout -->\n        <\/div>\n                    <\/div>\n                <\/div>\n                        <\/div>\n        <\/div>\n                        <div  data-lazy=\"1\" class=\"module_row themify_builder_row tb_wqb149 tf_w\">\n            <span class=\"builder_row_cover tf_abs\"><\/span>            <div class=\"row_inner col_align_top tb_col_count_1 tf_box tf_rel\">\n                        <div  data-lazy=\"1\" class=\"module_column tb-column col-full tb_43zp51 first\">\n                            <\/div>\n                        <\/div>\n        <\/div>\n                        <div  data-lazy=\"1\" class=\"module_row themify_builder_row tb_dc763bb tf_w\">\n                        <div class=\"row_inner col_align_top tb_col_count_1 tf_box tf_rel\">\n                        <div  data-lazy=\"1\" class=\"module_column tb-column col-full tb_ebf377d first\">\n                    <!-- module text -->\n<div  class=\"module module-text tb_pw4z607   \" data-lazy=\"1\">\n        <div  class=\"tb_text_wrap\">\n        <h2>\u00a0<\/h2>\n<h2>\u00daltimas Noticias<\/h2>    <\/div>\n<\/div>\n<!-- \/module text --><!-- module post -->\n<div  class=\"module module-post tb_18a309a \">\n    <div  class=\"builder-posts-wrap loops-wrapper grid4 masonry boxed tf_rel tf_clear tf_clearfix\" data-lazy=\"1\">\n    <article id=\"post-387\" class=\"post tf_clearfix post-387 type-post status-publish format-standard has-post-thumbnail hentry category-sin-categoria has-post-title has-post-date has-post-category has-post-tag has-post-comment has-post-author \">\n\t    \n\t                <figure class=\"post-image tf_clearfix\">\n                                                            <a href=\"https:\/\/blogsaverroes.juntadeandalucia.es\/rycerasmuscrecemoseuropa\/2024\/11\/26\/reunion-difusion\/\">\n                                        <img loading=\"lazy\" decoding=\"async\" src=\"https:\/\/blogsaverroes.juntadeandalucia.es\/rycerasmuscrecemoseuropa\/files\/2025\/01\/Reunion-Final-IV-360x360.jpeg\" width=\"360\" height=\"360\" class=\"wp-post-image wp-image-388\" title=\"Reuni\u00f3n Final IV\" alt=\"Reuni\u00f3n Final IV\" srcset=\"https:\/\/blogsaverroes.juntadeandalucia.es\/rycerasmuscrecemoseuropa\/files\/2025\/01\/Reunion-Final-IV-360x360.jpeg 360w, https:\/\/blogsaverroes.juntadeandalucia.es\/rycerasmuscrecemoseuropa\/files\/2025\/01\/Reunion-Final-IV-150x150.jpeg 150w\" sizes=\"(max-width: 360px) 100vw, 360px\" \/>                                                                    <\/a>\n                                                                <\/figure>\n                    \t<div class=\"post-content\">\n\t\t<div class=\"post-content-inner\">\n\n\t\t\t\t\t\t\t\t<div class=\"post-date-wrap post-date-inline\">\n\t\t<time class=\"post-date entry-date updated\" datetime=\"2024-11-26\">\n\t\t\t\t\t<span class=\"year\">26 de noviembre de 2024<\/span>\n\t\t\t\t<\/time>\n\t<\/div><!-- .post-date-wrap -->\n\t\t\t\t\n\t\t\t<h2 class=\"post-title entry-title\"><a href=\"https:\/\/blogsaverroes.juntadeandalucia.es\/rycerasmuscrecemoseuropa\/2024\/11\/26\/reunion-difusion\/\">Reuni\u00f3n &#8211; Difusi\u00f3n<\/a><\/h2>\n\t\t\t\n\t\t\t\n\t\t\t        <div class=\"entry-content\">\n\n        \n            <p>\u00a1\u00a1RECTA FINAL!! Llega el momento de la puesta en com\u00fan y difusi\u00f3n de nuestro proyecto entre todos nuestros compa\u00f1eros. Una merienda organizada por nuestra coordinadora Erasmus junto con todas las experiencias vividas han hecho de esta tarde una jornada que nos muestra que todos juntos podemos avanzar hacia una educaci\u00f3n de calidad y una EUROPA [&hellip;]<\/p>\n\n                \n            \n        <\/div><!-- \/.entry-content -->\n        \n\t\t<\/div>\n\t\t<!-- \/.post-content-inner -->\n\t<\/div>\n\t<!-- \/.post-content -->\n\t\n<\/article>\n<!-- \/.post -->\n<article id=\"post-379\" class=\"post tf_clearfix post-379 type-post status-publish format-standard has-post-thumbnail hentry category-sin-categoria has-post-title has-post-date has-post-category has-post-tag has-post-comment has-post-author \">\n\t    \n\t                <figure class=\"post-image tf_clearfix\">\n                                                            <a href=\"https:\/\/blogsaverroes.juntadeandalucia.es\/rycerasmuscrecemoseuropa\/2024\/11\/01\/job-shadowing-lisboa\/\">\n                                        <img loading=\"lazy\" decoding=\"async\" src=\"https:\/\/blogsaverroes.juntadeandalucia.es\/rycerasmuscrecemoseuropa\/files\/2025\/01\/Job-shadowing-Lisboa-360x360.jpg\" width=\"360\" height=\"360\" class=\"wp-post-image wp-image-380\" title=\"Job shadowing Lisboa\" alt=\"Job shadowing Lisboa\" srcset=\"https:\/\/blogsaverroes.juntadeandalucia.es\/rycerasmuscrecemoseuropa\/files\/2025\/01\/Job-shadowing-Lisboa-360x360.jpg 360w, https:\/\/blogsaverroes.juntadeandalucia.es\/rycerasmuscrecemoseuropa\/files\/2025\/01\/Job-shadowing-Lisboa-150x150.jpg 150w\" sizes=\"(max-width: 360px) 100vw, 360px\" \/>                                                                    <\/a>\n                                                                <\/figure>\n                    \t<div class=\"post-content\">\n\t\t<div class=\"post-content-inner\">\n\n\t\t\t\t\t\t\t\t<div class=\"post-date-wrap post-date-inline\">\n\t\t<time class=\"post-date entry-date updated\" datetime=\"2024-11-01\">\n\t\t\t\t\t<span class=\"year\">1 de noviembre de 2024<\/span>\n\t\t\t\t<\/time>\n\t<\/div><!-- .post-date-wrap -->\n\t\t\t\t\n\t\t\t<h2 class=\"post-title entry-title\"><a href=\"https:\/\/blogsaverroes.juntadeandalucia.es\/rycerasmuscrecemoseuropa\/2024\/11\/01\/job-shadowing-lisboa\/\">Job Shadowing Portugal &#8211; Lisboa<\/a><\/h2>\n\t\t\t\n\t\t\t\n\t\t\t        <div class=\"entry-content\">\n\n        \n            <p>Noelia, profesora de matem\u00e1ticas, ha realizado en Externato Marqu\u00e9s de Pombal de un job shadowing, donde ha logrado traer experiencias que nos ayudar\u00e1n a todos a mejorar. &nbsp;<\/p>\n\n                \n            \n        <\/div><!-- \/.entry-content -->\n        \n\t\t<\/div>\n\t\t<!-- \/.post-content-inner -->\n\t<\/div>\n\t<!-- \/.post-content -->\n\t\n<\/article>\n<!-- \/.post -->\n<article id=\"post-370\" class=\"post tf_clearfix post-370 type-post status-publish format-standard has-post-thumbnail hentry category-sin-categoria has-post-title has-post-date has-post-category has-post-tag has-post-comment has-post-author \">\n\t    \n\t                <figure class=\"post-image tf_clearfix\">\n                                                            <a href=\"https:\/\/blogsaverroes.juntadeandalucia.es\/rycerasmuscrecemoseuropa\/2024\/08\/26\/curso-formacion-iv-realidad-aumentada\/\">\n                                        <img loading=\"lazy\" decoding=\"async\" src=\"https:\/\/blogsaverroes.juntadeandalucia.es\/rycerasmuscrecemoseuropa\/files\/2024\/08\/WhatsApp-Image-2024-08-26-at-10.41.58-360x360.jpeg\" width=\"360\" height=\"360\" class=\"wp-post-image wp-image-375\" title=\"WhatsApp Image 2024-08-26 at 10.41.58\" alt=\"WhatsApp Image 2024-08-26 at 10.41.58\" srcset=\"https:\/\/blogsaverroes.juntadeandalucia.es\/rycerasmuscrecemoseuropa\/files\/2024\/08\/WhatsApp-Image-2024-08-26-at-10.41.58-360x360.jpeg 360w, https:\/\/blogsaverroes.juntadeandalucia.es\/rycerasmuscrecemoseuropa\/files\/2024\/08\/WhatsApp-Image-2024-08-26-at-10.41.58-150x150.jpeg 150w\" sizes=\"(max-width: 360px) 100vw, 360px\" \/>                                                                    <\/a>\n                                                                <\/figure>\n                    \t<div class=\"post-content\">\n\t\t<div class=\"post-content-inner\">\n\n\t\t\t\t\t\t\t\t<div class=\"post-date-wrap post-date-inline\">\n\t\t<time class=\"post-date entry-date updated\" datetime=\"2024-08-26\">\n\t\t\t\t\t<span class=\"year\">26 de agosto de 2024<\/span>\n\t\t\t\t<\/time>\n\t<\/div><!-- .post-date-wrap -->\n\t\t\t\t\n\t\t\t<h2 class=\"post-title entry-title\"><a href=\"https:\/\/blogsaverroes.juntadeandalucia.es\/rycerasmuscrecemoseuropa\/2024\/08\/26\/curso-formacion-iv-realidad-aumentada\/\">Curso Formaci\u00f3n V &#8211; Malta &#8211; Realidad Aumentada<\/a><\/h2>\n\t\t\t\n\t\t\t\n\t\t\t        <div class=\"entry-content\">\n\n        \n            <p>\u00a1Nos seguimos formando en digitalizaci\u00f3n en agosto! Los profesores Vicente Ram\u00edrez y Noelia Garc\u00eda participan en un curso de formaci\u00f3n en el Executive Training Institute de Malta. Exploran distintos aspectos de la realidad aumentada con inter\u00e9s para la pr\u00e1ctica educativa, destacando entre ellos las innovaciones relacionadas con la realidad aumentada.&nbsp;<\/p>\n\n                \n            \n        <\/div><!-- \/.entry-content -->\n        \n\t\t<\/div>\n\t\t<!-- \/.post-content-inner -->\n\t<\/div>\n\t<!-- \/.post-content -->\n\t\n<\/article>\n<!-- \/.post -->\n<article id=\"post-366\" class=\"post tf_clearfix post-366 type-post status-publish format-standard has-post-thumbnail hentry category-sin-categoria has-post-title has-post-date has-post-category has-post-tag has-post-comment has-post-author \">\n\t    \n\t                <figure class=\"post-image tf_clearfix\">\n                                                            <a href=\"https:\/\/blogsaverroes.juntadeandalucia.es\/rycerasmuscrecemoseuropa\/2024\/08\/04\/curso-formacion-iv-innovations-in-language-teaching-methodology\/\">\n                                        <img loading=\"lazy\" decoding=\"async\" src=\"https:\/\/blogsaverroes.juntadeandalucia.es\/rycerasmuscrecemoseuropa\/files\/2024\/08\/WhatsApp-Image-2025-01-20-at-22.41.47-360x360.jpeg\" width=\"360\" height=\"360\" class=\"wp-post-image wp-image-412\" title=\"WhatsApp Image 2025-01-20 at 22.41.47\" alt=\"WhatsApp Image 2025-01-20 at 22.41.47\" srcset=\"https:\/\/blogsaverroes.juntadeandalucia.es\/rycerasmuscrecemoseuropa\/files\/2024\/08\/WhatsApp-Image-2025-01-20-at-22.41.47-360x360.jpeg 360w, https:\/\/blogsaverroes.juntadeandalucia.es\/rycerasmuscrecemoseuropa\/files\/2024\/08\/WhatsApp-Image-2025-01-20-at-22.41.47-150x150.jpeg 150w\" sizes=\"(max-width: 360px) 100vw, 360px\" \/>                                                                    <\/a>\n                                                                <\/figure>\n                    \t<div class=\"post-content\">\n\t\t<div class=\"post-content-inner\">\n\n\t\t\t\t\t\t\t\t<div class=\"post-date-wrap post-date-inline\">\n\t\t<time class=\"post-date entry-date updated\" datetime=\"2024-08-04\">\n\t\t\t\t\t<span class=\"year\">4 de agosto de 2024<\/span>\n\t\t\t\t<\/time>\n\t<\/div><!-- .post-date-wrap -->\n\t\t\t\t\n\t\t\t<h2 class=\"post-title entry-title\"><a href=\"https:\/\/blogsaverroes.juntadeandalucia.es\/rycerasmuscrecemoseuropa\/2024\/08\/04\/curso-formacion-iv-innovations-in-language-teaching-methodology\/\">Curso Formaci\u00f3n IV &#8211; Croacia &#8211; Innovations in Language Teaching Methodology<\/a><\/h2>\n\t\t\t\n\t\t\t\n\t\t\t        <div class=\"entry-content\">\n\n        \n            <p>Agosto&nbsp; viene cargado de formaci\u00f3n en nuestro proyecto&#8230; Mar\u00eda Matas, profesora de ingl\u00e9s y jefa del departamento FEIE, ya se encuentra en Split para realizar el curso \u00abInnovations in Language Teaching Methodology\u00bb. &nbsp; Hoy ha comenzado con una gran bienvenida por parte de la organizaci\u00f3n.<\/p>\n\n                \n            \n        <\/div><!-- \/.entry-content -->\n        \n\t\t<\/div>\n\t\t<!-- \/.post-content-inner -->\n\t<\/div>\n\t<!-- \/.post-content -->\n\t\n<\/article>\n<!-- \/.post -->\n    <\/div><!-- .builder-posts-wrap -->\n                                <link rel=\"prefetch\" as=\"document\" href=\"https:\/\/blogsaverroes.juntadeandalucia.es\/rycerasmuscrecemoseuropa\/wp-json\/wp\/v2\/pages\/38\/page\/2\/\"\/><div class=\"pagenav tf_clear tf_box tf_textr tf_clearfix \"> <span class=\"number current\">1<\/span> <a href=\"https:\/\/blogsaverroes.juntadeandalucia.es\/rycerasmuscrecemoseuropa\/wp-json\/wp\/v2\/pages\/38\/page\/2\/\" class=\"number\">2<\/a> <a href=\"https:\/\/blogsaverroes.juntadeandalucia.es\/rycerasmuscrecemoseuropa\/wp-json\/wp\/v2\/pages\/38\/page\/3\/\" class=\"number\">3<\/a> <a href=\"https:\/\/blogsaverroes.juntadeandalucia.es\/rycerasmuscrecemoseuropa\/wp-json\/wp\/v2\/pages\/38\/page\/4\/\" class=\"number\">4<\/a><a href=\"https:\/\/blogsaverroes.juntadeandalucia.es\/rycerasmuscrecemoseuropa\/wp-json\/wp\/v2\/pages\/38\/page\/2\/\"  class=\"number nextp\">&rsaquo;<\/a><a href=\"https:\/\/blogsaverroes.juntadeandalucia.es\/rycerasmuscrecemoseuropa\/wp-json\/wp\/v2\/pages\/38\/page\/7\/\" title=\"&raquo;\" class=\"number lastp\">&raquo;<\/a><\/div>                <\/div>\n<!-- \/module post -->\n    <!-- module text -->\n<div  class=\"module module-text tb_26c11d1   \" data-lazy=\"1\">\n        <div  class=\"tb_text_wrap\">\n        <h2><span style=\"color: #ff9900\">CRECEMOS CON EUROPA<\/span><\/h2>\n<p><img loading=\"lazy\" decoding=\"async\" class=\"alignnone wp-image-129\" src=\"https:\/\/blogsaverroes.juntadeandalucia.es\/rycerasmuscrecemoseuropa\/files\/2023\/12\/Logo-Proyecto-1-300x267.jpeg\" alt=\"\" width=\"108\" height=\"96\" srcset=\"https:\/\/blogsaverroes.juntadeandalucia.es\/rycerasmuscrecemoseuropa\/files\/2023\/12\/Logo-Proyecto-1-300x267.jpeg 300w, https:\/\/blogsaverroes.juntadeandalucia.es\/rycerasmuscrecemoseuropa\/files\/2023\/12\/Logo-Proyecto-1.jpeg 539w\" sizes=\"(max-width: 108px) 100vw, 108px\" \/><\/p>\n<p><span style=\"color: #ff9900\"><strong>PROYECTO DE CORTA DURACI\u00d3N KA122<\/strong><\/span><\/p>    <\/div>\n<\/div>\n<!-- \/module text -->        <\/div>\n                        <\/div>\n        <\/div>\n                        <div  data-lazy=\"1\" class=\"module_row themify_builder_row tb_3cc5977 tf_w\">\n                        <div class=\"row_inner col_align_middle tb_col_count_2 tf_box tf_rel\">\n                        <div  data-lazy=\"1\" class=\"module_column tb-column col4-2 tb_8af80fe first\">\n                    <!-- module text -->\n<div  class=\"module module-text tb_9b56556   \" data-lazy=\"1\">\n        <div  class=\"tb_text_wrap\">\n        <p><a href=\"http:\/\/sepie.es\/\" target=\"_blank\" rel=\"noopener\"><img loading=\"lazy\" decoding=\"async\" class=\"size-medium wp-image-141 aligncenter\" src=\"https:\/\/blogsaverroes.juntadeandalucia.es\/rycerasmuscrecemoseuropa\/files\/2023\/12\/SEPIE_erasmus_plus-300x111.gif\" alt=\"\" width=\"300\" height=\"111\"><\/a><\/p>    <\/div>\n<\/div>\n<!-- \/module text -->        <\/div>\n                    <div  data-lazy=\"1\" class=\"module_column tb-column col4-2 tb_13625c0 last\">\n                    <!-- module image -->\n<div  class=\"module module-image tb_cpf3463 image-top   tf_mw\" data-lazy=\"1\">\n        <div class=\"image-wrap tf_rel tf_mw\">\n            <img loading=\"lazy\" decoding=\"async\" width=\"8493\" height=\"1780\" src=\"https:\/\/blogsaverroes.juntadeandalucia.es\/rycerasmuscrecemoseuropa\/files\/2023\/12\/es_cofinanciado_por_la_union_europea_pos-1.png\" class=\"wp-post-image wp-image-142\" title=\"es_cofinanciado_por_la_union_europea_pos (1)\" alt=\"es_cofinanciado_por_la_union_europea_pos (1)\" srcset=\"https:\/\/blogsaverroes.juntadeandalucia.es\/rycerasmuscrecemoseuropa\/files\/2023\/12\/es_cofinanciado_por_la_union_europea_pos-1.png 8493w, https:\/\/blogsaverroes.juntadeandalucia.es\/rycerasmuscrecemoseuropa\/files\/2023\/12\/es_cofinanciado_por_la_union_europea_pos-1-300x63.png 300w, https:\/\/blogsaverroes.juntadeandalucia.es\/rycerasmuscrecemoseuropa\/files\/2023\/12\/es_cofinanciado_por_la_union_europea_pos-1-1024x215.png 1024w, https:\/\/blogsaverroes.juntadeandalucia.es\/rycerasmuscrecemoseuropa\/files\/2023\/12\/es_cofinanciado_por_la_union_europea_pos-1-768x161.png 768w, https:\/\/blogsaverroes.juntadeandalucia.es\/rycerasmuscrecemoseuropa\/files\/2023\/12\/es_cofinanciado_por_la_union_europea_pos-1-1536x322.png 1536w, https:\/\/blogsaverroes.juntadeandalucia.es\/rycerasmuscrecemoseuropa\/files\/2023\/12\/es_cofinanciado_por_la_union_europea_pos-1-2048x429.png 2048w\" sizes=\"(max-width: 8493px) 100vw, 8493px\" \/>    \n        <\/div>\n    <!-- \/image-wrap -->\n    \n        <\/div>\n<!-- \/module image -->        <\/div>\n                        <\/div>\n        <\/div>\n        <\/div>\n<!--\/themify_builder_content-->","protected":false},"excerpt":{"rendered":"<p>Proyecto M\u00e1s Equipo Erasmus M\u00e1s Movilidades M\u00e1s \u00a0 \u00daltimas Noticias CRECEMOS CON EUROPA PROYECTO DE CORTA DURACI\u00d3N KA122<\/p>\n","protected":false},"author":2391,"featured_media":0,"parent":0,"menu_order":0,"comment_status":"closed","ping_status":"closed","template":"","meta":{"ngg_post_thumbnail":0,"footnotes":""},"aioseo_notices":[],"_links":{"self":[{"href":"https:\/\/blogsaverroes.juntadeandalucia.es\/rycerasmuscrecemoseuropa\/wp-json\/wp\/v2\/pages\/38"}],"collection":[{"href":"https:\/\/blogsaverroes.juntadeandalucia.es\/rycerasmuscrecemoseuropa\/wp-json\/wp\/v2\/pages"}],"about":[{"href":"https:\/\/blogsaverroes.juntadeandalucia.es\/rycerasmuscrecemoseuropa\/wp-json\/wp\/v2\/types\/page"}],"author":[{"embeddable":true,"href":"https:\/\/blogsaverroes.juntadeandalucia.es\/rycerasmuscrecemoseuropa\/wp-json\/wp\/v2\/users\/2391"}],"replies":[{"embeddable":true,"href":"https:\/\/blogsaverroes.juntadeandalucia.es\/rycerasmuscrecemoseuropa\/wp-json\/wp\/v2\/comments?post=38"}],"version-history":[{"count":64,"href":"https:\/\/blogsaverroes.juntadeandalucia.es\/rycerasmuscrecemoseuropa\/wp-json\/wp\/v2\/pages\/38\/revisions"}],"predecessor-version":[{"id":513,"href":"https:\/\/blogsaverroes.juntadeandalucia.es\/rycerasmuscrecemoseuropa\/wp-json\/wp\/v2\/pages\/38\/revisions\/513"}],"wp:attachment":[{"href":"https:\/\/blogsaverroes.juntadeandalucia.es\/rycerasmuscrecemoseuropa\/wp-json\/wp\/v2\/media?parent=38"}],"curies":[{"name":"wp","href":"https:\/\/api.w.org\/{rel}","templated":true}]}}