{"id":11,"date":"2022-12-04T16:43:04","date_gmt":"2022-12-04T16:43:04","guid":{"rendered":"https:\/\/blogsaverroes.juntadeandalucia.es\/salazarigualdad\/?page_id=11"},"modified":"2022-12-13T22:33:31","modified_gmt":"2022-12-13T22:33:31","slug":"la-igualdad-en-nuestro-colegio","status":"publish","type":"page","link":"https:\/\/blogsaverroes.juntadeandalucia.es\/salazarigualdad\/","title":{"rendered":"INICIO"},"content":{"rendered":"<p><span style=\"font-size: 12pt\">En este Blog pretendemos informar a la comunidad educativa de nuestro colegio, y a toda persona interesada en \u00e9l, la manera en que tratamos la Igualdad en nuestra actividad diaria.<\/span><\/p>\n<p><img loading=\"lazy\" decoding=\"async\" class=\"wp-image-171 aligncenter\" src=\"https:\/\/blogsaverroes.juntadeandalucia.es\/salazarigualdad\/files\/2022\/12\/foto-colegio-e1670457635422-300x104.jpg\" alt=\"\" width=\"458\" height=\"159\" srcset=\"https:\/\/blogsaverroes.juntadeandalucia.es\/salazarigualdad\/files\/2022\/12\/foto-colegio-e1670457635422-300x104.jpg 300w, https:\/\/blogsaverroes.juntadeandalucia.es\/salazarigualdad\/files\/2022\/12\/foto-colegio-e1670457635422-768x266.jpg 768w, https:\/\/blogsaverroes.juntadeandalucia.es\/salazarigualdad\/files\/2022\/12\/foto-colegio-e1670457635422.jpg 960w\" sizes=\"(max-width: 458px) 100vw, 458px\" \/><\/p>\n<p><span style=\"font-size: 12pt\">Estamos en Baeza (Ja\u00e9n), y nuestra ubicaci\u00f3n es la que aparece aqu\u00ed debajo<\/span><\/p>\n<p><iframe loading=\"lazy\" src=\"https:\/\/www.google.com\/maps\/embed?pb=!1m18!1m12!1m3!1d3144.1429395202567!2d-3.469063825413555!3d37.99712627193019!2m3!1f0!2f0!3f0!3m2!1i1024!2i768!4f13.1!3m3!1m2!1s0xd6e8b9e8022aa37%3A0xcc97176ce0781688!2sColegio%20P%C3%BAblico%20Angel%20L%C3%B3pez%20Salazar!5e0!3m2!1ses!2ses!4v1670519845472!5m2!1ses!2ses\" width=\"560\" height=\"410\"><span data-mce-type=\"bookmark\" style=\"width: 0px;overflow: hidden;line-height: 0\" class=\"mce_SELRES_start\">\ufeff<\/span><\/iframe><\/p>\n<p style=\"text-align: left\">&nbsp;&nbsp;<\/p>\n","protected":false},"excerpt":{"rendered":"<p>En este Blog pretendemos informar a la comunidad educativa de nuestro colegio, y a toda persona interesada en \u00e9l, la manera en que tratamos la Igualdad en nuestra actividad diaria. Estamos en Baeza (Ja\u00e9n), y nuestra ubicaci\u00f3n es la que aparece aqu\u00ed debajo \ufeff &nbsp;&nbsp;<\/p>\n","protected":false},"author":10350,"featured_media":0,"parent":0,"menu_order":0,"comment_status":"closed","ping_status":"closed","template":"","meta":{"ngg_post_thumbnail":0,"footnotes":""},"aioseo_notices":[],"_links":{"self":[{"href":"https:\/\/blogsaverroes.juntadeandalucia.es\/salazarigualdad\/wp-json\/wp\/v2\/pages\/11"}],"collection":[{"href":"https:\/\/blogsaverroes.juntadeandalucia.es\/salazarigualdad\/wp-json\/wp\/v2\/pages"}],"about":[{"href":"https:\/\/blogsaverroes.juntadeandalucia.es\/salazarigualdad\/wp-json\/wp\/v2\/types\/page"}],"author":[{"embeddable":true,"href":"https:\/\/blogsaverroes.juntadeandalucia.es\/salazarigualdad\/wp-json\/wp\/v2\/users\/10350"}],"replies":[{"embeddable":true,"href":"https:\/\/blogsaverroes.juntadeandalucia.es\/salazarigualdad\/wp-json\/wp\/v2\/comments?post=11"}],"version-history":[{"count":15,"href":"https:\/\/blogsaverroes.juntadeandalucia.es\/salazarigualdad\/wp-json\/wp\/v2\/pages\/11\/revisions"}],"predecessor-version":[{"id":404,"href":"https:\/\/blogsaverroes.juntadeandalucia.es\/salazarigualdad\/wp-json\/wp\/v2\/pages\/11\/revisions\/404"}],"wp:attachment":[{"href":"https:\/\/blogsaverroes.juntadeandalucia.es\/salazarigualdad\/wp-json\/wp\/v2\/media?parent=11"}],"curies":[{"name":"wp","href":"https:\/\/api.w.org\/{rel}","templated":true}]}}