{"id":88,"date":"2022-12-07T00:30:21","date_gmt":"2022-12-07T00:30:21","guid":{"rendered":"https:\/\/blogsaverroes.juntadeandalucia.es\/salazarigualdad\/?page_id=88"},"modified":"2022-12-14T22:01:00","modified_gmt":"2022-12-14T22:01:00","slug":"25-n-dicvm","status":"publish","type":"page","link":"https:\/\/blogsaverroes.juntadeandalucia.es\/salazarigualdad\/25-n-dicvm\/","title":{"rendered":"&#8211; 25 Noviembre DICVM"},"content":{"rendered":"<p><strong>NACIONES UNIDAS<\/strong><\/p>\n<p><strong> El&nbsp;<b>17 de diciembre de 1999<\/b>, la Asamblea General de las Naciones Unidas design\u00f3 el 25 de noviembre como el D\u00eda Internacional de la Eliminaci\u00f3n de la Violencia contra la Mujer.<\/strong><\/p>\n<p><a href=\"https:\/\/www.un.org\/es\/observances\/ending-violence-against-women-day\" target=\"_blank\" rel=\"noopener noreferrer\"><strong>D\u00eda Internacional de la Eliminaci\u00f3n de la Violencia contra la Mujer. 25 de noviembre <span style=\"color: #ff0000\">(Web oficial)<\/span><\/strong><\/a><\/p>\n<p><strong>Actividad llevada a cabo en el colegio con motivo de esta efem\u00e9ride.&nbsp;<\/strong><\/p>\n<p><img loading=\"lazy\" decoding=\"async\" class=\"aligncenter wp-image-42\" src=\"https:\/\/blogsaverroes.juntadeandalucia.es\/salazarigualdad\/files\/2022\/12\/entrada-blog-igualdad_recorte-300x130.jpg\" alt=\"\" width=\"488\" height=\"211\" srcset=\"https:\/\/blogsaverroes.juntadeandalucia.es\/salazarigualdad\/files\/2022\/12\/entrada-blog-igualdad_recorte-300x130.jpg 300w, https:\/\/blogsaverroes.juntadeandalucia.es\/salazarigualdad\/files\/2022\/12\/entrada-blog-igualdad_recorte-768x332.jpg 768w, https:\/\/blogsaverroes.juntadeandalucia.es\/salazarigualdad\/files\/2022\/12\/entrada-blog-igualdad_recorte.jpg 1019w\" sizes=\"(max-width: 488px) 100vw, 488px\" \/><\/p>\n<p><a href=\"https:\/\/youtu.be\/F6iqghLCuU8\" target=\"_blank\" rel=\"noopener noreferrer\"><strong>V\u00cdDEO DE \u00abSUPERLOLA\u00bb<\/strong><\/a><\/p>\n<p><strong><iframe loading=\"lazy\" src=\"https:\/\/www.youtube.com\/embed\/F6iqghLCuU8\" width=\"520\" height=\"240\" frameborder=\"0\"><\/iframe><\/strong><\/p>\nngg_shortcode_0_placeholder\n<p style=\"text-align: center\"><strong>LAS MUJERES VUELVEN A OCUPAR EL LUGAR QUE LES CORRESPONDE EN EL FLAMENCO<\/strong><\/p>\n<p><iframe loading=\"lazy\" src=\"https:\/\/drive.google.com\/file\/d\/1Aia5mxMFvRtT_HHI8FHxR2Tdy6DZ88B9\/preview\" width=\"500\" height=\"1840\"><span data-mce-type=\"bookmark\" style=\"width: 0px;overflow: hidden;line-height: 0\" class=\"mce_SELRES_start\">\ufeff<\/span><\/iframe><\/p>\n","protected":false},"excerpt":{"rendered":"<p>NACIONES UNIDAS El&nbsp;17 de diciembre de 1999, la Asamblea General de las Naciones Unidas design\u00f3 el 25 de noviembre como el D\u00eda Internacional de la Eliminaci\u00f3n de la Violencia contra la Mujer. D\u00eda Internacional de la Eliminaci\u00f3n de la Violencia contra la Mujer. 25 de noviembre (Web oficial) Actividad llevada a cabo en el colegio &hellip; <a href=\"https:\/\/blogsaverroes.juntadeandalucia.es\/salazarigualdad\/25-n-dicvm\/\" class=\"more-link\">Sigue leyendo <span class=\"screen-reader-text\">&#8211; 25 Noviembre DICVM<\/span><\/a><\/p>\n","protected":false},"author":10350,"featured_media":0,"parent":0,"menu_order":0,"comment_status":"closed","ping_status":"closed","template":"","meta":{"ngg_post_thumbnail":0,"footnotes":""},"aioseo_notices":[],"_links":{"self":[{"href":"https:\/\/blogsaverroes.juntadeandalucia.es\/salazarigualdad\/wp-json\/wp\/v2\/pages\/88"}],"collection":[{"href":"https:\/\/blogsaverroes.juntadeandalucia.es\/salazarigualdad\/wp-json\/wp\/v2\/pages"}],"about":[{"href":"https:\/\/blogsaverroes.juntadeandalucia.es\/salazarigualdad\/wp-json\/wp\/v2\/types\/page"}],"author":[{"embeddable":true,"href":"https:\/\/blogsaverroes.juntadeandalucia.es\/salazarigualdad\/wp-json\/wp\/v2\/users\/10350"}],"replies":[{"embeddable":true,"href":"https:\/\/blogsaverroes.juntadeandalucia.es\/salazarigualdad\/wp-json\/wp\/v2\/comments?post=88"}],"version-history":[{"count":29,"href":"https:\/\/blogsaverroes.juntadeandalucia.es\/salazarigualdad\/wp-json\/wp\/v2\/pages\/88\/revisions"}],"predecessor-version":[{"id":416,"href":"https:\/\/blogsaverroes.juntadeandalucia.es\/salazarigualdad\/wp-json\/wp\/v2\/pages\/88\/revisions\/416"}],"wp:attachment":[{"href":"https:\/\/blogsaverroes.juntadeandalucia.es\/salazarigualdad\/wp-json\/wp\/v2\/media?parent=88"}],"curies":[{"name":"wp","href":"https:\/\/api.w.org\/{rel}","templated":true}]}}