{"id":10,"date":"2022-02-01T17:17:32","date_gmt":"2022-02-01T17:17:32","guid":{"rendered":"https:\/\/blogsaverroes.juntadeandalucia.es\/salvacorts\/?page_id=10"},"modified":"2022-02-02T10:38:58","modified_gmt":"2022-02-02T10:38:58","slug":"inicio","status":"publish","type":"page","link":"https:\/\/blogsaverroes.juntadeandalucia.es\/salvacorts\/","title":{"rendered":"Inicio"},"content":{"rendered":"<p>Soy Salva Corts, profesor de Pol\u00edticas de Marketing y Publicidad y Medios y Soportes de Comunicaci\u00f3n. Granadino de Extremadura, apasionado por el deporte en el medio natural, la historia, la tecnolog\u00eda, viajar y aprender idiomas.&nbsp;Padre de mis hijos, profesor de mis alumnos, marido de Marisol y, no lo niego, due\u00f1o de mi perro. Apasionado por la empresa y las innovaciones que constantemente aparecen en el marketing actual.<\/p>\n<p style=\"text-align: center\"><img loading=\"lazy\" decoding=\"async\" class=\"alignnone size-medium wp-image-52\" src=\"https:\/\/blogsaverroes.juntadeandalucia.es\/salvacorts\/files\/2022\/02\/Salva-Corts-profesor-de-Marketing-300x300.png\" alt=\"Salva Corts y su perro, Rolo\" width=\"300\" height=\"300\" srcset=\"https:\/\/blogsaverroes.juntadeandalucia.es\/salvacorts\/files\/2022\/02\/Salva-Corts-profesor-de-Marketing-300x300.png 300w, https:\/\/blogsaverroes.juntadeandalucia.es\/salvacorts\/files\/2022\/02\/Salva-Corts-profesor-de-Marketing-150x150.png 150w, https:\/\/blogsaverroes.juntadeandalucia.es\/salvacorts\/files\/2022\/02\/Salva-Corts-profesor-de-Marketing-80x80.png 80w, https:\/\/blogsaverroes.juntadeandalucia.es\/salvacorts\/files\/2022\/02\/Salva-Corts-profesor-de-Marketing-320x320.png 320w, https:\/\/blogsaverroes.juntadeandalucia.es\/salvacorts\/files\/2022\/02\/Salva-Corts-profesor-de-Marketing.png 768w\" sizes=\"(max-width: 300px) 100vw, 300px\" \/><\/p>\n<p>En la secci\u00f3n de&nbsp;<a href=\"https:\/\/blogsaverroes.juntadeandalucia.es\/salvacorts\/taller\/\">Taller<\/a> podr\u00e1s encontrar fant\u00e1sticos trabajos realizados por mis alumnos, futuros profesionales, muy j\u00f3venes y extremadamente ilusionados del IES \u00c1ngel Ganivet. Todos se basan en casos reales de inmediata aplicaci\u00f3n pr\u00e1ctica. El equipo que formamos los profesores del Ganivet llevamos muchos a\u00f1os trabajando juntos y estamos muy orgullosos de los resultados obtenidos. En el <a href=\"https:\/\/blogsaverroes.juntadeandalucia.es\/salvacorts\/blog\/\">Blog<\/a> se presentan noticias y temas de m\u00e1xima novedad en el mundo del marketing que vamos tratando en nuestras clases.<\/p>\n<p>En nuestro magn\u00edfico instituto, <a href=\"https:\/\/www.iesganivet.es\/\" target=\"_blank\" rel=\"noopener noreferrer\">IES \u00c1ngel Ganivet<\/a>, estamos a tu disposici\u00f3n todo un gran claustro de profesores y personal de administraci\u00f3n y servicios para atenderte en lo que necesites.<\/p>\n<p style=\"text-align: center\"><img loading=\"lazy\" decoding=\"async\" class=\"alignnone wp-image-60\" src=\"https:\/\/blogsaverroes.juntadeandalucia.es\/salvacorts\/files\/2022\/02\/Patio-IES-Ganivet-300x225.jpg\" alt=\"Patio del IES \u00c1ngel Ganivet\" width=\"437\" height=\"328\" srcset=\"https:\/\/blogsaverroes.juntadeandalucia.es\/salvacorts\/files\/2022\/02\/Patio-IES-Ganivet-300x225.jpg 300w, https:\/\/blogsaverroes.juntadeandalucia.es\/salvacorts\/files\/2022\/02\/Patio-IES-Ganivet-768x576.jpg 768w, https:\/\/blogsaverroes.juntadeandalucia.es\/salvacorts\/files\/2022\/02\/Patio-IES-Ganivet.jpg 783w\" sizes=\"(max-width: 437px) 100vw, 437px\" \/><\/p>\n<p style=\"text-align: center\">Puedes encontrarnos en calle Santa B\u00e1rbara 15 o en el tel\u00e9fono 958 89 33 53 o en Google Maps:<\/p>\n<p>&nbsp;<\/p>\n<p><a href=\"https:\/\/www.google.es\/maps\/place\/IES+%C3%81ngel+Ganivet\/@37.1814727,-3.6061484,17z\/data=!3m2!4b1!5s0xd71fcebb1271c21:0x2ba6fd9a6dbad59d!4m5!3m4!1s0xd71fcea345d2883:0xeea79b3b9753515b!8m2!3d37.1814727!4d-3.6039597?hl=es&amp;authuser=0\" target=\"_blank\" rel=\"noopener noreferrer\"><img loading=\"lazy\" decoding=\"async\" class=\" wp-image-62 aligncenter\" src=\"https:\/\/blogsaverroes.juntadeandalucia.es\/salvacorts\/files\/2022\/02\/maps-ganivet-1-300x137.png\" alt=\"Plano de situaci\u00f3n del instituto\" width=\"538\" height=\"246\" srcset=\"https:\/\/blogsaverroes.juntadeandalucia.es\/salvacorts\/files\/2022\/02\/maps-ganivet-1-300x137.png 300w, https:\/\/blogsaverroes.juntadeandalucia.es\/salvacorts\/files\/2022\/02\/maps-ganivet-1-1024x466.png 1024w, https:\/\/blogsaverroes.juntadeandalucia.es\/salvacorts\/files\/2022\/02\/maps-ganivet-1-768x350.png 768w, https:\/\/blogsaverroes.juntadeandalucia.es\/salvacorts\/files\/2022\/02\/maps-ganivet-1-980x450.png 980w, https:\/\/blogsaverroes.juntadeandalucia.es\/salvacorts\/files\/2022\/02\/maps-ganivet-1.png 1362w\" sizes=\"(max-width: 538px) 100vw, 538px\" \/><\/a><\/p>\n<p style=\"text-align: center\">Tambi\u00e9n puedes contactar directamente conmigo en <a href=\"mailto:salvador@iesganivet.es\" target=\"_blank\" rel=\"noopener noreferrer\">salvador@iesganivet.es<\/a><\/p>\n","protected":false},"excerpt":{"rendered":"<p>Soy Salva Corts, profesor de Pol\u00edticas de Marketing y Publicidad y Medios y Soportes de Comunicaci\u00f3n. Granadino de Extremadura, apasionado por el deporte en el medio natural, la historia, la tecnolog\u00eda, viajar y aprender idiomas.&nbsp;Padre de mis hijos, profesor de mis alumnos, marido de Marisol y, no lo niego, due\u00f1o de mi perro. Apasionado por la empresa y las innovaciones que constantemente aparecen en el marketing actual. En la secci\u00f3n de&nbsp;Taller podr\u00e1s encontrar fant\u00e1sticos trabajos realizados por mis alumnos, futuros&#46;&#46;&#46;<\/p>\n","protected":false},"author":2055,"featured_media":52,"parent":0,"menu_order":0,"comment_status":"closed","ping_status":"closed","template":"","meta":{"ngg_post_thumbnail":0,"footnotes":""},"aioseo_notices":[],"_links":{"self":[{"href":"https:\/\/blogsaverroes.juntadeandalucia.es\/salvacorts\/wp-json\/wp\/v2\/pages\/10"}],"collection":[{"href":"https:\/\/blogsaverroes.juntadeandalucia.es\/salvacorts\/wp-json\/wp\/v2\/pages"}],"about":[{"href":"https:\/\/blogsaverroes.juntadeandalucia.es\/salvacorts\/wp-json\/wp\/v2\/types\/page"}],"author":[{"embeddable":true,"href":"https:\/\/blogsaverroes.juntadeandalucia.es\/salvacorts\/wp-json\/wp\/v2\/users\/2055"}],"replies":[{"embeddable":true,"href":"https:\/\/blogsaverroes.juntadeandalucia.es\/salvacorts\/wp-json\/wp\/v2\/comments?post=10"}],"version-history":[{"count":9,"href":"https:\/\/blogsaverroes.juntadeandalucia.es\/salvacorts\/wp-json\/wp\/v2\/pages\/10\/revisions"}],"predecessor-version":[{"id":65,"href":"https:\/\/blogsaverroes.juntadeandalucia.es\/salvacorts\/wp-json\/wp\/v2\/pages\/10\/revisions\/65"}],"wp:featuredmedia":[{"embeddable":true,"href":"https:\/\/blogsaverroes.juntadeandalucia.es\/salvacorts\/wp-json\/wp\/v2\/media\/52"}],"wp:attachment":[{"href":"https:\/\/blogsaverroes.juntadeandalucia.es\/salvacorts\/wp-json\/wp\/v2\/media?parent=10"}],"curies":[{"name":"wp","href":"https:\/\/api.w.org\/{rel}","templated":true}]}}