{"id":1046,"date":"2024-06-04T14:46:35","date_gmt":"2024-06-04T12:46:35","guid":{"rendered":"https:\/\/blogsaverroes.juntadeandalucia.es\/sanfelipeneri\/?page_id=1046"},"modified":"2025-12-10T19:24:34","modified_gmt":"2025-12-10T18:24:34","slug":"c-f-g-s-tecnico-superior-en-administracion-y-finanzas","status":"publish","type":"page","link":"https:\/\/blogsaverroes.juntadeandalucia.es\/sanfelipeneri\/ciclos-formativos\/c-f-g-s-tecnico-superior-en-administracion-y-finanzas\/","title":{"rendered":"C.F.G.S. T\u00c9CNICO SUPERIOR EN ADMINISTRACI\u00d3N Y FINANZAS"},"content":{"rendered":"<p>Este <b>Ciclo Formativo de Grado Superior en Administraci\u00f3n y Finanzas<\/b> capacita a las personas tituladas para realizar <strong>tareas administrativas y de gesti\u00f3n en empresas y administraciones p\u00fablicas<\/strong>, atendiendo a clientes y ciudadanos, tramitando documentaci\u00f3n y gestionando el archivo y las comunicaciones de la organizaci\u00f3n.<\/p>\n<p>Las personas que obtienen este t\u00edtulo ejercen su actividad laboral en <strong>departamentos de administraci\u00f3n, contabilidad, recursos humanos, tesorer\u00eda y atenci\u00f3n al cliente<\/strong>, tanto en el sector p\u00fablico como en el privado.<\/p>\n<div class=\"osc-res-tab tabbable   osc-tabs-left\"><div style=\"clear:both;width: 100%;\"><ul class=\"nav osc-res-nav nav-pills osc-tabs-left-ul\" id=\"oscitas-restabs-1-c-f-g-s-tecnico-superior-en-administracion-y-finanzas-33477\"><li class=\"active\"><a href=\"#ert_pane1-0\" data-toggle=\"tab\">Salidas profesionales<\/a><\/li><li class=\"\"><a href=\"#ert_pane1-1\" data-toggle=\"tab\">Duraci\u00f3n y organizaci\u00f3n de la formaci\u00f3n<\/a><\/li><li class=\"\"><a href=\"#ert_pane1-2\" data-toggle=\"tab\">Competencias profesionales<\/a><\/li><li class=\"\"><a href=\"#ert_pane1-3\" data-toggle=\"tab\">Informaci\u00f3n adicional<\/a><\/li><\/ul><\/div><div style=\"clear:both;width: 100%;\"><ul class=\"tab-content\" id=\"oscitas-restabcontent-1-c-f-g-s-tecnico-superior-en-administracion-y-finanzas-33477\"><li class=\"tab-pane active\" id=\"ert_pane1-0\"><p>&nbsp;<\/p>\n<p>Las principales ocupaciones y puestos de trabajo que puedes desempe\u00f1ar son:<\/p>\n<ul>\n<li>Administrativa \/ administrativo de oficina.<\/li>\n<li>Administrativa \/ administrativo comercial.<\/li>\n<li>Administrativa financiera \/ administrativo financiero.<\/li>\n<li>Administrativa \/ administrativo contable.<\/li>\n<li>Administrativa \/ administrativo de log\u00edstica.<\/li>\n<li>Administrativa \/ administrativo de banca y de seguros.<\/li>\n<li>Administrativa \/ administrativo de recursos humanos.<\/li>\n<li>Administrativa \/ administrativo de la Administraci\u00f3n p\u00fablica.<\/li>\n<li>Administrativa \/ administrativo de asesor\u00edas jur\u00eddicas, contables, laborales, fiscales o gestor\u00edas.<\/li>\n<li>T\u00e9cnica \/ t\u00e9cnico en gesti\u00f3n de cobros.<\/li>\n<li>Responsable de atenci\u00f3n al cliente<\/li>\n<\/ul>\n<p>Puedes trabajar en empresas de cualquier tama\u00f1o y sector, especialmente en servicios y administraciones p\u00fablicas, realizando tareas administrativas, gesti\u00f3n y asesoramiento en \u00e1reas laboral, comercial, contable y fiscal. Ofrecer atenci\u00f3n a clientes y ciudadanos, gestionar tr\u00e1mites con administraciones p\u00fablicas, archivo y comunicaciones. Y como aut\u00f3nomo gestionando tu empresa o en actividades econ\u00f3micas libres, como asesor\u00eda financiera, laboral o proyectos.<\/p><\/li><li class=\"tab-pane \" id=\"ert_pane1-1\"><p>&nbsp;<\/p>\n<p>La formaci\u00f3n tiene una duraci\u00f3n de <strong>dos cursos acad\u00e9micos<\/strong> (un total de <strong>2.000 horas<\/strong>) e incluye formaci\u00f3n te\u00f3rica y pr\u00e1ctica adaptada a las necesidades del entorno empresarial.<\/p>\n<p>Los m\u00f3dulos se distribuyen de la siguiente manera:<\/p>\n<h4><strong>Primer curso<\/strong><\/h4>\n<ul>\n<li>Comunicaci\u00f3n y atenci\u00f3n al cliente&nbsp;<\/li>\n<li>Itinerario Personal para la Empleabilidad I&nbsp;<\/li>\n<li>Gesti\u00f3n de la documentaci\u00f3n jur\u00eddica y empresarial&nbsp;<\/li>\n<li>Ingl\u00e9s Profesional<\/li>\n<li>Ofim\u00e1tica y proceso de la informaci\u00f3n&nbsp;<\/li>\n<li>Proceso integral de la actividad comercial&nbsp;<\/li>\n<li>Recursos humanos y responsabilidad social corporativa&nbsp;<\/li>\n<li>Digitalizaci\u00f3n aplicada a los Sectores Productivos<\/li>\n<li>Sostenibilidad aplicada al Sistema Productivo<\/li>\n<\/ul>\n<h4>&nbsp;<\/h4>\n<h4><strong>Segundo curso<\/strong><\/h4>\n<ul>\n<li>Contabilidad y fiscalidad&nbsp;<\/li>\n<li>Gesti\u00f3n de recursos humanos&nbsp;<\/li>\n<li>Gesti\u00f3n financiera&nbsp;<\/li>\n<li>Gesti\u00f3n log\u00edstica y comercial&nbsp;<\/li>\n<li>Simulaci\u00f3n empresarial&nbsp;<\/li>\n<li>Itinerario Personal para la Empleabilidad II&nbsp;<\/li>\n<li>Optativa: Fiscalidad Avanzada: Tributos Estatales, Auton\u00f3micos y Locales<\/li>\n<li>Proyecto Intermodular de Administraci\u00f3n y Finanzas<\/li>\n<\/ul><\/li><li class=\"tab-pane \" id=\"ert_pane1-2\"><p>&nbsp;<\/p>\n<p>Al finalizar estos estudios, el alumnado estar\u00e1 preparado para:<\/p>\n<ul>\n<li>Tramitar documentos o comunicaciones internas o externas en los circuitos de informaci\u00f3n de la empresa.<\/li>\n<li>Elaborar documentos y comunicaciones a partir de \u00f3rdenes recibidas, informaci\u00f3n obtenida y\/o necesidades detectadas.<\/li>\n<li>Gestionar los procesos de tramitaci\u00f3n administrativa empresarial en relaci\u00f3n a las \u00e1reas comercial, financiera, contable y fiscal, con una visi\u00f3n integradora de las mismas.<\/li>\n<li>Realizar la gesti\u00f3n contable y fiscal de la empresa, seg\u00fan los procesos y procedimientos administrativos aplicando la normativa vigente y en condiciones de seguridad y calidad.<\/li>\n<li>Supervisar la gesti\u00f3n de tesorer\u00eda, la captaci\u00f3n de recursos financieros y el estudio de viabilidad de proyectos de inversi\u00f3n, siguiendo las normas y protocolos establecidos.<\/li>\n<\/ul><\/li><li class=\"tab-pane \" id=\"ert_pane1-3\"><p><strong>Depsu\u00e9s puedes seguir estudiando:<\/strong><\/p>\n<ul>\n<li><a href=\"https:\/\/www.todofp.es\/que-estudiar\/familias-profesionales\/comercio-marketing\/ce-posicionamiento-buscadores-comunicacion-rrss.html\">Curso de Especializaci\u00f3n en Posicionamiento en buscadores (SEO\/SEM) y comunicaci\u00f3n en redes sociales<\/a><\/li>\n<li><a href=\"https:\/\/www.todofp.es\/que-estudiar\/familias-profesionales\/comercio-marketing\/ce-redaccion-contenidos-marketing-ventas.html\">Curso de Especializaci\u00f3n en Redacci\u00f3n de contenidos digitales para marketing y ventas sociales<\/a><\/li>\n<li>Ciclo Formativo de FP: con la posibilidad de convalidar m\u00f3dulos profesionales (consulta la normativa vigente)<\/li>\n<li>Grado Universitario: con la posibilidad de convalidar m\u00f3dulos profesionales (consulta la normativa vigente)<\/li>\n<\/ul>\n<p>Rama de conocimiento universitario: Ciencias Sociales y Jur\u00eddicas.<\/p>\n<p>\u00c1mbito de conocimiento universitario:<\/p>\n<ul>\n<li>Ciencias econ\u00f3micas, Administraci\u00f3n y direcci\u00f3n de empresas, m\u00e1rquetin, comercio, contabilidad y turismo.<\/li>\n<li>Ciencias sociales, trabajo social, relaciones laborales y recursos humanos, sociolog\u00eda, ciencia pol\u00edtica y relaciones internacionales.<\/li>\n<li>Derecho y especialidades jur\u00eddicas.<\/li>\n<\/ul>\n<p>&nbsp;<\/p>\n<p>Puedes encontrar informaci\u00f3n detallada en:<\/p>\n<ul>\n<li><a class=\"decorated-link\" href=\"https:\/\/www.juntadeandalucia.es\/educacion\/portals\/web\/formacion-profesional-andaluza\/fp-grado-superior\/detalle-titulo?idTitulo=88\" target=\"_blank\" rel=\"noopener\">Todo FP Andaluc\u00eda \u2013 Administraci\u00f3n y Finanzas (AF)<\/a><\/li>\n<li><a class=\"decorated-link\" href=\"https:\/\/todofp.es\/que-estudiar\/loe\/administracion-gestion\/administracion-finanzas.html\" target=\"_blank\" rel=\"noopener\">Todo FP \u2013 Administraci\u00f3n y Finanzas (AF)<\/a><\/li>\n<\/ul><\/li><\/ul><\/div><\/div>\n","protected":false},"excerpt":{"rendered":"<p>Este Ciclo Formativo de Grado Superior en Administraci\u00f3n y Finanzas capacita a las personas tituladas para realizar tareas administrativas y de gesti\u00f3n en empresas y administraciones p\u00fablicas, atendiendo a clientes y ciudadanos, tramitando documentaci\u00f3n&#46;&#46;&#46;<\/p>\n","protected":false},"author":13459,"featured_media":6789,"parent":4383,"menu_order":0,"comment_status":"closed","ping_status":"closed","template":"","meta":{"_exactmetrics_skip_tracking":false,"_exactmetrics_sitenote_active":false,"_exactmetrics_sitenote_note":"","_exactmetrics_sitenote_category":0,"ngg_post_thumbnail":0,"footnotes":""},"aioseo_notices":[],"_links":{"self":[{"href":"https:\/\/blogsaverroes.juntadeandalucia.es\/sanfelipeneri\/wp-json\/wp\/v2\/pages\/1046"}],"collection":[{"href":"https:\/\/blogsaverroes.juntadeandalucia.es\/sanfelipeneri\/wp-json\/wp\/v2\/pages"}],"about":[{"href":"https:\/\/blogsaverroes.juntadeandalucia.es\/sanfelipeneri\/wp-json\/wp\/v2\/types\/page"}],"author":[{"embeddable":true,"href":"https:\/\/blogsaverroes.juntadeandalucia.es\/sanfelipeneri\/wp-json\/wp\/v2\/users\/13459"}],"replies":[{"embeddable":true,"href":"https:\/\/blogsaverroes.juntadeandalucia.es\/sanfelipeneri\/wp-json\/wp\/v2\/comments?post=1046"}],"version-history":[{"count":13,"href":"https:\/\/blogsaverroes.juntadeandalucia.es\/sanfelipeneri\/wp-json\/wp\/v2\/pages\/1046\/revisions"}],"predecessor-version":[{"id":7129,"href":"https:\/\/blogsaverroes.juntadeandalucia.es\/sanfelipeneri\/wp-json\/wp\/v2\/pages\/1046\/revisions\/7129"}],"up":[{"embeddable":true,"href":"https:\/\/blogsaverroes.juntadeandalucia.es\/sanfelipeneri\/wp-json\/wp\/v2\/pages\/4383"}],"wp:featuredmedia":[{"embeddable":true,"href":"https:\/\/blogsaverroes.juntadeandalucia.es\/sanfelipeneri\/wp-json\/wp\/v2\/media\/6789"}],"wp:attachment":[{"href":"https:\/\/blogsaverroes.juntadeandalucia.es\/sanfelipeneri\/wp-json\/wp\/v2\/media?parent=1046"}],"curies":[{"name":"wp","href":"https:\/\/api.w.org\/{rel}","templated":true}]}}