{"id":1082,"date":"2024-06-05T18:19:21","date_gmt":"2024-06-05T16:19:21","guid":{"rendered":"https:\/\/blogsaverroes.juntadeandalucia.es\/sanfelipeneri\/?page_id=1082"},"modified":"2025-12-10T19:18:44","modified_gmt":"2025-12-10T18:18:44","slug":"c-f-g-m-tecnico-en-gestion-administrativa","status":"publish","type":"page","link":"https:\/\/blogsaverroes.juntadeandalucia.es\/sanfelipeneri\/ciclos-formativos\/c-f-g-m-tecnico-en-gestion-administrativa\/","title":{"rendered":"C.F.G.M. T\u00c9CNICO EN GESTI\u00d3N ADMINISTRATIVA"},"content":{"rendered":"<p>Este <b>Ciclo Formativo de Grado Medio en Gesti\u00f3n Administrativa<\/b> prepara a las personas tituladas para realizar <strong>tareas de apoyo administrativo en empresas y administraciones p\u00fablicas<\/strong>, colaborando en la gesti\u00f3n de la documentaci\u00f3n, la atenci\u00f3n al cliente y los procesos administrativos b\u00e1sicos.<\/p>\n<p>Las personas que obtienen este t\u00edtulo ejercen su actividad laboral en <strong>departamentos de administraci\u00f3n de empresas privadas y organismos p\u00fablicos<\/strong>, as\u00ed como en <strong>servicios de atenci\u00f3n al cliente, tesorer\u00eda y gesti\u00f3n de medios de pago<\/strong>.<\/p>\n<div class=\"osc-res-tab tabbable   osc-tabs-left\"><div style=\"clear:both;width: 100%;\"><ul class=\"nav osc-res-nav nav-pills osc-tabs-left-ul\" id=\"oscitas-restabs-1-c-f-g-m-tecnico-en-gestion-administrativa-13880\"><li class=\"active\"><a href=\"#ert_pane1-0\" data-toggle=\"tab\">Salidas profesionales<\/a><\/li><li class=\"\"><a href=\"#ert_pane1-1\" data-toggle=\"tab\">Duraci\u00f3n y organizaci\u00f3n de la formaci\u00f3n<\/a><\/li><li class=\"\"><a href=\"#ert_pane1-2\" data-toggle=\"tab\">Competencias profesionales<\/a><\/li><li class=\"\"><a href=\"#ert_pane1-3\" data-toggle=\"tab\">Informaci\u00f3n adicional<\/a><\/li><\/ul><\/div><div style=\"clear:both;width: 100%;\"><ul class=\"tab-content\" id=\"oscitas-restabcontent-1-c-f-g-m-tecnico-en-gestion-administrativa-13880\"><li class=\"tab-pane active\" id=\"ert_pane1-0\"><p>&nbsp;<\/p>\n<p>Las principales ocupaciones y puestos de trabajo que puedes desempe\u00f1ar son:<\/p>\n<ul>\n<li>Auxiliar administrativo.<\/li>\n<li>Ayudante de oficina.<\/li>\n<li>Auxiliar administrativo de cobros y pagos<\/li>\n<li>Administrativa \/ administrativo comercial.<\/li>\n<li>Auxiliar administrativo de gesti\u00f3n de personal<\/li>\n<li>Auxiliar administrativo de las administraciones p\u00fablicas.<\/li>\n<li>Empleada \/ empleado de atenci\u00f3n al cliente.<\/li>\n<li>Empleada \/ empleado de tesorer\u00eda.<\/li>\n<li>Empleada \/ empleado de medios de pago<\/li>\n<\/ul>\n<p>Puedes trabajar en cualquier sector de actividad, as\u00ed como en administraciones p\u00fablicas, ofreciendo apoyo administrativo en tareas de administraci\u00f3n y gesti\u00f3n y atenci\u00f3n a clientes y ciudadanos.<\/p><\/li><li class=\"tab-pane \" id=\"ert_pane1-1\"><p>&nbsp;<\/p>\n<p>La formaci\u00f3n tiene una duraci\u00f3n de <strong>dos cursos acad\u00e9micos<\/strong> (un total de <strong>2.000 horas<\/strong>) e incluye formaci\u00f3n te\u00f3rica y pr\u00e1ctica, de acuerdo con la normativa vigente.<\/p>\n<p>Los m\u00f3dulos se distribuyen de la siguiente manera:<\/p>\n<h4><strong>Primer curso<\/strong><\/h4>\n<ul>\n<li>Comunicaci\u00f3n empresarial y atenci\u00f3n al cliente&nbsp;<\/li>\n<li>Empresa y Administraci\u00f3n&nbsp;<\/li>\n<li>Itinerario Personal para la Empleabilidad I&nbsp;<\/li>\n<li>Ingl\u00e9s Profesional<\/li>\n<li>Operaciones administrativas de compra-venta&nbsp;<\/li>\n<li>T\u00e9cnica contable&nbsp;<\/li>\n<li>Tratamiento inform\u00e1tico de la informaci\u00f3n<\/li>\n<li>Digitalizaci\u00f3n aplicada a los Sectores Productivos<\/li>\n<li>Sostenibilidad aplicada al Sistema Productivo<\/li>\n<\/ul>\n<h4>&nbsp;<\/h4>\n<h4><strong>Segundo curso<\/strong><\/h4>\n<ul>\n<li>Empresa en el aula&nbsp;<\/li>\n<li>Operaciones administrativas de recursos humanos&nbsp;<\/li>\n<li>Operaciones auxiliares de gesti\u00f3n de tesorer\u00eda&nbsp;<\/li>\n<li>Tratamiento de la documentaci\u00f3n contable&nbsp;<\/li>\n<li>Itinerario Personal para la Empleabilidad II&nbsp;<\/li>\n<li>Optativa: Programas de Gesti\u00f3n Contable y Comercial<\/li>\n<li>Proyecto Intermodular<\/li>\n<\/ul><\/li><li class=\"tab-pane \" id=\"ert_pane1-2\"><p>&nbsp;<\/p>\n<p>Al finalizar estos estudios, el alumnado estar\u00e1 preparado para:<\/p>\n<ul>\n<li>Clasificar, registrar y archivar comunicaciones y documentos seg\u00fan las t\u00e9cnicas apropiadas y los par\u00e1metros establecidos en la empresa.<\/li>\n<li>Registrar contablemente la documentaci\u00f3n soporte correspondiente a la operativa de la empresa en condiciones de seguridad y calidad.<\/li>\n<li>Realizar gestiones administrativas de tesorer\u00eda, siguiendo las normas y protocolos establecidos por la gerencia con el fin de mantener la liquidez de la organizaci\u00f3n.<\/li>\n<li>Efectuar las gestiones administrativas de las \u00e1reas de selecci\u00f3n y formaci\u00f3n de los recursos humanos de la empresa, ajust\u00e1ndose a la normativa vigente y a la pol\u00edtica empresarial, bajo la supervisi\u00f3n del responsable superior del departamento.<\/li>\n<li>Realizar actividades de apoyo administrativo en el \u00e1mbito laboral, contable, comercial, financiero y fiscal, as\u00ed como de atenci\u00f3n al cliente\/usuario, tanto en empresas p\u00fablicas como privadas, aplicando la normativa vigente y protocolos de calidad, asegurando la satisfacci\u00f3n del cliente y actuando seg\u00fan normas de prevenci\u00f3n de riesgos laborales y protecci\u00f3n ambiental.<\/li>\n<\/ul><\/li><li class=\"tab-pane \" id=\"ert_pane1-3\"><p><strong>Despu\u00e9s puedes seguir estudiando:<\/strong><\/p>\n<ul>\n<li>Cursos de especializaci\u00f3n profesional<\/li>\n<li>Otro ciclo de Formaci\u00f3n Profesional con la posibilidad de establecer convalidaciones de m\u00f3dulos profesionales de acuerdo a la normativa vigente.<\/li>\n<li>El Bachillerato en cualquiera de sus modalidades<\/li>\n<li><strong>Preparaci\u00f3n de las Pruebas de Evaluaci\u00f3n de Bachillerato (\u00fanicamente las materias de opci\u00f3n del bloque de las troncales)<\/strong><\/li>\n<\/ul>\n<p>&nbsp;<\/p>\n<p>Puedes encontrar informaci\u00f3n detallada en:<\/p>\n<ul>\n<li><a class=\"decorated-link\" href=\"https:\/\/www.juntadeandalucia.es\/educacion\/portals\/web\/formacion-profesional-andaluza\/fp-grado-medio\/detalle-titulo?idTitulo=48\" target=\"_blank\" rel=\"noopener\">Todo FP Andaluc\u00eda \u2013 Gesti\u00f3n Administrativa (GA)<\/a><\/li>\n<li><a class=\"decorated-link\" href=\"https:\/\/todofp.es\/que-estudiar\/loe\/administracion-gestion\/gestion-administrativa.html\" target=\"_blank\" rel=\"noopener\">Todo FP \u2013 Gesti\u00f3n Administrativa (GA)<\/a><\/li>\n<\/ul><\/li><\/ul><\/div><\/div>\n","protected":false},"excerpt":{"rendered":"<p>Este Ciclo Formativo de Grado Medio en Gesti\u00f3n Administrativa prepara a las personas tituladas para realizar tareas de apoyo administrativo en empresas y administraciones p\u00fablicas, colaborando en la gesti\u00f3n de la documentaci\u00f3n, la atenci\u00f3n&#46;&#46;&#46;<\/p>\n","protected":false},"author":13459,"featured_media":6786,"parent":4383,"menu_order":0,"comment_status":"closed","ping_status":"closed","template":"","meta":{"_exactmetrics_skip_tracking":false,"_exactmetrics_sitenote_active":false,"_exactmetrics_sitenote_note":"","_exactmetrics_sitenote_category":0,"ngg_post_thumbnail":0,"footnotes":""},"aioseo_notices":[],"_links":{"self":[{"href":"https:\/\/blogsaverroes.juntadeandalucia.es\/sanfelipeneri\/wp-json\/wp\/v2\/pages\/1082"}],"collection":[{"href":"https:\/\/blogsaverroes.juntadeandalucia.es\/sanfelipeneri\/wp-json\/wp\/v2\/pages"}],"about":[{"href":"https:\/\/blogsaverroes.juntadeandalucia.es\/sanfelipeneri\/wp-json\/wp\/v2\/types\/page"}],"author":[{"embeddable":true,"href":"https:\/\/blogsaverroes.juntadeandalucia.es\/sanfelipeneri\/wp-json\/wp\/v2\/users\/13459"}],"replies":[{"embeddable":true,"href":"https:\/\/blogsaverroes.juntadeandalucia.es\/sanfelipeneri\/wp-json\/wp\/v2\/comments?post=1082"}],"version-history":[{"count":9,"href":"https:\/\/blogsaverroes.juntadeandalucia.es\/sanfelipeneri\/wp-json\/wp\/v2\/pages\/1082\/revisions"}],"predecessor-version":[{"id":7128,"href":"https:\/\/blogsaverroes.juntadeandalucia.es\/sanfelipeneri\/wp-json\/wp\/v2\/pages\/1082\/revisions\/7128"}],"up":[{"embeddable":true,"href":"https:\/\/blogsaverroes.juntadeandalucia.es\/sanfelipeneri\/wp-json\/wp\/v2\/pages\/4383"}],"wp:featuredmedia":[{"embeddable":true,"href":"https:\/\/blogsaverroes.juntadeandalucia.es\/sanfelipeneri\/wp-json\/wp\/v2\/media\/6786"}],"wp:attachment":[{"href":"https:\/\/blogsaverroes.juntadeandalucia.es\/sanfelipeneri\/wp-json\/wp\/v2\/media?parent=1082"}],"curies":[{"name":"wp","href":"https:\/\/api.w.org\/{rel}","templated":true}]}}