{"id":1096,"date":"2024-06-06T17:28:37","date_gmt":"2024-06-06T15:28:37","guid":{"rendered":"https:\/\/blogsaverroes.juntadeandalucia.es\/sanfelipeneri\/?page_id=1096"},"modified":"2025-12-10T17:24:59","modified_gmt":"2025-12-10T16:24:59","slug":"c-f-g-b-tecnico-basico-en-fabricacion-y-montaje","status":"publish","type":"page","link":"https:\/\/blogsaverroes.juntadeandalucia.es\/sanfelipeneri\/ciclos-formativos\/c-f-g-b-tecnico-basico-en-fabricacion-y-montaje\/","title":{"rendered":"C.F.G.B. T\u00c9CNICO B\u00c1SICO EN FABRICACI\u00d3N Y MONTAJE"},"content":{"rendered":"<p>Este <b>Ciclo Formativo de Formaci\u00f3n Profesional B\u00e1sica en Fabricaci\u00f3n y Montaje<\/b> capacita a las personas tituladas para realizar <strong>operaciones b\u00e1sicas de fabricaci\u00f3n mec\u00e1nica y electromec\u00e1nica, as\u00ed como el montaje y mantenimiento b\u00e1sico de instalaciones de fontaner\u00eda, calefacci\u00f3n y climatizaci\u00f3n<\/strong>, aplicando criterios de seguridad, calidad y respeto al medio ambiente.<\/p>\n<p>Las personas que obtienen este t\u00edtulo ejercen su actividad laboral en <strong>empresas dedicadas a la fabricaci\u00f3n y montaje de productos mec\u00e1nicos y electromec\u00e1nicos<\/strong>, as\u00ed como en <strong>empresas de montaje y mantenimiento de instalaciones de fontaner\u00eda, calefacci\u00f3n y climatizaci\u00f3n<\/strong>.<\/p>\n<div class=\"osc-res-tab tabbable   osc-tabs-left\"><div style=\"clear:both;width: 100%;\"><ul class=\"nav osc-res-nav nav-pills osc-tabs-left-ul\" id=\"oscitas-restabs-1-c-f-g-b-tecnico-basico-en-fabricacion-y-montaje-71780\"><li class=\"active\"><a href=\"#ert_pane1-0\" data-toggle=\"tab\">Salidas profesionales<\/a><\/li><li class=\"\"><a href=\"#ert_pane1-1\" data-toggle=\"tab\">Duraci\u00f3n y organizaci\u00f3n de la formaci\u00f3n<\/a><\/li><li class=\"\"><a href=\"#ert_pane1-2\" data-toggle=\"tab\">Competencias profesionales<\/a><\/li><li class=\"\"><a href=\"#ert_pane1-3\" data-toggle=\"tab\">Informaci\u00f3n adicional<\/a><\/li><\/ul><\/div><div style=\"clear:both;width: 100%;\"><ul class=\"tab-content\" id=\"oscitas-restabcontent-1-c-f-g-b-tecnico-basico-en-fabricacion-y-montaje-71780\"><li class=\"tab-pane active\" id=\"ert_pane1-0\"><p>&nbsp;<\/p>\n<p>El perfil profesional de este ciclo formativo permite al alumnado incorporarse como:<\/p>\n<ul>\n<li>Peones de industrias manufactureras.<\/li>\n<li>Auxiliares de procesos automatizados.<\/li>\n<li>Cerrajera \/ cerrajero.<\/li>\n<li>Acristalador \/ acristaladora.<\/li>\n<li>Montador \/ montadora en obra.<\/li>\n<li>Ajustador-ensamblador \/ ajustadora-ensambladora.<\/li>\n<li>Fontanera \/ fontanero.<\/li>\n<li>Montador \/ montadora de equipos de calefacci\u00f3n.<\/li>\n<li>Mantenedor \/ mantenedora de equipos de calefacci\u00f3n.<\/li>\n<li>Montador \/ montadora de equipos de climatizaci\u00f3n.<\/li>\n<li>Mantenedor \/ mantenedora de equipos de climatizaci\u00f3n<\/li>\n<li>Instalador \/ instaladora de redes de suministro y distribuci\u00f3n de agua<\/li>\n<\/ul>\n<p>Puedes trabajar en empresas dedicadas a la fabricaci\u00f3n y montaje de productos mec\u00e1nicos y electromec\u00e1nicos, as\u00ed como en el montaje y mantenimiento de instalaciones de fontaner\u00eda, calefacci\u00f3n y climatizaci\u00f3n.<\/p><\/li><li class=\"tab-pane \" id=\"ert_pane1-1\"><p>&nbsp;<\/p>\n<p>La formaci\u00f3n tiene una duraci\u00f3n de <strong>dos cursos acad\u00e9micos<\/strong> (un total de <strong>2.000 horas<\/strong>) e incluye tanto formaci\u00f3n te\u00f3rica como pr\u00e1ctica, de acuerdo con la normativa vigente.<\/p>\n<p>Los m\u00f3dulos se distribuyen de la siguiente manera:<\/p>\n<h4><strong>Primer curso<\/strong><\/h4>\n<ul>\n<li>Operaciones b\u00e1sicas de fabricaci\u00f3n<\/li>\n<li>Soldadura y carpinter\u00eda met\u00e1lica&nbsp;<\/li>\n<li>Fontaner\u00eda y calefacci\u00f3n b\u00e1sica<\/li>\n<li>\u00c1mbito de Ciencias aplicadas I&nbsp;<\/li>\n<li>\u00c1mbito de Comunicaci\u00f3n y Ciencias Sociales I&nbsp;<\/li>\n<li>Itinerario Personal para la Empleabilidad<\/li>\n<\/ul>\n<h4>&nbsp;<\/h4>\n<h4><strong>Segundo curso<\/strong><\/h4>\n<ul>\n<li>Carpinter\u00eda de aluminio y PVC&nbsp;<\/li>\n<li>Redes de evacuaci\u00f3n&nbsp;<\/li>\n<li>Montaje de equipos de climatizaci\u00f3n&nbsp;<\/li>\n<li>\u00c1mbito de Ciencias aplicadas II&nbsp;<\/li>\n<li>\u00c1mbito de Comunicaci\u00f3n y Ciencias Sociales II<\/li>\n<li>Proyecto Intermodular de Aprendizaje Colaborativo<\/li>\n<\/ul><\/li><li class=\"tab-pane \" id=\"ert_pane1-2\"><p>&nbsp;<\/p>\n<p>Al finalizar estos estudios, el alumnado estar\u00e1 preparado para:<\/p>\n<ul>\n<li>Realizar uniones fijas y desmontables en materiales met\u00e1licos y no met\u00e1licos, siguiendo criterios de seguridad, funcionalidad y econom\u00eda.<\/li>\n<li>Realizar el montaje y ajuste de elementos met\u00e1licos y no met\u00e1licos mediante herramientas port\u00e1tiles, consiguiendo los ajustes, enrase o deslizamiento de las partes m\u00f3viles.<\/li>\n<li>Abrir rozas y zanjas para el tendido de tuber\u00edas de evacuaci\u00f3n y suministro de agua, circuitos de calefacci\u00f3n y climatizaci\u00f3n b\u00e1sica.<\/li>\n<li>Ensamblar tuber\u00edas para aplicaciones de evacuaci\u00f3n y suministro de agua e instalaciones de calefacci\u00f3n.<\/li>\n<li>Configurar y montar peque\u00f1as instalaciones de riego autom\u00e1tico asegurando la cobertura de toda la superficie y el ahorro de agua.<\/li>\n<\/ul><\/li><li class=\"tab-pane \" id=\"ert_pane1-3\"><p>&nbsp;<\/p>\n<p><strong>Despu\u00e9s puedes seguir estudiando:<\/strong><\/p>\n<ul>\n<li>Un ciclo formativo de grado medio (Este t\u00edtulo tendr\u00e1 preferencia para la admisi\u00f3n a todos los t\u00edtulos de grado medio de las familias profesionales de Electricidad y Electr\u00f3nica, Inform\u00e1tica y Comunicaciones, Fabricaci\u00f3n Mec\u00e1nica, Instalaci\u00f3n y Mantenimiento, Energ\u00eda y Agua, Industrias Extractivas, Mar\u00edtimo-Pesquera, Qu\u00edmica, Transporte y Mantenimiento de Veh\u00edculos, Madera, Mueble y Corcho y Edificaci\u00f3n y Obra Civil.<\/li>\n<\/ul>\n<p>&nbsp;<\/p>\n<p>Puedes encontrar informaci\u00f3n detallada en:<\/p>\n<ul>\n<li><a class=\"decorated-link\" href=\"https:\/\/www.juntadeandalucia.es\/educacion\/portals\/web\/formacion-profesional-andaluza\/fp-basica\/detalle-titulo?idTitulo=1521\" target=\"_blank\" rel=\"noopener\">Todo FP Andaluc\u00eda \u2013 Fabricaci\u00f3n y Montaje (FYM)<\/a><\/li>\n<li><a class=\"decorated-link\" href=\"https:\/\/todofp.es\/que-estudiar\/loe\/fabricacion-mecanica\/fabricacion-montaje.html\" target=\"_blank\" rel=\"noopener\">Todo FP \u2013 Fabricaci\u00f3n y Montaje (FYM)<\/a><\/li>\n<\/ul><\/li><\/ul><\/div><\/div>\n","protected":false},"excerpt":{"rendered":"<p>Este Ciclo Formativo de Formaci\u00f3n Profesional B\u00e1sica en Fabricaci\u00f3n y Montaje capacita a las personas tituladas para realizar operaciones b\u00e1sicas de fabricaci\u00f3n mec\u00e1nica y electromec\u00e1nica, as\u00ed como el montaje y mantenimiento b\u00e1sico de instalaciones&#46;&#46;&#46;<\/p>\n","protected":false},"author":13459,"featured_media":6788,"parent":4383,"menu_order":0,"comment_status":"closed","ping_status":"closed","template":"","meta":{"_exactmetrics_skip_tracking":false,"_exactmetrics_sitenote_active":false,"_exactmetrics_sitenote_note":"","_exactmetrics_sitenote_category":0,"ngg_post_thumbnail":0,"footnotes":""},"aioseo_notices":[],"_links":{"self":[{"href":"https:\/\/blogsaverroes.juntadeandalucia.es\/sanfelipeneri\/wp-json\/wp\/v2\/pages\/1096"}],"collection":[{"href":"https:\/\/blogsaverroes.juntadeandalucia.es\/sanfelipeneri\/wp-json\/wp\/v2\/pages"}],"about":[{"href":"https:\/\/blogsaverroes.juntadeandalucia.es\/sanfelipeneri\/wp-json\/wp\/v2\/types\/page"}],"author":[{"embeddable":true,"href":"https:\/\/blogsaverroes.juntadeandalucia.es\/sanfelipeneri\/wp-json\/wp\/v2\/users\/13459"}],"replies":[{"embeddable":true,"href":"https:\/\/blogsaverroes.juntadeandalucia.es\/sanfelipeneri\/wp-json\/wp\/v2\/comments?post=1096"}],"version-history":[{"count":14,"href":"https:\/\/blogsaverroes.juntadeandalucia.es\/sanfelipeneri\/wp-json\/wp\/v2\/pages\/1096\/revisions"}],"predecessor-version":[{"id":7120,"href":"https:\/\/blogsaverroes.juntadeandalucia.es\/sanfelipeneri\/wp-json\/wp\/v2\/pages\/1096\/revisions\/7120"}],"up":[{"embeddable":true,"href":"https:\/\/blogsaverroes.juntadeandalucia.es\/sanfelipeneri\/wp-json\/wp\/v2\/pages\/4383"}],"wp:featuredmedia":[{"embeddable":true,"href":"https:\/\/blogsaverroes.juntadeandalucia.es\/sanfelipeneri\/wp-json\/wp\/v2\/media\/6788"}],"wp:attachment":[{"href":"https:\/\/blogsaverroes.juntadeandalucia.es\/sanfelipeneri\/wp-json\/wp\/v2\/media?parent=1096"}],"curies":[{"name":"wp","href":"https:\/\/api.w.org\/{rel}","templated":true}]}}