{"id":1144,"date":"2024-06-08T10:29:13","date_gmt":"2024-06-08T08:29:13","guid":{"rendered":"https:\/\/blogsaverroes.juntadeandalucia.es\/sanfelipeneri\/?page_id=1144"},"modified":"2025-12-10T18:57:38","modified_gmt":"2025-12-10T17:57:38","slug":"c-f-g-m-tecnico-en-mantenimiento-electromecanico","status":"publish","type":"page","link":"https:\/\/blogsaverroes.juntadeandalucia.es\/sanfelipeneri\/ciclos-formativos\/c-f-g-m-tecnico-en-mantenimiento-electromecanico\/","title":{"rendered":"C.F.G.M. T\u00c9CNICO EN MANTENIMIENTO ELECTROMEC\u00c1NICO"},"content":{"rendered":"<p>Este <b>Ciclo Formativo de Grado Medio en Mantenimiento Electromec\u00e1nico<\/b> capacita a las personas tituladas para realizar <strong>montaje y mantenimiento de maquinaria, equipos industriales y l\u00edneas automatizadas<\/strong>, siguiendo procedimientos t\u00e9cnicos y normas de seguridad.<\/p>\n<p>Las personas que obtienen este t\u00edtulo ejercen su actividad laboral en <strong>empresas dedicadas al montaje, mantenimiento y reparaci\u00f3n de sistemas electromec\u00e1nicos<\/strong>, as\u00ed como en <strong>instalaciones industriales con equipos automatizados<\/strong>.<\/p>\n<div class=\"osc-res-tab tabbable   osc-tabs-left\"><div style=\"clear:both;width: 100%;\"><ul class=\"nav osc-res-nav nav-pills osc-tabs-left-ul\" id=\"oscitas-restabs-1-c-f-g-m-tecnico-en-mantenimiento-electromecanico-40821\"><li class=\"active\"><a href=\"#ert_pane1-0\" data-toggle=\"tab\">Salidas profesionales<\/a><\/li><li class=\"\"><a href=\"#ert_pane1-1\" data-toggle=\"tab\">Duraci\u00f3n y organizaci\u00f3n de la formaci\u00f3n<\/a><\/li><li class=\"\"><a href=\"#ert_pane1-2\" data-toggle=\"tab\">Competencias profesionales<\/a><\/li><li class=\"\"><a href=\"#ert_pane1-3\" data-toggle=\"tab\">Informaci\u00f3n adicional<\/a><\/li><\/ul><\/div><div style=\"clear:both;width: 100%;\"><ul class=\"tab-content\" id=\"oscitas-restabcontent-1-c-f-g-m-tecnico-en-mantenimiento-electromecanico-40821\"><li class=\"tab-pane active\" id=\"ert_pane1-0\"><p>&nbsp;<\/p>\n<p>Las principales ocupaciones y puestos de trabajo que puedes desempe\u00f1ar son:<\/p>\n<ul>\n<li>Instalador \/ instaladora el\u00e9ctrico-electr\u00f3nico de l\u00edneas de producci\u00f3n automatizadas.<\/li>\n<li>Mantenedor \/ mantenedora el\u00e9ctrico-electr\u00f3nico de l\u00edneas de producci\u00f3n automatizadas.<\/li>\n<li>Mec\u00e1nica \/ mec\u00e1nico de mantenimiento.<\/li>\n<li>Montador \/ montadora industrial.<\/li>\n<li>Mantenedor \/ mantenedora de l\u00ednea automatizada<\/li>\n<li>Montador \/ montadora de bienes de equipo.<\/li>\n<li>Montador \/ montadora de equipos el\u00e9ctricos.<\/li>\n<li>Montador \/ montadora de equipos electr\u00f3nicos.<\/li>\n<li>Montador \/ montadora de automatismos neum\u00e1ticos e hidr\u00e1ulicos<\/li>\n<\/ul>\n<p>Puedes trabajar en empresas, mayoritariamente privadas, dedicadas al montaje y mantenimiento de maquinaria, equipo industrial y l\u00edneas automatizadas, tanto por cuenta propia como ajena.<\/p><\/li><li class=\"tab-pane \" id=\"ert_pane1-1\"><p>&nbsp;<\/p>\n<p>La formaci\u00f3n tiene una duraci\u00f3n de <strong>dos cursos acad\u00e9micos<\/strong> (un total de <strong>2.000 horas<\/strong>) e incluye formaci\u00f3n te\u00f3rica y pr\u00e1ctica.<\/p>\n<p>Los m\u00f3dulos se distribuyen de la siguiente manera:<\/p>\n<h4><strong>Primer curso<\/strong><\/h4>\n<ul>\n<li>Automatismos neum\u00e1ticos e hidr\u00e1ulicos<\/li>\n<li>Electricidad y automatismos el\u00e9ctricos<\/li>\n<li>Itinerario Personal para la Empleabilidad I<\/li>\n<li>T\u00e9cnicas de fabricaci\u00f3n<\/li>\n<li>T\u00e9cnicas de uni\u00f3n y montaje&nbsp;<\/li>\n<li>Sostenibilidad aplicada al Sistema Productivo<\/li>\n<li>Digitalizaci\u00f3n aplicada a los Sectores Productivos<\/li>\n<\/ul>\n<h4>&nbsp;<\/h4>\n<h4><strong>Segundo curso<\/strong><\/h4>\n<ul>\n<li>Montaje y mantenimiento de l\u00edneas automatizadas&nbsp;<\/li>\n<li>Montaje y mantenimiento el\u00e9ctrico-electr\u00f3nico&nbsp;<\/li>\n<li>Montaje y mantenimiento mec\u00e1nico&nbsp;<\/li>\n<li>Itinerario Personal para la Empleabilidad II<\/li>\n<li>Ingl\u00e9s Profesional<\/li>\n<li>Optativa: Dise\u00f1o Asistido por Ordenador<\/li>\n<li>Proyecto Intermodular<\/li>\n<\/ul><\/li><li class=\"tab-pane \" id=\"ert_pane1-2\"><p>&nbsp;<\/p>\n<p>Al finalizar estos estudios, el alumnado estar\u00e1 preparado para:<\/p>\n<ul>\n<li>Realizar las operaciones asociadas al montaje y mantenimiento de las instalaciones.<\/li>\n<li>Acopiar los recursos y medios necesarios para acometer la ejecuci\u00f3n del montaje o del mantenimiento de las instalaciones.<\/li>\n<li>Proponer modificaciones de las instalaciones de acuerdo con la documentaci\u00f3n t\u00e9cnica para garantizar la viabilidad del montaje, resolviendo los problemas de su competencia e informando de otras contingencias<\/li>\n<li>Montar los sistemas mec\u00e1nicos, hidr\u00e1ulicos, neum\u00e1ticos y dem\u00e1s elementos auxiliares asociados a las instalaciones electromec\u00e1nicas.<\/li>\n<li>Montar sistemas el\u00e9ctricos y de regulaci\u00f3n y control asociados a las instalaciones electromec\u00e1nicas, en condiciones de calidad y seguridad.<\/li>\n<\/ul><\/li><li class=\"tab-pane \" id=\"ert_pane1-3\"><p><strong>Despu\u00e9s puedes seguir estudiando:<\/strong><\/p>\n<ul>\n<li><a href=\"https:\/\/www.todofp.es\/que-estudiar\/familias-profesionales\/electricidad-electronica\/ce-instalacion-mto-sitemas-conectados-internet.html\">Curso de Especializaci\u00f3n en Instalaci\u00f3n y mantenimiento de sistemas conectados a internet (IoT) (Acceso GM)<\/a><\/li>\n<li>Otro ciclo de Formaci\u00f3n Profesional con la posibilidad de establecer convalidaciones de m\u00f3dulos profesionales de acuerdo a la normativa vigente.<\/li>\n<li>El Bachillerato en cualquiera de sus modalidades.<\/li>\n<\/ul>\n<p>&nbsp;<\/p>\n<p>Puedes encontrar informaci\u00f3n detallada en:<\/p>\n<ul>\n<li><a class=\"decorated-link\" href=\"https:\/\/www.juntadeandalucia.es\/educacion\/portals\/web\/formacion-profesional-andaluza\/fp-grado-medio\/detalle-titulo?idTitulo=106\" target=\"_blank\" rel=\"noopener\">Todo FP Andaluc\u00eda \u2013 Mantenimiento Electromec\u00e1nico (ME)<\/a><\/li>\n<li><a class=\"decorated-link\" href=\"https:\/\/www.todofp.es\/que-estudiar\/loe\/instalacion-mantenimiento\/mantenimiento-electromecanico.html\" target=\"_blank\" rel=\"noopener\">Todo FP \u2013 Mantenimiento Electromec\u00e1nico (ME)<\/a><\/li>\n<\/ul><\/li><\/ul><\/div><\/div>\n","protected":false},"excerpt":{"rendered":"<p>Este Ciclo Formativo de Grado Medio en Mantenimiento Electromec\u00e1nico capacita a las personas tituladas para realizar montaje y mantenimiento de maquinaria, equipos industriales y l\u00edneas automatizadas, siguiendo procedimientos t\u00e9cnicos y normas de seguridad. Las&#46;&#46;&#46;<\/p>\n","protected":false},"author":13459,"featured_media":6791,"parent":4383,"menu_order":0,"comment_status":"closed","ping_status":"closed","template":"","meta":{"_exactmetrics_skip_tracking":false,"_exactmetrics_sitenote_active":false,"_exactmetrics_sitenote_note":"","_exactmetrics_sitenote_category":0,"ngg_post_thumbnail":0,"footnotes":""},"aioseo_notices":[],"_links":{"self":[{"href":"https:\/\/blogsaverroes.juntadeandalucia.es\/sanfelipeneri\/wp-json\/wp\/v2\/pages\/1144"}],"collection":[{"href":"https:\/\/blogsaverroes.juntadeandalucia.es\/sanfelipeneri\/wp-json\/wp\/v2\/pages"}],"about":[{"href":"https:\/\/blogsaverroes.juntadeandalucia.es\/sanfelipeneri\/wp-json\/wp\/v2\/types\/page"}],"author":[{"embeddable":true,"href":"https:\/\/blogsaverroes.juntadeandalucia.es\/sanfelipeneri\/wp-json\/wp\/v2\/users\/13459"}],"replies":[{"embeddable":true,"href":"https:\/\/blogsaverroes.juntadeandalucia.es\/sanfelipeneri\/wp-json\/wp\/v2\/comments?post=1144"}],"version-history":[{"count":9,"href":"https:\/\/blogsaverroes.juntadeandalucia.es\/sanfelipeneri\/wp-json\/wp\/v2\/pages\/1144\/revisions"}],"predecessor-version":[{"id":7124,"href":"https:\/\/blogsaverroes.juntadeandalucia.es\/sanfelipeneri\/wp-json\/wp\/v2\/pages\/1144\/revisions\/7124"}],"up":[{"embeddable":true,"href":"https:\/\/blogsaverroes.juntadeandalucia.es\/sanfelipeneri\/wp-json\/wp\/v2\/pages\/4383"}],"wp:featuredmedia":[{"embeddable":true,"href":"https:\/\/blogsaverroes.juntadeandalucia.es\/sanfelipeneri\/wp-json\/wp\/v2\/media\/6791"}],"wp:attachment":[{"href":"https:\/\/blogsaverroes.juntadeandalucia.es\/sanfelipeneri\/wp-json\/wp\/v2\/media?parent=1144"}],"curies":[{"name":"wp","href":"https:\/\/api.w.org\/{rel}","templated":true}]}}