{"id":1146,"date":"2024-06-08T10:45:40","date_gmt":"2024-06-08T08:45:40","guid":{"rendered":"https:\/\/blogsaverroes.juntadeandalucia.es\/sanfelipeneri\/?page_id=1146"},"modified":"2025-12-10T16:43:44","modified_gmt":"2025-12-10T15:43:44","slug":"c-f-g-m-tecnico-en-operaciones-de-laboratorio","status":"publish","type":"page","link":"https:\/\/blogsaverroes.juntadeandalucia.es\/sanfelipeneri\/ciclos-formativos\/c-f-g-m-tecnico-en-operaciones-de-laboratorio\/","title":{"rendered":"C.F.G.M. T\u00c9CNICO EN OPERACIONES DE LABORATORIO"},"content":{"rendered":"<p>Este <b>Ciclo Formativo de Grado Medio en Operaciones de Laboratorio<\/b> capacita a las personas tituladas para realizar <strong>ensayos f\u00edsicos, qu\u00edmicos y microbiol\u00f3gicos<\/strong>, as\u00ed como para mantener operativos los equipos e instalaciones auxiliares relacionadas con el control de calidad en diversos sectores productivos.<\/p>\n<p>Las personas que obtienen este t\u00edtulo ejercen su actividad laboral en <strong>laboratorios de industrias qu\u00edmicas, alimentarias, farmac\u00e9uticas, de control de calidad de materiales, galvanotecnia, metalurgia y fabricaci\u00f3n mec\u00e1nica<\/strong>, entre otros \u00e1mbitos.<\/p>\n<div class=\"osc-res-tab tabbable   osc-tabs-left\"><div style=\"clear:both;width: 100%;\"><ul class=\"nav osc-res-nav nav-pills osc-tabs-left-ul\" id=\"oscitas-restabs-1-c-f-g-m-tecnico-en-operaciones-de-laboratorio-75432\"><li class=\"active\"><a href=\"#ert_pane1-0\" data-toggle=\"tab\">Salidas profesionales<\/a><\/li><li class=\"\"><a href=\"#ert_pane1-1\" data-toggle=\"tab\">Duraci\u00f3n y organizaci\u00f3n de la formaci\u00f3n<\/a><\/li><li class=\"\"><a href=\"#ert_pane1-2\" data-toggle=\"tab\">Competencias profesionales<\/a><\/li><li class=\"\"><a href=\"#ert_pane1-3\" data-toggle=\"tab\">Informaci\u00f3n adicional<\/a><\/li><\/ul><\/div><div style=\"clear:both;width: 100%;\"><ul class=\"tab-content\" id=\"oscitas-restabcontent-1-c-f-g-m-tecnico-en-operaciones-de-laboratorio-75432\"><li class=\"tab-pane active\" id=\"ert_pane1-0\"><p>&nbsp;<\/p>\n<p>Las principales ocupaciones y puestos de trabajo que puedes desempe\u00f1ar son:<\/p>\n<ul>\n<li>Auxiliar, operador \/ operadora o t\u00e9cnica \/ t\u00e9cnico de laboratorios de qu\u00edmica, industrias qu\u00edmicas, industrias alimentarias, sector medioambiental, industria transformadora, industria farmac\u00e9utica, materias primas y producto acabado, control y recepci\u00f3n de materias, centros de formaci\u00f3n e investigaci\u00f3n, control de calidad de materiales, metalurgia y galvanotecnia, ensayos de productos de fabricaci\u00f3n mec\u00e1nica y microbiolog\u00eda alimentaria, medioambiental, farmac\u00e9utica y de aguas.<\/li>\n<li>Operador \/ operadora de mantenimiento de servicios auxiliares, equipamiento y almac\u00e9n.<\/li>\n<li>Muestreador \/ muestreadora y ensayos de campo<\/li>\n<\/ul>\n<p>Puedes trabajar en empresas y laboratorios de diversos sectores, realizando ensayos f\u00edsicos, fisicoqu\u00edmicos, qu\u00edmicos y microbiol\u00f3gicos, y manteniendo operativos los equipos e instalaciones auxiliares orientados al control de calidad.<\/p><\/li><li class=\"tab-pane \" id=\"ert_pane1-1\"><p>&nbsp;<\/p>\n<p>La formaci\u00f3n tiene una duraci\u00f3n de <strong>dos cursos acad\u00e9micos<\/strong> (un total de <strong>2.000 horas<\/strong>) e incluye tanto formaci\u00f3n te\u00f3rica como pr\u00e1ctica en entornos de laboratorio.<\/p>\n<p>Los m\u00f3dulos se distribuyen de la siguiente manera:<\/p>\n<h4><strong>Primer curso<\/strong><\/h4>\n<ul>\n<li>Almacenamiento y distribuci\u00f3n en el laboratorio<\/li>\n<li>Itinerario Personal para la Empleabilidad I&nbsp;<\/li>\n<li>Muestreo y operaciones unitarias de laboratorio&nbsp;<\/li>\n<li>Qu\u00edmica aplicada&nbsp;<\/li>\n<li>Seguridad y organizaci\u00f3n en el laboratorio<\/li>\n<li>Servicios auxiliares en el laboratorio&nbsp;<\/li>\n<li>T\u00e9cnicas b\u00e1sicas de microbiolog\u00eda y bioqu\u00edmica<\/li>\n<li>Digitalizaci\u00f3n aplicada a los Sectores Productivos<\/li>\n<li>Sostenibilidad aplicada al Sistema Productivo&nbsp;<\/li>\n<\/ul>\n<h4>&nbsp;<\/h4>\n<h4><strong>Segundo curso<\/strong><\/h4>\n<ul>\n<li>Ensayos de materiales&nbsp;<\/li>\n<li>Operaciones de an\u00e1lisis qu\u00edmico&nbsp;<\/li>\n<li>Principios de mantenimiento electromec\u00e1nico<\/li>\n<li>Pruebas fisicoqu\u00edmicas<\/li>\n<li>Ingl\u00e9s Profesional<\/li>\n<li>Itinerario Personal pra la Empleabilidad II<\/li>\n<li>Optativa: An\u00e1lisis de alimentos y aguas<\/li>\n<li>Proyecto Intermodular<\/li>\n<\/ul><\/li><li class=\"tab-pane \" id=\"ert_pane1-2\"><p>&nbsp;<\/p>\n<p>Al finalizar estos estudios, el alumnado estar\u00e1 preparado para:<\/p>\n<ul>\n<li>Realizar el montaje de los equipos y la puesta a punto de las instalaciones auxiliares de un laboratorio, seleccionado los recursos y medios necesarios y siguiendo los procedimientos de trabajo.<\/li>\n<li>Poner en marcha los equipos, verificando su operatividad y la de los servicios auxiliares, y la disponibilidad de materias y productos, seg\u00fan los procedimientos establecidos.<\/li>\n<li>Preparar las mezclas y disoluciones necesarias, cumpliendo normas de calidad, prevenci\u00f3n de riesgos y seguridad ambiental.<\/li>\n<li>Realizar tomas de muestras, teniendo en cuenta su naturaleza y finalidad, aplicando los procedimientos establecidos.<\/li>\n<li>Preparar la muestra para el an\u00e1lisis, siguiendo procedimientos normalizados y adecu\u00e1ndola a la t\u00e9cnica que se ha de utilizar.<\/li>\n<\/ul><\/li><li class=\"tab-pane \" id=\"ert_pane1-3\"><p><strong>Despu\u00e9s puedes seguir estudiando:<\/strong><\/p>\n<ul>\n<li>Cursos de especializaci\u00f3n profesional.<\/li>\n<li>Otro ciclo de Formaci\u00f3n Profesional con la posibilidad de establecer convalidaciones de m\u00f3dulos profesionales de acuerdo a la normativa vigente.<\/li>\n<li>El Bachillerato en cualquiera de sus modalidades.<\/li>\n<\/ul>\n<p>&nbsp;<\/p>\n<p>Puedes encontrar informaci\u00f3n detallada en:<\/p>\n<ul>\n<li><a class=\"decorated-link\" href=\"https:\/\/www.juntadeandalucia.es\/educacion\/portals\/web\/formacion-profesional-andaluza\/fp-grado-medio\/detalle-titulo?idTitulo=127\" target=\"_blank\" rel=\"noopener\">Todo FP Andaluc\u00eda \u2013 Operaciones de Laboratorio (OL)<\/a><\/li>\n<li><a class=\"decorated-link\" href=\"https:\/\/www.todofp.es\/que-estudiar\/loe\/quimica\/operaciones-laboratorio.html\" target=\"_blank\" rel=\"noopener\">Todo FP \u2013 Operaciones de Laboratorio (OL)<\/a><\/li>\n<\/ul><\/li><\/ul><\/div><\/div>\n<div style=\"width: 1920px;\" class=\"wp-video\"><!--[if lt IE 9]><script>document.createElement('video');<\/script><![endif]-->\n<video class=\"wp-video-shortcode\" id=\"video-1146-1\" width=\"1920\" height=\"1080\" preload=\"metadata\" controls=\"controls\"><source type=\"video\/mp4\" src=\"https:\/\/blogsaverroes.juntadeandalucia.es\/sanfelipeneri\/files\/2024\/06\/VIDEO-CFS-QUI-Y-SYMA-IES-SAN-FELIPE-NERI-1-1-1.mp4?_=1\" \/><a href=\"https:\/\/blogsaverroes.juntadeandalucia.es\/sanfelipeneri\/files\/2024\/06\/VIDEO-CFS-QUI-Y-SYMA-IES-SAN-FELIPE-NERI-1-1-1.mp4\">https:\/\/blogsaverroes.juntadeandalucia.es\/sanfelipeneri\/files\/2024\/06\/VIDEO-CFS-QUI-Y-SYMA-IES-SAN-FELIPE-NERI-1-1-1.mp4<\/a><\/video><\/div>\n","protected":false},"excerpt":{"rendered":"<p>Este Ciclo Formativo de Grado Medio en Operaciones de Laboratorio capacita a las personas tituladas para realizar ensayos f\u00edsicos, qu\u00edmicos y microbiol\u00f3gicos, as\u00ed como para mantener operativos los equipos e instalaciones auxiliares relacionadas con&#46;&#46;&#46;<\/p>\n","protected":false},"author":13459,"featured_media":6785,"parent":4383,"menu_order":0,"comment_status":"closed","ping_status":"closed","template":"","meta":{"_exactmetrics_skip_tracking":false,"_exactmetrics_sitenote_active":false,"_exactmetrics_sitenote_note":"","_exactmetrics_sitenote_category":0,"ngg_post_thumbnail":0,"footnotes":""},"aioseo_notices":[],"_links":{"self":[{"href":"https:\/\/blogsaverroes.juntadeandalucia.es\/sanfelipeneri\/wp-json\/wp\/v2\/pages\/1146"}],"collection":[{"href":"https:\/\/blogsaverroes.juntadeandalucia.es\/sanfelipeneri\/wp-json\/wp\/v2\/pages"}],"about":[{"href":"https:\/\/blogsaverroes.juntadeandalucia.es\/sanfelipeneri\/wp-json\/wp\/v2\/types\/page"}],"author":[{"embeddable":true,"href":"https:\/\/blogsaverroes.juntadeandalucia.es\/sanfelipeneri\/wp-json\/wp\/v2\/users\/13459"}],"replies":[{"embeddable":true,"href":"https:\/\/blogsaverroes.juntadeandalucia.es\/sanfelipeneri\/wp-json\/wp\/v2\/comments?post=1146"}],"version-history":[{"count":12,"href":"https:\/\/blogsaverroes.juntadeandalucia.es\/sanfelipeneri\/wp-json\/wp\/v2\/pages\/1146\/revisions"}],"predecessor-version":[{"id":7116,"href":"https:\/\/blogsaverroes.juntadeandalucia.es\/sanfelipeneri\/wp-json\/wp\/v2\/pages\/1146\/revisions\/7116"}],"up":[{"embeddable":true,"href":"https:\/\/blogsaverroes.juntadeandalucia.es\/sanfelipeneri\/wp-json\/wp\/v2\/pages\/4383"}],"wp:featuredmedia":[{"embeddable":true,"href":"https:\/\/blogsaverroes.juntadeandalucia.es\/sanfelipeneri\/wp-json\/wp\/v2\/media\/6785"}],"wp:attachment":[{"href":"https:\/\/blogsaverroes.juntadeandalucia.es\/sanfelipeneri\/wp-json\/wp\/v2\/media?parent=1146"}],"curies":[{"name":"wp","href":"https:\/\/api.w.org\/{rel}","templated":true}]}}