{"id":1187,"date":"2024-06-11T21:04:15","date_gmt":"2024-06-11T19:04:15","guid":{"rendered":"https:\/\/blogsaverroes.juntadeandalucia.es\/sanfelipeneri\/?page_id=1187"},"modified":"2025-02-27T10:01:16","modified_gmt":"2025-02-27T09:01:16","slug":"aulas-bilingues","status":"publish","type":"page","link":"https:\/\/blogsaverroes.juntadeandalucia.es\/sanfelipeneri\/aulas-bilingues\/","title":{"rendered":"Aulas Biling\u00fces"},"content":{"rendered":"<div class=\"osc-res-tab tabbable   osc-tabs-left\"><div style=\"clear:both;width: 100%;\"><ul class=\"nav osc-res-nav nav-pills osc-tabs-left-ul\" id=\"oscitas-restabs-1-aulas-bilingues-65831\"><li class=\"\"><a href=\"#ert_pane1-0\" data-toggle=\"tab\">Informaci\u00f3n<\/a><\/li><li class=\"active\"><a href=\"#ert_pane1-1\" data-toggle=\"tab\">Noticias<\/a><\/li><\/ul><\/div><div style=\"clear:both;width: 100%;\"><ul class=\"tab-content\" id=\"oscitas-restabcontent-1-aulas-bilingues-65831\"><li class=\"tab-pane \" id=\"ert_pane1-0\"><p>&nbsp;<\/p>\n<p><span style=\"color: #000000\">El Aula Biling\u00fce en Formaci\u00f3n Profesional impulsa aquellas iniciativas que fomentan la adquisici\u00f3n y el aprendizaje de las lenguas extranjeras. En este contexto, el alumnado de primero del Ciclo Formativo de Grado Medio en Mantenimiento Electromec\u00e1nico, acompa\u00f1ado por parte del equipo educativo, se ha desplazado a Malta para realizar una inmersi\u00f3n ling\u00fc\u00edstica en Ingl\u00e9s.<\/span><\/p>\n<p><span style=\"color: #000000\">Durante dicha inmersi\u00f3n tanto el profesorado como el alumnado asistir\u00e1n a clases para mejorar su competencia ling\u00fc\u00edstica, y realizar\u00e1n diversas actividades para conocer las costumbre del pa\u00eds de acogida.<\/span><\/p>\n<p><span style=\"color: #000000\">En el siguiente <a href=\"https:\/\/www.juntadeandalucia.es\/educacion\/portals\/web\/formacion-profesional-andaluza\/docente\/aulas-bilingues\" target=\"_blank\" rel=\"noopener\">enlace<\/a> puedes encontrar m\u00e1s informaci\u00f3n sobre el Aula Biling\u00fce.&nbsp;<\/span><\/p>\n<p><img loading=\"lazy\" decoding=\"async\" class=\"wp-image-1193 aligncenter\" src=\"https:\/\/blogsaverroes.juntadeandalucia.es\/sanfelipeneri\/files\/2024\/06\/Logo-Aulas-Bilingues.jpg\" alt=\"Logo Aulas Biling\u00fces\" width=\"700\" height=\"123\" srcset=\"https:\/\/blogsaverroes.juntadeandalucia.es\/sanfelipeneri\/files\/2024\/06\/Logo-Aulas-Bilingues.jpg 1350w, https:\/\/blogsaverroes.juntadeandalucia.es\/sanfelipeneri\/files\/2024\/06\/Logo-Aulas-Bilingues-300x53.jpg 300w, https:\/\/blogsaverroes.juntadeandalucia.es\/sanfelipeneri\/files\/2024\/06\/Logo-Aulas-Bilingues-1024x181.jpg 1024w, https:\/\/blogsaverroes.juntadeandalucia.es\/sanfelipeneri\/files\/2024\/06\/Logo-Aulas-Bilingues-768x135.jpg 768w, https:\/\/blogsaverroes.juntadeandalucia.es\/sanfelipeneri\/files\/2024\/06\/Logo-Aulas-Bilingues-1080x190.jpg 1080w, https:\/\/blogsaverroes.juntadeandalucia.es\/sanfelipeneri\/files\/2024\/06\/Logo-Aulas-Bilingues-1280x226.jpg 1280w, https:\/\/blogsaverroes.juntadeandalucia.es\/sanfelipeneri\/files\/2024\/06\/Logo-Aulas-Bilingues-980x173.jpg 980w, https:\/\/blogsaverroes.juntadeandalucia.es\/sanfelipeneri\/files\/2024\/06\/Logo-Aulas-Bilingues-480x85.jpg 480w\" sizes=\"(max-width: 700px) 100vw, 700px\" \/><\/p><\/li><li class=\"tab-pane active\" id=\"ert_pane1-1\"><p>&nbsp;<\/p>\n<div class=\"pt-cv-wrapper\"><div class=\"pt-cv-view pt-cv-blockgrid iscvblock iscvhybrid list1 layout1\" id=\"pt-cv-view-e4447f51da\"><div data-id=\"pt-cv-page-1\" class=\"pt-cv-page\" data-cvc=\"1\"><div class=\" pt-cv-content-item pt-cv-2-col\" ><div class=\"pt-cv-thumb-wrapper pull-left \"><a href=\"https:\/\/blogsaverroes.juntadeandalucia.es\/sanfelipeneri\/inmersion-linguistica-en-praga-y-en-dublin\/\" class=\"_self pt-cv-href-thumbnail pt-cv-thumb-left\" target=\"_self\" ><img loading=\"lazy\" decoding=\"async\" width=\"712\" height=\"629\" src=\"https:\/\/blogsaverroes.juntadeandalucia.es\/sanfelipeneri\/files\/2025\/01\/Imagen-4.png\" class=\"pt-cv-thumbnail pull-left\" alt=\"\" srcset=\"https:\/\/blogsaverroes.juntadeandalucia.es\/sanfelipeneri\/files\/2025\/01\/Imagen-4.png 712w, https:\/\/blogsaverroes.juntadeandalucia.es\/sanfelipeneri\/files\/2025\/01\/Imagen-4-300x265.png 300w\" sizes=\"(max-width: 712px) 100vw, 712px\" \/><\/a><\/div>\n<div class=\"pt-cv-colwrap\"><h4 class=\"pt-cv-title\"><a href=\"https:\/\/blogsaverroes.juntadeandalucia.es\/sanfelipeneri\/inmersion-linguistica-en-praga-y-en-dublin\/\" class=\"_self\" target=\"_self\" >Inmersi\u00f3n ling\u00fc\u00edstica: En Praga y en Dubl\u00edn<\/a><\/h4><div class=\"pt-cv-content\">INMERSI\u00d3N LING\u00dc\u00cdSTICA EN PRAGA Last December, students at their 1st and 2nd Year of Advanced Vocational Training in Administration and Finance have taken part in an immersion experience in Prague. A total of twenty-six students, thirteen in their first and thirteen in their second year, together with four of their ...<br \/><div class=\"pt-cv-rmwrap\"><a href=\"https:\/\/blogsaverroes.juntadeandalucia.es\/sanfelipeneri\/inmersion-linguistica-en-praga-y-en-dublin\/\" class=\"_self pt-cv-readmore btn btn-success\" target=\"_self\">Leer M\u00e1s<\/a><\/div><\/div><\/div><\/div>\n<div class=\" pt-cv-content-item pt-cv-2-col\" ><div class=\"pt-cv-thumb-wrapper pull-left \"><a href=\"https:\/\/blogsaverroes.juntadeandalucia.es\/sanfelipeneri\/inmersion-linguistica-en-cirencester-inglaterra\/\" class=\"_self pt-cv-href-thumbnail pt-cv-thumb-left\" target=\"_self\" ><img loading=\"lazy\" decoding=\"async\" width=\"1024\" height=\"766\" src=\"https:\/\/blogsaverroes.juntadeandalucia.es\/sanfelipeneri\/files\/2024\/10\/WhatsApp-Image-2024-10-24-at-17.42.43-2-1024x766.jpeg\" class=\"pt-cv-thumbnail pull-left\" alt=\"\" srcset=\"https:\/\/blogsaverroes.juntadeandalucia.es\/sanfelipeneri\/files\/2024\/10\/WhatsApp-Image-2024-10-24-at-17.42.43-2-1024x766.jpeg 1024w, https:\/\/blogsaverroes.juntadeandalucia.es\/sanfelipeneri\/files\/2024\/10\/WhatsApp-Image-2024-10-24-at-17.42.43-2-300x224.jpeg 300w, https:\/\/blogsaverroes.juntadeandalucia.es\/sanfelipeneri\/files\/2024\/10\/WhatsApp-Image-2024-10-24-at-17.42.43-2-768x575.jpeg 768w, https:\/\/blogsaverroes.juntadeandalucia.es\/sanfelipeneri\/files\/2024\/10\/WhatsApp-Image-2024-10-24-at-17.42.43-2-1536x1149.jpeg 1536w, https:\/\/blogsaverroes.juntadeandalucia.es\/sanfelipeneri\/files\/2024\/10\/WhatsApp-Image-2024-10-24-at-17.42.43-2.jpeg 1600w\" sizes=\"(max-width: 1024px) 100vw, 1024px\" \/><\/a><\/div>\n<div class=\"pt-cv-colwrap\"><h4 class=\"pt-cv-title\"><a href=\"https:\/\/blogsaverroes.juntadeandalucia.es\/sanfelipeneri\/inmersion-linguistica-en-cirencester-inglaterra\/\" class=\"_self\" target=\"_self\" >Inmersio\u0301n lingu\u0308i\u0301stica en Cirencester, Inglaterra<\/a><\/h4><div class=\"pt-cv-content\">La semana del 13 al 19 de octubre 31 alumnos\/as de 4\u00b0 ESO participaron en un curso de inmersio\u0301n lingu\u0308i\u0301stica en Cirencester, Inglaterra. Durante esa semana asistieron a clases, muy dina\u0301micas, por la man\u0303ana y por la tarde en actividades, ya fuera de la academia, dirigidas a fomentar la interaccio\u0301n ...<br \/><div class=\"pt-cv-rmwrap\"><a href=\"https:\/\/blogsaverroes.juntadeandalucia.es\/sanfelipeneri\/inmersion-linguistica-en-cirencester-inglaterra\/\" class=\"_self pt-cv-readmore btn btn-success\" target=\"_self\">Leer M\u00e1s<\/a><\/div><\/div><\/div><\/div><\/div><\/div><\/div>\t\t\t<style type=\"text\/css\" id=\"pt-cv-inline-style-485cd161sc\">\n#pt-cv-view-e4447f51da .pt-cv-thumb-wrapper:not(.miniwrap) { width: 50%; }#pt-cv-view-e4447f51da .pt-cv-thumbnail:not(.pt-cv-thumbnailsm) { height: 300px; }#pt-cv-view-e4447f51da > .pt-cv-page {grid-template-columns: repeat(1, 1fr);grid-gap: 15px;}\n@media all and (max-width: 1024px) { \n#pt-cv-view-e4447f51da > .pt-cv-page {grid-template-columns: repeat(1, 1fr);}\n} \n@media all and (max-width: 767px) { \n#pt-cv-view-e4447f51da > .pt-cv-page {grid-template-columns: repeat(1, 1fr);}\n} <\/style>\r\n\t\t\t<\/li><\/ul><\/div><\/div>\n","protected":false},"excerpt":{"rendered":"","protected":false},"author":13459,"featured_media":3325,"parent":0,"menu_order":0,"comment_status":"closed","ping_status":"closed","template":"","meta":{"_exactmetrics_skip_tracking":false,"_exactmetrics_sitenote_active":false,"_exactmetrics_sitenote_note":"","_exactmetrics_sitenote_category":0,"ngg_post_thumbnail":0,"footnotes":""},"aioseo_notices":[],"_links":{"self":[{"href":"https:\/\/blogsaverroes.juntadeandalucia.es\/sanfelipeneri\/wp-json\/wp\/v2\/pages\/1187"}],"collection":[{"href":"https:\/\/blogsaverroes.juntadeandalucia.es\/sanfelipeneri\/wp-json\/wp\/v2\/pages"}],"about":[{"href":"https:\/\/blogsaverroes.juntadeandalucia.es\/sanfelipeneri\/wp-json\/wp\/v2\/types\/page"}],"author":[{"embeddable":true,"href":"https:\/\/blogsaverroes.juntadeandalucia.es\/sanfelipeneri\/wp-json\/wp\/v2\/users\/13459"}],"replies":[{"embeddable":true,"href":"https:\/\/blogsaverroes.juntadeandalucia.es\/sanfelipeneri\/wp-json\/wp\/v2\/comments?post=1187"}],"version-history":[{"count":7,"href":"https:\/\/blogsaverroes.juntadeandalucia.es\/sanfelipeneri\/wp-json\/wp\/v2\/pages\/1187\/revisions"}],"predecessor-version":[{"id":2921,"href":"https:\/\/blogsaverroes.juntadeandalucia.es\/sanfelipeneri\/wp-json\/wp\/v2\/pages\/1187\/revisions\/2921"}],"wp:featuredmedia":[{"embeddable":true,"href":"https:\/\/blogsaverroes.juntadeandalucia.es\/sanfelipeneri\/wp-json\/wp\/v2\/media\/3325"}],"wp:attachment":[{"href":"https:\/\/blogsaverroes.juntadeandalucia.es\/sanfelipeneri\/wp-json\/wp\/v2\/media?parent=1187"}],"curies":[{"name":"wp","href":"https:\/\/api.w.org\/{rel}","templated":true}]}}